{"id":4300,"date":"2026-05-03T23:30:24","date_gmt":"2026-05-03T23:30:24","guid":{"rendered":"https:\/\/rxmedsplus.com\/"},"modified":"2026-05-11T00:42:19","modified_gmt":"2026-05-11T00:42:19","slug":"kamagra-jelly-100-mg","status":"publish","type":"product","link":"https:\/\/rxmedsplus.com\/pl\/product\/kamagra-jelly-100-mg\/","title":{"rendered":"Kup Kamagra Jelly 100 mg online \u2013 szybko i niezawodnie"},"content":{"rendered":"<p><strong>Kup Kamagra Jelly 100 mg online \u2013 szybko i niezawodnie<\/strong>  <\/p>\n<p>Je\u015bli chodzi o skuteczne i szybko dzia\u0142aj\u0105ce rozwi\u0105zania w leczeniu zaburze\u0144 erekcji, Kamagra Jelly 100 mg wyr\u00f3\u017cnia si\u0119 jako godny zaufania wyb\u00f3r. Dost\u0119pna online bez recepty, ta doustna formu\u0142a w postaci \u017celu oferuje wygod\u0119, dyskrecj\u0119 i niezawodne rezultaty. Niezale\u017cnie od tego, czy chcesz zwi\u0119kszy\u0107 intymno\u015b\u0107, czy odzyska\u0107 pewno\u015b\u0107 siebie, Kamagra Jelly zapewnia silne dzia\u0142anie w pysznym, \u0142atwym do spo\u017cycia wydaniu.  <\/p>\n<h3><strong>Czym jest Kamagra Jelly 100 mg?<\/strong>  <\/h3>\n<p>Kamagra Jelly 100 mg to popularna i skuteczna alternatywa dla tradycyjnych tabletek na zaburzenia erekcji, zawieraj\u0105ca ten sam sk\u0142adnik aktywny \u2013 cytrynian sildenafilu \u2013 co Viagra. W przeciwie\u0144stwie do tradycyjnych tabletek, Kamagra Jelly ma posta\u0107 mi\u0119kkiego \u017celu o r\u00f3\u017cnych smakach, co u\u0142atwia przyjmowanie i przyspiesza wch\u0142anianie. Zapewnia to szybsze dzia\u0142anie, zazwyczaj w ci\u0105gu 15-30 minut, zapewniaj\u0105c bardziej spontaniczne i przyjemne doznania.  <\/p>\n<h3><strong>G\u0142\u00f3wne korzy\u015bci ze stosowania Kamagry Jelly 100 mg<\/strong>  <\/h3>\n<p>\u2013 <strong>Szybkie wch\u0142anianie:<\/strong> \u017belowa forma pozwala na szybsze wch\u0142anianie do krwiobiegu w por\u00f3wnaniu z tabletkami, co przek\u0142ada si\u0119 na szybsze efekty.<br \/>\n\u2013 <strong>Wygodne i dyskretne:<\/strong> Nie trzeba dodawa\u0107 wody \u2013 wystarczy wycisn\u0105\u0107 galaretk\u0119 z saszetki i spo\u017cy\u0107 bezpo\u015brednio.<br \/>\n\u2013 <strong>Przyjemne smaki:<\/strong> Dost\u0119pny w wielu smakach, takich jak truskawkowy, ananasowy i bananowy, dzi\u0119ki czemu jego przyjmowanie jest jeszcze przyjemniejsze.<br \/>\n\u2013 <strong>Skuteczne i niezawodne:<\/strong> Zawiera cytrynian sildenafilu, sprawdzony sk\u0142adnik w leczeniu zaburze\u0144 erekcji.<br \/>\n\u2013 <strong>Nie wymaga recepty:<\/strong> Z\u0142\u00f3\u017c \u0142atwe zam\u00f3wienie online u zaufanego sprzedawcy, bez konieczno\u015bci udawania si\u0119 do lekarza.  <\/p>\n<h3><strong>Jak dzia\u0142a Kamagra Jelly?<\/strong>  <\/h3>\n<p>Kamagra Jelly dzia\u0142a poprzez zwi\u0119kszenie przep\u0142ywu krwi do penisa, pomagaj\u0105c m\u0119\u017cczyznom osi\u0105gn\u0105\u0107 i utrzyma\u0107 mocn\u0105 erekcj\u0119 po pobudzeniu seksualnym. Substancja czynna, cytrynian sildenafilu, hamuje enzym PDE5, kt\u00f3ry reguluje przep\u0142yw krwi w tkankach penisa. Rozlu\u017aniaj\u0105c naczynia krwiono\u015bne, poprawia kr\u0105\u017cenie, co skutkuje silniejsz\u0105 i d\u0142u\u017csz\u0105 erekcj\u0105.  <\/p>\n<h3><strong>Zalecana dawka i spos\u00f3b u\u017cycia<\/strong>  <\/h3>\n<p>Aby uzyska\u0107 optymalne rezultaty, nale\u017cy za\u017cy\u0107 jedn\u0105 saszetk\u0119 (100 mg) Kamagry w \u017celu oko\u0142o 30-60 minut przed aktywno\u015bci\u0105 seksualn\u0105. Efekty mog\u0105 utrzymywa\u0107 si\u0119 do 4-6 godzin, zapewniaj\u0105c wystarczaj\u0105co du\u017co czasu na intymno\u015b\u0107. Nale\u017cy unika\u0107 stosowania wi\u0119kszej dawki ni\u017c jedna dziennie i nie \u0142\u0105czy\u0107 z innymi lekami na zaburzenia erekcji bez konsultacji z lekarzem.  <\/p>\n<h3><strong>Potencjalne skutki uboczne<\/strong>  <\/h3>\n<p>Cho\u0107 Kamagra Jelly jest generalnie bezpiecznym lekiem, u niekt\u00f3rych u\u017cytkownik\u00f3w mog\u0105 wyst\u0105pi\u0107 \u0142agodne skutki uboczne, w tym:  <\/p>\n<p>B\u00f3l g\u0142owy<br \/>\n\u2013 P\u0142ukanie<br \/>\nZawroty g\u0142owy<br \/>\nZatkany nos<br \/>\nNiestrawno\u015b\u0107  <\/p>\n<p>Dzia\u0142ania te s\u0105 zazwyczaj przej\u015bciowe i ust\u0119puj\u0105 wraz z zaprzestaniem dzia\u0142ania leku. Je\u015bli jednak wyst\u0105pi\u0105 powa\u017cne reakcje, nale\u017cy przerwa\u0107 stosowanie leku i zasi\u0119gn\u0105\u0107 porady lekarza.  <\/p>\n<h3><strong>Kto powinien unika\u0107 Kamagry w \u017celu?<\/strong>  <\/h3>\n<p>Kamagra Jelly nie jest odpowiednia dla ka\u017cdego. Unikaj jej stosowania, je\u015bli:  <\/p>\n<p>Masz problemy z sercem lub przyjmujesz leki zawieraj\u0105ce azotany<br \/>\n\u2013 Masz alergi\u0119 na cytrynian sildenafilu<br \/>\n\u2013 Masz ci\u0119\u017ck\u0105 chorob\u0119 w\u0105troby lub nerek<br \/>\n\u2013 Do\u015bwiadcz niskiego ci\u015bnienia krwi  <\/p>\n<p>Je\u015bli masz jakiekolwiek problemy zdrowotne, przed u\u017cyciem skonsultuj si\u0119 z lekarzem.  <\/p>\n<h3><strong>Dlaczego warto kupi\u0107 Kamagra Jelly online u nas?<\/strong>  <\/h3>\n<p>Jako renomowany sprzedawca internetowy, zapewniamy szybk\u0105, dyskretn\u0105 i niezawodn\u0105 dostaw\u0119 Kamagry Jelly 100 mg do klient\u00f3w na ca\u0142ym \u015bwiecie. Oto dlaczego mo\u017cesz nam zaufa\u0107:  <\/p>\n<p>\u2013 <strong>Oryginalne produkty:<\/strong> Dostarczamy wy\u0142\u0105cznie oryginalne \u017cele Kamagra od zaufanych producent\u00f3w.<br \/>\n\u2013 <strong>Bezpieczna i dyskretna wysy\u0142ka:<\/strong> Zam\u00f3wienia dostarczane s\u0105 w zwyk\u0142ych opakowaniach, bez \u017cadnych rozpoznawalnych oznacze\u0144.<br \/>\n\u2013 <strong>Dostawa na ca\u0142y \u015bwiat:<\/strong> Wysy\u0142amy do USA, Kanady, Wielkiej Brytanii, UE, Australii i innych miejsc na \u015bwiecie.<br \/>\n\u2013 <strong>Nie wymaga recepty:<\/strong> Omi\u0144 k\u0142opotliwe wizyty u lekarza i wygodnie zamawiaj online.<br \/>\n\u2013 <strong>Gwarancja satysfakcji klienta:<\/strong> Przy ka\u017cdym zakupie stawiamy na pierwszym miejscu Twoj\u0105 prywatno\u015b\u0107 i satysfakcj\u0119.  <\/p>\n<h3><strong>Jak zam\u00f3wi\u0107 Kamagr\u0119 Jelly 100 mg online<\/strong>  <\/h3>\n<p>Zakup Kamagra Jelly w naszym sklepie internetowym jest prosty:  <\/p>\n<p>1. <strong>Wybierz ilo\u015b\u0107:<\/strong> Wybierz liczb\u0119 saszetek, kt\u00f3rej potrzebujesz.<br \/>\n2. <strong>Dodaj do koszyka i przejd\u017a do kasy:<\/strong> Doko\u0144cz zam\u00f3wienie bezpiecznie.<br \/>\n3. <strong>Szybka dostawa:<\/strong> Otrzymaj dyskretn\u0105 przesy\u0142k\u0119 w ci\u0105gu kilku dni.  <\/p>\n<h3><strong>Ostatnie my\u015bli<\/strong>  <\/h3>\n<p>Je\u015bli szukasz szybko dzia\u0142aj\u0105cego, skutecznego i wygodnego rozwi\u0105zania na zaburzenia erekcji, Kamagra Jelly 100 mg to doskona\u0142y wyb\u00f3r. Dzi\u0119ki szybkiemu wch\u0142anianiu, doskona\u0142emu smakowi i niezawodnemu dzia\u0142aniu, nic dziwnego, \u017ce tak wielu m\u0119\u017cczyzn woli ten doustny \u017cel od tradycyjnych tabletek. Zam\u00f3w ju\u017c dzi\u015b i przekonaj si\u0119 o zaletach Kamagry Jelly bez recepty.  <\/p>\n<p>Dla tych, kt\u00f3rzy szukaj\u0105 wiarygodnego \u017ar\u00f3d\u0142a <strong>Kup Kamagra Jelly 100 mg online szybko i niezawodnie<\/strong>Nasz sklep oferuje produkty najwy\u017cszej jako\u015bci, dyskretn\u0105 wysy\u0142k\u0119 i doskona\u0142\u0105 obs\u0142ug\u0119 klienta. Z\u0142\u00f3\u017c zam\u00f3wienie ju\u017c teraz i ciesz si\u0119 zwi\u0119kszon\u0105 wydajno\u015bci\u0105 z pe\u0142nym zaufaniem.<\/p>","protected":false},"excerpt":{"rendered":"<p>Potrzebujesz szybko dzia\u0142aj\u0105cego rozwi\u0105zania na zaburzenia erekcji? Kamagra Jelly 100 mg oferuje ten sam silny cytrynian sildenafilu co Viagra, ale w smacznej, \u0142atwej do po\u0142kni\u0119cia formie galaretki. Dzi\u0119ki szybkiemu wch\u0142anianiu i dzia\u0142aniu w zaledwie 15\u201330 minut, pomaga dyskretnie osi\u0105gn\u0105\u0107 silniejsze i d\u0142u\u017csze erekcje. Wybierz spo\u015br\u00f3d wielu smak\u00f3w i ciesz si\u0119 bezproblemowym zamawianiem bez recepty. W Rx Meds Plus gwarantujemy oryginalne produkty, bezpieczn\u0105 p\u0142atno\u015b\u0107 i poufn\u0105 dostaw\u0119. Zwi\u0119ksz swoj\u0105 pewno\u015b\u0107 siebie \u2014 zam\u00f3w Kamagra Jelly ju\u017c dzi\u015b!<\/p>","protected":false},"featured_media":4330,"comment_status":"open","ping_status":"closed","template":"","meta":{"site-sidebar-layout":"default","site-content-layout":"","ast-site-content-layout":"default","site-content-style":"default","site-sidebar-style":"default","ast-global-header-display":"","ast-banner-title-visibility":"","ast-main-header-display":"","ast-hfb-above-header-display":"","ast-hfb-below-header-display":"","ast-hfb-mobile-header-display":"","site-post-title":"","ast-breadcrumbs-content":"","ast-featured-img":"","footer-sml-layout":"","ast-disable-related-posts":"","theme-transparent-header-meta":"","adv-header-id-meta":"","stick-header-meta":"","header-above-stick-meta":"","header-main-stick-meta":"","header-below-stick-meta":"","astra-migrate-meta-layouts":"default","ast-page-background-enabled":"default","ast-page-background-meta":{"desktop":{"background-color":"","background-image":"","background-repeat":"repeat","background-position":"center center","background-size":"auto","background-attachment":"scroll","background-type":"","background-media":"","overlay-type":"","overlay-color":"","overlay-opacity":"","overlay-gradient":""},"tablet":{"background-color":"","background-image":"","background-repeat":"repeat","background-position":"center center","background-size":"auto","background-attachment":"scroll","background-type":"","background-media":"","overlay-type":"","overlay-color":"","overlay-opacity":"","overlay-gradient":""},"mobile":{"background-color":"","background-image":"","background-repeat":"repeat","background-position":"center center","background-size":"auto","background-attachment":"scroll","background-type":"","background-media":"","overlay-type":"","overlay-color":"","overlay-opacity":"","overlay-gradient":""}},"ast-content-background-meta":{"desktop":{"background-color":"var(--ast-global-color-5)","background-image":"","background-repeat":"repeat","background-position":"center center","background-size":"auto","background-attachment":"scroll","background-type":"","background-media":"","overlay-type":"","overlay-color":"","overlay-opacity":"","overlay-gradient":""},"tablet":{"background-color":"var(--ast-global-color-5)","background-image":"","background-repeat":"repeat","background-position":"center center","background-size":"auto","background-attachment":"scroll","background-type":"","background-media":"","overlay-type":"","overlay-color":"","overlay-opacity":"","overlay-gradient":""},"mobile":{"background-color":"var(--ast-global-color-5)","background-image":"","background-repeat":"repeat","background-position":"center center","background-size":"auto","background-attachment":"scroll","background-type":"","background-media":"","overlay-type":"","overlay-color":"","overlay-opacity":"","overlay-gradient":""}}},"product_brand":[],"product_cat":[1684],"product_tag":[2114,2108,279,2111,2116,956,2109,2107,2110,2113,940,2112,2115,1984,958],"class_list":{"0":"post-4300","1":"product","2":"type-product","3":"status-publish","4":"has-post-thumbnail","6":"product_cat-sex-pills","7":"product_tag-buy-ed-medication-online","8":"product_tag-buy-kamagra-jelly-online","9":"product_tag-discreet-shipping","10":"product_tag-ed-oral-jelly","11":"product_tag-enhance-intimacy","12":"product_tag-erectile-dysfunction-treatment","13":"product_tag-fast-acting-ed-medication","14":"product_tag-kamagra-jelly","15":"product_tag-kamagra-jelly-100-mg","16":"product_tag-kamagra-jelly-flavors","17":"product_tag-mens-health","18":"product_tag-no-prescription-kamagra","19":"product_tag-reliable-kamagra-supplier","20":"product_tag-sexual-health","21":"product_tag-sildenafil-citrate","22":"desktop-align-left","23":"tablet-align-left","24":"mobile-align-left","25":"ast-product-gallery-layout-horizontal-slider","26":"ast-product-gallery-with-no-image","27":"ast-magnify-disabled","28":"ast-product-single-variable","29":"ast-product-tabs-layout-horizontal","31":"first","32":"instock","33":"shipping-taxable","34":"purchasable","35":"product-type-variable"},"yoast_head":"<!-- This site is optimized with the Yoast SEO Premium plugin v26.0 (Yoast SEO v27.6) - https:\/\/yoast.com\/product\/yoast-seo-premium-wordpress\/ -->\n<title>Buy Kamagra Jelly&#039;s 100 mg Online \u2013 Fast &amp; Reliable &#187; Rx Meds Plus<\/title>\n<meta name=\"description\" content=\"Buy Kamagra Jelly 100 mg online for fast, reliable ED treatment. Enjoy discreet shipping, no prescription needed. Order now for enhanced performance!\" \/>\n<meta name=\"robots\" content=\"noindex, follow, max-snippet:-1, max-image-preview:large, max-video-preview:-1\" \/>\n<meta property=\"og:locale\" content=\"pl_PL\" \/>\n<meta property=\"og:type\" content=\"article\" \/>\n<meta property=\"og:title\" content=\"Buy Kamagra Jelly&#039;s 100 mg Online \u2013 Fast &amp; Reliable\" \/>\n<meta property=\"og:description\" content=\"Buy Kamagra Jelly 100 mg online for fast, reliable ED treatment. Enjoy discreet shipping, no prescription needed. Order now for enhanced performance!\" \/>\n<meta property=\"og:url\" content=\"https:\/\/rxmedsplus.com\/pl\/produkt\/kamagra-jelly-100-mg\/\" \/>\n<meta property=\"og:site_name\" content=\"Rx Meds Plus\" \/>\n<meta property=\"article:modified_time\" content=\"2026-05-11T00:42:19+00:00\" \/>\n<meta property=\"og:image\" content=\"https:\/\/rxmedsplus.com\/wp-content\/uploads\/2026\/05\/134338-1-1.jpg\" \/>\n\t<meta property=\"og:image:width\" content=\"500\" \/>\n\t<meta property=\"og:image:height\" content=\"500\" \/>\n\t<meta property=\"og:image:type\" content=\"image\/jpeg\" \/>\n<meta name=\"twitter:card\" content=\"summary_large_image\" \/>\n<meta name=\"twitter:label1\" content=\"Dost\u0119pno\u015b\u0107\" \/>\n\t<meta name=\"twitter:data1\" content=\"Dost\u0119pny\" \/>\n<script type=\"application\/ld+json\" class=\"yoast-schema-graph\">{\"@context\":\"https:\\\/\\\/schema.org\",\"@graph\":[{\"@type\":\"WebPage\",\"@id\":\"https:\\\/\\\/rxmedsplus.com\\\/product\\\/kamagra-jelly-100-mg\\\/\",\"url\":\"https:\\\/\\\/rxmedsplus.com\\\/product\\\/kamagra-jelly-100-mg\\\/\",\"name\":\"Buy Kamagra Jelly's 100 mg Online \u2013 Fast & Reliable &#187; Rx Meds Plus\",\"isPartOf\":{\"@id\":\"https:\\\/\\\/rxmedsplus.com\\\/#website\"},\"primaryImageOfPage\":{\"@id\":\"https:\\\/\\\/rxmedsplus.com\\\/product\\\/kamagra-jelly-100-mg\\\/#primaryimage\"},\"image\":{\"@id\":\"https:\\\/\\\/rxmedsplus.com\\\/product\\\/kamagra-jelly-100-mg\\\/#primaryimage\"},\"thumbnailUrl\":\"https:\\\/\\\/rxmedsplus.com\\\/wp-content\\\/uploads\\\/2026\\\/05\\\/134338-1-1.jpg\",\"datePublished\":\"2026-05-03T23:30:24+00:00\",\"dateModified\":\"2026-05-11T00:42:19+00:00\",\"description\":\"Buy Kamagra Jelly 100 mg online for fast, reliable ED treatment. Enjoy discreet shipping, no prescription needed. Order now for enhanced performance!\",\"breadcrumb\":{\"@id\":\"https:\\\/\\\/rxmedsplus.com\\\/product\\\/kamagra-jelly-100-mg\\\/#breadcrumb\"},\"inLanguage\":\"pl-PL\",\"potentialAction\":[{\"@type\":\"ReadAction\",\"target\":[\"https:\\\/\\\/rxmedsplus.com\\\/product\\\/kamagra-jelly-100-mg\\\/\"]}]},{\"@type\":\"ImageObject\",\"inLanguage\":\"pl-PL\",\"@id\":\"https:\\\/\\\/rxmedsplus.com\\\/product\\\/kamagra-jelly-100-mg\\\/#primaryimage\",\"url\":\"https:\\\/\\\/rxmedsplus.com\\\/wp-content\\\/uploads\\\/2026\\\/05\\\/134338-1-1.jpg\",\"contentUrl\":\"https:\\\/\\\/rxmedsplus.com\\\/wp-content\\\/uploads\\\/2026\\\/05\\\/134338-1-1.jpg\",\"width\":500,\"height\":500},{\"@type\":\"BreadcrumbList\",\"@id\":\"https:\\\/\\\/rxmedsplus.com\\\/product\\\/kamagra-jelly-100-mg\\\/#breadcrumb\",\"itemListElement\":[{\"@type\":\"ListItem\",\"position\":1,\"name\":\"Home\",\"item\":\"https:\\\/\\\/rxmedsplus.com\\\/\"},{\"@type\":\"ListItem\",\"position\":2,\"name\":\"Shop\",\"item\":\"https:\\\/\\\/rxmedsplus.com\\\/shop\\\/\"},{\"@type\":\"ListItem\",\"position\":3,\"name\":\"Buy Kamagra Jelly&#8217;s 100 mg Online \u2013 Fast &#038; Reliable\"}]},{\"@type\":\"WebSite\",\"@id\":\"https:\\\/\\\/rxmedsplus.com\\\/#website\",\"url\":\"https:\\\/\\\/rxmedsplus.com\\\/\",\"name\":\"Rx Meds Plus\",\"description\":\"Buy Prescription Meds and Pills Online with Fast Delivery\",\"potentialAction\":[{\"@type\":\"SearchAction\",\"target\":{\"@type\":\"EntryPoint\",\"urlTemplate\":\"https:\\\/\\\/rxmedsplus.com\\\/?s={search_term_string}\"},\"query-input\":{\"@type\":\"PropertyValueSpecification\",\"valueRequired\":true,\"valueName\":\"search_term_string\"}}],\"inLanguage\":\"pl-PL\"}]}<\/script>\n<meta property=\"og:availability\" content=\"instock\" \/>\n<meta property=\"product:availability\" content=\"instock\" \/>\n<meta property=\"product:retailer_item_id\" content=\"134338\" \/>\n<meta property=\"product:condition\" content=\"new\" \/>\n<!-- \/ Yoast SEO Premium plugin. -->","yoast_head_json":{"title":"Kup Kamagra Jelly's 100 mg online \u2013 szybko i niezawodnie \u2013 Rx Meds Plus","description":"Kup Kamagra Jelly 100 mg online, aby szybko i skutecznie leczy\u0107 zaburzenia erekcji. Ciesz si\u0119 dyskretn\u0105 wysy\u0142k\u0105, bez recepty. Zam\u00f3w ju\u017c teraz, aby zwi\u0119kszy\u0107 skuteczno\u015b\u0107!","robots":{"index":"noindex","follow":"follow","max-snippet":"max-snippet:-1","max-image-preview":"max-image-preview:large","max-video-preview":"max-video-preview:-1"},"og_locale":"pl_PL","og_type":"article","og_title":"Buy Kamagra Jelly's 100 mg Online \u2013 Fast & Reliable","og_description":"Buy Kamagra Jelly 100 mg online for fast, reliable ED treatment. Enjoy discreet shipping, no prescription needed. Order now for enhanced performance!","og_url":"https:\/\/rxmedsplus.com\/pl\/produkt\/kamagra-jelly-100-mg\/","og_site_name":"Rx Meds Plus","article_modified_time":"2026-05-11T00:42:19+00:00","og_image":[{"width":500,"height":500,"url":"https:\/\/rxmedsplus.com\/wp-content\/uploads\/2026\/05\/134338-1-1.jpg","type":"image\/jpeg"}],"twitter_card":"summary_large_image","twitter_misc":{"Dost\u0119pno\u015b\u0107":"Dost\u0119pny"},"schema":{"@context":"https:\/\/schema.org","@graph":[{"@type":"WebPage","@id":"https:\/\/rxmedsplus.com\/product\/kamagra-jelly-100-mg\/","url":"https:\/\/rxmedsplus.com\/product\/kamagra-jelly-100-mg\/","name":"Kup Kamagra Jelly's 100 mg online \u2013 szybko i niezawodnie \u2013 Rx Meds Plus","isPartOf":{"@id":"https:\/\/rxmedsplus.com\/#website"},"primaryImageOfPage":{"@id":"https:\/\/rxmedsplus.com\/product\/kamagra-jelly-100-mg\/#primaryimage"},"image":{"@id":"https:\/\/rxmedsplus.com\/product\/kamagra-jelly-100-mg\/#primaryimage"},"thumbnailUrl":"https:\/\/rxmedsplus.com\/wp-content\/uploads\/2026\/05\/134338-1-1.jpg","datePublished":"2026-05-03T23:30:24+00:00","dateModified":"2026-05-11T00:42:19+00:00","description":"Kup Kamagra Jelly 100 mg online, aby szybko i skutecznie leczy\u0107 zaburzenia erekcji. Ciesz si\u0119 dyskretn\u0105 wysy\u0142k\u0105, bez recepty. Zam\u00f3w ju\u017c teraz, aby zwi\u0119kszy\u0107 skuteczno\u015b\u0107!","breadcrumb":{"@id":"https:\/\/rxmedsplus.com\/product\/kamagra-jelly-100-mg\/#breadcrumb"},"inLanguage":"pl-PL","potentialAction":[{"@type":"ReadAction","target":["https:\/\/rxmedsplus.com\/product\/kamagra-jelly-100-mg\/"]}]},{"@type":"ImageObject","inLanguage":"pl-PL","@id":"https:\/\/rxmedsplus.com\/product\/kamagra-jelly-100-mg\/#primaryimage","url":"https:\/\/rxmedsplus.com\/wp-content\/uploads\/2026\/05\/134338-1-1.jpg","contentUrl":"https:\/\/rxmedsplus.com\/wp-content\/uploads\/2026\/05\/134338-1-1.jpg","width":500,"height":500},{"@type":"BreadcrumbList","@id":"https:\/\/rxmedsplus.com\/product\/kamagra-jelly-100-mg\/#breadcrumb","itemListElement":[{"@type":"ListItem","position":1,"name":"Home","item":"https:\/\/rxmedsplus.com\/"},{"@type":"ListItem","position":2,"name":"Shop","item":"https:\/\/rxmedsplus.com\/shop\/"},{"@type":"ListItem","position":3,"name":"Buy Kamagra Jelly&#8217;s 100 mg Online \u2013 Fast &#038; Reliable"}]},{"@type":"WebSite","@id":"https:\/\/rxmedsplus.com\/#website","url":"https:\/\/rxmedsplus.com\/","name":"Leki na recept\u0119 Plus","description":"Kupuj leki i tabletki na recept\u0119 online z szybk\u0105 dostaw\u0105","potentialAction":[{"@type":"SearchAction","target":{"@type":"EntryPoint","urlTemplate":"https:\/\/rxmedsplus.com\/?s={search_term_string}"},"query-input":{"@type":"PropertyValueSpecification","valueRequired":true,"valueName":"search_term_string"}}],"inLanguage":"pl-PL"}]},"og_availability":"instock","product_availability":"instock","product_retailer_item_id":"134338","product_condition":"new"},"_links":{"self":[{"href":"https:\/\/rxmedsplus.com\/pl\/wp-json\/wp\/v2\/product\/4300","targetHints":{"allow":["GET"]}}],"collection":[{"href":"https:\/\/rxmedsplus.com\/pl\/wp-json\/wp\/v2\/product"}],"about":[{"href":"https:\/\/rxmedsplus.com\/pl\/wp-json\/wp\/v2\/types\/product"}],"replies":[{"embeddable":true,"href":"https:\/\/rxmedsplus.com\/pl\/wp-json\/wp\/v2\/comments?post=4300"}],"wp:featuredmedia":[{"embeddable":true,"href":"https:\/\/rxmedsplus.com\/pl\/wp-json\/wp\/v2\/media\/4330"}],"wp:attachment":[{"href":"https:\/\/rxmedsplus.com\/pl\/wp-json\/wp\/v2\/media?parent=4300"}],"wp:term":[{"taxonomy":"product_brand","embeddable":true,"href":"https:\/\/rxmedsplus.com\/pl\/wp-json\/wp\/v2\/product_brand?post=4300"},{"taxonomy":"product_cat","embeddable":true,"href":"https:\/\/rxmedsplus.com\/pl\/wp-json\/wp\/v2\/product_cat?post=4300"},{"taxonomy":"product_tag","embeddable":true,"href":"https:\/\/rxmedsplus.com\/pl\/wp-json\/wp\/v2\/product_tag?post=4300"}],"curies":[{"name":"wp","href":"https:\/\/api.w.org\/{rel}","templated":true}]}}