{"id":4302,"date":"2026-05-03T23:30:24","date_gmt":"2026-05-03T23:30:24","guid":{"rendered":"https:\/\/rxmedsplus.com\/"},"modified":"2026-05-11T00:44:31","modified_gmt":"2026-05-11T00:44:31","slug":"kamajoy-d-online","status":"publish","type":"product","link":"https:\/\/rxmedsplus.com\/pl\/product\/kamajoy-d-online\/","title":{"rendered":"KamaJoy D na sprzeda\u017c online \u2013 zwi\u0119ksz wydajno\u015b\u0107 szybko!"},"content":{"rendered":"<p><strong>KamaJoy D na sprzeda\u017c online \u2013 zwi\u0119ksz wydajno\u015b\u0107 szybko!<\/strong>  <\/p>\n<p>Szukasz niezawodnego sposobu na szybk\u0105 popraw\u0119 wydolno\u015bci? KamaJoy D to suplement premium, kt\u00f3ry zwi\u0119ksza wytrzyma\u0142o\u015b\u0107, energi\u0119 i og\u00f3ln\u0105 witalno\u015b\u0107. Niezale\u017cnie od tego, czy szukasz poprawy wytrzyma\u0142o\u015bci, czy naturalnego sposobu na popraw\u0119 dozna\u0144 intymnych, KamaJoy D zapewnia szybkie rezultaty. Dost\u0119pny w sprzeda\u017cy online bez recepty, ten sprawdzony preparat jest dyskretnie wysy\u0142any na ca\u0142y \u015bwiat, w tym do Stan\u00f3w Zjednoczonych, Kanady, UE, Wielkiej Brytanii, Australii i innych kraj\u00f3w.  <\/p>\n<h3><strong>Czym jest KamaJoy D?<\/strong>  <\/h3>\n<p>KamaJoy D to silny suplement wspomagaj\u0105cy wydolno\u015b\u0107, opracowany na bazie wysokiej jako\u015bci sk\u0142adnik\u00f3w, kt\u00f3re wspieraj\u0105 wytrzyma\u0142o\u015b\u0107, wytrzyma\u0142o\u015b\u0107 i witalno\u015b\u0107. W przeciwie\u0144stwie do lek\u00f3w na recept\u0119, ten produkt oferuje naturalne, a jednocze\u015bnie skuteczne rozwi\u0105zanie dla os\u00f3b, kt\u00f3re chc\u0105 poprawi\u0107 swoj\u0105 sprawno\u015b\u0107 seksualn\u0105 bez skutk\u00f3w ubocznych.  <\/p>\n<h3><strong>G\u0142\u00f3wne korzy\u015bci KamaJoy D<\/strong>  <\/h3>\n<p>\u2013 <strong>Szybko dzia\u0142aj\u0105ca formu\u0142a:<\/strong> Zauwa\u017calne efekty zauwa\u017cysz ju\u017c wkr\u00f3tce po spo\u017cyciu.<br \/>\n\u2013 <strong>Zwi\u0119kszona wytrzyma\u0142o\u015b\u0107:<\/strong> Wspomaga d\u0142ugotrwa\u0142\u0105 wytrzyma\u0142o\u015b\u0107 i poziom energii.<br \/>\n\u2013 <strong>Zwi\u0119kszona witalno\u015b\u0107:<\/strong> Pomaga zwi\u0119kszy\u0107 pewno\u015b\u0107 siebie i og\u00f3ln\u0105 wydajno\u015b\u0107.<br \/>\n\u2013 <strong>Dyskretne i wygodne:<\/strong> Z\u0142\u00f3\u017c zam\u00f3wienie online bez recepty.<br \/>\n\u2013 <strong>Wysy\u0142ka na ca\u0142y \u015bwiat:<\/strong> Bezpieczna dostawa pod Twoje drzwi w dyskretnym opakowaniu.  <\/p>\n<h3><strong>Jak dzia\u0142a KamaJoy D?<\/strong>  <\/h3>\n<p>KamaJoy D dzia\u0142a poprzez wspomaganie optymalnego kr\u0105\u017cenia krwi, kt\u00f3re jest niezb\u0119dne do osi\u0105gni\u0119cia szczytowej wydajno\u015bci. Starannie dobrane sk\u0142adniki pomagaj\u0105 stymulowa\u0107 poziom energii, zmniejsza\u0107 zm\u0119czenie i poprawia\u0107 wra\u017cliwo\u015b\u0107, zapewniaj\u0105c bardziej satysfakcjonuj\u0105ce doznania.  <\/p>\n<h3><strong>Zalecana dawka i spos\u00f3b u\u017cycia<\/strong>  <\/h3>\n<p>Aby uzyska\u0107 najlepsze rezultaty, nale\u017cy za\u017cy\u0107 jedn\u0105 tabletk\u0119 oko\u0142o 30-60 minut przed aktywno\u015bci\u0105. Nale\u017cy unika\u0107 przekraczania zalecanej dawki, aby unikn\u0105\u0107 niepotrzebnych skutk\u00f3w ubocznych. Regularne stosowanie mo\u017ce z czasem przynie\u015b\u0107 lepsze rezultaty.  <\/p>\n<h3><strong>Dlaczego warto wybra\u0107 KamaJoy D?<\/strong>  <\/h3>\n<p>Kupuj\u0105c suplementy wspomagaj\u0105ce potencj\u0119 online, zaufanie ma znaczenie. Jako renomowany dostawca, dbamy o poufno\u015b\u0107 ka\u017cdego zam\u00f3wienia i jego bezpieczn\u0105 wysy\u0142k\u0119. Nasi klienci polegaj\u0105 na nas, poniewa\u017c oferujemy autentyczne, wysokiej jako\u015bci produkty, dostarczane dyskretnie pod wskazany adres.  <\/p>\n<h3><strong>Gdzie bezpiecznie kupi\u0107 KamaJoy D online<\/strong>  <\/h3>\n<p>Znalezienie zaufanego \u017ar\u00f3d\u0142a suplement\u00f3w poprawiaj\u0105cych wydajno\u015b\u0107 jest kluczowe. Nasz sklep internetowy oferuje oryginalny KamaJoy D bez recepty. Wystarczy z\u0142o\u017cy\u0107 zam\u00f3wienie, a my zapewnimy szybk\u0105 i dyskretn\u0105 dostaw\u0119 pod wskazany adres.  <\/p>\n<h3><strong>Ostatnie my\u015bli<\/strong>  <\/h3>\n<p>Je\u015bli szukasz niezawodnego sposobu na szybk\u0105 popraw\u0119 wydolno\u015bci, KamaJoy D to doskona\u0142y wyb\u00f3r. Dzi\u0119ki szybko dzia\u0142aj\u0105cej formule i udowodnionym korzy\u015bciom wyr\u00f3\u017cnia si\u0119 jako suplement najwy\u017cszej klasy, kt\u00f3ry zwi\u0119ksza wytrzyma\u0142o\u015b\u0107 i witalno\u015b\u0107. Zam\u00f3w ju\u017c dzi\u015b i poczuj r\u00f3\u017cnic\u0119!  <\/p>\n<p>Gotowy na popraw\u0119 swoich osi\u0105g\u00f3w? Kup KamaJoy D ju\u017c teraz online i ciesz si\u0119 dyskretn\u0105 wysy\u0142k\u0105 na ca\u0142y \u015bwiat. Twoja satysfakcja jest naszym priorytetem \u2014 kupuj z ufno\u015bci\u0105 ju\u017c dzi\u015b!<\/p>","protected":false},"excerpt":{"rendered":"<p>**Szybko zwi\u0119ksz wydajno\u015b\u0107 dzi\u0119ki KamaJoy D!**  <\/p>\n<p>Szukasz sprawdzonego sposobu na popraw\u0119 wytrzyma\u0142o\u015bci i libido? Kup KamaJoy D online w Rx Meds Plus \u2013 Twoim niezawodnym \u017ar\u00f3dle wysokiej jako\u015bci suplement\u00f3w na potencj\u0119. Bogaty w silne sk\u0142adniki zio\u0142owe i farmaceutyczne, KamaJoy D zapewnia lepsz\u0105 wytrzyma\u0142o\u015b\u0107, pewno\u015b\u0107 siebie i satysfakcj\u0119 bez skutk\u00f3w ubocznych.  <\/p>\n<p>Ciesz si\u0119 dyskretn\u0105, szybk\u0105 wysy\u0142k\u0105 i wygod\u0105 bez recepty. Niezale\u017cnie od tego, czy zmagasz si\u0119 z \u0142agodnymi problemami z wydajno\u015bci\u0105, czy szukasz dodatkowej przewagi, sprawdzona formu\u0142a KamaJoy D dzia\u0142a skutecznie. Zam\u00f3w ju\u017c teraz, aby uzyska\u0107 maksymaln\u0105 energi\u0119, zwi\u0119kszon\u0105 przyjemno\u015b\u0107 i niezr\u00f3wnane rezultaty!<\/p>","protected":false},"featured_media":4332,"comment_status":"open","ping_status":"closed","template":"","meta":{"site-sidebar-layout":"default","site-content-layout":"","ast-site-content-layout":"default","site-content-style":"default","site-sidebar-style":"default","ast-global-header-display":"","ast-banner-title-visibility":"","ast-main-header-display":"","ast-hfb-above-header-display":"","ast-hfb-below-header-display":"","ast-hfb-mobile-header-display":"","site-post-title":"","ast-breadcrumbs-content":"","ast-featured-img":"","footer-sml-layout":"","ast-disable-related-posts":"","theme-transparent-header-meta":"","adv-header-id-meta":"","stick-header-meta":"","header-above-stick-meta":"","header-main-stick-meta":"","header-below-stick-meta":"","astra-migrate-meta-layouts":"default","ast-page-background-enabled":"default","ast-page-background-meta":{"desktop":{"background-color":"","background-image":"","background-repeat":"repeat","background-position":"center center","background-size":"auto","background-attachment":"scroll","background-type":"","background-media":"","overlay-type":"","overlay-color":"","overlay-opacity":"","overlay-gradient":""},"tablet":{"background-color":"","background-image":"","background-repeat":"repeat","background-position":"center center","background-size":"auto","background-attachment":"scroll","background-type":"","background-media":"","overlay-type":"","overlay-color":"","overlay-opacity":"","overlay-gradient":""},"mobile":{"background-color":"","background-image":"","background-repeat":"repeat","background-position":"center center","background-size":"auto","background-attachment":"scroll","background-type":"","background-media":"","overlay-type":"","overlay-color":"","overlay-opacity":"","overlay-gradient":""}},"ast-content-background-meta":{"desktop":{"background-color":"var(--ast-global-color-5)","background-image":"","background-repeat":"repeat","background-position":"center center","background-size":"auto","background-attachment":"scroll","background-type":"","background-media":"","overlay-type":"","overlay-color":"","overlay-opacity":"","overlay-gradient":""},"tablet":{"background-color":"var(--ast-global-color-5)","background-image":"","background-repeat":"repeat","background-position":"center center","background-size":"auto","background-attachment":"scroll","background-type":"","background-media":"","overlay-type":"","overlay-color":"","overlay-opacity":"","overlay-gradient":""},"mobile":{"background-color":"var(--ast-global-color-5)","background-image":"","background-repeat":"repeat","background-position":"center center","background-size":"auto","background-attachment":"scroll","background-type":"","background-media":"","overlay-type":"","overlay-color":"","overlay-opacity":"","overlay-gradient":""}}},"product_brand":[],"product_cat":[1684],"product_tag":[2133,279,2130,2124,2127,2126,2121,980,2128,2129,2122,2132,2123,2131,2125],"class_list":{"0":"post-4302","1":"product","2":"type-product","3":"status-publish","4":"has-post-thumbnail","6":"product_cat-sex-pills","7":"product_tag-buy-online","8":"product_tag-discreet-shipping","9":"product_tag-endurance-support","10":"product_tag-energy-supplement","11":"product_tag-fast-acting-formula","12":"product_tag-intimate-performance","13":"product_tag-kamajoy-d","14":"product_tag-male-enhancement","15":"product_tag-natural-supplement","16":"product_tag-online-purchase","17":"product_tag-performance-booster","18":"product_tag-premium-supplement","19":"product_tag-stamina-enhancer","20":"product_tag-trusted-formula","21":"product_tag-vitality-boost","22":"desktop-align-left","23":"tablet-align-left","24":"mobile-align-left","25":"ast-product-gallery-layout-horizontal-slider","26":"ast-product-gallery-with-no-image","27":"ast-magnify-disabled","28":"ast-product-single-variable","29":"ast-product-tabs-layout-horizontal","31":"first","32":"instock","33":"shipping-taxable","34":"purchasable","35":"product-type-variable"},"yoast_head":"<!-- This site is optimized with the Yoast SEO Premium plugin v26.0 (Yoast SEO v27.6) - https:\/\/yoast.com\/product\/yoast-seo-premium-wordpress\/ -->\n<title>KamaJoy D for Sale Online \u2013 Boost Performance Fast! &#187; Rx Meds Plus<\/title>\n<meta name=\"description\" content=\"Boost performance fast with KamaJoy D online\u2014premium stamina &amp; vitality support. Order now for discreet worldwide shipping!\" \/>\n<meta name=\"robots\" content=\"noindex, follow, max-snippet:-1, max-image-preview:large, max-video-preview:-1\" \/>\n<meta property=\"og:locale\" content=\"pl_PL\" \/>\n<meta property=\"og:type\" content=\"article\" \/>\n<meta property=\"og:title\" content=\"KamaJoy D for Sale Online \u2013 Boost Performance Fast!\" \/>\n<meta property=\"og:description\" content=\"Boost performance fast with KamaJoy D online\u2014premium stamina &amp; vitality support. Order now for discreet worldwide shipping!\" \/>\n<meta property=\"og:url\" content=\"https:\/\/rxmedsplus.com\/pl\/produkt\/kamajoy-d-online\/\" \/>\n<meta property=\"og:site_name\" content=\"Rx Meds Plus\" \/>\n<meta property=\"article:modified_time\" content=\"2026-05-11T00:44:31+00:00\" \/>\n<meta property=\"og:image\" content=\"https:\/\/rxmedsplus.com\/wp-content\/uploads\/2026\/05\/134354-3-1.jpg\" \/>\n\t<meta property=\"og:image:width\" content=\"500\" \/>\n\t<meta property=\"og:image:height\" content=\"500\" \/>\n\t<meta property=\"og:image:type\" content=\"image\/jpeg\" \/>\n<meta name=\"twitter:card\" content=\"summary_large_image\" \/>\n<meta name=\"twitter:label1\" content=\"Dost\u0119pno\u015b\u0107\" \/>\n\t<meta name=\"twitter:data1\" content=\"Dost\u0119pny\" \/>\n<script type=\"application\/ld+json\" class=\"yoast-schema-graph\">{\"@context\":\"https:\\\/\\\/schema.org\",\"@graph\":[{\"@type\":\"WebPage\",\"@id\":\"https:\\\/\\\/rxmedsplus.com\\\/product\\\/kamajoy-d-online\\\/\",\"url\":\"https:\\\/\\\/rxmedsplus.com\\\/product\\\/kamajoy-d-online\\\/\",\"name\":\"KamaJoy D for Sale Online \u2013 Boost Performance Fast! &#187; Rx Meds Plus\",\"isPartOf\":{\"@id\":\"https:\\\/\\\/rxmedsplus.com\\\/#website\"},\"primaryImageOfPage\":{\"@id\":\"https:\\\/\\\/rxmedsplus.com\\\/product\\\/kamajoy-d-online\\\/#primaryimage\"},\"image\":{\"@id\":\"https:\\\/\\\/rxmedsplus.com\\\/product\\\/kamajoy-d-online\\\/#primaryimage\"},\"thumbnailUrl\":\"https:\\\/\\\/rxmedsplus.com\\\/wp-content\\\/uploads\\\/2026\\\/05\\\/134354-3-1.jpg\",\"datePublished\":\"2026-05-03T23:30:24+00:00\",\"dateModified\":\"2026-05-11T00:44:31+00:00\",\"description\":\"Boost performance fast with KamaJoy D online\u2014premium stamina & vitality support. Order now for discreet worldwide shipping!\",\"breadcrumb\":{\"@id\":\"https:\\\/\\\/rxmedsplus.com\\\/product\\\/kamajoy-d-online\\\/#breadcrumb\"},\"inLanguage\":\"pl-PL\",\"potentialAction\":[{\"@type\":\"ReadAction\",\"target\":[\"https:\\\/\\\/rxmedsplus.com\\\/product\\\/kamajoy-d-online\\\/\"]}]},{\"@type\":\"ImageObject\",\"inLanguage\":\"pl-PL\",\"@id\":\"https:\\\/\\\/rxmedsplus.com\\\/product\\\/kamajoy-d-online\\\/#primaryimage\",\"url\":\"https:\\\/\\\/rxmedsplus.com\\\/wp-content\\\/uploads\\\/2026\\\/05\\\/134354-3-1.jpg\",\"contentUrl\":\"https:\\\/\\\/rxmedsplus.com\\\/wp-content\\\/uploads\\\/2026\\\/05\\\/134354-3-1.jpg\",\"width\":500,\"height\":500},{\"@type\":\"BreadcrumbList\",\"@id\":\"https:\\\/\\\/rxmedsplus.com\\\/product\\\/kamajoy-d-online\\\/#breadcrumb\",\"itemListElement\":[{\"@type\":\"ListItem\",\"position\":1,\"name\":\"Home\",\"item\":\"https:\\\/\\\/rxmedsplus.com\\\/\"},{\"@type\":\"ListItem\",\"position\":2,\"name\":\"Shop\",\"item\":\"https:\\\/\\\/rxmedsplus.com\\\/shop\\\/\"},{\"@type\":\"ListItem\",\"position\":3,\"name\":\"KamaJoy D for Sale Online \u2013 Boost Performance Fast!\"}]},{\"@type\":\"WebSite\",\"@id\":\"https:\\\/\\\/rxmedsplus.com\\\/#website\",\"url\":\"https:\\\/\\\/rxmedsplus.com\\\/\",\"name\":\"Rx Meds Plus\",\"description\":\"Buy Prescription Meds and Pills Online with Fast Delivery\",\"potentialAction\":[{\"@type\":\"SearchAction\",\"target\":{\"@type\":\"EntryPoint\",\"urlTemplate\":\"https:\\\/\\\/rxmedsplus.com\\\/?s={search_term_string}\"},\"query-input\":{\"@type\":\"PropertyValueSpecification\",\"valueRequired\":true,\"valueName\":\"search_term_string\"}}],\"inLanguage\":\"pl-PL\"}]}<\/script>\n<meta property=\"og:availability\" content=\"instock\" \/>\n<meta property=\"product:availability\" content=\"instock\" \/>\n<meta property=\"product:retailer_item_id\" content=\"134354\" \/>\n<meta property=\"product:condition\" content=\"new\" \/>\n<!-- \/ Yoast SEO Premium plugin. -->","yoast_head_json":{"title":"KamaJoy D na sprzeda\u017c online \u2013 zwi\u0119ksz wydajno\u015b\u0107 szybko! \u00bb Rx Meds Plus","description":"Szybko zwi\u0119ksz wydajno\u015b\u0107 dzi\u0119ki KamaJoy D online \u2013 doskona\u0142e wsparcie wytrzyma\u0142o\u015bci i witalno\u015bci. Zam\u00f3w ju\u017c teraz, a otrzymasz dyskretn\u0105 wysy\u0142k\u0119 na ca\u0142y \u015bwiat!","robots":{"index":"noindex","follow":"follow","max-snippet":"max-snippet:-1","max-image-preview":"max-image-preview:large","max-video-preview":"max-video-preview:-1"},"og_locale":"pl_PL","og_type":"article","og_title":"KamaJoy D for Sale Online \u2013 Boost Performance Fast!","og_description":"Boost performance fast with KamaJoy D online\u2014premium stamina & vitality support. Order now for discreet worldwide shipping!","og_url":"https:\/\/rxmedsplus.com\/pl\/produkt\/kamajoy-d-online\/","og_site_name":"Rx Meds Plus","article_modified_time":"2026-05-11T00:44:31+00:00","og_image":[{"width":500,"height":500,"url":"https:\/\/rxmedsplus.com\/wp-content\/uploads\/2026\/05\/134354-3-1.jpg","type":"image\/jpeg"}],"twitter_card":"summary_large_image","twitter_misc":{"Dost\u0119pno\u015b\u0107":"Dost\u0119pny"},"schema":{"@context":"https:\/\/schema.org","@graph":[{"@type":"WebPage","@id":"https:\/\/rxmedsplus.com\/product\/kamajoy-d-online\/","url":"https:\/\/rxmedsplus.com\/product\/kamajoy-d-online\/","name":"KamaJoy D na sprzeda\u017c online \u2013 zwi\u0119ksz wydajno\u015b\u0107 szybko! \u00bb Rx Meds Plus","isPartOf":{"@id":"https:\/\/rxmedsplus.com\/#website"},"primaryImageOfPage":{"@id":"https:\/\/rxmedsplus.com\/product\/kamajoy-d-online\/#primaryimage"},"image":{"@id":"https:\/\/rxmedsplus.com\/product\/kamajoy-d-online\/#primaryimage"},"thumbnailUrl":"https:\/\/rxmedsplus.com\/wp-content\/uploads\/2026\/05\/134354-3-1.jpg","datePublished":"2026-05-03T23:30:24+00:00","dateModified":"2026-05-11T00:44:31+00:00","description":"Szybko zwi\u0119ksz wydajno\u015b\u0107 dzi\u0119ki KamaJoy D online \u2013 doskona\u0142e wsparcie wytrzyma\u0142o\u015bci i witalno\u015bci. Zam\u00f3w ju\u017c teraz, a otrzymasz dyskretn\u0105 wysy\u0142k\u0119 na ca\u0142y \u015bwiat!","breadcrumb":{"@id":"https:\/\/rxmedsplus.com\/product\/kamajoy-d-online\/#breadcrumb"},"inLanguage":"pl-PL","potentialAction":[{"@type":"ReadAction","target":["https:\/\/rxmedsplus.com\/product\/kamajoy-d-online\/"]}]},{"@type":"ImageObject","inLanguage":"pl-PL","@id":"https:\/\/rxmedsplus.com\/product\/kamajoy-d-online\/#primaryimage","url":"https:\/\/rxmedsplus.com\/wp-content\/uploads\/2026\/05\/134354-3-1.jpg","contentUrl":"https:\/\/rxmedsplus.com\/wp-content\/uploads\/2026\/05\/134354-3-1.jpg","width":500,"height":500},{"@type":"BreadcrumbList","@id":"https:\/\/rxmedsplus.com\/product\/kamajoy-d-online\/#breadcrumb","itemListElement":[{"@type":"ListItem","position":1,"name":"Home","item":"https:\/\/rxmedsplus.com\/"},{"@type":"ListItem","position":2,"name":"Shop","item":"https:\/\/rxmedsplus.com\/shop\/"},{"@type":"ListItem","position":3,"name":"KamaJoy D for Sale Online \u2013 Boost Performance Fast!"}]},{"@type":"WebSite","@id":"https:\/\/rxmedsplus.com\/#website","url":"https:\/\/rxmedsplus.com\/","name":"Leki na recept\u0119 Plus","description":"Kupuj leki i tabletki na recept\u0119 online z szybk\u0105 dostaw\u0105","potentialAction":[{"@type":"SearchAction","target":{"@type":"EntryPoint","urlTemplate":"https:\/\/rxmedsplus.com\/?s={search_term_string}"},"query-input":{"@type":"PropertyValueSpecification","valueRequired":true,"valueName":"search_term_string"}}],"inLanguage":"pl-PL"}]},"og_availability":"instock","product_availability":"instock","product_retailer_item_id":"134354","product_condition":"new"},"_links":{"self":[{"href":"https:\/\/rxmedsplus.com\/pl\/wp-json\/wp\/v2\/product\/4302","targetHints":{"allow":["GET"]}}],"collection":[{"href":"https:\/\/rxmedsplus.com\/pl\/wp-json\/wp\/v2\/product"}],"about":[{"href":"https:\/\/rxmedsplus.com\/pl\/wp-json\/wp\/v2\/types\/product"}],"replies":[{"embeddable":true,"href":"https:\/\/rxmedsplus.com\/pl\/wp-json\/wp\/v2\/comments?post=4302"}],"wp:featuredmedia":[{"embeddable":true,"href":"https:\/\/rxmedsplus.com\/pl\/wp-json\/wp\/v2\/media\/4332"}],"wp:attachment":[{"href":"https:\/\/rxmedsplus.com\/pl\/wp-json\/wp\/v2\/media?parent=4302"}],"wp:term":[{"taxonomy":"product_brand","embeddable":true,"href":"https:\/\/rxmedsplus.com\/pl\/wp-json\/wp\/v2\/product_brand?post=4302"},{"taxonomy":"product_cat","embeddable":true,"href":"https:\/\/rxmedsplus.com\/pl\/wp-json\/wp\/v2\/product_cat?post=4302"},{"taxonomy":"product_tag","embeddable":true,"href":"https:\/\/rxmedsplus.com\/pl\/wp-json\/wp\/v2\/product_tag?post=4302"}],"curies":[{"name":"wp","href":"https:\/\/api.w.org\/{rel}","templated":true}]}}