{"id":4307,"date":"2026-05-03T23:30:25","date_gmt":"2026-05-03T23:30:25","guid":{"rendered":"https:\/\/rxmedsplus.com\/"},"modified":"2026-05-11T00:22:30","modified_gmt":"2026-05-11T00:22:30","slug":"cialis-60-mg","status":"publish","type":"product","link":"https:\/\/rxmedsplus.com\/pl\/product\/cialis-60-mg\/","title":{"rendered":"Kup Cialis 60 mg online, aby szybko i skutecznie z\u0142agodzi\u0107 zaburzenia erekcji"},"content":{"rendered":"<p><strong>Kup Cialis 60 mg online, aby szybko i skutecznie z\u0142agodzi\u0107 zaburzenia erekcji<\/strong>  <\/p>\n<p>Je\u015bli chodzi o skuteczne leczenie zaburze\u0144 erekcji, Cialis 60 mg wyr\u00f3\u017cnia si\u0119 jako sprawdzone rozwi\u0105zanie dla m\u0119\u017cczyzn poszukuj\u0105cych szybkich i d\u0142ugotrwa\u0142ych rezultat\u00f3w. Je\u015bli szukasz\u2026 <strong>Kup Cialis 60 mg online, aby szybko i skutecznie z\u0142agodzi\u0107 zaburzenia erekcji<\/strong>, trafi\u0142e\u015b we w\u0142a\u015bciwe miejsce. Nasza apteka internetowa oferuje oryginalne, wysokiej jako\u015bci tabletki Cialisu z dyskretn\u0105 dostaw\u0105 pod Twoje drzwi. Niezale\u017cnie od tego, czy mieszkasz w Stanach Zjednoczonych, Kanadzie, UE, Wielkiej Brytanii, Australii czy gdziekolwiek indziej na \u015bwiecie, gwarantujemy bezpieczn\u0105 i poufn\u0105 dostaw\u0119.  <\/p>\n<h3><strong>Czym jest Cialis 60 mg?<\/strong>  <\/h3>\n<p>Cialis 60 mg to wysokodawkowa formu\u0142a zawieraj\u0105ca tadalafil, silny inhibitor PDE5, kt\u00f3ry poprawia przep\u0142yw krwi do pr\u0105cia, umo\u017cliwiaj\u0105c silniejsz\u0105 i d\u0142u\u017csz\u0105 erekcj\u0119. W przeciwie\u0144stwie do innych lek\u00f3w na zaburzenia erekcji, Cialis zapewnia efekty utrzymuj\u0105ce si\u0119 do 36 godzin, co zyska\u0142o mu przydomek \u201ePigu\u0142ka weekendowa\u201d. To wyd\u0142u\u017cone dzia\u0142anie pozwala na spontaniczno\u015b\u0107 i pewno\u015b\u0107 siebie w intymnych chwilach bez konieczno\u015bci \u015bcis\u0142ego planowania.  <\/p>\n<h3><strong>G\u0142\u00f3wne korzy\u015bci Cialisu 60 mg<\/strong>  <\/h3>\n<p>\u2013 <strong>Szybko dzia\u0142aj\u0105ca ulga:<\/strong> Popraw\u0119 funkcji erekcji mo\u017cna zaobserwowa\u0107 ju\u017c po 30\u201360 minutach od za\u017cycia.<br \/>\n\u2013 <strong>D\u0142ugotrwa\u0142e efekty:<\/strong> Ciesz si\u0119 nawet 36 godzinami zwi\u0119kszonej wydajno\u015bci.<br \/>\n\u2013 <strong>Wi\u0119ksza pewno\u015b\u0107 siebie:<\/strong> Odzyskaj kontrol\u0119 nad swoim zdrowiem seksualnym dzi\u0119ki niezawodnym wynikom.<br \/>\n\u2013 <strong>Dyskretne i wygodne:<\/strong> Z\u0142\u00f3\u017c zam\u00f3wienie online bez recepty i otrzymaj dyskretne opakowanie.  <\/p>\n<h3><strong>Jak dzia\u0142a Cialis 60 mg?<\/strong>  <\/h3>\n<p>Cialis 60 mg dzia\u0142a poprzez rozkurcz naczy\u0144 krwiono\u015bnych w penisie, umo\u017cliwiaj\u0105c zwi\u0119kszony przep\u0142yw krwi podczas stymulacji seksualnej. Mechanizm ten zapewnia mocn\u0105 i trwa\u0142\u0105 erekcj\u0119, u\u0142atwiaj\u0105c osi\u0105gni\u0119cie i utrzymanie intymno\u015bci. Wy\u017csza dawka zapewnia silniejsze dzia\u0142anie, idealne dla m\u0119\u017cczyzn, kt\u00f3rzy potrzebuj\u0105 silniejszego rozwi\u0105zania w przypadku silnych objaw\u00f3w ED.  <\/p>\n<h3><strong>Zalecana dawka i spos\u00f3b u\u017cycia<\/strong>  <\/h3>\n<p>Aby uzyska\u0107 optymalne rezultaty, nale\u017cy za\u017cy\u0107 jedn\u0105 tabletk\u0119 Cialisu 60 mg, popijaj\u0105c wod\u0105, oko\u0142o 30 minut przed aktywno\u015bci\u0105 seksualn\u0105. Unikaj spo\u017cywania nadmiernej ilo\u015bci alkoholu lub t\u0142ustych posi\u0142k\u00f3w przed rozpocz\u0119ciem aktywno\u015bci seksualnej, poniewa\u017c mog\u0105 one op\u00f3\u017ania\u0107 wch\u0142anianie. Nie nale\u017cy przekracza\u0107 jednej dawki w ci\u0105gu 24 godzin, aby zminimalizowa\u0107 potencjalne skutki uboczne.  <\/p>\n<h3><strong>Potencjalne skutki uboczne<\/strong>  <\/h3>\n<p>Chocia\u017c Cialis 60 mg jest na og\u00f3\u0142 dobrze tolerowany, u niekt\u00f3rych u\u017cytkownik\u00f3w mog\u0105 wyst\u0105pi\u0107 \u0142agodne skutki uboczne, takie jak:  <\/p>\n<p>B\u00f3l g\u0142owy<br \/>\n\u2013 P\u0142ukanie<br \/>\nNiestrawno\u015b\u0107<br \/>\nZatkany nos<br \/>\nB\u00f3l plec\u00f3w  <\/p>\n<p>Dzia\u0142ania te s\u0105 zazwyczaj przej\u015bciowe i ust\u0119puj\u0105 w miar\u0119 metabolizmu leku. Je\u015bli jednak wyst\u0105pi\u0105 powa\u017cne reakcje, takie jak przed\u0142u\u017cona erekcja (priapizm) lub zaburzenia widzenia, nale\u017cy natychmiast zwr\u00f3ci\u0107 si\u0119 o pomoc lekarsk\u0105.  <\/p>\n<h3><strong>Kto powinien unika\u0107 Cialisu 60 mg?<\/strong>  <\/h3>\n<p>Cialis 60 mg nie jest odpowiedni dla ka\u017cdego. Unikaj tego leku, je\u015bli:  <\/p>\n<p>Masz problemy z sercem lub niekontrolowane ci\u015bnienie krwi<br \/>\n\u2013 Czy przyjmuj\u0119 azotany w celu z\u0142agodzenia b\u00f3lu w klatce piersiowej?<br \/>\n\u2013 Masz ci\u0119\u017ck\u0105 chorob\u0119 w\u0105troby lub nerek<br \/>\n\u2013 Masz alergi\u0119 na Tadalafil  <\/p>\n<p>Przed u\u017cyciem zaleca si\u0119 konsultacj\u0119 z lekarzem, zw\u0142aszcza je\u015bli cierpisz na choroby podstawowe.  <\/p>\n<h3><strong>Dlaczego warto kupi\u0107 Cialis 60 mg online u nas?<\/strong>  <\/h3>\n<p>Jako zaufana apteka internetowa, stawiamy na jako\u015b\u0107, przyst\u0119pn\u0105 cen\u0119 i dyskrecj\u0119. Oto dlaczego klienci na ca\u0142ym \u015bwiecie wybieraj\u0105 nas:  <\/p>\n<p>\u2013 <strong>Autentyczne leki:<\/strong> Wsp\u00f3\u0142pracujemy bezpo\u015brednio z licencjonowanymi producentami.<br \/>\n\u2013 <strong>Nie wymaga recepty:<\/strong> Omi\u0144 k\u0142opotliwe wizyty u lekarza.<br \/>\n\u2013 <strong>Szybka i dyskretna wysy\u0142ka:<\/strong> Zam\u00f3wienia dostarczane s\u0105 w zwyk\u0142ych opakowaniach, bez etykiet identyfikacyjnych.<br \/>\n\u2013 <strong>Bezpieczne opcje p\u0142atno\u015bci:<\/strong> R\u00f3\u017cne metody realizacji p\u0142atno\u015bci dla wygody.<br \/>\n\u2013 <strong>Dostawa globalna:<\/strong> Obs\u0142ugujemy klient\u00f3w w Stanach Zjednoczonych, Kanadzie, Wielkiej Brytanii, UE, Australii i innych krajach.  <\/p>\n<h3><strong>Jak zam\u00f3wi\u0107 Cialis 60 mg online<\/strong>  <\/h3>\n<p>Zakup Cialisu 60 mg jest prosty:  <\/p>\n<p>1. <strong>Wybierz ilo\u015b\u0107:<\/strong> Wybierz \u017c\u0105dany rozmiar opakowania.<br \/>\n2. <strong>Dodaj do koszyka:<\/strong> Przejd\u017a do bezpiecznej p\u0142atno\u015bci.<br \/>\n3. <strong>Wprowad\u017a dane do wysy\u0142ki:<\/strong> Podaj dyskretny adres dostawy.<br \/>\n4. <strong>Zako\u0144cz p\u0142atno\u015b\u0107:<\/strong> U\u017cyj preferowanej metody p\u0142atno\u015bci.<br \/>\n5. <strong>Odbierz swoje zam\u00f3wienie:<\/strong> Szybka wysy\u0142ka z aktualizacj\u0105 \u015bledzenia.  <\/p>\n<h3><strong>Ostatnie przemy\u015blenia na temat Cialisu 60 mg w leczeniu zaburze\u0144 erekcji<\/strong>  <\/h3>\n<p>Je\u015bli jeste\u015b gotowy odzyska\u0107 swoj\u0105 witalno\u015b\u0107 seksualn\u0105, <strong>Kup Cialis 60 mg online, aby szybko i skutecznie z\u0142agodzi\u0107 zaburzenia erekcji<\/strong> Z naszej renomowanej apteki. Dzi\u0119ki szybkiemu dzia\u0142aniu, przed\u0142u\u017conemu dzia\u0142aniu i udowodnionej skuteczno\u015bci, Cialis 60 mg to najlepszy wyb\u00f3r dla m\u0119\u017cczyzn poszukuj\u0105cych niezawodnej poprawy wydolno\u015bci. Zam\u00f3w ju\u017c dzi\u015b i poczuj r\u00f3\u017cnic\u0119 dyskretnie i pewnie.  <\/p>\n<p>W razie pyta\u0144 lub potrzeby pomocy nasz zesp\u00f3\u0142 obs\u0142ugi klienta jest dost\u0119pny 24\/7. Twoja satysfakcja i prywatno\u015b\u0107 s\u0105 dla nas priorytetem.<\/p>","protected":false},"excerpt":{"rendered":"<p>Potrzebujesz szybkiej, skutecznej ulgi w zaburzeniach erekcji? Cialis 60 mg zapewnia maksymaln\u0105 moc dzia\u0142ania dzi\u0119ki tadalafilowi, zaufanemu sk\u0142adnikowi aktywnemu zapewniaj\u0105cemu d\u0142ugotrwa\u0142e rezultaty. Ciesz si\u0119 zwi\u0119kszon\u0105 moc\u0105 dzia\u0142ania nawet do 36 godzin \u2013 bez recepty. Szybka i dyskretna wysy\u0142ka zapewni Ci szybki powr\u00f3t pewno\u015bci siebie. Zaufaj naszym wysokiej jako\u015bci lekom, kt\u00f3re zapewni\u0105 Ci najsilniejsze rozwi\u0105zanie, gdy mniejsze dawki oka\u017c\u0105 si\u0119 niewystarczaj\u0105ce. Zam\u00f3w ju\u017c teraz i odzyskaj intymno\u015b\u0107 z \u0142atwo\u015bci\u0105.<\/p>","protected":false},"featured_media":4344,"comment_status":"open","ping_status":"closed","template":"","meta":{"site-sidebar-layout":"default","site-content-layout":"","ast-site-content-layout":"default","site-content-style":"default","site-sidebar-style":"default","ast-global-header-display":"","ast-banner-title-visibility":"","ast-main-header-display":"","ast-hfb-above-header-display":"","ast-hfb-below-header-display":"","ast-hfb-mobile-header-display":"","site-post-title":"","ast-breadcrumbs-content":"","ast-featured-img":"","footer-sml-layout":"","ast-disable-related-posts":"","theme-transparent-header-meta":"","adv-header-id-meta":"","stick-header-meta":"","header-above-stick-meta":"","header-main-stick-meta":"","header-below-stick-meta":"","astra-migrate-meta-layouts":"default","ast-page-background-enabled":"default","ast-page-background-meta":{"desktop":{"background-color":"","background-image":"","background-repeat":"repeat","background-position":"center center","background-size":"auto","background-attachment":"scroll","background-type":"","background-media":"","overlay-type":"","overlay-color":"","overlay-opacity":"","overlay-gradient":""},"tablet":{"background-color":"","background-image":"","background-repeat":"repeat","background-position":"center center","background-size":"auto","background-attachment":"scroll","background-type":"","background-media":"","overlay-type":"","overlay-color":"","overlay-opacity":"","overlay-gradient":""},"mobile":{"background-color":"","background-image":"","background-repeat":"repeat","background-position":"center center","background-size":"auto","background-attachment":"scroll","background-type":"","background-media":"","overlay-type":"","overlay-color":"","overlay-opacity":"","overlay-gradient":""}},"ast-content-background-meta":{"desktop":{"background-color":"var(--ast-global-color-5)","background-image":"","background-repeat":"repeat","background-position":"center center","background-size":"auto","background-attachment":"scroll","background-type":"","background-media":"","overlay-type":"","overlay-color":"","overlay-opacity":"","overlay-gradient":""},"tablet":{"background-color":"var(--ast-global-color-5)","background-image":"","background-repeat":"repeat","background-position":"center center","background-size":"auto","background-attachment":"scroll","background-type":"","background-media":"","overlay-type":"","overlay-color":"","overlay-opacity":"","overlay-gradient":""},"mobile":{"background-color":"var(--ast-global-color-5)","background-image":"","background-repeat":"repeat","background-position":"center center","background-size":"auto","background-attachment":"scroll","background-type":"","background-media":"","overlay-type":"","overlay-color":"","overlay-opacity":"","overlay-gradient":""}}},"product_brand":[],"product_cat":[1684],"product_tag":[974,1996,1994,975,1995,1274,279,937,938,1992,1990,980,251,1997,972],"class_list":{"0":"post-4307","1":"product","2":"type-product","3":"status-publish","4":"has-post-thumbnail","6":"product_cat-sex-pills","7":"product_tag-buy-cialis-online","8":"product_tag-buy-ed-pills-online","9":"product_tag-cialis-60-mg","10":"product_tag-cialis-dosage","11":"product_tag-cialis-for-men","12":"product_tag-cialis-without-prescription","13":"product_tag-discreet-shipping","14":"product_tag-ed-treatment","15":"product_tag-erectile-dysfunction","16":"product_tag-fast-acting-cialis","17":"product_tag-long-lasting-ed-relief","18":"product_tag-male-enhancement","19":"product_tag-online-pharmacy","20":"product_tag-strong-erection","21":"product_tag-tadalafil","22":"desktop-align-left","23":"tablet-align-left","24":"mobile-align-left","25":"ast-product-gallery-layout-horizontal-slider","26":"ast-product-gallery-with-no-image","27":"ast-magnify-disabled","28":"ast-product-single-variable","29":"ast-product-tabs-layout-horizontal","31":"first","32":"instock","33":"shipping-taxable","34":"purchasable","35":"product-type-variable"},"yoast_head":"<!-- This site is optimized with the Yoast SEO Premium plugin v26.0 (Yoast SEO v27.6) - https:\/\/yoast.com\/product\/yoast-seo-premium-wordpress\/ -->\n<title>Buy Cialis 60 mg Online for Powerful ED Relief Fast &#187; Rx Meds Plus<\/title>\n<meta name=\"description\" content=\"Cialis 60 mg delivers powerful ED relief fast and lasts up to 36 hours. Buy genuine Cialis online for discreet, worldwide shipping. Reclaim your confidence today!\" \/>\n<meta name=\"robots\" content=\"noindex, follow, max-snippet:-1, max-image-preview:large, max-video-preview:-1\" \/>\n<meta property=\"og:locale\" content=\"pl_PL\" \/>\n<meta property=\"og:type\" content=\"article\" \/>\n<meta property=\"og:title\" content=\"Buy Cialis 60 mg Online for Powerful ED Relief Fast\" \/>\n<meta property=\"og:description\" content=\"Cialis 60 mg delivers powerful ED relief fast and lasts up to 36 hours. Buy genuine Cialis online for discreet, worldwide shipping. Reclaim your confidence today!\" \/>\n<meta property=\"og:url\" content=\"https:\/\/rxmedsplus.com\/pl\/produkt\/cialis-60-mg\/\" \/>\n<meta property=\"og:site_name\" content=\"Rx Meds Plus\" \/>\n<meta property=\"article:modified_time\" content=\"2026-05-11T00:22:30+00:00\" \/>\n<meta property=\"og:image\" content=\"https:\/\/rxmedsplus.com\/wp-content\/uploads\/2026\/05\/134393-8-1.jpg\" \/>\n\t<meta property=\"og:image:width\" content=\"500\" \/>\n\t<meta property=\"og:image:height\" content=\"500\" \/>\n\t<meta property=\"og:image:type\" content=\"image\/jpeg\" \/>\n<meta name=\"twitter:card\" content=\"summary_large_image\" \/>\n<meta name=\"twitter:label1\" content=\"Dost\u0119pno\u015b\u0107\" \/>\n\t<meta name=\"twitter:data1\" content=\"Dost\u0119pny\" \/>\n<script type=\"application\/ld+json\" class=\"yoast-schema-graph\">{\"@context\":\"https:\\\/\\\/schema.org\",\"@graph\":[{\"@type\":\"WebPage\",\"@id\":\"https:\\\/\\\/rxmedsplus.com\\\/product\\\/cialis-60-mg\\\/\",\"url\":\"https:\\\/\\\/rxmedsplus.com\\\/product\\\/cialis-60-mg\\\/\",\"name\":\"Buy Cialis 60 mg Online for Powerful ED Relief Fast &#187; Rx Meds Plus\",\"isPartOf\":{\"@id\":\"https:\\\/\\\/rxmedsplus.com\\\/#website\"},\"primaryImageOfPage\":{\"@id\":\"https:\\\/\\\/rxmedsplus.com\\\/product\\\/cialis-60-mg\\\/#primaryimage\"},\"image\":{\"@id\":\"https:\\\/\\\/rxmedsplus.com\\\/product\\\/cialis-60-mg\\\/#primaryimage\"},\"thumbnailUrl\":\"https:\\\/\\\/rxmedsplus.com\\\/wp-content\\\/uploads\\\/2026\\\/05\\\/134393-8-1.jpg\",\"datePublished\":\"2026-05-03T23:30:25+00:00\",\"dateModified\":\"2026-05-11T00:22:30+00:00\",\"description\":\"Cialis 60 mg delivers powerful ED relief fast and lasts up to 36 hours. Buy genuine Cialis online for discreet, worldwide shipping. Reclaim your confidence today!\",\"breadcrumb\":{\"@id\":\"https:\\\/\\\/rxmedsplus.com\\\/product\\\/cialis-60-mg\\\/#breadcrumb\"},\"inLanguage\":\"pl-PL\",\"potentialAction\":[{\"@type\":\"ReadAction\",\"target\":[\"https:\\\/\\\/rxmedsplus.com\\\/product\\\/cialis-60-mg\\\/\"]}]},{\"@type\":\"ImageObject\",\"inLanguage\":\"pl-PL\",\"@id\":\"https:\\\/\\\/rxmedsplus.com\\\/product\\\/cialis-60-mg\\\/#primaryimage\",\"url\":\"https:\\\/\\\/rxmedsplus.com\\\/wp-content\\\/uploads\\\/2026\\\/05\\\/134393-8-1.jpg\",\"contentUrl\":\"https:\\\/\\\/rxmedsplus.com\\\/wp-content\\\/uploads\\\/2026\\\/05\\\/134393-8-1.jpg\",\"width\":500,\"height\":500},{\"@type\":\"BreadcrumbList\",\"@id\":\"https:\\\/\\\/rxmedsplus.com\\\/product\\\/cialis-60-mg\\\/#breadcrumb\",\"itemListElement\":[{\"@type\":\"ListItem\",\"position\":1,\"name\":\"Home\",\"item\":\"https:\\\/\\\/rxmedsplus.com\\\/\"},{\"@type\":\"ListItem\",\"position\":2,\"name\":\"Shop\",\"item\":\"https:\\\/\\\/rxmedsplus.com\\\/shop\\\/\"},{\"@type\":\"ListItem\",\"position\":3,\"name\":\"Buy Cialis 60 mg Online for Powerful ED Relief Fast\"}]},{\"@type\":\"WebSite\",\"@id\":\"https:\\\/\\\/rxmedsplus.com\\\/#website\",\"url\":\"https:\\\/\\\/rxmedsplus.com\\\/\",\"name\":\"Rx Meds Plus\",\"description\":\"Buy Prescription Meds and Pills Online with Fast Delivery\",\"potentialAction\":[{\"@type\":\"SearchAction\",\"target\":{\"@type\":\"EntryPoint\",\"urlTemplate\":\"https:\\\/\\\/rxmedsplus.com\\\/?s={search_term_string}\"},\"query-input\":{\"@type\":\"PropertyValueSpecification\",\"valueRequired\":true,\"valueName\":\"search_term_string\"}}],\"inLanguage\":\"pl-PL\"}]}<\/script>\n<meta property=\"og:availability\" content=\"instock\" \/>\n<meta property=\"product:availability\" content=\"instock\" \/>\n<meta property=\"product:retailer_item_id\" content=\"134393\" \/>\n<meta property=\"product:condition\" content=\"new\" \/>\n<!-- \/ Yoast SEO Premium plugin. -->","yoast_head_json":{"title":"Kup Cialis 60 mg online, aby szybko i skutecznie z\u0142agodzi\u0107 zaburzenia erekcji \u2013 Rx Meds Plus","description":"Cialis 60 mg zapewnia szybk\u0105 i skuteczn\u0105 ulg\u0119 w zaburzeniach erekcji, dzia\u0142aj\u0105c do 36 godzin. Kup oryginalny Cialis online z dyskretn\u0105 wysy\u0142k\u0105 na ca\u0142y \u015bwiat. Odzyskaj pewno\u015b\u0107 siebie ju\u017c dzi\u015b!","robots":{"index":"noindex","follow":"follow","max-snippet":"max-snippet:-1","max-image-preview":"max-image-preview:large","max-video-preview":"max-video-preview:-1"},"og_locale":"pl_PL","og_type":"article","og_title":"Buy Cialis 60 mg Online for Powerful ED Relief Fast","og_description":"Cialis 60 mg delivers powerful ED relief fast and lasts up to 36 hours. Buy genuine Cialis online for discreet, worldwide shipping. Reclaim your confidence today!","og_url":"https:\/\/rxmedsplus.com\/pl\/produkt\/cialis-60-mg\/","og_site_name":"Rx Meds Plus","article_modified_time":"2026-05-11T00:22:30+00:00","og_image":[{"width":500,"height":500,"url":"https:\/\/rxmedsplus.com\/wp-content\/uploads\/2026\/05\/134393-8-1.jpg","type":"image\/jpeg"}],"twitter_card":"summary_large_image","twitter_misc":{"Dost\u0119pno\u015b\u0107":"Dost\u0119pny"},"schema":{"@context":"https:\/\/schema.org","@graph":[{"@type":"WebPage","@id":"https:\/\/rxmedsplus.com\/product\/cialis-60-mg\/","url":"https:\/\/rxmedsplus.com\/product\/cialis-60-mg\/","name":"Kup Cialis 60 mg online, aby szybko i skutecznie z\u0142agodzi\u0107 zaburzenia erekcji \u2013 Rx Meds Plus","isPartOf":{"@id":"https:\/\/rxmedsplus.com\/#website"},"primaryImageOfPage":{"@id":"https:\/\/rxmedsplus.com\/product\/cialis-60-mg\/#primaryimage"},"image":{"@id":"https:\/\/rxmedsplus.com\/product\/cialis-60-mg\/#primaryimage"},"thumbnailUrl":"https:\/\/rxmedsplus.com\/wp-content\/uploads\/2026\/05\/134393-8-1.jpg","datePublished":"2026-05-03T23:30:25+00:00","dateModified":"2026-05-11T00:22:30+00:00","description":"Cialis 60 mg zapewnia szybk\u0105 i skuteczn\u0105 ulg\u0119 w zaburzeniach erekcji, dzia\u0142aj\u0105c do 36 godzin. Kup oryginalny Cialis online z dyskretn\u0105 wysy\u0142k\u0105 na ca\u0142y \u015bwiat. Odzyskaj pewno\u015b\u0107 siebie ju\u017c dzi\u015b!","breadcrumb":{"@id":"https:\/\/rxmedsplus.com\/product\/cialis-60-mg\/#breadcrumb"},"inLanguage":"pl-PL","potentialAction":[{"@type":"ReadAction","target":["https:\/\/rxmedsplus.com\/product\/cialis-60-mg\/"]}]},{"@type":"ImageObject","inLanguage":"pl-PL","@id":"https:\/\/rxmedsplus.com\/product\/cialis-60-mg\/#primaryimage","url":"https:\/\/rxmedsplus.com\/wp-content\/uploads\/2026\/05\/134393-8-1.jpg","contentUrl":"https:\/\/rxmedsplus.com\/wp-content\/uploads\/2026\/05\/134393-8-1.jpg","width":500,"height":500},{"@type":"BreadcrumbList","@id":"https:\/\/rxmedsplus.com\/product\/cialis-60-mg\/#breadcrumb","itemListElement":[{"@type":"ListItem","position":1,"name":"Home","item":"https:\/\/rxmedsplus.com\/"},{"@type":"ListItem","position":2,"name":"Shop","item":"https:\/\/rxmedsplus.com\/shop\/"},{"@type":"ListItem","position":3,"name":"Buy Cialis 60 mg Online for Powerful ED Relief Fast"}]},{"@type":"WebSite","@id":"https:\/\/rxmedsplus.com\/#website","url":"https:\/\/rxmedsplus.com\/","name":"Leki na recept\u0119 Plus","description":"Kupuj leki i tabletki na recept\u0119 online z szybk\u0105 dostaw\u0105","potentialAction":[{"@type":"SearchAction","target":{"@type":"EntryPoint","urlTemplate":"https:\/\/rxmedsplus.com\/?s={search_term_string}"},"query-input":{"@type":"PropertyValueSpecification","valueRequired":true,"valueName":"search_term_string"}}],"inLanguage":"pl-PL"}]},"og_availability":"instock","product_availability":"instock","product_retailer_item_id":"134393","product_condition":"new"},"_links":{"self":[{"href":"https:\/\/rxmedsplus.com\/pl\/wp-json\/wp\/v2\/product\/4307","targetHints":{"allow":["GET"]}}],"collection":[{"href":"https:\/\/rxmedsplus.com\/pl\/wp-json\/wp\/v2\/product"}],"about":[{"href":"https:\/\/rxmedsplus.com\/pl\/wp-json\/wp\/v2\/types\/product"}],"replies":[{"embeddable":true,"href":"https:\/\/rxmedsplus.com\/pl\/wp-json\/wp\/v2\/comments?post=4307"}],"wp:featuredmedia":[{"embeddable":true,"href":"https:\/\/rxmedsplus.com\/pl\/wp-json\/wp\/v2\/media\/4344"}],"wp:attachment":[{"href":"https:\/\/rxmedsplus.com\/pl\/wp-json\/wp\/v2\/media?parent=4307"}],"wp:term":[{"taxonomy":"product_brand","embeddable":true,"href":"https:\/\/rxmedsplus.com\/pl\/wp-json\/wp\/v2\/product_brand?post=4307"},{"taxonomy":"product_cat","embeddable":true,"href":"https:\/\/rxmedsplus.com\/pl\/wp-json\/wp\/v2\/product_cat?post=4307"},{"taxonomy":"product_tag","embeddable":true,"href":"https:\/\/rxmedsplus.com\/pl\/wp-json\/wp\/v2\/product_tag?post=4307"}],"curies":[{"name":"wp","href":"https:\/\/api.w.org\/{rel}","templated":true}]}}