{"id":4311,"date":"2026-05-03T23:30:25","date_gmt":"2026-05-03T23:30:25","guid":{"rendered":"https:\/\/rxmedsplus.com\/"},"modified":"2026-05-11T00:28:06","modified_gmt":"2026-05-11T00:28:06","slug":"pain-o-soma-500-mg","status":"publish","type":"product","link":"https:\/\/rxmedsplus.com\/pl\/product\/pain-o-soma-500-mg\/","title":{"rendered":"Kup Pain-O-Soma 500 mg online \u2013 szybka i niezawodna ulga"},"content":{"rendered":"<p><strong>Kup Pain-O-Soma 500 mg online \u2013 szybka i niezawodna ulga<\/strong>  <\/p>\n<p>Je\u015bli zmagasz si\u0119 z uporczywym b\u00f3lem mi\u0119\u015bni, skurczami lub urazami, <strong>Pain-O-Soma 500 mg<\/strong> oferuje szybk\u0105 i skuteczn\u0105 ulg\u0119. Jako zaufany sprzedawca internetowy, zapewniamy wysok\u0105 jako\u015b\u0107 <strong>Pain-O-Soma 500 mg<\/strong> Bez recepty, zapewniaj\u0105c dyskretn\u0105 i bezpieczn\u0105 dostaw\u0119 do USA, Kanady, UE, Wielkiej Brytanii, Australii i na ca\u0142y \u015bwiat. Niezale\u017cnie od tego, czy zmagasz si\u0119 z przewlek\u0142ym dyskomfortem, czy ostrym napi\u0119ciem mi\u0119\u015bni, ten silny \u015brodek rozlu\u017aniaj\u0105cy mi\u0119\u015bnie pomaga przywr\u00f3ci\u0107 sprawno\u015b\u0107 ruchow\u0105 i szybko z\u0142agodzi\u0107 b\u00f3l.  <\/p>\n<h3><strong>Czym jest Pain-O-Soma 500 mg?<\/strong>  <\/h3>\n<p><strong>Pain-O-Soma 500 mg<\/strong> jest lekiem zwiotczaj\u0105cym mi\u0119\u015bnie wydawanym na recept\u0119, zawieraj\u0105cym <strong>Karizoprodol<\/strong>, silny zwi\u0105zek blokuj\u0105cy sygna\u0142y b\u00f3lowe mi\u0119dzy nerwami a m\u00f3zgiem. Jest szeroko przepisywany w celu kr\u00f3tkotrwa\u0142ego \u0142agodzenia b\u00f3lu mi\u0119\u015bni i dyskomfortu spowodowanego naci\u0105gni\u0119ciami, skr\u0119ceniami lub urazami. W przeciwie\u0144stwie do lek\u00f3w przeciwb\u00f3lowych dost\u0119pnych bez recepty, <strong>Pain-O-Soma 500 mg<\/strong> bezpo\u015brednio oddzia\u0142uje na napi\u0119cie mi\u0119\u015bni, zapewniaj\u0105c szybki relaks i popraw\u0119 ruchomo\u015bci.  <\/p>\n<h3><strong>G\u0142\u00f3wne korzy\u015bci stosowania Pain-O-Soma 500 mg<\/strong>  <\/h3>\n<p>\u2013 <strong>Szybko dzia\u0142aj\u0105ca ulga:<\/strong> Szybko \u0142agodzi b\u00f3le mi\u0119\u015bni i skurcze w ci\u0105gu 30\u201360 minut.<br \/>\n\u2013 <strong>Zwi\u0119kszona mobilno\u015b\u0107:<\/strong> Zmniejsza sztywno\u015b\u0107, umo\u017cliwiaj\u0105c lepszy zakres ruch\u00f3w i elastyczno\u015b\u0107.<br \/>\n\u2013 <strong>Formu\u0142a nieuzale\u017cniaj\u0105ca:<\/strong> Stosowany zgodnie z zaleceniami przynosi ulg\u0119 bez ryzyka uzale\u017cnienia.<br \/>\n\u2013 <strong>Minimalne skutki uboczne:<\/strong> Dobrze tolerowane przez wi\u0119kszo\u015b\u0107 u\u017cytkownik\u00f3w, o ile stosuje si\u0119 je odpowiedzialnie.<br \/>\n\u2013 <strong>Wygodne dawkowanie:<\/strong> Dawka 500 mg zapewnia znaczn\u0105 ulg\u0119 ju\u017c po jednej dawce.  <\/p>\n<h3><strong>Jak dzia\u0142a Pain-O-Soma 500 mg?<\/strong>  <\/h3>\n<p><strong>Pain-O-Soma 500 mg<\/strong> zawiera <strong>Karizoprodol<\/strong>, kt\u00f3ry dzia\u0142a poprzez zmian\u0119 komunikacji nerwowej w o\u015brodkowym uk\u0142adzie nerwowym. Przerywa sygna\u0142y b\u00f3lowe wysy\u0142ane do m\u00f3zgu, rozlu\u017aniaj\u0105c napi\u0119te mi\u0119\u015bnie i zmniejszaj\u0105c dyskomfort. Dzi\u0119ki temu jest bardzo skuteczny w leczeniu takich schorze\u0144 jak:  <\/p>\n<p>\u2013 <strong>B\u00f3l plec\u00f3w<\/strong><br \/>\n\u2013 <strong>B\u00f3l szyi<\/strong><br \/>\n\u2013 <strong>Skurcze mi\u0119\u015bni<\/strong><br \/>\n\u2013 <strong>Urazy sportowe<\/strong><br \/>\n\u2013 <strong>Dyskomfort pooperacyjny<\/strong>  <\/p>\n<h3><strong>Zalecana dawka i instrukcja u\u017cycia<\/strong>  <\/h3>\n<p>Aby uzyska\u0107 optymalne rezultaty, nale\u017cy stosowa\u0107 <strong>Pain-O-Soma 500 mg<\/strong> nast\u0119puj\u0105co:  <\/p>\n<p>\u2013 <strong>Doro\u015bli:<\/strong> 1 tabletka (500 mg) trzy razy dziennie oraz przed snem.<br \/>\n\u2013 <strong>Maksymalny czas trwania:<\/strong> Stosowa\u0107 przez 2\u20133 tygodnie, chyba \u017ce lekarz zaleci inaczej.<br \/>\n\u2013 <strong>Administracja:<\/strong> Po\u0142kn\u0105\u0107, popijaj\u0105c wod\u0105, niezale\u017cnie od posi\u0142ku.  <\/p>\n<p>Unikaj alkoholu i innych \u015brodk\u00f3w uspokajaj\u0105cych podczas stosowania tego leku, poniewa\u017c mog\u0105 one nasila\u0107 senno\u015b\u0107. Nie nale\u017cy przekracza\u0107 zalecanej dawki, aby zapobiec wyst\u0105pieniu dzia\u0142a\u0144 niepo\u017c\u0105danych.  <\/p>\n<h3><strong>Potencjalne skutki uboczne leku Pain-O-Soma 500 mg<\/strong>  <\/h3>\n<p>Chwila <strong>Pain-O-Soma 500 mg<\/strong> jest generalnie bezpieczny, u niekt\u00f3rych u\u017cytkownik\u00f3w mog\u0105 wyst\u0105pi\u0107 \u0142agodne skutki uboczne, w tym:  <\/p>\n<p>Senno\u015b\u0107<br \/>\nZawroty g\u0142owy<br \/>\nB\u00f3l g\u0142owy<br \/>\n\u2013 Md\u0142o\u015bci  <\/p>\n<p>Te skutki s\u0105 zazwyczaj przej\u015bciowe. W przypadku wyst\u0105pienia powa\u017cnych reakcji, takich jak wysypka, trudno\u015bci w oddychaniu lub nieregularne bicie serca, nale\u017cy przerwa\u0107 stosowanie i zwr\u00f3ci\u0107 si\u0119 o pomoc lekarsk\u0105.  <\/p>\n<h3><strong>Dlaczego warto kupi\u0107 Pain-O-Soma 500 mg online u nas?<\/strong>  <\/h3>\n<p>Jako <strong>zaufana apteka internetowa<\/strong>Stawiamy na jako\u015b\u0107, dyskrecj\u0119 i zadowolenie klienta. Oto dlaczego warto nas wybra\u0107:  <\/p>\n<p>\u2013 <strong>Nie wymaga recepty:<\/strong> Omi\u0144 k\u0142opotliwe wizyty u lekarza i z\u0142\u00f3\u017c zam\u00f3wienie online.<br \/>\n\u2013 <strong>Szybka i dyskretna wysy\u0142ka:<\/strong> Bezpieczne opakowanie gwarantuje prywatno\u015b\u0107 i terminow\u0105 dostaw\u0119.<br \/>\n\u2013 <strong>Dostawa globalna:<\/strong> Wysy\u0142amy do USA, Kanady, Wielkiej Brytanii, UE, Australii i na ca\u0142y \u015bwiat.<br \/>\n\u2013 <strong>Autentyczne leki:<\/strong> Produkty pochodz\u0105ce od licencjonowanych producent\u00f3w gwarantuj\u0105 skuteczno\u015b\u0107.<br \/>\n\u2013 <strong>Obs\u0142uga klienta 24\/7:<\/strong> Dost\u0119pna pomoc w przypadku pyta\u0144 lub w\u0105tpliwo\u015bci.  <\/p>\n<h3><strong>Kto powinien unika\u0107 leku Pain-O-Soma 500 mg?<\/strong>  <\/h3>\n<p>Chwila <strong>Pain-O-Soma 500 mg<\/strong> jest bezpieczny dla wi\u0119kszo\u015bci doros\u0142ych, unikaj go, je\u015bli:  <\/p>\n<p>Mam histori\u0119 nadu\u017cywania narkotyk\u00f3w<br \/>\n\u2013 Masz alergi\u0119 na karizoprodol lub zwi\u0105zki pokrewne<br \/>\nJeste\u015b w ci\u0105\u017cy lub karmisz piersi\u0105<br \/>\n\u2013 Cierpisz na chorob\u0119 w\u0105troby lub nerek  <\/p>\n<p>Je\u015bli cierpisz na jakie\u015b choroby, przed u\u017cyciem skonsultuj si\u0119 z lekarzem.  <\/p>\n<h3><strong>Pain-O-Soma 500 mg w por\u00f3wnaniu z innymi \u015brodkami zwiotczaj\u0105cymi mi\u0119\u015bnie<\/strong>  <\/h3>\n<p>W por\u00f3wnaniu do alternatyw takich jak Flexeril czy Robaxin, <strong>Pain-O-Soma 500 mg<\/strong> Wyr\u00f3\u017cnia si\u0119 szybkim dzia\u0142aniem i mniejszym efektem uspokajaj\u0105cym. Zapewnia skoncentrowan\u0105 ulg\u0119 bez nadmiernej senno\u015bci, dzi\u0119ki czemu idealnie nadaje si\u0119 do stosowania w ci\u0105gu dnia.  <\/p>\n<h3><strong>Jak przechowywa\u0107 Pain-O-Soma 500 mg<\/strong>  <\/h3>\n<p>Przechowywa\u0107 tabletki w ch\u0142odnym, suchym miejscu, z dala od \u015bwiat\u0142a s\u0142onecznego i wilgoci. Przechowywa\u0107 w temperaturze pokojowej, poza zasi\u0119giem dzieci.  <\/p>\n<h3><strong>Zam\u00f3w Pain-O-Soma 500 mg online ju\u017c dzi\u015b<\/strong>  <\/h3>\n<p>Nie pozw\u00f3l, aby b\u00f3l mi\u0119\u015bni utrudnia\u0142 Ci \u017cycie. <strong>Kup Pain-O-Soma 500 mg online<\/strong> Szybka i niezawodna ulga bez recepty. Nasz bezpieczny proces p\u0142atno\u015bci gwarantuje bezproblemowe zakupy, a dyskretna dostawa pod same drzwi. Z\u0142\u00f3\u017c zam\u00f3wienie ju\u017c teraz i poczuj r\u00f3\u017cnic\u0119!  <\/p>\n<p>W przypadku zam\u00f3wie\u0144 hurtowych lub w celu uzyskania dalszej pomocy, skontaktuj si\u0119 z naszym zespo\u0142em obs\u0142ugi klienta. Twoja satysfakcja jest naszym priorytetem \u2014 kupuj z ufno\u015bci\u0105 ju\u017c dzi\u015b!<\/p>","protected":false},"excerpt":{"rendered":"<p>Potrzebujesz szybkiej ulgi w przewlek\u0142ym b\u00f3lu, sztywno\u015bci lub skurczach mi\u0119\u015bni? Pain-O-Soma 500 mg zapewnia silne, szybko dzia\u0142aj\u0105ce ukojenie poprzez blokowanie sygna\u0142\u00f3w b\u00f3lowych do m\u00f3zgu \u2013 idealne w przypadku silnego b\u00f3lu plec\u00f3w lub rekonwalescencji pooperacyjnej. Nasze certyfikowane tabletki karizoprodolu gwarantuj\u0105 jako\u015b\u0107 bez recepty. Ciesz si\u0119 dyskretnym opakowaniem i szybk\u0105 dostaw\u0105 w Wielkiej Brytanii, a wszystko to z bezpieczn\u0105 p\u0142atno\u015bci\u0105. Niezale\u017cnie od tego, czy chodzi o dyskomfort zwi\u0105zany z kontuzj\u0105, czy o napi\u0119cie mi\u0119\u015bni, zaufaj Pain-O-Soma, kt\u00f3ry zapewni Ci skuteczn\u0105, kr\u00f3tkotrwa\u0142\u0105 ulg\u0119 i pozwoli Ci wr\u00f3ci\u0107 do codziennego \u017cycia. Zam\u00f3w ju\u017c teraz i do\u015bwiadcz szybkiego, bezproblemowego leczenia b\u00f3lu.<\/p>","protected":false},"featured_media":4348,"comment_status":"open","ping_status":"closed","template":"","meta":{"site-sidebar-layout":"default","site-content-layout":"","ast-site-content-layout":"default","site-content-style":"default","site-sidebar-style":"default","ast-global-header-display":"","ast-banner-title-visibility":"","ast-main-header-display":"","ast-hfb-above-header-display":"","ast-hfb-below-header-display":"","ast-hfb-mobile-header-display":"","site-post-title":"","ast-breadcrumbs-content":"","ast-featured-img":"","footer-sml-layout":"","ast-disable-related-posts":"","theme-transparent-header-meta":"","adv-header-id-meta":"","stick-header-meta":"","header-above-stick-meta":"","header-main-stick-meta":"","header-below-stick-meta":"","astra-migrate-meta-layouts":"default","ast-page-background-enabled":"default","ast-page-background-meta":{"desktop":{"background-color":"","background-image":"","background-repeat":"repeat","background-position":"center center","background-size":"auto","background-attachment":"scroll","background-type":"","background-media":"","overlay-type":"","overlay-color":"","overlay-opacity":"","overlay-gradient":""},"tablet":{"background-color":"","background-image":"","background-repeat":"repeat","background-position":"center center","background-size":"auto","background-attachment":"scroll","background-type":"","background-media":"","overlay-type":"","overlay-color":"","overlay-opacity":"","overlay-gradient":""},"mobile":{"background-color":"","background-image":"","background-repeat":"repeat","background-position":"center center","background-size":"auto","background-attachment":"scroll","background-type":"","background-media":"","overlay-type":"","overlay-color":"","overlay-opacity":"","overlay-gradient":""}},"ast-content-background-meta":{"desktop":{"background-color":"var(--ast-global-color-5)","background-image":"","background-repeat":"repeat","background-position":"center center","background-size":"auto","background-attachment":"scroll","background-type":"","background-media":"","overlay-type":"","overlay-color":"","overlay-opacity":"","overlay-gradient":""},"tablet":{"background-color":"var(--ast-global-color-5)","background-image":"","background-repeat":"repeat","background-position":"center center","background-size":"auto","background-attachment":"scroll","background-type":"","background-media":"","overlay-type":"","overlay-color":"","overlay-opacity":"","overlay-gradient":""},"mobile":{"background-color":"var(--ast-global-color-5)","background-image":"","background-repeat":"repeat","background-position":"center center","background-size":"auto","background-attachment":"scroll","background-type":"","background-media":"","overlay-type":"","overlay-color":"","overlay-opacity":"","overlay-gradient":""}}},"product_brand":[],"product_cat":[1686],"product_tag":[2013,2020,1352,1117,279,2021,2019,851,885,251,734,2018,2015,2022,2017],"class_list":{"0":"post-4311","1":"product","2":"type-product","3":"status-publish","4":"has-post-thumbnail","6":"product_cat-prescription-meds","7":"product_tag-buy-pain-o-soma-online","8":"product_tag-buy-pain-o-soma-without-prescription","9":"product_tag-carisoprodol","10":"product_tag-chronic-pain-relief","11":"product_tag-discreet-shipping","12":"product_tag-fast-acting-muscle-relaxant","13":"product_tag-muscle-pain","14":"product_tag-muscle-relaxant","15":"product_tag-muscle-spasm-relief","16":"product_tag-online-pharmacy","17":"product_tag-pain-relief","18":"product_tag-pain-o-soma-500-mg","19":"product_tag-pain-o-soma-dosage","20":"product_tag-pain-o-soma-for-sale","21":"product_tag-pain-o-soma-side-effects","22":"desktop-align-left","23":"tablet-align-left","24":"mobile-align-left","25":"ast-product-gallery-layout-horizontal-slider","26":"ast-product-gallery-with-no-image","27":"ast-magnify-disabled","28":"ast-product-single-variable","29":"ast-product-tabs-layout-horizontal","31":"first","32":"instock","33":"shipping-taxable","34":"purchasable","35":"product-type-variable"},"yoast_head":"<!-- This site is optimized with the Yoast SEO Premium plugin v26.0 (Yoast SEO v27.6) - https:\/\/yoast.com\/product\/yoast-seo-premium-wordpress\/ -->\n<title>Buy Pain-O-Soma 500 mg Online \u2013 Fast &amp; Reliable Relief &#187; Rx Meds Plus<\/title>\n<meta name=\"description\" content=\"Buy Pain-O-Soma 500 mg online for fast muscle pain relief. No prescription needed, discreet global shipping. Order now for quick delivery!\" \/>\n<meta name=\"robots\" content=\"noindex, follow, max-snippet:-1, max-image-preview:large, max-video-preview:-1\" \/>\n<meta property=\"og:locale\" content=\"pl_PL\" \/>\n<meta property=\"og:type\" content=\"article\" \/>\n<meta property=\"og:title\" content=\"Buy Pain-O-Soma 500 mg Online \u2013 Fast &amp; Reliable Relief\" \/>\n<meta property=\"og:description\" content=\"Buy Pain-O-Soma 500 mg online for fast muscle pain relief. No prescription needed, discreet global shipping. Order now for quick delivery!\" \/>\n<meta property=\"og:url\" content=\"https:\/\/rxmedsplus.com\/pl\/produkt\/pain-o-soma-500-mg\/\" \/>\n<meta property=\"og:site_name\" content=\"Rx Meds Plus\" \/>\n<meta property=\"article:modified_time\" content=\"2026-05-11T00:28:06+00:00\" \/>\n<meta property=\"og:image\" content=\"https:\/\/rxmedsplus.com\/wp-content\/uploads\/2026\/05\/134424-12-1.jpg\" \/>\n\t<meta property=\"og:image:width\" content=\"500\" \/>\n\t<meta property=\"og:image:height\" content=\"500\" \/>\n\t<meta property=\"og:image:type\" content=\"image\/jpeg\" \/>\n<meta name=\"twitter:card\" content=\"summary_large_image\" \/>\n<meta name=\"twitter:label1\" content=\"Dost\u0119pno\u015b\u0107\" \/>\n\t<meta name=\"twitter:data1\" content=\"Dost\u0119pny\" \/>\n<script type=\"application\/ld+json\" class=\"yoast-schema-graph\">{\"@context\":\"https:\\\/\\\/schema.org\",\"@graph\":[{\"@type\":\"WebPage\",\"@id\":\"https:\\\/\\\/rxmedsplus.com\\\/product\\\/pain-o-soma-500-mg\\\/\",\"url\":\"https:\\\/\\\/rxmedsplus.com\\\/product\\\/pain-o-soma-500-mg\\\/\",\"name\":\"Buy Pain-O-Soma 500 mg Online \u2013 Fast & Reliable Relief &#187; Rx Meds Plus\",\"isPartOf\":{\"@id\":\"https:\\\/\\\/rxmedsplus.com\\\/#website\"},\"primaryImageOfPage\":{\"@id\":\"https:\\\/\\\/rxmedsplus.com\\\/product\\\/pain-o-soma-500-mg\\\/#primaryimage\"},\"image\":{\"@id\":\"https:\\\/\\\/rxmedsplus.com\\\/product\\\/pain-o-soma-500-mg\\\/#primaryimage\"},\"thumbnailUrl\":\"https:\\\/\\\/rxmedsplus.com\\\/wp-content\\\/uploads\\\/2026\\\/05\\\/134424-12-1.jpg\",\"datePublished\":\"2026-05-03T23:30:25+00:00\",\"dateModified\":\"2026-05-11T00:28:06+00:00\",\"description\":\"Buy Pain-O-Soma 500 mg online for fast muscle pain relief. No prescription needed, discreet global shipping. Order now for quick delivery!\",\"breadcrumb\":{\"@id\":\"https:\\\/\\\/rxmedsplus.com\\\/product\\\/pain-o-soma-500-mg\\\/#breadcrumb\"},\"inLanguage\":\"pl-PL\",\"potentialAction\":[{\"@type\":\"ReadAction\",\"target\":[\"https:\\\/\\\/rxmedsplus.com\\\/product\\\/pain-o-soma-500-mg\\\/\"]}]},{\"@type\":\"ImageObject\",\"inLanguage\":\"pl-PL\",\"@id\":\"https:\\\/\\\/rxmedsplus.com\\\/product\\\/pain-o-soma-500-mg\\\/#primaryimage\",\"url\":\"https:\\\/\\\/rxmedsplus.com\\\/wp-content\\\/uploads\\\/2026\\\/05\\\/134424-12-1.jpg\",\"contentUrl\":\"https:\\\/\\\/rxmedsplus.com\\\/wp-content\\\/uploads\\\/2026\\\/05\\\/134424-12-1.jpg\",\"width\":500,\"height\":500},{\"@type\":\"BreadcrumbList\",\"@id\":\"https:\\\/\\\/rxmedsplus.com\\\/product\\\/pain-o-soma-500-mg\\\/#breadcrumb\",\"itemListElement\":[{\"@type\":\"ListItem\",\"position\":1,\"name\":\"Home\",\"item\":\"https:\\\/\\\/rxmedsplus.com\\\/\"},{\"@type\":\"ListItem\",\"position\":2,\"name\":\"Shop\",\"item\":\"https:\\\/\\\/rxmedsplus.com\\\/shop\\\/\"},{\"@type\":\"ListItem\",\"position\":3,\"name\":\"Buy Pain-O-Soma 500 mg Online \u2013 Fast &#038; Reliable Relief\"}]},{\"@type\":\"WebSite\",\"@id\":\"https:\\\/\\\/rxmedsplus.com\\\/#website\",\"url\":\"https:\\\/\\\/rxmedsplus.com\\\/\",\"name\":\"Rx Meds Plus\",\"description\":\"Buy Prescription Meds and Pills Online with Fast Delivery\",\"potentialAction\":[{\"@type\":\"SearchAction\",\"target\":{\"@type\":\"EntryPoint\",\"urlTemplate\":\"https:\\\/\\\/rxmedsplus.com\\\/?s={search_term_string}\"},\"query-input\":{\"@type\":\"PropertyValueSpecification\",\"valueRequired\":true,\"valueName\":\"search_term_string\"}}],\"inLanguage\":\"pl-PL\"}]}<\/script>\n<meta property=\"og:availability\" content=\"instock\" \/>\n<meta property=\"product:availability\" content=\"instock\" \/>\n<meta property=\"product:retailer_item_id\" content=\"134424\" \/>\n<meta property=\"product:condition\" content=\"new\" \/>\n<!-- \/ Yoast SEO Premium plugin. -->","yoast_head_json":{"title":"Kup Pain-O-Soma 500 mg online \u2013 szybka i niezawodna ulga i leki na recept\u0119 Plus","description":"Kup Pain-O-Soma 500 mg online, aby szybko z\u0142agodzi\u0107 b\u00f3l mi\u0119\u015bni. Recepta nie jest wymagana, dyskretna wysy\u0142ka na ca\u0142y \u015bwiat. Zam\u00f3w teraz, aby otrzyma\u0107 szybk\u0105 dostaw\u0119!","robots":{"index":"noindex","follow":"follow","max-snippet":"max-snippet:-1","max-image-preview":"max-image-preview:large","max-video-preview":"max-video-preview:-1"},"og_locale":"pl_PL","og_type":"article","og_title":"Buy Pain-O-Soma 500 mg Online \u2013 Fast & Reliable Relief","og_description":"Buy Pain-O-Soma 500 mg online for fast muscle pain relief. No prescription needed, discreet global shipping. Order now for quick delivery!","og_url":"https:\/\/rxmedsplus.com\/pl\/produkt\/pain-o-soma-500-mg\/","og_site_name":"Rx Meds Plus","article_modified_time":"2026-05-11T00:28:06+00:00","og_image":[{"width":500,"height":500,"url":"https:\/\/rxmedsplus.com\/wp-content\/uploads\/2026\/05\/134424-12-1.jpg","type":"image\/jpeg"}],"twitter_card":"summary_large_image","twitter_misc":{"Dost\u0119pno\u015b\u0107":"Dost\u0119pny"},"schema":{"@context":"https:\/\/schema.org","@graph":[{"@type":"WebPage","@id":"https:\/\/rxmedsplus.com\/product\/pain-o-soma-500-mg\/","url":"https:\/\/rxmedsplus.com\/product\/pain-o-soma-500-mg\/","name":"Kup Pain-O-Soma 500 mg online \u2013 szybka i niezawodna ulga i leki na recept\u0119 Plus","isPartOf":{"@id":"https:\/\/rxmedsplus.com\/#website"},"primaryImageOfPage":{"@id":"https:\/\/rxmedsplus.com\/product\/pain-o-soma-500-mg\/#primaryimage"},"image":{"@id":"https:\/\/rxmedsplus.com\/product\/pain-o-soma-500-mg\/#primaryimage"},"thumbnailUrl":"https:\/\/rxmedsplus.com\/wp-content\/uploads\/2026\/05\/134424-12-1.jpg","datePublished":"2026-05-03T23:30:25+00:00","dateModified":"2026-05-11T00:28:06+00:00","description":"Kup Pain-O-Soma 500 mg online, aby szybko z\u0142agodzi\u0107 b\u00f3l mi\u0119\u015bni. Recepta nie jest wymagana, dyskretna wysy\u0142ka na ca\u0142y \u015bwiat. Zam\u00f3w teraz, aby otrzyma\u0107 szybk\u0105 dostaw\u0119!","breadcrumb":{"@id":"https:\/\/rxmedsplus.com\/product\/pain-o-soma-500-mg\/#breadcrumb"},"inLanguage":"pl-PL","potentialAction":[{"@type":"ReadAction","target":["https:\/\/rxmedsplus.com\/product\/pain-o-soma-500-mg\/"]}]},{"@type":"ImageObject","inLanguage":"pl-PL","@id":"https:\/\/rxmedsplus.com\/product\/pain-o-soma-500-mg\/#primaryimage","url":"https:\/\/rxmedsplus.com\/wp-content\/uploads\/2026\/05\/134424-12-1.jpg","contentUrl":"https:\/\/rxmedsplus.com\/wp-content\/uploads\/2026\/05\/134424-12-1.jpg","width":500,"height":500},{"@type":"BreadcrumbList","@id":"https:\/\/rxmedsplus.com\/product\/pain-o-soma-500-mg\/#breadcrumb","itemListElement":[{"@type":"ListItem","position":1,"name":"Home","item":"https:\/\/rxmedsplus.com\/"},{"@type":"ListItem","position":2,"name":"Shop","item":"https:\/\/rxmedsplus.com\/shop\/"},{"@type":"ListItem","position":3,"name":"Buy Pain-O-Soma 500 mg Online \u2013 Fast &#038; Reliable Relief"}]},{"@type":"WebSite","@id":"https:\/\/rxmedsplus.com\/#website","url":"https:\/\/rxmedsplus.com\/","name":"Leki na recept\u0119 Plus","description":"Kupuj leki i tabletki na recept\u0119 online z szybk\u0105 dostaw\u0105","potentialAction":[{"@type":"SearchAction","target":{"@type":"EntryPoint","urlTemplate":"https:\/\/rxmedsplus.com\/?s={search_term_string}"},"query-input":{"@type":"PropertyValueSpecification","valueRequired":true,"valueName":"search_term_string"}}],"inLanguage":"pl-PL"}]},"og_availability":"instock","product_availability":"instock","product_retailer_item_id":"134424","product_condition":"new"},"_links":{"self":[{"href":"https:\/\/rxmedsplus.com\/pl\/wp-json\/wp\/v2\/product\/4311","targetHints":{"allow":["GET"]}}],"collection":[{"href":"https:\/\/rxmedsplus.com\/pl\/wp-json\/wp\/v2\/product"}],"about":[{"href":"https:\/\/rxmedsplus.com\/pl\/wp-json\/wp\/v2\/types\/product"}],"replies":[{"embeddable":true,"href":"https:\/\/rxmedsplus.com\/pl\/wp-json\/wp\/v2\/comments?post=4311"}],"wp:featuredmedia":[{"embeddable":true,"href":"https:\/\/rxmedsplus.com\/pl\/wp-json\/wp\/v2\/media\/4348"}],"wp:attachment":[{"href":"https:\/\/rxmedsplus.com\/pl\/wp-json\/wp\/v2\/media?parent=4311"}],"wp:term":[{"taxonomy":"product_brand","embeddable":true,"href":"https:\/\/rxmedsplus.com\/pl\/wp-json\/wp\/v2\/product_brand?post=4311"},{"taxonomy":"product_cat","embeddable":true,"href":"https:\/\/rxmedsplus.com\/pl\/wp-json\/wp\/v2\/product_cat?post=4311"},{"taxonomy":"product_tag","embeddable":true,"href":"https:\/\/rxmedsplus.com\/pl\/wp-json\/wp\/v2\/product_tag?post=4311"}],"curies":[{"name":"wp","href":"https:\/\/api.w.org\/{rel}","templated":true}]}}