{"id":4340,"date":"2026-05-03T23:30:48","date_gmt":"2026-05-03T23:30:48","guid":{"rendered":"https:\/\/rxmedsplus.com\/"},"modified":"2026-05-11T00:06:26","modified_gmt":"2026-05-11T00:06:26","slug":"buy-clonazepam-2mg-online","status":"publish","type":"product","link":"https:\/\/rxmedsplus.com\/pl\/product\/buy-clonazepam-2mg-online\/","title":{"rendered":"Kup oryginalny Clonazepam 2 mg online szybko"},"content":{"rendered":"<p><strong>Kup oryginalny Clonazepam 2 mg online szybko \u2013 zaufana i dyskretna wysy\u0142ka<\/strong>  <\/p>\n<p>Szukasz wiarygodnego \u017ar\u00f3d\u0142a <strong>kup oryginalny Clonazepam 2 mg online szybko<\/strong>? Trafi\u0142e\u015b we w\u0142a\u015bciwe miejsce. Oferujemy produkty najwy\u017cszej jako\u015bci. <strong>Tabletki klonazepamu 2 mg<\/strong> W konkurencyjnych cenach, z szybk\u0105 i dyskretn\u0105 wysy\u0142k\u0105 do USA, Kanady, UE, Wielkiej Brytanii, Australii i na ca\u0142y \u015bwiat. Jako zaufany sprzedawca internetowy, gwarantujemy autentyczno\u015b\u0107, bezpiecze\u0144stwo i poufno\u015b\u0107 ka\u017cdego zam\u00f3wienia.  <\/p>\n<h3><strong>Czym jest Clonazepam 2 mg?<\/strong>  <\/h3>\n<p>Klonazepam, silna benzodiazepina, jest powszechnie przepisywany w leczeniu zaburze\u0144 l\u0119kowych, atak\u00f3w paniki i niekt\u00f3rych stan\u00f3w padaczkowych. <strong>dawka 2 mg<\/strong> jest lekiem o standardowej mocy, znanym ze swojej skuteczno\u015bci w \u0142agodzeniu objaw\u00f3w, przy jednoczesnym zachowaniu zr\u00f3wnowa\u017conego efektu.  <\/p>\n<p>Nasz <strong>oryginalne tabletki Clonazepam 2 mg<\/strong> Pochodz\u0105 od renomowanych producent\u00f3w farmaceutycznych, co gwarantuje wysok\u0105 skuteczno\u015b\u0107 i sp\u00f3jno\u015b\u0107 dzia\u0142ania. Ka\u017cda tabletka jest precyzyjnie dozowana, aby zapewni\u0107 zamierzone efekty terapeutyczne w bezpieczny spos\u00f3b.  <\/p>\n<h3><strong>G\u0142\u00f3wne korzy\u015bci stosowania klonazepamu 2 mg<\/strong>  <\/h3>\n<p>\u2013 <strong>Skuteczne \u0142agodzenie l\u0119ku<\/strong> \u2013 Pomaga zmniejszy\u0107 nadmiern\u0105 nerwowo\u015b\u0107 i napady paniki.<br \/>\n\u2013 <strong>Kontrola napad\u00f3w<\/strong> \u2013 Stosowany w leczeniu padaczki i innych zaburze\u0144 napadowych.<br \/>\n\u2013 <strong>Rozlu\u017anienie mi\u0119\u015bni<\/strong> \u2013 \u0141agodzi skurcze i napi\u0119cie mi\u0119\u015bni.<br \/>\n\u2013 <strong>Efekty uspokajaj\u0105ce<\/strong> \u2013 Wspomaga spok\u00f3j i poprawia sen w przypadku bezsenno\u015bci.  <\/p>\n<h3><strong>Zalecana dawka i spos\u00f3b u\u017cycia<\/strong>  <\/h3>\n<p>Standard <strong>Dawkowanie klonazepamu 2 mg<\/strong> R\u00f3\u017cni si\u0119 w zale\u017cno\u015bci od indywidualnych potrzeb i stanu zdrowia. W przypadku zaburze\u0144 l\u0119kowych i napad\u00f3w paniki lekarze cz\u0119sto zalecaj\u0105 rozpocz\u0119cie od mniejszej dawki (od 0,25 mg do 0,5 mg) i stopniowe jej zwi\u0119kszanie. <strong>2 mg dziennie<\/strong> w razie potrzeby.  <\/p>\n<p>W przypadku kontroli napad\u00f3w drgawkowych, dawkowanie mo\u017ce by\u0107 dostosowywane w zale\u017cno\u015bci od reakcji. Zawsze nale\u017cy przestrzega\u0107 zalece\u0144 lekarza lub instrukcji dotycz\u0105cych stosowania produktu, aby unikn\u0105\u0107 niew\u0142a\u015bciwego stosowania. Przyj\u0119cie wi\u0119kszej dawki ni\u017c zalecana mo\u017ce prowadzi\u0107 do uzale\u017cnienia lub wyst\u0105pienia dzia\u0142a\u0144 niepo\u017c\u0105danych.  <\/p>\n<h3><strong>Jak bezpiecznie kupi\u0107 klonazepam 2 mg online<\/strong>  <\/h3>\n<p>Kupuj\u0105c leki online, nale\u017cy zachowa\u0107 ostro\u017cno\u015b\u0107, aby unikn\u0105\u0107 podr\u00f3bek. Oto dlaczego klienci nam ufaj\u0105, kiedy\u2026 <strong>kup oryginalny Clonazepam 2 mg online szybko<\/strong>:  <\/p>\n<p>\u2013 <strong>Autentyczne leki<\/strong> \u2013 Dostarczamy wy\u0142\u0105cznie produkty zatwierdzone przez FDA lub r\u00f3wnowa\u017cne standardy mi\u0119dzynarodowe.<br \/>\n\u2013 <strong>Dyskretne opakowanie<\/strong> \u2013 Wszystkie zam\u00f3wienia wysy\u0142amy poufnie, bez \u017cadnych oznacze\u0144 identyfikacyjnych.<br \/>\n\u2013 <strong>Szybka dostawa<\/strong> \u2013 Dost\u0119pne s\u0105 opcje ekspresowej wysy\u0142ki do USA, Kanady, Wielkiej Brytanii, UE, Australii i na ca\u0142y \u015bwiat.<br \/>\n\u2013 <strong>Bezpieczna p\u0142atno\u015b\u0107<\/strong> \u2013 Wiele metod p\u0142atno\u015bci z szyfrowanymi transakcjami dla bezpiecze\u0144stwa.  <\/p>\n<h3><strong>Potencjalne skutki uboczne i \u015brodki ostro\u017cno\u015bci<\/strong>  <\/h3>\n<p>Chwila <strong>Klonazepam 2 mg<\/strong> Cho\u0107 jest skuteczny, mo\u017ce powodowa\u0107 dzia\u0142ania niepo\u017c\u0105dane, takie jak senno\u015b\u0107, zawroty g\u0142owy lub problemy z koordynacj\u0105 u niekt\u00f3rych u\u017cytkownik\u00f3w. D\u0142ugotrwa\u0142e stosowanie mo\u017ce prowadzi\u0107 do rozwoju tolerancji, dlatego najlepiej stosowa\u0107 go pod nadzorem lekarza.  <\/p>\n<p>Unikaj alkoholu i innych depresant\u00f3w o\u015brodkowego uk\u0142adu nerwowego podczas stosowania tego leku. Kobiety w ci\u0105\u017cy, osoby z chorobami w\u0105troby lub osoby z histori\u0105 nadu\u017cywania substancji psychoaktywnych powinny skonsultowa\u0107 si\u0119 z lekarzem przed zastosowaniem leku.  <\/p>\n<h3><strong>Dlaczego warto kupi\u0107 Klonazepam online w\u0142a\u015bnie u nas?<\/strong>  <\/h3>\n<p>Kiedy potrzebujesz <strong>kup oryginalny Clonazepam 2 mg online szybko<\/strong>Wyb\u00f3r renomowanego dostawcy jest kluczowy. Priorytetem jest dla nas:  <\/p>\n<p>\u2013 <strong>Zapewnienie jako\u015bci<\/strong> \u2013 Ka\u017cda partia jest testowana pod k\u0105tem czysto\u015bci i skuteczno\u015bci.<br \/>\n\u2013 <strong>Prywatno\u015b\u0107 klienta<\/strong> \u2013 Twoje dane s\u0105 chronione z zachowaniem \u015bcis\u0142ej poufno\u015bci.<br \/>\n\u2013 <strong>Wysy\u0142ka globalna<\/strong> \u2013 Niezawodna dostawa do wielu kraj\u00f3w bez op\u00f3\u017anie\u0144.<br \/>\n\u2013 <strong>Szybka reakcja wsparcia<\/strong> \u2013 Dost\u0119pna pomoc w \u015bledzeniu zam\u00f3wienia i odpowiadaniu na zapytania.  <\/p>\n<h3><strong>Zam\u00f3w ju\u017c teraz i ciesz si\u0119 szybk\u0105 i dyskretn\u0105 dostaw\u0105<\/strong>  <\/h3>\n<p>Nie pozw\u00f3l, aby l\u0119k lub napady padaczkowe zak\u0142\u00f3ci\u0142y Twoje \u017cycie. <strong>Kup oryginalny Clonazepam 2 mg online szybko<\/strong> Z zaufanego \u017ar\u00f3d\u0142a i poczuj ulg\u0119 z pewno\u015bci\u0105 siebie. Z\u0142\u00f3\u017c zam\u00f3wienie ju\u017c dzi\u015b i ciesz si\u0119 bezpieczn\u0105, bezproblemow\u0105 dostaw\u0105 prosto pod Twoje drzwi.  <\/p>\n<p>W przypadku zam\u00f3wie\u0144 hurtowych lub dodatkowych pyta\u0144 prosimy o kontakt z naszym zespo\u0142em wsparcia. Twoje zdrowie i zadowolenie s\u0105 dla nas najwa\u017cniejsze.<\/p>","protected":false},"excerpt":{"rendered":"<p>Szukasz zaufanego \u017ar\u00f3d\u0142a, aby kupi\u0107 Clonazepam 2 mg online? Rx Meds Plus oferuje oryginalne, wysokiej jako\u015bci leki na l\u0119k, zaburzenia paniki i napady padaczkowe. Ciesz si\u0119 szybk\u0105, dyskretn\u0105 dostaw\u0105, przyst\u0119pnymi cenami i bezproblemowym procesem zamawiania \u2013 bez kompromis\u00f3w w zakresie bezpiecze\u0144stwa i autentyczno\u015bci. Twoja prywatno\u015b\u0107 jest naszym priorytetem, a ka\u017cdy zakup jest obj\u0119ty gwarancj\u0105 niezawodno\u015bci. Ciesz si\u0119 ulg\u0105, na kt\u00f3r\u0105 zas\u0142ugujesz, z pe\u0142nym zaufaniem. Zam\u00f3w ju\u017c teraz!<\/p>","protected":false},"featured_media":4393,"comment_status":"open","ping_status":"closed","template":"","meta":{"site-sidebar-layout":"default","site-content-layout":"","ast-site-content-layout":"default","site-content-style":"default","site-sidebar-style":"default","ast-global-header-display":"","ast-banner-title-visibility":"","ast-main-header-display":"","ast-hfb-above-header-display":"","ast-hfb-below-header-display":"","ast-hfb-mobile-header-display":"","site-post-title":"","ast-breadcrumbs-content":"","ast-featured-img":"","footer-sml-layout":"","ast-disable-related-posts":"","theme-transparent-header-meta":"","adv-header-id-meta":"","stick-header-meta":"","header-above-stick-meta":"","header-main-stick-meta":"","header-below-stick-meta":"","astra-migrate-meta-layouts":"default","ast-page-background-enabled":"default","ast-page-background-meta":{"desktop":{"background-color":"","background-image":"","background-repeat":"repeat","background-position":"center center","background-size":"auto","background-attachment":"scroll","background-type":"","background-media":"","overlay-type":"","overlay-color":"","overlay-opacity":"","overlay-gradient":""},"tablet":{"background-color":"","background-image":"","background-repeat":"repeat","background-position":"center center","background-size":"auto","background-attachment":"scroll","background-type":"","background-media":"","overlay-type":"","overlay-color":"","overlay-opacity":"","overlay-gradient":""},"mobile":{"background-color":"","background-image":"","background-repeat":"repeat","background-position":"center center","background-size":"auto","background-attachment":"scroll","background-type":"","background-media":"","overlay-type":"","overlay-color":"","overlay-opacity":"","overlay-gradient":""}},"ast-content-background-meta":{"desktop":{"background-color":"var(--ast-global-color-5)","background-image":"","background-repeat":"repeat","background-position":"center center","background-size":"auto","background-attachment":"scroll","background-type":"","background-media":"","overlay-type":"","overlay-color":"","overlay-opacity":"","overlay-gradient":""},"tablet":{"background-color":"var(--ast-global-color-5)","background-image":"","background-repeat":"repeat","background-position":"center center","background-size":"auto","background-attachment":"scroll","background-type":"","background-media":"","overlay-type":"","overlay-color":"","overlay-opacity":"","overlay-gradient":""},"mobile":{"background-color":"var(--ast-global-color-5)","background-image":"","background-repeat":"repeat","background-position":"center center","background-size":"auto","background-attachment":"scroll","background-type":"","background-media":"","overlay-type":"","overlay-color":"","overlay-opacity":"","overlay-gradient":""}}},"product_brand":[],"product_cat":[1690],"product_tag":[127,1910,647,924,1904,1903,1909,1907,722,1906,1908,1905,583,1911,1912],"class_list":{"0":"post-4340","1":"product","2":"type-product","3":"status-publish","4":"has-post-thumbnail","6":"product_cat-benzos","7":"product_tag-anxiety-medication","8":"product_tag-best-place-to-buy-clonazepam","9":"product_tag-buy-benzodiazepines-online","10":"product_tag-buy-clonazepam-online","11":"product_tag-buy-genuine-clonazepam","12":"product_tag-clonazepam-2-mg","13":"product_tag-clonazepam-dosage","14":"product_tag-clonazepam-for-seizures","15":"product_tag-discreet-medication-delivery","16":"product_tag-fast-shipping-clonazepam","17":"product_tag-genuine-clonazepam-tablets","18":"product_tag-klonopin-online","19":"product_tag-panic-disorder-treatment","20":"product_tag-prescription-free-clonazepam","21":"product_tag-reliable-clonazepam-vendor","22":"desktop-align-left","23":"tablet-align-left","24":"mobile-align-left","25":"ast-product-gallery-layout-horizontal-slider","26":"ast-product-gallery-with-no-image","27":"ast-magnify-disabled","28":"ast-product-single-variable","29":"ast-product-tabs-layout-horizontal","31":"first","32":"instock","33":"shipping-taxable","34":"purchasable","35":"product-type-variable"},"yoast_head":"<!-- This site is optimized with the Yoast SEO Premium plugin v26.0 (Yoast SEO v27.6) - https:\/\/yoast.com\/product\/yoast-seo-premium-wordpress\/ -->\n<title>Buy Genuine Clonazepam 2 mg Online Fast &#187; Rx Meds Plus<\/title>\n<meta name=\"description\" content=\"Buy Clonazepam 2mg online from a trusted source for fast, discreet delivery. Authentic medication for anxiety and seizure relief. Order now for secure shipping worldwide.\" \/>\n<meta name=\"robots\" content=\"noindex, follow, max-snippet:-1, max-image-preview:large, max-video-preview:-1\" \/>\n<meta property=\"og:locale\" content=\"pl_PL\" \/>\n<meta property=\"og:type\" content=\"article\" \/>\n<meta property=\"og:title\" content=\"Buy Genuine Clonazepam 2 mg Online Fast\" \/>\n<meta property=\"og:description\" content=\"Buy Clonazepam 2mg online from a trusted source for fast, discreet delivery. Authentic medication for anxiety and seizure relief. Order now for secure shipping worldwide.\" \/>\n<meta property=\"og:url\" content=\"https:\/\/rxmedsplus.com\/pl\/produkt\/buy-clonazepam-2mg-online\/\" \/>\n<meta property=\"og:site_name\" content=\"Rx Meds Plus\" \/>\n<meta property=\"article:modified_time\" content=\"2026-05-11T00:06:26+00:00\" \/>\n<meta property=\"og:image\" content=\"https:\/\/rxmedsplus.com\/wp-content\/uploads\/2026\/05\/134576-37-1.jpg\" \/>\n\t<meta property=\"og:image:width\" content=\"500\" \/>\n\t<meta property=\"og:image:height\" content=\"500\" \/>\n\t<meta property=\"og:image:type\" content=\"image\/jpeg\" \/>\n<meta name=\"twitter:card\" content=\"summary_large_image\" \/>\n<meta name=\"twitter:label1\" content=\"Dost\u0119pno\u015b\u0107\" \/>\n\t<meta name=\"twitter:data1\" content=\"Dost\u0119pny\" \/>\n<script type=\"application\/ld+json\" class=\"yoast-schema-graph\">{\"@context\":\"https:\\\/\\\/schema.org\",\"@graph\":[{\"@type\":\"WebPage\",\"@id\":\"https:\\\/\\\/rxmedsplus.com\\\/product\\\/buy-clonazepam-2mg-online\\\/\",\"url\":\"https:\\\/\\\/rxmedsplus.com\\\/product\\\/buy-clonazepam-2mg-online\\\/\",\"name\":\"Buy Genuine Clonazepam 2 mg Online Fast &#187; Rx Meds Plus\",\"isPartOf\":{\"@id\":\"https:\\\/\\\/rxmedsplus.com\\\/#website\"},\"primaryImageOfPage\":{\"@id\":\"https:\\\/\\\/rxmedsplus.com\\\/product\\\/buy-clonazepam-2mg-online\\\/#primaryimage\"},\"image\":{\"@id\":\"https:\\\/\\\/rxmedsplus.com\\\/product\\\/buy-clonazepam-2mg-online\\\/#primaryimage\"},\"thumbnailUrl\":\"https:\\\/\\\/rxmedsplus.com\\\/wp-content\\\/uploads\\\/2026\\\/05\\\/134576-37-1.jpg\",\"datePublished\":\"2026-05-03T23:30:48+00:00\",\"dateModified\":\"2026-05-11T00:06:26+00:00\",\"description\":\"Buy Clonazepam 2mg online from a trusted source for fast, discreet delivery. Authentic medication for anxiety and seizure relief. Order now for secure shipping worldwide.\",\"breadcrumb\":{\"@id\":\"https:\\\/\\\/rxmedsplus.com\\\/product\\\/buy-clonazepam-2mg-online\\\/#breadcrumb\"},\"inLanguage\":\"pl-PL\",\"potentialAction\":[{\"@type\":\"ReadAction\",\"target\":[\"https:\\\/\\\/rxmedsplus.com\\\/product\\\/buy-clonazepam-2mg-online\\\/\"]}]},{\"@type\":\"ImageObject\",\"inLanguage\":\"pl-PL\",\"@id\":\"https:\\\/\\\/rxmedsplus.com\\\/product\\\/buy-clonazepam-2mg-online\\\/#primaryimage\",\"url\":\"https:\\\/\\\/rxmedsplus.com\\\/wp-content\\\/uploads\\\/2026\\\/05\\\/134576-37-1.jpg\",\"contentUrl\":\"https:\\\/\\\/rxmedsplus.com\\\/wp-content\\\/uploads\\\/2026\\\/05\\\/134576-37-1.jpg\",\"width\":500,\"height\":500},{\"@type\":\"BreadcrumbList\",\"@id\":\"https:\\\/\\\/rxmedsplus.com\\\/product\\\/buy-clonazepam-2mg-online\\\/#breadcrumb\",\"itemListElement\":[{\"@type\":\"ListItem\",\"position\":1,\"name\":\"Home\",\"item\":\"https:\\\/\\\/rxmedsplus.com\\\/\"},{\"@type\":\"ListItem\",\"position\":2,\"name\":\"Shop\",\"item\":\"https:\\\/\\\/rxmedsplus.com\\\/shop\\\/\"},{\"@type\":\"ListItem\",\"position\":3,\"name\":\"Buy Genuine Clonazepam 2 mg Online Fast\"}]},{\"@type\":\"WebSite\",\"@id\":\"https:\\\/\\\/rxmedsplus.com\\\/#website\",\"url\":\"https:\\\/\\\/rxmedsplus.com\\\/\",\"name\":\"Rx Meds Plus\",\"description\":\"Buy Prescription Meds and Pills Online with Fast Delivery\",\"potentialAction\":[{\"@type\":\"SearchAction\",\"target\":{\"@type\":\"EntryPoint\",\"urlTemplate\":\"https:\\\/\\\/rxmedsplus.com\\\/?s={search_term_string}\"},\"query-input\":{\"@type\":\"PropertyValueSpecification\",\"valueRequired\":true,\"valueName\":\"search_term_string\"}}],\"inLanguage\":\"pl-PL\"}]}<\/script>\n<meta property=\"og:availability\" content=\"instock\" \/>\n<meta property=\"product:availability\" content=\"instock\" \/>\n<meta property=\"product:retailer_item_id\" content=\"134576\" \/>\n<meta property=\"product:condition\" content=\"new\" \/>\n<!-- \/ Yoast SEO Premium plugin. -->","yoast_head_json":{"title":"Kup oryginalny Clonazepam 2 mg online szybko i na recept\u0119 Meds Plus","description":"Kup Clonazepam 2 mg online z zaufanego \u017ar\u00f3d\u0142a, aby otrzyma\u0107 szybk\u0105 i dyskretn\u0105 dostaw\u0119. Autentyczny lek na l\u0119k i napady padaczkowe. Zam\u00f3w teraz, aby skorzysta\u0107 z bezpiecznej wysy\u0142ki na ca\u0142y \u015bwiat.","robots":{"index":"noindex","follow":"follow","max-snippet":"max-snippet:-1","max-image-preview":"max-image-preview:large","max-video-preview":"max-video-preview:-1"},"og_locale":"pl_PL","og_type":"article","og_title":"Buy Genuine Clonazepam 2 mg Online Fast","og_description":"Buy Clonazepam 2mg online from a trusted source for fast, discreet delivery. Authentic medication for anxiety and seizure relief. Order now for secure shipping worldwide.","og_url":"https:\/\/rxmedsplus.com\/pl\/produkt\/buy-clonazepam-2mg-online\/","og_site_name":"Rx Meds Plus","article_modified_time":"2026-05-11T00:06:26+00:00","og_image":[{"width":500,"height":500,"url":"https:\/\/rxmedsplus.com\/wp-content\/uploads\/2026\/05\/134576-37-1.jpg","type":"image\/jpeg"}],"twitter_card":"summary_large_image","twitter_misc":{"Dost\u0119pno\u015b\u0107":"Dost\u0119pny"},"schema":{"@context":"https:\/\/schema.org","@graph":[{"@type":"WebPage","@id":"https:\/\/rxmedsplus.com\/product\/buy-clonazepam-2mg-online\/","url":"https:\/\/rxmedsplus.com\/product\/buy-clonazepam-2mg-online\/","name":"Kup oryginalny Clonazepam 2 mg online szybko i na recept\u0119 Meds Plus","isPartOf":{"@id":"https:\/\/rxmedsplus.com\/#website"},"primaryImageOfPage":{"@id":"https:\/\/rxmedsplus.com\/product\/buy-clonazepam-2mg-online\/#primaryimage"},"image":{"@id":"https:\/\/rxmedsplus.com\/product\/buy-clonazepam-2mg-online\/#primaryimage"},"thumbnailUrl":"https:\/\/rxmedsplus.com\/wp-content\/uploads\/2026\/05\/134576-37-1.jpg","datePublished":"2026-05-03T23:30:48+00:00","dateModified":"2026-05-11T00:06:26+00:00","description":"Kup Clonazepam 2 mg online z zaufanego \u017ar\u00f3d\u0142a, aby otrzyma\u0107 szybk\u0105 i dyskretn\u0105 dostaw\u0119. Autentyczny lek na l\u0119k i napady padaczkowe. Zam\u00f3w teraz, aby skorzysta\u0107 z bezpiecznej wysy\u0142ki na ca\u0142y \u015bwiat.","breadcrumb":{"@id":"https:\/\/rxmedsplus.com\/product\/buy-clonazepam-2mg-online\/#breadcrumb"},"inLanguage":"pl-PL","potentialAction":[{"@type":"ReadAction","target":["https:\/\/rxmedsplus.com\/product\/buy-clonazepam-2mg-online\/"]}]},{"@type":"ImageObject","inLanguage":"pl-PL","@id":"https:\/\/rxmedsplus.com\/product\/buy-clonazepam-2mg-online\/#primaryimage","url":"https:\/\/rxmedsplus.com\/wp-content\/uploads\/2026\/05\/134576-37-1.jpg","contentUrl":"https:\/\/rxmedsplus.com\/wp-content\/uploads\/2026\/05\/134576-37-1.jpg","width":500,"height":500},{"@type":"BreadcrumbList","@id":"https:\/\/rxmedsplus.com\/product\/buy-clonazepam-2mg-online\/#breadcrumb","itemListElement":[{"@type":"ListItem","position":1,"name":"Home","item":"https:\/\/rxmedsplus.com\/"},{"@type":"ListItem","position":2,"name":"Shop","item":"https:\/\/rxmedsplus.com\/shop\/"},{"@type":"ListItem","position":3,"name":"Buy Genuine Clonazepam 2 mg Online Fast"}]},{"@type":"WebSite","@id":"https:\/\/rxmedsplus.com\/#website","url":"https:\/\/rxmedsplus.com\/","name":"Leki na recept\u0119 Plus","description":"Kupuj leki i tabletki na recept\u0119 online z szybk\u0105 dostaw\u0105","potentialAction":[{"@type":"SearchAction","target":{"@type":"EntryPoint","urlTemplate":"https:\/\/rxmedsplus.com\/?s={search_term_string}"},"query-input":{"@type":"PropertyValueSpecification","valueRequired":true,"valueName":"search_term_string"}}],"inLanguage":"pl-PL"}]},"og_availability":"instock","product_availability":"instock","product_retailer_item_id":"134576","product_condition":"new"},"_links":{"self":[{"href":"https:\/\/rxmedsplus.com\/pl\/wp-json\/wp\/v2\/product\/4340","targetHints":{"allow":["GET"]}}],"collection":[{"href":"https:\/\/rxmedsplus.com\/pl\/wp-json\/wp\/v2\/product"}],"about":[{"href":"https:\/\/rxmedsplus.com\/pl\/wp-json\/wp\/v2\/types\/product"}],"replies":[{"embeddable":true,"href":"https:\/\/rxmedsplus.com\/pl\/wp-json\/wp\/v2\/comments?post=4340"}],"wp:featuredmedia":[{"embeddable":true,"href":"https:\/\/rxmedsplus.com\/pl\/wp-json\/wp\/v2\/media\/4393"}],"wp:attachment":[{"href":"https:\/\/rxmedsplus.com\/pl\/wp-json\/wp\/v2\/media?parent=4340"}],"wp:term":[{"taxonomy":"product_brand","embeddable":true,"href":"https:\/\/rxmedsplus.com\/pl\/wp-json\/wp\/v2\/product_brand?post=4340"},{"taxonomy":"product_cat","embeddable":true,"href":"https:\/\/rxmedsplus.com\/pl\/wp-json\/wp\/v2\/product_cat?post=4340"},{"taxonomy":"product_tag","embeddable":true,"href":"https:\/\/rxmedsplus.com\/pl\/wp-json\/wp\/v2\/product_tag?post=4340"}],"curies":[{"name":"wp","href":"https:\/\/api.w.org\/{rel}","templated":true}]}}