{"id":2124,"date":"2024-10-24T13:29:56","date_gmt":"2024-10-24T13:29:56","guid":{"rendered":"https:\/\/rxmedsplus.com\/?page_id=2124"},"modified":"2025-09-23T10:42:59","modified_gmt":"2025-09-23T10:42:59","slug":"shipping-and-delivery-policy","status":"publish","type":"page","link":"https:\/\/rxmedsplus.com\/pt\/shipping-and-delivery-policy\/","title":{"rendered":"Envio e a Pol\u00edtica de Entrega"},"content":{"rendered":"<div data-elementor-type=\"wp-page\" data-elementor-id=\"2124\" class=\"elementor elementor-2124\">\n\t\t\t\t<div class=\"elementor-element elementor-element-9ae4be0 e-flex e-con-boxed e-con e-parent\" data-id=\"9ae4be0\" data-element_type=\"container\" data-e-type=\"container\">\n\t\t\t\t\t<div class=\"e-con-inner\">\n\t\t<div class=\"elementor-element elementor-element-1e52ba6 e-con-full e-flex e-con e-child\" data-id=\"1e52ba6\" data-element_type=\"container\" data-e-type=\"container\">\n\t\t\t\t<div class=\"elementor-element elementor-element-cbe21a9 elementor-widget elementor-widget-heading\" data-id=\"cbe21a9\" data-element_type=\"widget\" data-e-type=\"widget\" data-widget_type=\"heading.default\">\n\t\t\t\t<div class=\"elementor-widget-container\">\n\t\t\t\t\t<h1 class=\"elementor-heading-title elementor-size-default\">Envio &amp; Entrega Pol\u00edtica De<\/h1>\t\t\t\t<\/div>\n\t\t\t\t<\/div>\n\t\t\t\t<\/div>\n\t\t\t\t\t<\/div>\n\t\t\t\t<\/div>\n\t\t<div class=\"elementor-element elementor-element-81bbcf9 e-flex e-con-boxed e-con e-parent\" data-id=\"81bbcf9\" data-element_type=\"container\" data-e-type=\"container\" data-settings=\"{&quot;background_background&quot;:&quot;classic&quot;}\">\n\t\t\t\t\t<div class=\"e-con-inner\">\n\t\t<div class=\"elementor-element elementor-element-feacb1e e-con-full e-flex e-con e-child\" data-id=\"feacb1e\" data-element_type=\"container\" data-e-type=\"container\">\n\t\t\t\t<div class=\"elementor-element elementor-element-9230e6e elementor-widget elementor-widget-text-editor\" data-id=\"9230e6e\" data-element_type=\"widget\" data-e-type=\"widget\" data-widget_type=\"text-editor.default\">\n\t\t\t\t<div class=\"elementor-widget-container\">\n\t\t\t\t\t\t\t\t\t<p>No <strong>Minha Metro De Rem\u00e9dios<\/strong>n\u00f3s entendemos a import\u00e2ncia de receber seus medicamentos de forma r\u00e1pida e discretamente. \u00c9 por isso que oferecemos <strong>r\u00e1pido<\/strong>, <strong>confian\u00e7a<\/strong>e <strong>seguro de envio<\/strong> op\u00e7\u00f5es para atender as necessidades de nossos clientes, tanto a n\u00edvel nacional e internacional. Por favor, leia a nossa <strong>Envio e a Pol\u00edtica de Entrega<\/strong> para compreender como o processo e entregar as suas encomendas.<\/p><h2>1. <strong>Op\u00e7\u00f5es de envio e prazos de Entrega<\/strong><\/h2><p>N\u00f3s somos cometidos a fornecer seguro e r\u00e1pido de entrega de todas as encomendas, se voc\u00ea estiver localizado na <strong>EUA<\/strong>, <strong>Canad\u00e1<\/strong>ou em qualquer lugar ao redor do mundo.<\/p><h3>1.1 <strong>Transporte interno (EUA e Canad\u00e1)<\/strong><\/h3><p>Para os clientes na <strong>Estados Unidos<\/strong> e <strong>Canad\u00e1<\/strong>oferecemos <strong>remessa no mesmo dia<\/strong> em todas as encomendas realizadas antes do nosso hor\u00e1rio de corte. Os tempos de entrega variar dependendo de sua localiza\u00e7\u00e3o:<\/p><ul><li><strong>Entrega No Mesmo Dia<\/strong>: Dispon\u00edvel para selecionar os locais. Pedidos colocados antes do hor\u00e1rio de corte ser\u00e3o entregues no mesmo dia.<\/li><li><strong>Entrega Standard<\/strong>: 1-2 dias \u00fateis, dependendo da sua localiza\u00e7\u00e3o.<\/li><li><strong>Frete Gr\u00e1tis<\/strong>: Dispon\u00edvel em pedidos acima de um determinado valor (valor especificado durante a compra).<\/li><\/ul><h3>1.2 <strong>Envio Internacional<\/strong><\/h3><p>Temos o orgulho de oferecer <strong>entrega em todo o mundo<\/strong> para <strong>Austr\u00e1lia<\/strong>, <strong>o reino UNIDO<\/strong>, <strong>Alemanha<\/strong>, <strong>Fran\u00e7a<\/strong>, <strong>Pa\u00edses da UE<\/strong>e mais. Os tempos de entrega para encomendas internacionais pode variar com base no processamento de alf\u00e2ndega e localiza\u00e7\u00e3o:<\/p><ul><li><strong>Padr\u00e3o Internacional De Transporte<\/strong>: 3-7 dias \u00fateis, dependendo do destino.<\/li><li><strong>Expedited Envio Internacional<\/strong>: 2-5 dias \u00fateis (onde dispon\u00edvel).<\/li><li><strong>Desembara\u00e7o Aduaneiro<\/strong>: Remessas internacionais podem estar sujeitos a inspec\u00e7\u00f5es alfandeg\u00e1rias, o que pode estender o tempo de entrega.<\/li><\/ul><h3>1.3 <strong>Envio De Corte Vezes<\/strong><\/h3><p>As encomendas efectuadas antes de <strong>12:00 PM PST (Pacific Standard Time)<\/strong> em dias \u00fateis ser\u00e3o processados no mesmo dia. Os pedidos realizados ap\u00f3s este hor\u00e1rio, ou aos fins de semana e feriados, ser\u00e3o processados no pr\u00f3ximo dia \u00fatil.<\/p><h2>2. <strong>Custos De Envio<\/strong><\/h2><p>Custos de envio s\u00e3o calculados com base no m\u00e9todo de envio seleccionado e do destino. O custo do envio ser\u00e1 exibida durante o processo de pagamento antes de concluir a sua encomenda.<\/p><ul><li><strong>Transporte Interno<\/strong> (EUA e Canad\u00e1): Pre\u00e7os a partir de uma taxa fixa, com frete gr\u00e1tis dispon\u00edvel para pedidos acima de um determinado valor.<\/li><li><strong>Envio Internacional<\/strong>: Taxas de envio s\u00e3o calculados com base no pa\u00eds de destino e o m\u00e9todo de envio escolhido. Taxas adicionais podem ser aplicadas para a entrega expressa.<\/li><\/ul><h2>3. <strong>Embalagem Discreta<\/strong><\/h2><p>A sua privacidade \u00e9 importante para n\u00f3s. Todos os pedidos s\u00e3o enviados em <strong>embalagem discreta<\/strong> para proteger a sua confidencialidade. N\u00e3o haver\u00e1 nenhuma men\u00e7\u00e3o de o conte\u00fado ou o nome da nossa farm\u00e1cia na parte de fora do pacote, assegurando a total discri\u00e7\u00e3o.<\/p><h2>4. <strong>Acompanhamento De Pedidos<\/strong><\/h2><p>Uma vez que seu pedido foi enviado, voc\u00ea receber\u00e1 um <strong>n\u00famero de rastreio<\/strong> via e-mail, permitindo que voc\u00ea monitore o seu envio em tempo real. Voc\u00ea pode acompanhar seu pedido diretamente em nosso site ou atrav\u00e9s de correio do servi\u00e7o de rastreamento.<\/p><ul><li><strong>Nacional De Acompanhamento<\/strong>: Atualiza\u00e7\u00f5es em tempo Real para ordens dentro dos EUA e Canad\u00e1.<\/li><li><strong>Internacional De Acompanhamento<\/strong>: Atualiza\u00e7\u00f5es em tempo Real para envios internacionais. Por favor, note que o acompanhamento pode variar consoante a operadora e regulamentos aduaneiros do seu pa\u00eds de destino.<\/li><\/ul><h2>5. <strong>Direitos e Deveres alfandeg\u00e1rios (Para Encomendas Internacionais)<\/strong><\/h2><p>Remessas internacionais podem estar sujeitos a <strong>inspec\u00e7\u00f5es alfandeg\u00e1rias<\/strong>o que poderia resultar em atrasos. Voc\u00ea, como comprador, s\u00e3o respons\u00e1veis por quaisquer direitos aduaneiros, impostos ou taxas adicionais impostas pelo seu pa\u00eds e est\u00e2ncia aduaneira. Por favor, garantir que voc\u00ea est\u00e1 familiarizado com o seu pa\u00eds e regulamentos de importa\u00e7\u00e3o de medicamentos.<\/p><p><strong>Nota:<\/strong> Minha Metro de Rem\u00e9dios n\u00e3o \u00e9 respons\u00e1vel por quaisquer quest\u00f5es aduaneiras ou atrasos causados pelo desembara\u00e7o de processos.<\/p><h2>6. <strong>Perdidos ou Atrasados Pacotes<\/strong><\/h2><p>Enquanto n\u00f3s fazemos todo o poss\u00edvel para assegurar a entrega pontual, ocasionalmente, os pacotes podem ser atrasados ou perdidos durante o transporte. Se voc\u00ea acredita que o seu pedido tenha sido perdido ou est\u00e1 atrasada, por favor contacte o nosso <strong>equipe de apoio ao cliente<\/strong> logo que poss\u00edvel.<\/p><ul><li><strong>Pacotes Perdidos<\/strong>: Se o seu pacote \u00e9 confirmado perdido, vamos oferecer um <strong>substitui\u00e7\u00e3o<\/strong> ou <strong>reembolso total<\/strong> como parte de nosso <strong>100% de garantia de entrega<\/strong>.<\/li><li><strong>Atraso De Pacotes<\/strong>: Atrasos podem ocorrer devido a raz\u00f5es al\u00e9m de nosso controle, tais como o desembara\u00e7o aduaneiro ou courier problemas. Vamos trabalhar com voc\u00ea para acompanhar o pacote e garantir que ele chegue o mais r\u00e1pido poss\u00edvel.<\/li><\/ul><h2>7. <strong>Problemas De Entrega<\/strong><\/h2><p>Se o seu pacote chegue danificado ou com itens incorretos, entre em contato conosco dentro <strong>48 horas<\/strong> receber a sua encomenda. Vamos investigar o problema e, se necess\u00e1rio, oferecemos uma substitui\u00e7\u00e3o ou reembolso.<\/p><ul><li><strong>Pacotes Danificada<\/strong>: Se o pacote estiver danificado durante o transporte, por favor, forne\u00e7a fotos do dano, e n\u00f3s trabalharemos com voc\u00ea para resolver o problema imediatamente.<\/li><li><strong>Incorretos<\/strong>: Se voc\u00ea receber o produto errado, entre em contato conosco imediatamente, e vamos providenciar uma substitui\u00e7\u00e3o ou reembolso.<\/li><\/ul><h2>8. <strong>Pacotes N\u00e3o Entregues<\/strong><\/h2><p>Se a sua encomenda for devolvida para n\u00f3s devido a uma <strong>endere\u00e7o incorreto<\/strong> ou porque era <strong>n\u00e3o reclamados<\/strong>entraremos em contato para providenciar o reenvio. Quaisquer despesas de envio adicionais incorridos para re-prazo de entrega ser\u00e1 de responsabilidade do cliente.<\/p><h2>9. <strong>Como Contatar-Nos<\/strong><\/h2><p>Se voc\u00ea tiver d\u00favidas ou preocupa\u00e7\u00f5es em rela\u00e7\u00e3o \u00e0 sua expedi\u00e7\u00e3o ou precisar de ajuda com o acompanhamento de seu pedido, entre em contato com nosso <strong>equipe de apoio ao cliente<\/strong>:<\/p><ul><li><strong>E-mail<\/strong>: <a href=\"mailto:sales@rxmedsplus.com\">sales@rxmedsplus.com<\/a><\/li><li><strong>Chat Ao Vivo<\/strong><\/li><\/ul><p>Estamos empenhados em garantir que sua experi\u00eancia de compra com <strong>Minha Metro De Rem\u00e9dios<\/strong> \u00e9 f\u00e1cil, eficiente e satisfat\u00f3ria. Obrigado por nos escolher como sua fonte confi\u00e1vel para acess\u00edveis sem necessidade de prescri\u00e7\u00e3o m\u00e9dica de medicamentos.<\/p><p>No <strong>Minha Metro De Rem\u00e9dios<\/strong>, pretendemos fornecer um r\u00e1pido e discreto envio a todos os nossos clientes, n\u00e3o importa onde eles est\u00e3o no mundo. A sua satisfa\u00e7\u00e3o \u00e9 a nossa prioridade, e n\u00f3s estamos aqui para ajudar a garantir que voc\u00ea receba os seus medicamentos de forma segura e no tempo.<\/p>\t\t\t\t\t\t\t\t<\/div>\n\t\t\t\t<\/div>\n\t\t\t\t<\/div>\n\t\t\t\t\t<\/div>\n\t\t\t\t<\/div>\n\t\t\t\t<\/div>","protected":false},"excerpt":{"rendered":"<p>Shipping &amp; Delivery Policy At Rx Meds Plus, we understand the importance of receiving your medications quickly and discreetly. That\u2019s why we offer fast, reliable, and secure shipping options to meet the needs of our customers, both domestically and internationally. Please read through our Shipping and Delivery Policy to understand how we process and deliver [&hellip;]<\/p>\n","protected":false},"author":1,"featured_media":0,"parent":0,"menu_order":0,"comment_status":"closed","ping_status":"closed","template":"","meta":{"site-sidebar-layout":"no-sidebar","site-content-layout":"page-builder","ast-site-content-layout":"full-width-container","site-content-style":"unboxed","site-sidebar-style":"unboxed","ast-global-header-display":"","ast-banner-title-visibility":"","ast-main-header-display":"","ast-hfb-above-header-display":"","ast-hfb-below-header-display":"","ast-hfb-mobile-header-display":"","site-post-title":"disabled","ast-breadcrumbs-content":"","ast-featured-img":"disabled","footer-sml-layout":"","ast-disable-related-posts":"","theme-transparent-header-meta":"default","adv-header-id-meta":"","stick-header-meta":"","header-above-stick-meta":"","header-main-stick-meta":"","header-below-stick-meta":"","astra-migrate-meta-layouts":"set","ast-page-background-enabled":"default","ast-page-background-meta":{"desktop":{"background-color":"","background-image":"","background-repeat":"repeat","background-position":"center center","background-size":"auto","background-attachment":"scroll","background-type":"","background-media":"","overlay-type":"","overlay-color":"","overlay-opacity":"","overlay-gradient":""},"tablet":{"background-color":"","background-image":"","background-repeat":"repeat","background-position":"center center","background-size":"auto","background-attachment":"scroll","background-type":"","background-media":"","overlay-type":"","overlay-color":"","overlay-opacity":"","overlay-gradient":""},"mobile":{"background-color":"","background-image":"","background-repeat":"repeat","background-position":"center center","background-size":"auto","background-attachment":"scroll","background-type":"","background-media":"","overlay-type":"","overlay-color":"","overlay-opacity":"","overlay-gradient":""}},"ast-content-background-meta":{"desktop":{"background-color":"var(--ast-global-color-5)","background-image":"","background-repeat":"repeat","background-position":"center center","background-size":"auto","background-attachment":"scroll","background-type":"","background-media":"","overlay-type":"","overlay-color":"","overlay-opacity":"","overlay-gradient":""},"tablet":{"background-color":"var(--ast-global-color-5)","background-image":"","background-repeat":"repeat","background-position":"center center","background-size":"auto","background-attachment":"scroll","background-type":"","background-media":"","overlay-type":"","overlay-color":"","overlay-opacity":"","overlay-gradient":""},"mobile":{"background-color":"var(--ast-global-color-5)","background-image":"","background-repeat":"repeat","background-position":"center center","background-size":"auto","background-attachment":"scroll","background-type":"","background-media":"","overlay-type":"","overlay-color":"","overlay-opacity":"","overlay-gradient":""}},"footnotes":""},"class_list":["post-2124","page","type-page","status-publish","hentry"],"yoast_head":"<!-- This site is optimized with the Yoast SEO Premium plugin v26.0 (Yoast SEO v27.4) - https:\/\/yoast.com\/product\/yoast-seo-premium-wordpress\/ -->\n<title>Shipping and Delivery Policy &#187; Rx Meds Plus<\/title>\n<meta name=\"robots\" content=\"noindex, follow\" \/>\n<meta property=\"og:locale\" content=\"pt_PT\" \/>\n<meta property=\"og:type\" content=\"article\" \/>\n<meta property=\"og:title\" content=\"Shipping and Delivery Policy\" \/>\n<meta property=\"og:description\" content=\"Shipping &amp; Delivery Policy At Rx Meds Plus, we understand the importance of receiving your medications quickly and discreetly. That\u2019s why we offer fast, reliable, and secure shipping options to meet the needs of our customers, both domestically and internationally. Please read through our Shipping and Delivery Policy to understand how we process and deliver [&hellip;]\" \/>\n<meta property=\"og:url\" content=\"https:\/\/rxmedsplus.com\/pt\/shipping-and-delivery-policy\/\" \/>\n<meta property=\"og:site_name\" content=\"Rx Meds Plus\" \/>\n<meta property=\"article:modified_time\" content=\"2025-09-23T10:42:59+00:00\" \/>\n<meta name=\"twitter:card\" content=\"summary_large_image\" \/>\n<meta name=\"twitter:label1\" content=\"Tempo estimado de leitura\" \/>\n\t<meta name=\"twitter:data1\" content=\"4 minutos\" \/>\n<script type=\"application\/ld+json\" class=\"yoast-schema-graph\">{\"@context\":\"https:\\\/\\\/schema.org\",\"@graph\":[{\"@type\":\"WebPage\",\"@id\":\"https:\\\/\\\/rxmedsplus.com\\\/shipping-and-delivery-policy\\\/\",\"url\":\"https:\\\/\\\/rxmedsplus.com\\\/shipping-and-delivery-policy\\\/\",\"name\":\"Shipping and Delivery Policy &#187; Rx Meds Plus\",\"isPartOf\":{\"@id\":\"https:\\\/\\\/rxmedsplus.com\\\/#website\"},\"datePublished\":\"2024-10-24T13:29:56+00:00\",\"dateModified\":\"2025-09-23T10:42:59+00:00\",\"breadcrumb\":{\"@id\":\"https:\\\/\\\/rxmedsplus.com\\\/shipping-and-delivery-policy\\\/#breadcrumb\"},\"inLanguage\":\"pt-PT\",\"potentialAction\":[{\"@type\":\"ReadAction\",\"target\":[\"https:\\\/\\\/rxmedsplus.com\\\/shipping-and-delivery-policy\\\/\"]}]},{\"@type\":\"BreadcrumbList\",\"@id\":\"https:\\\/\\\/rxmedsplus.com\\\/shipping-and-delivery-policy\\\/#breadcrumb\",\"itemListElement\":[{\"@type\":\"ListItem\",\"position\":1,\"name\":\"Home\",\"item\":\"https:\\\/\\\/rxmedsplus.com\\\/\"},{\"@type\":\"ListItem\",\"position\":2,\"name\":\"Shipping and Delivery Policy\"}]},{\"@type\":\"WebSite\",\"@id\":\"https:\\\/\\\/rxmedsplus.com\\\/#website\",\"url\":\"https:\\\/\\\/rxmedsplus.com\\\/\",\"name\":\"Rx Meds Plus\",\"description\":\"Buy Prescription Meds and Pills Online with Fast Delivery\",\"potentialAction\":[{\"@type\":\"SearchAction\",\"target\":{\"@type\":\"EntryPoint\",\"urlTemplate\":\"https:\\\/\\\/rxmedsplus.com\\\/?s={search_term_string}\"},\"query-input\":{\"@type\":\"PropertyValueSpecification\",\"valueRequired\":true,\"valueName\":\"search_term_string\"}}],\"inLanguage\":\"pt-PT\"}]}<\/script>\n<!-- \/ Yoast SEO Premium plugin. -->","yoast_head_json":{"title":"Shipping and Delivery Policy &#187; Rx Meds Plus","robots":{"index":"noindex","follow":"follow"},"og_locale":"pt_PT","og_type":"article","og_title":"Shipping and Delivery Policy","og_description":"Shipping &amp; Delivery Policy At Rx Meds Plus, we understand the importance of receiving your medications quickly and discreetly. That\u2019s why we offer fast, reliable, and secure shipping options to meet the needs of our customers, both domestically and internationally. Please read through our Shipping and Delivery Policy to understand how we process and deliver [&hellip;]","og_url":"https:\/\/rxmedsplus.com\/pt\/shipping-and-delivery-policy\/","og_site_name":"Rx Meds Plus","article_modified_time":"2025-09-23T10:42:59+00:00","twitter_card":"summary_large_image","twitter_misc":{"Tempo estimado de leitura":"4 minutos"},"schema":{"@context":"https:\/\/schema.org","@graph":[{"@type":"WebPage","@id":"https:\/\/rxmedsplus.com\/shipping-and-delivery-policy\/","url":"https:\/\/rxmedsplus.com\/shipping-and-delivery-policy\/","name":"Shipping and Delivery Policy &#187; Rx Meds Plus","isPartOf":{"@id":"https:\/\/rxmedsplus.com\/#website"},"datePublished":"2024-10-24T13:29:56+00:00","dateModified":"2025-09-23T10:42:59+00:00","breadcrumb":{"@id":"https:\/\/rxmedsplus.com\/shipping-and-delivery-policy\/#breadcrumb"},"inLanguage":"pt-PT","potentialAction":[{"@type":"ReadAction","target":["https:\/\/rxmedsplus.com\/shipping-and-delivery-policy\/"]}]},{"@type":"BreadcrumbList","@id":"https:\/\/rxmedsplus.com\/shipping-and-delivery-policy\/#breadcrumb","itemListElement":[{"@type":"ListItem","position":1,"name":"Home","item":"https:\/\/rxmedsplus.com\/"},{"@type":"ListItem","position":2,"name":"Shipping and Delivery Policy"}]},{"@type":"WebSite","@id":"https:\/\/rxmedsplus.com\/#website","url":"https:\/\/rxmedsplus.com\/","name":"Minha Metro De Rem\u00e9dios","description":"Buy Prescription Meds and Pills Online with Fast Delivery","potentialAction":[{"@type":"SearchAction","target":{"@type":"EntryPoint","urlTemplate":"https:\/\/rxmedsplus.com\/?s={search_term_string}"},"query-input":{"@type":"PropertyValueSpecification","valueRequired":true,"valueName":"search_term_string"}}],"inLanguage":"pt-PT"}]}},"_links":{"self":[{"href":"https:\/\/rxmedsplus.com\/pt\/wp-json\/wp\/v2\/pages\/2124","targetHints":{"allow":["GET"]}}],"collection":[{"href":"https:\/\/rxmedsplus.com\/pt\/wp-json\/wp\/v2\/pages"}],"about":[{"href":"https:\/\/rxmedsplus.com\/pt\/wp-json\/wp\/v2\/types\/page"}],"author":[{"embeddable":true,"href":"https:\/\/rxmedsplus.com\/pt\/wp-json\/wp\/v2\/users\/1"}],"replies":[{"embeddable":true,"href":"https:\/\/rxmedsplus.com\/pt\/wp-json\/wp\/v2\/comments?post=2124"}],"version-history":[{"count":0,"href":"https:\/\/rxmedsplus.com\/pt\/wp-json\/wp\/v2\/pages\/2124\/revisions"}],"wp:attachment":[{"href":"https:\/\/rxmedsplus.com\/pt\/wp-json\/wp\/v2\/media?parent=2124"}],"curies":[{"name":"wp","href":"https:\/\/api.w.org\/{rel}","templated":true}]}}