{"id":2139,"date":"2024-10-24T13:37:12","date_gmt":"2024-10-24T13:37:12","guid":{"rendered":"https:\/\/rxmedsplus.com\/?page_id=2139"},"modified":"2025-09-25T04:53:24","modified_gmt":"2025-09-25T04:53:24","slug":"how-to-buy-medicine-online-from-my-underground-meds","status":"publish","type":"page","link":"https:\/\/rxmedsplus.com\/pt\/how-to-buy-medicine-online-from-my-underground-meds\/","title":{"rendered":"Como Comprar Drogarias Online a partir do Meu Metro de Rem\u00e9dios"},"content":{"rendered":"<div data-elementor-type=\"wp-page\" data-elementor-id=\"2139\" class=\"elementor elementor-2139\">\n\t\t\t\t<div class=\"elementor-element elementor-element-9ae4be0 e-flex e-con-boxed e-con e-parent\" data-id=\"9ae4be0\" data-element_type=\"container\" data-e-type=\"container\">\n\t\t\t\t\t<div class=\"e-con-inner\">\n\t\t<div class=\"elementor-element elementor-element-1e52ba6 e-con-full e-flex e-con e-child\" data-id=\"1e52ba6\" data-element_type=\"container\" data-e-type=\"container\">\n\t\t\t\t<div class=\"elementor-element elementor-element-cbe21a9 elementor-widget elementor-widget-heading\" data-id=\"cbe21a9\" data-element_type=\"widget\" data-e-type=\"widget\" data-widget_type=\"heading.default\">\n\t\t\t\t<div class=\"elementor-widget-container\">\n\t\t\t\t\t<h1 class=\"elementor-heading-title elementor-size-default\">Como Comprar os Rem\u00e9dios do Meu Metro Rem\u00e9dios: Um Passo-a-Passo<\/h1>\t\t\t\t<\/div>\n\t\t\t\t<\/div>\n\t\t\t\t<\/div>\n\t\t\t\t\t<\/div>\n\t\t\t\t<\/div>\n\t\t<div class=\"elementor-element elementor-element-81bbcf9 e-flex e-con-boxed e-con e-parent\" data-id=\"81bbcf9\" data-element_type=\"container\" data-e-type=\"container\" data-settings=\"{&quot;background_background&quot;:&quot;classic&quot;}\">\n\t\t\t\t\t<div class=\"e-con-inner\">\n\t\t<div class=\"elementor-element elementor-element-feacb1e e-con-full e-flex e-con e-child\" data-id=\"feacb1e\" data-element_type=\"container\" data-e-type=\"container\">\n\t\t\t\t<div class=\"elementor-element elementor-element-9230e6e elementor-widget elementor-widget-text-editor\" data-id=\"9230e6e\" data-element_type=\"widget\" data-e-type=\"widget\" data-widget_type=\"text-editor.default\">\n\t\t\t\t<div class=\"elementor-widget-container\">\n\t\t\t\t\t\t\t\t\t<p>No <strong>Minha Metro De Rem\u00e9dios<\/strong>tornamos o processo de compra <strong>medicamentos<\/strong> on-line simples e livre de problemas poss\u00edvel. Siga estes passos simples para encomendar o seu <strong>ansiedade rem\u00e9dios<\/strong>, <strong>al\u00edvio da dor<\/strong>, <strong>TDAH medicamentos<\/strong>e mais, tudo isso sem a necessidade de receita m\u00e9dica.<\/p>\n<h2>Passo 1: Procurar A Nossa Selec\u00e7\u00e3o<\/h2>\n<p>Comece explorando a nossa vasta gama de medicamentos dispon\u00edveis para compra. Se voc\u00ea est\u00e1 procurando <strong>Xanax<\/strong>, <strong>Oxicodona<\/strong>, <strong>Adderall<\/strong>, ou <strong>Ambien<\/strong>, voc\u00ea encontrar\u00e1 uma selec\u00e7\u00e3o variada de medicamentos para escolher. Utilize o nosso f\u00e1cil navega\u00e7\u00e3o e fun\u00e7\u00f5es de pesquisa para encontrar o que voc\u00ea precisa.<\/p>\n<ol>\n<li>Ir para o <strong>Minha Metro De Rem\u00e9dios<\/strong> loja de p\u00e1gina.<\/li>\n<li>Clique no <strong>categoria<\/strong> de medica\u00e7\u00e3o que voc\u00ea est\u00e1 interessado (por exemplo, <strong>Ansiedade Medicamentos<\/strong>, <strong>Al\u00edvio Da Dor<\/strong>, <strong>TDAH Medicamentos<\/strong>, etc.).<\/li>\n<li>Procure as op\u00e7\u00f5es dispon\u00edveis e escolher o produto que melhor se adapte \u00e0s suas necessidades.<\/li>\n<\/ol>\n<h2>Passo 2: Selecione a Sua Medica\u00e7\u00e3o e a Dosagem<\/h2>\n<p>Uma vez que voc\u00ea encontrou a medica\u00e7\u00e3o que voc\u00ea precisa, selecione a op\u00e7\u00e3o apropriada de <strong>dosagem<\/strong> e <strong>quantidade<\/strong> com base em suas necessidades de sa\u00fade.<\/p>\n<ol>\n<li>Clique no produto que voc\u00ea deseja comprar.<\/li>\n<li>Revise a descri\u00e7\u00e3o do produto e as instru\u00e7\u00f5es de utiliza\u00e7\u00e3o, para garantir que ele atenda \u00e0s suas necessidades.<\/li>\n<li>Escolha o desejado <strong>dosagem<\/strong> a partir do menu drop-down menu (por exemplo, 2mg, 5mg, 10mg).<\/li>\n<li>Selecione a quantidade do medicamento que voc\u00ea deseja comprar.<\/li>\n<\/ol>\n<h2>Passo 3: Adicionar ao Carrinho<\/h2>\n<p>Depois de selecionar a medica\u00e7\u00e3o e a dosagem, \u00e9 hora de adicionar o item ao seu carrinho de compras.<\/p>\n<ol>\n<li>Clique em a <strong>\"Adicionar ao Carrinho\"<\/strong> bot\u00e3o na p\u00e1gina do produto.<\/li>\n<li>Voc\u00ea ser\u00e1 redirecionado para sua <strong>carrinho de compras<\/strong> onde voc\u00ea pode ver todos os itens que voc\u00ea adicionou.<\/li>\n<li>Se voc\u00ea quiser continuar comprando, clique em <strong>\"Continuar A Comprar\"<\/strong> e repita o processo para outros medicamentos.<\/li>\n<li>Uma vez que voc\u00ea est\u00e1 pronto para concluir a sua compra, clique em <strong>\"Avan\u00e7ar para o Checkout\"<\/strong>.<\/li>\n<\/ol>\n<h2>Passo 4: Rever o Seu Carrinho e Aplicar Descontos<\/h2>\n<p>Antes de finalizar, certifique-se de que todos os produtos, quantidades e dosagens no seu carrinho est\u00e1 correto.<\/p>\n<ol>\n<li>Reveja o resumo do pedido e garantir que todos os itens est\u00e3o corretos.<\/li>\n<li>Se voc\u00ea tem um <strong>c\u00f3digo promocional<\/strong> ou <strong>c\u00f3digo de desconto<\/strong>, aplic\u00e1-la nesta fase de poupan\u00e7as adicionais.<\/li>\n<li>Uma vez que voc\u00ea est\u00e1 satisfeito com o seu pedido, clique em <strong>\"Checkout\"<\/strong>.<\/li>\n<\/ol>\n<h2>Passo 5: Insira Os Seus Dados De Envio<\/h2>\n<p>Ao finalizar a compra, voc\u00ea precisar\u00e1 fornecer informa\u00e7\u00f5es de frete precisas para garantir a pronta entrega.<\/p>\n<ol>\n<li>Introduza o seu <strong>endere\u00e7o para envio<\/strong> onde voc\u00ea gostaria de sua encomenda ser entregue.\n<ul>\n<li>Inclua seu nome completo, endere\u00e7o, cidade, estado, c\u00f3digo postal e pa\u00eds.<\/li>\n<\/ul>\n<\/li>\n<li>Para <strong>encomendas internacionais<\/strong>, garantir que as informa\u00e7\u00f5es de envio est\u00e1 correcta e corresponde ao importar os regulamentos do seu pa\u00eds.<\/li>\n<li>Verifique os seus dados de envio para evitar atrasos ou erros na entrega.<\/li>\n<\/ol>\n<h2>Passo 6: Escolha O Seu M\u00e9todo De Envio<\/h2>\n<p>Oferecemos r\u00e1pido e discreto op\u00e7\u00f5es de envio para garantir que voc\u00ea receba os seus medicamentos de forma r\u00e1pida e segura.<\/p>\n<ol>\n<li>Escolha o seu preferido <strong>m\u00e9todo de envio<\/strong>:\n<ul>\n<li><strong>Entrega no mesmo dia<\/strong> para o <strong>EUA<\/strong> e <strong>Canad\u00e1<\/strong> (quando dispon\u00edvel).<\/li>\n<li><strong>Transporte padr\u00e3o<\/strong> para encomendas internacionais (de 3 a 7 dias, dependendo da localiza\u00e7\u00e3o).<\/li>\n<\/ul>\n<\/li>\n<li>Custos de envio ser\u00e3o calculados com base na sua localiza\u00e7\u00e3o e o m\u00e9todo de envio que voc\u00ea escolher.<\/li>\n<\/ol>\n<h2>Passo 7: Insira Informa\u00e7\u00f5es De Pagamento<\/h2>\n<p>Minha Metro Rem\u00e9dios oferece v\u00e1rios m\u00e9todos de pagamento seguro para garantir a seguran\u00e7a da transa\u00e7\u00e3o.<\/p>\n<ol>\n<li>Escolha o seu preferido <strong>m\u00e9todo de pagamento<\/strong>:\n<ul>\n<li><strong>PayPal<\/strong><\/li>\n<li><strong>Cryptocurrency<\/strong> (Bitcoin e outros aceitas moedas digitais para maior privacidade)<\/li>\n<\/ul>\n<\/li>\n<li>Introduza os seus detalhes de pagamento e verifique a precis\u00e3o.<\/li>\n<\/ol>\n<h2>Passo 8: Confirme O Seu Pedido<\/h2>\n<p>Antes de finalizar sua compra, examine o seu fim uma \u00faltima vez.<\/p>\n<ol>\n<li>Verifique que toda a informa\u00e7\u00e3o est\u00e1 correto, incluindo o endere\u00e7o de entrega, produtos, quantidades, e detalhes de pagamento.<\/li>\n<li>Se tudo estiver correto, clique em <strong>\"Colocar Ordem\"<\/strong> para concluir a compra.<\/li>\n<li>Voc\u00ea ir\u00e1 receber um e-mail de confirma\u00e7\u00e3o com o seu <strong>detalhes do pedido<\/strong> e um <strong>n\u00famero de rastreio<\/strong> uma vez que a ordem foi processada e enviada.<\/li>\n<\/ol>\n<h2>Passo 9: Acompanhe Seu Pedido<\/h2>\n<p>Ap\u00f3s fazer o seu pedido, voc\u00ea pode acompanhar seu progresso.<\/p>\n<ol>\n<li>Verifique seu e-mail para o <strong>confirma\u00e7\u00e3o do pedido<\/strong> e <strong>informa\u00e7\u00f5es de rastreamento<\/strong>.<\/li>\n<li>Usar o n\u00famero de rastreamento fornecido para seguir o seu pacote de status em tempo real.<\/li>\n<li>Uma vez que seu pacote \u00e9 enviado, voc\u00ea pode esperar a entrega dentro de 24-48 horas para os EUA e o Canad\u00e1, ou de 3-7 dias \u00fateis para encomendas internacionais.<\/li>\n<\/ol>\n<h2>Passo 10: Receber Sua Medica\u00e7\u00e3o<\/h2>\n<p>Seu pedido ser\u00e1 enviado no <strong>embalagem discreta<\/strong> para proteger sua privacidade. Nenhuma informa\u00e7\u00e3o de identifica\u00e7\u00e3o sobre o conte\u00fado ser\u00e1 vis\u00edvel do lado de fora do pacote.<\/p>\n<ol>\n<li>Quando sua medica\u00e7\u00e3o chega, verifique se os itens que corresponde ao seu pedido.<\/li>\n<li>Siga as instru\u00e7\u00f5es fornecidas com a sua medica\u00e7\u00e3o para garantir a utiliza\u00e7\u00e3o segura e eficaz.<\/li>\n<\/ol>\n<h2>Por Que Escolher A Minha Metro De Rem\u00e9dios?<\/h2>\n<ul>\n<li><strong>N\u00e3o \u00c9 Necess\u00e1rio Prescri\u00e7\u00e3o M\u00e9dica<\/strong>: Obter os medicamentos que voc\u00ea precisa sem o aborrecimento de visitar um m\u00e9dico.<\/li>\n<li><strong>Pre\u00e7os Acess\u00edveis<\/strong>: Comprar <strong>meds online barato<\/strong> poupe dinheiro em sua sa\u00fade.<\/li>\n<li><strong>Entrega No Mesmo Dia<\/strong>: R\u00e1pida e confi\u00e1vel de transporte para o <strong>EUA<\/strong> e <strong>Canad\u00e1<\/strong> em todo o mundo com op\u00e7\u00f5es de envio.<\/li>\n<li><strong>Embalagem Discreta<\/strong>: A sua privacidade \u00e9 a nossa prioridade\u2014pedidos s\u00e3o enviados de forma discreta e segura.<\/li>\n<\/ul>\n<h2>Ordem De Seus Medicamentos De Hoje!<\/h2>\n<p>Pronto para assumir o controle de sua sa\u00fade e obter os medicamentos que voc\u00ea precisa? Visite <strong>Minha Metro De Rem\u00e9dios<\/strong> hoje e desfrutar de r\u00e1pida, livre de problemas com a compra <strong>n\u00e3o \u00e9 necess\u00e1rio prescri\u00e7\u00e3o m\u00e9dica<\/strong>. Compre agora e experimente a conveni\u00eancia da <strong>entrega no mesmo dia<\/strong> e <strong>entrega em todo o mundo<\/strong> em todos os seus medicamentos.<\/p>\n<p><strong>Come\u00e7ar A Comprar Agora<\/strong> \u2013 Os medicamentos s\u00e3o apenas alguns cliques de dist\u00e2ncia!<\/p>\t\t\t\t\t\t\t\t<\/div>\n\t\t\t\t<\/div>\n\t\t\t\t<\/div>\n\t\t\t\t\t<\/div>\n\t\t\t\t<\/div>\n\t\t\t\t<\/div>","protected":false},"excerpt":{"rendered":"<p>How to Buy Meds from Rx Meds Plus: A Step-by-Step Guide At Rx Meds Plus, we\u2019ve made the process of buying medications online as simple and hassle-free as possible. Follow these easy steps to order your anxiety meds, pain relief, ADHD medications, and more\u2014all without the need for a prescription. Step 1: Browse Our Selection [&hellip;]<\/p>\n","protected":false},"author":1,"featured_media":0,"parent":0,"menu_order":0,"comment_status":"closed","ping_status":"closed","template":"","meta":{"site-sidebar-layout":"no-sidebar","site-content-layout":"page-builder","ast-site-content-layout":"full-width-container","site-content-style":"unboxed","site-sidebar-style":"unboxed","ast-global-header-display":"","ast-banner-title-visibility":"","ast-main-header-display":"","ast-hfb-above-header-display":"","ast-hfb-below-header-display":"","ast-hfb-mobile-header-display":"","site-post-title":"disabled","ast-breadcrumbs-content":"","ast-featured-img":"disabled","footer-sml-layout":"","ast-disable-related-posts":"","theme-transparent-header-meta":"default","adv-header-id-meta":"","stick-header-meta":"","header-above-stick-meta":"","header-main-stick-meta":"","header-below-stick-meta":"","astra-migrate-meta-layouts":"set","ast-page-background-enabled":"default","ast-page-background-meta":{"desktop":{"background-color":"","background-image":"","background-repeat":"repeat","background-position":"center center","background-size":"auto","background-attachment":"scroll","background-type":"","background-media":"","overlay-type":"","overlay-color":"","overlay-opacity":"","overlay-gradient":""},"tablet":{"background-color":"","background-image":"","background-repeat":"repeat","background-position":"center center","background-size":"auto","background-attachment":"scroll","background-type":"","background-media":"","overlay-type":"","overlay-color":"","overlay-opacity":"","overlay-gradient":""},"mobile":{"background-color":"","background-image":"","background-repeat":"repeat","background-position":"center center","background-size":"auto","background-attachment":"scroll","background-type":"","background-media":"","overlay-type":"","overlay-color":"","overlay-opacity":"","overlay-gradient":""}},"ast-content-background-meta":{"desktop":{"background-color":"var(--ast-global-color-5)","background-image":"","background-repeat":"repeat","background-position":"center center","background-size":"auto","background-attachment":"scroll","background-type":"","background-media":"","overlay-type":"","overlay-color":"","overlay-opacity":"","overlay-gradient":""},"tablet":{"background-color":"var(--ast-global-color-5)","background-image":"","background-repeat":"repeat","background-position":"center center","background-size":"auto","background-attachment":"scroll","background-type":"","background-media":"","overlay-type":"","overlay-color":"","overlay-opacity":"","overlay-gradient":""},"mobile":{"background-color":"var(--ast-global-color-5)","background-image":"","background-repeat":"repeat","background-position":"center center","background-size":"auto","background-attachment":"scroll","background-type":"","background-media":"","overlay-type":"","overlay-color":"","overlay-opacity":"","overlay-gradient":""}},"footnotes":""},"class_list":["post-2139","page","type-page","status-publish","hentry"],"yoast_head":"<!-- This site is optimized with the Yoast SEO Premium plugin v26.0 (Yoast SEO v27.4) - https:\/\/yoast.com\/product\/yoast-seo-premium-wordpress\/ -->\n<title>How to Buy Medicine Online from Rx Meds Plus &#187; Rx Meds Plus<\/title>\n<meta name=\"description\" content=\"How to Buy Meds from Rx Meds Plus: A Step-by-Step Guide At Rx Meds Plus, we\u2019ve made the process of buying medications online as simple and hassle-free as\" \/>\n<meta name=\"robots\" content=\"noindex, follow, max-snippet:-1, max-image-preview:large, max-video-preview:-1\" \/>\n<meta property=\"og:locale\" content=\"pt_PT\" \/>\n<meta property=\"og:type\" content=\"article\" \/>\n<meta property=\"og:title\" content=\"How to Buy Medicine Online from Rx Meds Plus\" \/>\n<meta property=\"og:description\" content=\"How to Buy Meds from Rx Meds Plus: A Step-by-Step Guide At Rx Meds Plus, we\u2019ve made the process of buying medications online as simple and hassle-free as\" \/>\n<meta property=\"og:url\" content=\"https:\/\/rxmedsplus.com\/pt\/how-to-buy-medicine-online-from-my-underground-meds\/\" \/>\n<meta property=\"og:site_name\" content=\"Rx Meds Plus\" \/>\n<meta property=\"article:modified_time\" content=\"2025-09-25T04:53:24+00:00\" \/>\n<meta name=\"twitter:card\" content=\"summary_large_image\" \/>\n<meta name=\"twitter:label1\" content=\"Tempo estimado de leitura\" \/>\n\t<meta name=\"twitter:data1\" content=\"4 minutos\" \/>\n<script type=\"application\/ld+json\" class=\"yoast-schema-graph\">{\"@context\":\"https:\\\/\\\/schema.org\",\"@graph\":[{\"@type\":\"WebPage\",\"@id\":\"https:\\\/\\\/rxmedsplus.com\\\/how-to-buy-medicine-online-from-my-underground-meds\\\/\",\"url\":\"https:\\\/\\\/rxmedsplus.com\\\/how-to-buy-medicine-online-from-my-underground-meds\\\/\",\"name\":\"How to Buy Medicine Online from Rx Meds Plus &#187; Rx Meds Plus\",\"isPartOf\":{\"@id\":\"https:\\\/\\\/rxmedsplus.com\\\/#website\"},\"datePublished\":\"2024-10-24T13:37:12+00:00\",\"dateModified\":\"2025-09-25T04:53:24+00:00\",\"description\":\"How to Buy Meds from Rx Meds Plus: A Step-by-Step Guide At Rx Meds Plus, we\u2019ve made the process of buying medications online as simple and hassle-free as\",\"breadcrumb\":{\"@id\":\"https:\\\/\\\/rxmedsplus.com\\\/how-to-buy-medicine-online-from-my-underground-meds\\\/#breadcrumb\"},\"inLanguage\":\"pt-PT\",\"potentialAction\":[{\"@type\":\"ReadAction\",\"target\":[\"https:\\\/\\\/rxmedsplus.com\\\/how-to-buy-medicine-online-from-my-underground-meds\\\/\"]}]},{\"@type\":\"BreadcrumbList\",\"@id\":\"https:\\\/\\\/rxmedsplus.com\\\/how-to-buy-medicine-online-from-my-underground-meds\\\/#breadcrumb\",\"itemListElement\":[{\"@type\":\"ListItem\",\"position\":1,\"name\":\"Home\",\"item\":\"https:\\\/\\\/rxmedsplus.com\\\/\"},{\"@type\":\"ListItem\",\"position\":2,\"name\":\"How to Buy Medicine Online from Rx Meds Plus\"}]},{\"@type\":\"WebSite\",\"@id\":\"https:\\\/\\\/rxmedsplus.com\\\/#website\",\"url\":\"https:\\\/\\\/rxmedsplus.com\\\/\",\"name\":\"Rx Meds Plus\",\"description\":\"Buy Prescription Meds and Pills Online with Fast Delivery\",\"potentialAction\":[{\"@type\":\"SearchAction\",\"target\":{\"@type\":\"EntryPoint\",\"urlTemplate\":\"https:\\\/\\\/rxmedsplus.com\\\/?s={search_term_string}\"},\"query-input\":{\"@type\":\"PropertyValueSpecification\",\"valueRequired\":true,\"valueName\":\"search_term_string\"}}],\"inLanguage\":\"pt-PT\"}]}<\/script>\n<!-- \/ Yoast SEO Premium plugin. -->","yoast_head_json":{"title":"How to Buy Medicine Online from Rx Meds Plus &#187; Rx Meds Plus","description":"How to Buy Meds from Rx Meds Plus: A Step-by-Step Guide At Rx Meds Plus, we\u2019ve made the process of buying medications online as simple and hassle-free as","robots":{"index":"noindex","follow":"follow","max-snippet":"max-snippet:-1","max-image-preview":"max-image-preview:large","max-video-preview":"max-video-preview:-1"},"og_locale":"pt_PT","og_type":"article","og_title":"How to Buy Medicine Online from Rx Meds Plus","og_description":"How to Buy Meds from Rx Meds Plus: A Step-by-Step Guide At Rx Meds Plus, we\u2019ve made the process of buying medications online as simple and hassle-free as","og_url":"https:\/\/rxmedsplus.com\/pt\/how-to-buy-medicine-online-from-my-underground-meds\/","og_site_name":"Rx Meds Plus","article_modified_time":"2025-09-25T04:53:24+00:00","twitter_card":"summary_large_image","twitter_misc":{"Tempo estimado de leitura":"4 minutos"},"schema":{"@context":"https:\/\/schema.org","@graph":[{"@type":"WebPage","@id":"https:\/\/rxmedsplus.com\/how-to-buy-medicine-online-from-my-underground-meds\/","url":"https:\/\/rxmedsplus.com\/how-to-buy-medicine-online-from-my-underground-meds\/","name":"How to Buy Medicine Online from Rx Meds Plus &#187; Rx Meds Plus","isPartOf":{"@id":"https:\/\/rxmedsplus.com\/#website"},"datePublished":"2024-10-24T13:37:12+00:00","dateModified":"2025-09-25T04:53:24+00:00","description":"How to Buy Meds from Rx Meds Plus: A Step-by-Step Guide At Rx Meds Plus, we\u2019ve made the process of buying medications online as simple and hassle-free as","breadcrumb":{"@id":"https:\/\/rxmedsplus.com\/how-to-buy-medicine-online-from-my-underground-meds\/#breadcrumb"},"inLanguage":"pt-PT","potentialAction":[{"@type":"ReadAction","target":["https:\/\/rxmedsplus.com\/how-to-buy-medicine-online-from-my-underground-meds\/"]}]},{"@type":"BreadcrumbList","@id":"https:\/\/rxmedsplus.com\/how-to-buy-medicine-online-from-my-underground-meds\/#breadcrumb","itemListElement":[{"@type":"ListItem","position":1,"name":"Home","item":"https:\/\/rxmedsplus.com\/"},{"@type":"ListItem","position":2,"name":"How to Buy Medicine Online from Rx Meds Plus"}]},{"@type":"WebSite","@id":"https:\/\/rxmedsplus.com\/#website","url":"https:\/\/rxmedsplus.com\/","name":"Minha Metro De Rem\u00e9dios","description":"Buy Prescription Meds and Pills Online with Fast Delivery","potentialAction":[{"@type":"SearchAction","target":{"@type":"EntryPoint","urlTemplate":"https:\/\/rxmedsplus.com\/?s={search_term_string}"},"query-input":{"@type":"PropertyValueSpecification","valueRequired":true,"valueName":"search_term_string"}}],"inLanguage":"pt-PT"}]}},"_links":{"self":[{"href":"https:\/\/rxmedsplus.com\/pt\/wp-json\/wp\/v2\/pages\/2139","targetHints":{"allow":["GET"]}}],"collection":[{"href":"https:\/\/rxmedsplus.com\/pt\/wp-json\/wp\/v2\/pages"}],"about":[{"href":"https:\/\/rxmedsplus.com\/pt\/wp-json\/wp\/v2\/types\/page"}],"author":[{"embeddable":true,"href":"https:\/\/rxmedsplus.com\/pt\/wp-json\/wp\/v2\/users\/1"}],"replies":[{"embeddable":true,"href":"https:\/\/rxmedsplus.com\/pt\/wp-json\/wp\/v2\/comments?post=2139"}],"version-history":[{"count":0,"href":"https:\/\/rxmedsplus.com\/pt\/wp-json\/wp\/v2\/pages\/2139\/revisions"}],"wp:attachment":[{"href":"https:\/\/rxmedsplus.com\/pt\/wp-json\/wp\/v2\/media?parent=2139"}],"curies":[{"name":"wp","href":"https:\/\/api.w.org\/{rel}","templated":true}]}}