{"id":4304,"date":"2026-05-03T23:30:24","date_gmt":"2026-05-03T23:30:24","guid":{"rendered":"https:\/\/rxmedsplus.com\/"},"modified":"2026-05-11T00:46:55","modified_gmt":"2026-05-11T00:46:55","slug":"viagra-200mg-online","status":"publish","type":"product","link":"https:\/\/rxmedsplus.com\/pt\/product\/viagra-200mg-online\/","title":{"rendered":"Viagra 200mg \u00e0 venda online \u2013 Entrega r\u00e1pida e discreta"},"content":{"rendered":"<h1>Viagra 200mg \u00e0 venda online \u2013 Entrega r\u00e1pida e discreta  <\/h1>\n<h2>Solu\u00e7\u00e3o poderosa para um desempenho melhorado  <\/h2>\n<p>Quando se trata de recuperar a confian\u00e7a e a vitalidade no quarto, <strong>Viagra 200mg<\/strong> Destaca-se como uma solu\u00e7\u00e3o fi\u00e1vel para homens que sofrem de disfun\u00e7\u00e3o er\u00e9til (DE). A nossa dosagem de alta pot\u00eancia oferece resultados eficazes, garantindo um desempenho fi\u00e1vel quando mais precisa. <strong>vendedor online de confian\u00e7a<\/strong>, n\u00f3s fornecemos <strong>Viagra aut\u00eantico de 200mg \u00e0 venda online.<\/strong>, enviado <strong>r\u00e1pida e discretamente<\/strong> para\u8f38\u51fa \u043c\u043d\u043e\u0433\u043e.<\/p>\n<p>O nosso servi\u00e7o de envio discreto garante a prote\u00e7\u00e3o da sua privacidade em todas as etapas. Quer esteja nos EUA, Canad\u00e1, Reino Unido, Uni\u00e3o Europeia, Austr\u00e1lia ou em qualquer outro lugar do mundo, a sua encomenda chegar\u00e1 em seguran\u00e7a e sem atrasos desnecess\u00e1rios. Pode contar connosco para uma experi\u00eancia tranquila. <strong>experi\u00eancia de farm\u00e1cia online<\/strong> Sem necessidade de receita m\u00e9dica.<\/p>\n<h2>O que \u00e9 o Viagra 200mg?  <\/h2>\n<p><strong>Viagra 200mg<\/strong> \u00e9 a dose mais potente de citrato de sildenafil dispon\u00edvel comercialmente, o principal ingrediente do medicamento para a disfun\u00e7\u00e3o er\u00e9til mais popular do mundo. Desenvolvida para homens que necessitam de uma solu\u00e7\u00e3o mais potente, esta vers\u00e3o garante efeitos mais r\u00e1pidos e duradouros, em compara\u00e7\u00e3o com doses mais baixas, como 25 mg, 50 mg ou 100 mg. <\/p>\n<h3>Especifica\u00e7\u00f5es principais  <\/h3>\n<p>\u2013 <strong>Ingrediente ativo:<\/strong> Citrato de sildenafil 200 mg<br \/>\n\u2013 <strong>Forma:<\/strong> Comprimidos orais<br \/>\n\u2013 <strong>Fabricante:<\/strong> Pfizer (ou gen\u00e9ricos de confian\u00e7a)<br \/>\n\u2013 <strong>Dura\u00e7\u00e3o do efeito:<\/strong> At\u00e9 mesmo para manter a dura\u00e7\u00e3o e melhorar o fluxo sangu\u00edneo de forma mais eficaz. <\/p>\n<h2>Como funciona o Viagra 200mg?  <\/h2>\n<p>O Viagra 200mg atua por <strong>melhorando o fluxo sangu\u00edneo<\/strong> ao \u00f3rg\u00e3o reprodutor masculino, facilitando erec\u00e7\u00f5es fortes e duradouras quando h\u00e1 estimula\u00e7\u00e3o sexual. <strong>alta dosagem<\/strong> Garante um in\u00edcio de a\u00e7\u00e3o mais r\u00e1pido \u2014 geralmente em 30 a 60 minutos \u2014 mantendo os efeitos at\u00e9 cinco horas. Isto torna-o ideal para quem precisa <strong>suporte de desempenho de a\u00e7\u00e3o r\u00e1pida e longa dura\u00e7\u00e3o<\/strong>.  <\/p>\n<h3>Dosagem recomendada  <\/h3>\n<p>O padr\u00e3o <strong>dose de Viagra<\/strong> A dosagem varia entre 25 mg a 100 mg, mas os m\u00e9dicos podem... <strong>Recomenda-se 200mg<\/strong> Em casos de disfun\u00e7\u00e3o er\u00e9til grave ou resposta reduzida a doses mais baixas, comece sempre com uma dose baixa e aumente-a com precau\u00e7\u00e3o sob orienta\u00e7\u00e3o m\u00e9dica. Evite exceder os 200 mg em 24 horas para prevenir efeitos secund\u00e1rios.  <\/p>\n<h2>Benef\u00edcios de escolher Viagra 200mg  <\/h2>\n<p>\u2013 <strong>Pot\u00eancia m\u00e1xima:<\/strong> A dose mais forte dispon\u00edvel para homens com disfun\u00e7\u00e3o er\u00e9ctil persistente.<br \/>\n\u2013 <strong>Desempenho prolongado:<\/strong> Os efeitos duram mais tempo do que com doses mais baixas.<br \/>\n\u2013 <strong>A\u00e7\u00e3o mais r\u00e1pida:<\/strong> A r\u00e1pida absor\u00e7\u00e3o significa menos tempo de espera antes da intimidade.<br \/>\n\u2013 <strong>Trusted Formula:<\/strong> Comprovado por ensaios cl\u00ednicos e d\u00e9cadas de utiliza\u00e7\u00e3o.  <\/p>\n<h2>Quem deve tomar Viagra 200mg?  <\/h2>\n<p>Esta op\u00e7\u00e3o de dosagem elevada \u00e9 a melhor escolha para os homens que lidam com <strong>disfun\u00e7\u00e3o er\u00e9til grave<\/strong> que j\u00e1 experimentaram dosagens mais baixas sem resultados suficientes. N\u00e3o \u00e9 recomendado para utilizadores iniciantes \u2013 comece sempre com 30mg ou 50mg.<\/p>\n<h3>Potential Side Effects  <\/h3>\n<p>Embora geralmente seguro, o Viagra 200mg pode causar:<br \/>\n\u2192 Dor de cabe\u00e7a<br \/>\nFlushing<br \/>\n\u2022 Desconforto digestivo<br \/>\nCongest\u00e3o nasal<br \/>\n&#8211; Mild dizziness  <\/p>\n<p>Estes efeitos costumam ser tempor\u00e1rios. Se os sintomas persistirem, consulte um profissional de sa\u00fade.<\/p>\n<h2>Porqu\u00ea comprar Viagra 200mg online connosco?  <\/h2>\n<p>Como um dos principais fornecedores de tratamentos genu\u00ednos para a disfun\u00e7\u00e3o er\u00e9til, damos prioridade <strong>Qualidade, privacidade e rapidez.<\/strong>Eis porque nos deve escolher:  <\/p>\n<p>\u2013 <strong>N\u00e3o \u00e9 necess\u00e1ria receita m\u00e9dica:<\/strong> Fa\u00e7a o seu pedido sem complica\u00e7\u00f5es e sem ter de ir ao m\u00e9dico.<br \/>\n\u2013 <strong>Envio r\u00e1pido e discreto:<\/strong> Embalagem totalmente confidencial em todo o mundo.<br \/>\n\u2013 <strong>Garantia do produto Gen \uc740\u8ba2:<\/strong> Viagra aut\u00eantico ou alternativas premium.<br \/>\n\u2013 <strong>Entrega global:<\/strong> Enviamos para os EUA, Canad\u00e1, Reino Unido, UE, Austr\u00e1lia e outros pa\u00edses.  <\/p>\n<h2>Como comprar Viagra 200mg online  <\/h2>\n<p>1. <strong>Adicionar ao carrinho<\/strong>\u2014Selecione a quantidade pretendida.<br \/>\n2. <strong>Introduza os detalhes de envio<\/strong>\u2014as suas informa\u00e7\u00f5es permanecem privadas.<br \/>\n3. <strong>Pagamento completo<\/strong>\u2014transa\u00e7\u00f5es seguras atrav\u00e9s de m\u00e9todos fi\u00e1veis.<br \/>\n4. <strong>Receba discretamente<\/strong>\u2014Acompanhe a sua entrega at\u00e9 \u00e0 chegada.  <\/p>\n<p>O nosso processo de finaliza\u00e7\u00e3o de compra \u00e9 r\u00e1pido, garantindo que recebe o seu produto. <strong>Viagra 200mg \u00e0 venda online<\/strong> Com o m\u00ednimo de atraso.  <\/p>\n<h2>Perguntas Frequentes  <\/h2>\n<h3>\u00c9 seguro comprar Viagra sem receita m\u00e9dica?  <\/h3>\n<p>Sim, \uc6b0\ub9ac\u2019une farm\u00e1cia on-line confi\u00e1vel.  <\/p>\n<h3>Qual o prazo de entrega?  <\/h3>\n<p>A maioria das encomendas \u00e9 entregue em 3 a 7 dias \u00fateis, dependendo do destino.  <\/p>\n<h3>A \ub0a0\uc528 oferece embalagens furtivas?  <\/h3>\n<p>Com certeza \u2014 todos os pedidos s\u00e3o enviados em caixas discretas, sem etiquetas de identifica\u00e7\u00e3o.  <\/p>\n<h2>Conclus\u00e3o  <\/h2>\n<p>Para os homens que enfrentam disfun\u00e7\u00e3o er\u00e9til grave, <strong>Viagra 200mg \u00e0 venda online<\/strong> Oferecemos a solu\u00e7\u00e3o mais robusta e eficaz dispon\u00edvel. <strong>entrega r\u00e1pida e discreta<\/strong> Garante que recebe medicamentos aut\u00eanticos sem comprometer a sua privacidade.  <\/p>\n<p>N\u00e3o deixe que a disfun\u00e7\u00e3o er\u00e9til o impe\u00e7a de viver plenamente\u2014<strong>Encomende Viagra 200mg hoje mesmo<\/strong> e experimente a recupera\u00e7\u00e3o da autoconfian\u00e7a de forma natural. Fa\u00e7a o seu pedido agora mesmo! <strong>Envio internacional r\u00e1pido diretamente para a sua porta.<\/strong>.<\/p>","protected":false},"excerpt":{"rendered":"<p>**Precisa de uma solu\u00e7\u00e3o eficaz para a disfun\u00e7\u00e3o er\u00e9ctil?** Compre Viagra 200mg online na Rx Meds Plus \u2014 uma f\u00f3rmula de Sildenafil de alta pot\u00eancia, desenvolvida para homens que procuram erec\u00e7\u00f5es intensas e duradouras. Evite a burocracia da farm\u00e1cia com a nossa entrega r\u00e1pida e discreta e pre\u00e7os competitivos. Desfrute de medicamentos aut\u00eanticos, sem receita m\u00e9dica, entregues em sua casa em seguran\u00e7a. Melhore o seu desempenho, confian\u00e7a e resist\u00eancia \u2014 encomende agora para envio no mesmo dia e privacidade garantida!<\/p>","protected":false},"featured_media":4334,"comment_status":"open","ping_status":"closed","template":"","meta":{"site-sidebar-layout":"default","site-content-layout":"","ast-site-content-layout":"default","site-content-style":"default","site-sidebar-style":"default","ast-global-header-display":"","ast-banner-title-visibility":"","ast-main-header-display":"","ast-hfb-above-header-display":"","ast-hfb-below-header-display":"","ast-hfb-mobile-header-display":"","site-post-title":"","ast-breadcrumbs-content":"","ast-featured-img":"","footer-sml-layout":"","ast-disable-related-posts":"","theme-transparent-header-meta":"","adv-header-id-meta":"","stick-header-meta":"","header-above-stick-meta":"","header-main-stick-meta":"","header-below-stick-meta":"","astra-migrate-meta-layouts":"default","ast-page-background-enabled":"default","ast-page-background-meta":{"desktop":{"background-color":"","background-image":"","background-repeat":"repeat","background-position":"center center","background-size":"auto","background-attachment":"scroll","background-type":"","background-media":"","overlay-type":"","overlay-color":"","overlay-opacity":"","overlay-gradient":""},"tablet":{"background-color":"","background-image":"","background-repeat":"repeat","background-position":"center center","background-size":"auto","background-attachment":"scroll","background-type":"","background-media":"","overlay-type":"","overlay-color":"","overlay-opacity":"","overlay-gradient":""},"mobile":{"background-color":"","background-image":"","background-repeat":"repeat","background-position":"center center","background-size":"auto","background-attachment":"scroll","background-type":"","background-media":"","overlay-type":"","overlay-color":"","overlay-opacity":"","overlay-gradient":""}},"ast-content-background-meta":{"desktop":{"background-color":"var(--ast-global-color-5)","background-image":"","background-repeat":"repeat","background-position":"center center","background-size":"auto","background-attachment":"scroll","background-type":"","background-media":"","overlay-type":"","overlay-color":"","overlay-opacity":"","overlay-gradient":""},"tablet":{"background-color":"var(--ast-global-color-5)","background-image":"","background-repeat":"repeat","background-position":"center center","background-size":"auto","background-attachment":"scroll","background-type":"","background-media":"","overlay-type":"","overlay-color":"","overlay-opacity":"","overlay-gradient":""},"mobile":{"background-color":"var(--ast-global-color-5)","background-image":"","background-repeat":"repeat","background-position":"center center","background-size":"auto","background-attachment":"scroll","background-type":"","background-media":"","overlay-type":"","overlay-color":"","overlay-opacity":"","overlay-gradient":""}}},"product_brand":[],"product_cat":[1684],"product_tag":[2139,966,279,957,956,2138,1265,251,967,1984,958,2137,2136,2140,1271],"class_list":{"0":"post-4304","1":"product","2":"type-product","3":"status-publish","4":"has-post-thumbnail","6":"product_cat-sex-pills","7":"product_tag-best-viagra-dosage","8":"product_tag-buy-viagra-online","9":"product_tag-discreet-shipping","10":"product_tag-ed-medication","11":"product_tag-erectile-dysfunction-treatment","12":"product_tag-fast-delivery-viagra","13":"product_tag-generic-viagra","14":"product_tag-online-pharmacy","15":"product_tag-pfizer-viagra","16":"product_tag-sexual-health","17":"product_tag-sildenafil-citrate","18":"product_tag-strong-viagra-dose","19":"product_tag-viagra-200mg","20":"product_tag-viagra-for-men","21":"product_tag-viagra-without-prescription","22":"desktop-align-left","23":"tablet-align-left","24":"mobile-align-left","25":"ast-product-gallery-layout-horizontal-slider","26":"ast-product-gallery-with-no-image","27":"ast-magnify-disabled","28":"ast-product-single-variable","29":"ast-product-tabs-layout-horizontal","31":"first","32":"instock","33":"shipping-taxable","34":"purchasable","35":"product-type-variable"},"yoast_head":"<!-- This site is optimized with the Yoast SEO Premium plugin v26.0 (Yoast SEO v27.6) - https:\/\/yoast.com\/product\/yoast-seo-premium-wordpress\/ -->\n<title>Viagra 200mg For Sale Online \u2013 Fast &amp; Discreet Delivery &#187; Rx Meds Plus<\/title>\n<meta name=\"description\" content=\"Buy Viagra 200mg online for fast, discreet delivery\u2014powerful ED solution with no prescription needed. Order today for enhanced performance!\" \/>\n<meta name=\"robots\" content=\"noindex, follow, max-snippet:-1, max-image-preview:large, max-video-preview:-1\" \/>\n<meta property=\"og:locale\" content=\"pt_PT\" \/>\n<meta property=\"og:type\" content=\"article\" \/>\n<meta property=\"og:title\" content=\"Viagra 200mg For Sale Online \u2013 Fast &amp; Discreet Delivery\" \/>\n<meta property=\"og:description\" content=\"Buy Viagra 200mg online for fast, discreet delivery\u2014powerful ED solution with no prescription needed. Order today for enhanced performance!\" \/>\n<meta property=\"og:url\" content=\"https:\/\/rxmedsplus.com\/pt\/product\/viagra-200mg-online\/\" \/>\n<meta property=\"og:site_name\" content=\"Rx Meds Plus\" \/>\n<meta property=\"article:modified_time\" content=\"2026-05-11T00:46:55+00:00\" \/>\n<meta property=\"og:image\" content=\"https:\/\/rxmedsplus.com\/wp-content\/uploads\/2026\/05\/134369-5-1.jpg\" \/>\n\t<meta property=\"og:image:width\" content=\"500\" \/>\n\t<meta property=\"og:image:height\" content=\"500\" \/>\n\t<meta property=\"og:image:type\" content=\"image\/jpeg\" \/>\n<meta name=\"twitter:card\" content=\"summary_large_image\" \/>\n<meta name=\"twitter:label1\" content=\"Disponibilidade\" \/>\n\t<meta name=\"twitter:data1\" content=\"Em stock\" \/>\n<script type=\"application\/ld+json\" class=\"yoast-schema-graph\">{\"@context\":\"https:\\\/\\\/schema.org\",\"@graph\":[{\"@type\":\"WebPage\",\"@id\":\"https:\\\/\\\/rxmedsplus.com\\\/product\\\/viagra-200mg-online\\\/\",\"url\":\"https:\\\/\\\/rxmedsplus.com\\\/product\\\/viagra-200mg-online\\\/\",\"name\":\"Viagra 200mg For Sale Online \u2013 Fast & Discreet Delivery &#187; Rx Meds Plus\",\"isPartOf\":{\"@id\":\"https:\\\/\\\/rxmedsplus.com\\\/#website\"},\"primaryImageOfPage\":{\"@id\":\"https:\\\/\\\/rxmedsplus.com\\\/product\\\/viagra-200mg-online\\\/#primaryimage\"},\"image\":{\"@id\":\"https:\\\/\\\/rxmedsplus.com\\\/product\\\/viagra-200mg-online\\\/#primaryimage\"},\"thumbnailUrl\":\"https:\\\/\\\/rxmedsplus.com\\\/wp-content\\\/uploads\\\/2026\\\/05\\\/134369-5-1.jpg\",\"datePublished\":\"2026-05-03T23:30:24+00:00\",\"dateModified\":\"2026-05-11T00:46:55+00:00\",\"description\":\"Buy Viagra 200mg online for fast, discreet delivery\u2014powerful ED solution with no prescription needed. Order today for enhanced performance!\",\"breadcrumb\":{\"@id\":\"https:\\\/\\\/rxmedsplus.com\\\/product\\\/viagra-200mg-online\\\/#breadcrumb\"},\"inLanguage\":\"pt-PT\",\"potentialAction\":[{\"@type\":\"ReadAction\",\"target\":[\"https:\\\/\\\/rxmedsplus.com\\\/product\\\/viagra-200mg-online\\\/\"]}]},{\"@type\":\"ImageObject\",\"inLanguage\":\"pt-PT\",\"@id\":\"https:\\\/\\\/rxmedsplus.com\\\/product\\\/viagra-200mg-online\\\/#primaryimage\",\"url\":\"https:\\\/\\\/rxmedsplus.com\\\/wp-content\\\/uploads\\\/2026\\\/05\\\/134369-5-1.jpg\",\"contentUrl\":\"https:\\\/\\\/rxmedsplus.com\\\/wp-content\\\/uploads\\\/2026\\\/05\\\/134369-5-1.jpg\",\"width\":500,\"height\":500},{\"@type\":\"BreadcrumbList\",\"@id\":\"https:\\\/\\\/rxmedsplus.com\\\/product\\\/viagra-200mg-online\\\/#breadcrumb\",\"itemListElement\":[{\"@type\":\"ListItem\",\"position\":1,\"name\":\"Home\",\"item\":\"https:\\\/\\\/rxmedsplus.com\\\/\"},{\"@type\":\"ListItem\",\"position\":2,\"name\":\"Shop\",\"item\":\"https:\\\/\\\/rxmedsplus.com\\\/shop\\\/\"},{\"@type\":\"ListItem\",\"position\":3,\"name\":\"Viagra 200mg For Sale Online \u2013 Fast &#038; Discreet Delivery\"}]},{\"@type\":\"WebSite\",\"@id\":\"https:\\\/\\\/rxmedsplus.com\\\/#website\",\"url\":\"https:\\\/\\\/rxmedsplus.com\\\/\",\"name\":\"Rx Meds Plus\",\"description\":\"Buy Prescription Meds and Pills Online with Fast Delivery\",\"potentialAction\":[{\"@type\":\"SearchAction\",\"target\":{\"@type\":\"EntryPoint\",\"urlTemplate\":\"https:\\\/\\\/rxmedsplus.com\\\/?s={search_term_string}\"},\"query-input\":{\"@type\":\"PropertyValueSpecification\",\"valueRequired\":true,\"valueName\":\"search_term_string\"}}],\"inLanguage\":\"pt-PT\"}]}<\/script>\n<meta property=\"og:availability\" content=\"instock\" \/>\n<meta property=\"product:availability\" content=\"instock\" \/>\n<meta property=\"product:retailer_item_id\" content=\"134369\" \/>\n<meta property=\"product:condition\" content=\"new\" \/>\n<!-- \/ Yoast SEO Premium plugin. -->","yoast_head_json":{"title":"Viagra 200mg \u00e0 venda online \u2013 Entrega r\u00e1pida e discreta \u2013 Rx Meds Plus","description":"Comprar Viagra 200mg online com entrega r\u00e1pida e discreta \u2014 uma solu\u00e7\u00e3o poderosa para a disfun\u00e7\u00e3o er\u00e9ctil sem necessidade de receita m\u00e9dica. Encomende hoje mesmo e melhore o seu desempenho!","robots":{"index":"noindex","follow":"follow","max-snippet":"max-snippet:-1","max-image-preview":"max-image-preview:large","max-video-preview":"max-video-preview:-1"},"og_locale":"pt_PT","og_type":"article","og_title":"Viagra 200mg For Sale Online \u2013 Fast & Discreet Delivery","og_description":"Buy Viagra 200mg online for fast, discreet delivery\u2014powerful ED solution with no prescription needed. Order today for enhanced performance!","og_url":"https:\/\/rxmedsplus.com\/pt\/product\/viagra-200mg-online\/","og_site_name":"Rx Meds Plus","article_modified_time":"2026-05-11T00:46:55+00:00","og_image":[{"width":500,"height":500,"url":"https:\/\/rxmedsplus.com\/wp-content\/uploads\/2026\/05\/134369-5-1.jpg","type":"image\/jpeg"}],"twitter_card":"summary_large_image","twitter_misc":{"Disponibilidade":"Em stock"},"schema":{"@context":"https:\/\/schema.org","@graph":[{"@type":"WebPage","@id":"https:\/\/rxmedsplus.com\/product\/viagra-200mg-online\/","url":"https:\/\/rxmedsplus.com\/product\/viagra-200mg-online\/","name":"Viagra 200mg \u00e0 venda online \u2013 Entrega r\u00e1pida e discreta \u2013 Rx Meds Plus","isPartOf":{"@id":"https:\/\/rxmedsplus.com\/#website"},"primaryImageOfPage":{"@id":"https:\/\/rxmedsplus.com\/product\/viagra-200mg-online\/#primaryimage"},"image":{"@id":"https:\/\/rxmedsplus.com\/product\/viagra-200mg-online\/#primaryimage"},"thumbnailUrl":"https:\/\/rxmedsplus.com\/wp-content\/uploads\/2026\/05\/134369-5-1.jpg","datePublished":"2026-05-03T23:30:24+00:00","dateModified":"2026-05-11T00:46:55+00:00","description":"Comprar Viagra 200mg online com entrega r\u00e1pida e discreta \u2014 uma solu\u00e7\u00e3o poderosa para a disfun\u00e7\u00e3o er\u00e9ctil sem necessidade de receita m\u00e9dica. Encomende hoje mesmo e melhore o seu desempenho!","breadcrumb":{"@id":"https:\/\/rxmedsplus.com\/product\/viagra-200mg-online\/#breadcrumb"},"inLanguage":"pt-PT","potentialAction":[{"@type":"ReadAction","target":["https:\/\/rxmedsplus.com\/product\/viagra-200mg-online\/"]}]},{"@type":"ImageObject","inLanguage":"pt-PT","@id":"https:\/\/rxmedsplus.com\/product\/viagra-200mg-online\/#primaryimage","url":"https:\/\/rxmedsplus.com\/wp-content\/uploads\/2026\/05\/134369-5-1.jpg","contentUrl":"https:\/\/rxmedsplus.com\/wp-content\/uploads\/2026\/05\/134369-5-1.jpg","width":500,"height":500},{"@type":"BreadcrumbList","@id":"https:\/\/rxmedsplus.com\/product\/viagra-200mg-online\/#breadcrumb","itemListElement":[{"@type":"ListItem","position":1,"name":"Home","item":"https:\/\/rxmedsplus.com\/"},{"@type":"ListItem","position":2,"name":"Shop","item":"https:\/\/rxmedsplus.com\/shop\/"},{"@type":"ListItem","position":3,"name":"Viagra 200mg For Sale Online \u2013 Fast &#038; Discreet Delivery"}]},{"@type":"WebSite","@id":"https:\/\/rxmedsplus.com\/#website","url":"https:\/\/rxmedsplus.com\/","name":"Minha Metro De Rem\u00e9dios","description":"Compre medicamentos e comprimidos sujeitos a receita m\u00e9dica online com entrega r\u00e1pida.","potentialAction":[{"@type":"SearchAction","target":{"@type":"EntryPoint","urlTemplate":"https:\/\/rxmedsplus.com\/?s={search_term_string}"},"query-input":{"@type":"PropertyValueSpecification","valueRequired":true,"valueName":"search_term_string"}}],"inLanguage":"pt-PT"}]},"og_availability":"instock","product_availability":"instock","product_retailer_item_id":"134369","product_condition":"new"},"_links":{"self":[{"href":"https:\/\/rxmedsplus.com\/pt\/wp-json\/wp\/v2\/product\/4304","targetHints":{"allow":["GET"]}}],"collection":[{"href":"https:\/\/rxmedsplus.com\/pt\/wp-json\/wp\/v2\/product"}],"about":[{"href":"https:\/\/rxmedsplus.com\/pt\/wp-json\/wp\/v2\/types\/product"}],"replies":[{"embeddable":true,"href":"https:\/\/rxmedsplus.com\/pt\/wp-json\/wp\/v2\/comments?post=4304"}],"wp:featuredmedia":[{"embeddable":true,"href":"https:\/\/rxmedsplus.com\/pt\/wp-json\/wp\/v2\/media\/4334"}],"wp:attachment":[{"href":"https:\/\/rxmedsplus.com\/pt\/wp-json\/wp\/v2\/media?parent=4304"}],"wp:term":[{"taxonomy":"product_brand","embeddable":true,"href":"https:\/\/rxmedsplus.com\/pt\/wp-json\/wp\/v2\/product_brand?post=4304"},{"taxonomy":"product_cat","embeddable":true,"href":"https:\/\/rxmedsplus.com\/pt\/wp-json\/wp\/v2\/product_cat?post=4304"},{"taxonomy":"product_tag","embeddable":true,"href":"https:\/\/rxmedsplus.com\/pt\/wp-json\/wp\/v2\/product_tag?post=4304"}],"curies":[{"name":"wp","href":"https:\/\/api.w.org\/{rel}","templated":true}]}}