{"id":3330,"date":"2025-09-24T21:50:58","date_gmt":"2025-09-24T21:50:58","guid":{"rendered":"https:\/\/rxmedsplus.com\/?post_type=product&#038;p=3330"},"modified":"2025-09-25T11:01:17","modified_gmt":"2025-09-25T11:01:17","slug":"buy-tramadol-online","status":"publish","type":"product","link":"https:\/\/rxmedsplus.com\/ro\/product\/buy-tramadol-online\/","title":{"rendered":"Buy Tramadol Online 50mg Generic &#8211; Fast &#038; Affordable Relief"},"content":{"rendered":"<h3>Cump\u0103ra\u021bi Tramadol Online 50mg Generic \u2013 Ameliorare rapid\u0103 \u0219i accesibil\u0103  <\/h3>\n<p>Experimenta\u021bi o ameliorare rapid\u0103 \u0219i eficient\u0103 a durerii cu <strong>Tramadol 50 mg<\/strong>, un medicament generic de \u00eencredere, conceput pentru a gestiona durerea moderat\u0103 p\u00e2n\u0103 la sever\u0103. Indiferent dac\u0103 suferi\u021bi de disconfort cronic, dureri postoperatorii sau dureri legate de leziuni, Tramadol 50 mg ofer\u0103 o solu\u021bie fiabil\u0103 pentru a v\u0103 restabili calitatea vie\u021bii. Ca <strong>farmacie online de \u00eencredere<\/strong>, oferim <strong>comprimate autentice, f\u0103r\u0103 prescrip\u021bie medical\u0103, de Tramadol 50 mg<\/strong> cu livrare discret\u0103 \u00een \u00eentreaga lume c\u0103tre <strong>SUA, Canada, UE \u0219i nu numai<\/strong>Cump\u0103r\u0103 acum pentru o gestionare sigur\u0103 \u0219i accesibil\u0103 a durerii.  <\/p>\n<p>\u2014  <\/p>\n<h3>Ce este Tramadol 50 mg?  <\/h3>\n<p>Tramadolul este un <strong>analgezic opioid sintetic<\/strong> care modific\u0103 modul \u00een care creierul percepe durerea, oferind o u\u0219urare rapid\u0103. <strong>Doz\u0103 de 50 mg<\/strong> este una dintre cele mai frecvent prescrise concentra\u021bii, echilibr\u00e2nd eficacitatea cu siguran\u021ba. Este utilizat pe scar\u0103 larg\u0103 pentru a trata:  <\/p>\n<p>Dureri cronice (artrit\u0103, fibromialgie, neuropatie)<br \/>\nDisconfort postoperator<br \/>\nDureri de spate \u0219i afec\u021biuni musculo-scheletice<br \/>\nDurere sever\u0103 legat\u0103 de leziuni  <\/p>\n<p>Spre deosebire de opioidele mai puternice, <strong>Tramadol 50 mg generic<\/strong> ofer\u0103 un risc mai mic de dependen\u021b\u0103, fiind \u00een acela\u0219i timp foarte eficient.  <\/p>\n<p>\u2014  <\/p>\n<h3>Beneficiile cump\u0103r\u0103rii Tramadol 50mg online  <\/h3>\n<p>Achizi\u021bii <strong>Tramadol 50mg online<\/strong> ofer\u0103 confort, pre\u021buri accesibile \u0219i confiden\u021bialitate. Iat\u0103 de ce clien\u021bii aleg farmacia noastr\u0103:  <\/p>\n<p>\u2705 <strong>Nu este necesar\u0103 o re\u021bet\u0103<\/strong> \u2013 Renun\u021b\u0103 la b\u0103taia de cap a vizitelor la medic \u0219i ob\u021bine rapid u\u0219urarea de care ai nevoie.<br \/>\n\u2705 <strong>Livrare rapid\u0103 \u0219i discret\u0103<\/strong> \u2013 Ambalat \u00een siguran\u021b\u0103 \u0219i livrat la u\u0219a dumneavoastr\u0103 \u00een colete nemarcate.<br \/>\n\u2705 <strong>Pre\u021buri accesibile<\/strong> \u2013 Tarife competitive \u00een compara\u021bie cu farmaciile tradi\u021bionale.<br \/>\n\u2705 <strong>Medicamente de \u00eenalt\u0103 calitate<\/strong> \u2013 Provenit de la produc\u0103tori de renume pentru o poten\u021b\u0103 garantat\u0103.  <\/p>\n<p>C\u00e2nd tu <strong>cump\u0103ra\u021bi Tramadol online 50mg generic<\/strong>, elimina\u021bi \u00eent\u00e2rzierile inutile, asigur\u00e2nd \u00een acela\u0219i timp o ameliorare a durerii \u00een siguran\u021b\u0103, de \u00eencredere pentru medici.  <\/p>\n<p>\u2014  <\/p>\n<h3>Cum func\u021bioneaz\u0103 Tramadol 50 mg?  <\/h3>\n<p>Tramadolul ac\u021bioneaz\u0103 ca un <strong>analgezic cu ac\u021biune dubl\u0103<\/strong>:  <\/p>\n<p>1. <strong>Activarea receptorilor opioizi<\/strong> \u2013 Se leag\u0103 de receptorii cerebrali pentru a reduce percep\u021bia durerii.<br \/>\n2. <strong>Stimulare a serotoninei \u0219i norepinefrinei<\/strong> \u2013 \u00cembun\u0103t\u0103\u021be\u0219te neurotransmi\u021b\u0103torii naturali care blocheaz\u0103 durerea.  <\/p>\n<p>Aceast\u0103 combina\u021bie \u00eel face extrem de eficient pentru controlul durerii de lung\u0103 durat\u0103, reduc\u00e2nd \u00een acela\u0219i timp efectele secundare.  <\/p>\n<p>\u2014  <\/p>\n<h3>Dozaj recomandat \u0219i instruc\u021biuni de siguran\u021b\u0103  <\/h3>\n<p>Doza standard este <strong>50 mg p\u00e2n\u0103 la 100 mg la fiecare 4-6 ore<\/strong>, cu un maxim de <strong>400 mg pe zi<\/strong>\u00centotdeauna \u00eencepe\u021bi cu cea mai mic\u0103 doz\u0103 eficient\u0103 pentru a evalua toleran\u021ba.  <\/p>\n<h4>Sfaturi importante de siguran\u021b\u0103:  <\/h4>\n<p>\u2714 Nu amesteca\u021bi cu alcool sau sedative (risc de depresie respiratorie).<br \/>\n\u2714 Evita\u021bi s\u0103 conduce\u021bi vehicule sau s\u0103 folosi\u021bi utilaje grele, deoarece Tramadolul poate provoca ame\u021beli.<br \/>\n\u2714 Consulta\u021bi un medic dac\u0103 ave\u021bi antecedente de convulsii, probleme hepatice\/renale sau alergii la medicamente.  <\/p>\n<p>Pentru utilizatorii \u00eencep\u0103tori, recomand\u0103m s\u0103 \u00eencepe\u021bi cu <strong>50 mg<\/strong> pentru a evalua efectele \u00eenainte de a face ajust\u0103rile necesare.  <\/p>\n<p>\u2014  <\/p>\n<h3>De ce s\u0103 ne alege\u021bi ca furnizor de \u00eencredere de tramadol?  <\/h3>\n<p>C\u00e2nd tu <strong>cump\u0103ra\u021bi Tramadol online f\u0103r\u0103 re\u021bet\u0103<\/strong>, fiabilitatea conteaz\u0103. Iat\u0103 de ce ne remarc\u0103m:  <\/p>\n<p>\ud83d\udd39 <strong>Livrare global\u0103 discret\u0103 \u0219i securizat\u0103<\/strong> \u2013 Livrarea este disponibil\u0103 \u00een SUA, Canada, UE \u0219i \u00een \u00eentreaga lume, cu urm\u0103rire.<br \/>\n\ud83d\udd39 <strong>Asisten\u021b\u0103 clien\u021bi 24\/7<\/strong> \u2013 Asisten\u021b\u0103 profesional\u0103 pentru solicit\u0103ri legate de comenzi.<br \/>\n\ud83d\udd39 <strong>Testat de ter\u021bi<\/strong> \u2013 Fiecare lot este verificat pentru calitate, pentru puritate \u0219i eficacitate.<br \/>\n\ud83d\udd39 <strong>Comand\u0103 online u\u0219oar\u0103<\/strong> \u2013 Finalizare simpl\u0103 a comenzii, metode multiple de plat\u0103 \u0219i procesare rapid\u0103.  <\/p>\n<p>Prioritiz\u0103m confiden\u021bialitatea \u0219i satisfac\u021bia dumneavoastr\u0103, asigur\u00e2nd tranzac\u021bii f\u0103r\u0103 probleme \u0219i solu\u021bii fiabile de gestionare a durerii.  <\/p>\n<p>\u2014  <\/p>\n<h3>Reac\u021bii adverse frecvente \u0219i precau\u021bii  <\/h3>\n<p>\u00cen timp ce <strong>Tramadol 50 mg generic<\/strong> este \u00een general bine tolerat, unii utilizatori pot prezenta:  <\/p>\n<p>Somnolen\u021b\u0103<br \/>\nGrea\u021b\u0103 sau constipa\u021bie<br \/>\nAme\u021beli sau dureri de cap u\u0219oare  <\/p>\n<p>Reac\u021biile adverse grave (dificult\u0103\u021bi de respira\u021bie, convulsii, le\u0219in) sunt rare, dar necesit\u0103 asisten\u021b\u0103 medical\u0103 imediat\u0103. Evita\u021bi \u00eentreruperea brusc\u0103 pentru a preveni simptomele de sevraj.  <\/p>\n<p>\u2014  <\/p>\n<h3>Cump\u0103ra\u021bi Tramadol Online 50mg Generic Ast\u0103zi \u2013 Rapid \u0219i Discret  <\/h3>\n<p>Spune adio durerii persistente cu <strong>comprimate Tramadol 50 mg de \u00eencredere \u0219i accesibile<\/strong> disponibil f\u0103r\u0103 re\u021bet\u0103. Procesul nostru simplificat de comand\u0103, <strong>transport maritim global<\/strong>\u0219i medicamentele de calitate premium v\u0103 asigur\u0103 c\u0103 primi\u021bi tratamentul rapid \u0219i \u00een mod privat. <strong>Comand\u0103 acum<\/strong> pentru ameliorarea durerii direct la u\u0219a ta!  <\/p>\n<p>Caut un\/o <strong>surs\u0103 de \u00eencredere pentru a cump\u0103ra Tramadol online 50mg generic<\/strong>V\u0103 garant\u0103m <strong>tranzac\u021bii sigure, pre\u021buri competitive \u0219i livrare rapid\u0103<\/strong>Nu l\u0103sa durerea s\u0103 te opreasc\u0103 - cump\u0103r\u0103 acum \u0219i rec\u00e2\u0219tig\u0103 confortul cu u\u0219urin\u021b\u0103.<\/p>","protected":false},"excerpt":{"rendered":"<p>Ave\u021bi nevoie de o ameliorare rapid\u0103 \u0219i accesibil\u0103 a durerii? Tramadol 50 mg, un medicament generic, ofer\u0103 aceea\u0219i eficacitate ca \u0219i versiunile de marc\u0103, la o frac\u021biune din cost. \u00cen calitate de furnizor de \u00eencredere de peste un deceniu, garant\u0103m livrare discret\u0103, pl\u0103\u021bi sigure \u0219i asisten\u021b\u0103 clien\u021bi fiabil\u0103 24\/7. Bucura\u021bi-v\u0103 de calitatea aprobat\u0103 de FDA, f\u0103r\u0103 dificult\u0103\u021bile re\u021betelor - comanda\u021bi ast\u0103zi pentru livrare rapid\u0103 direct la u\u0219a dumneavoastr\u0103!<\/p>","protected":false},"featured_media":3357,"comment_status":"open","ping_status":"closed","template":"","meta":{"site-sidebar-layout":"default","site-content-layout":"","ast-site-content-layout":"default","site-content-style":"default","site-sidebar-style":"default","ast-global-header-display":"","ast-banner-title-visibility":"","ast-main-header-display":"","ast-hfb-above-header-display":"","ast-hfb-below-header-display":"","ast-hfb-mobile-header-display":"","site-post-title":"","ast-breadcrumbs-content":"","ast-featured-img":"","footer-sml-layout":"","ast-disable-related-posts":"","theme-transparent-header-meta":"","adv-header-id-meta":"","stick-header-meta":"","header-above-stick-meta":"","header-main-stick-meta":"","header-below-stick-meta":"","astra-migrate-meta-layouts":"default","ast-page-background-enabled":"default","ast-page-background-meta":{"desktop":{"background-color":"","background-image":"","background-repeat":"repeat","background-position":"center center","background-size":"auto","background-attachment":"scroll","background-type":"","background-media":"","overlay-type":"","overlay-color":"","overlay-opacity":"","overlay-gradient":""},"tablet":{"background-color":"","background-image":"","background-repeat":"repeat","background-position":"center center","background-size":"auto","background-attachment":"scroll","background-type":"","background-media":"","overlay-type":"","overlay-color":"","overlay-opacity":"","overlay-gradient":""},"mobile":{"background-color":"","background-image":"","background-repeat":"repeat","background-position":"center center","background-size":"auto","background-attachment":"scroll","background-type":"","background-media":"","overlay-type":"","overlay-color":"","overlay-opacity":"","overlay-gradient":""}},"ast-content-background-meta":{"desktop":{"background-color":"var(--ast-global-color-5)","background-image":"","background-repeat":"repeat","background-position":"center center","background-size":"auto","background-attachment":"scroll","background-type":"","background-media":"","overlay-type":"","overlay-color":"","overlay-opacity":"","overlay-gradient":""},"tablet":{"background-color":"var(--ast-global-color-5)","background-image":"","background-repeat":"repeat","background-position":"center center","background-size":"auto","background-attachment":"scroll","background-type":"","background-media":"","overlay-type":"","overlay-color":"","overlay-opacity":"","overlay-gradient":""},"mobile":{"background-color":"var(--ast-global-color-5)","background-image":"","background-repeat":"repeat","background-position":"center center","background-size":"auto","background-attachment":"scroll","background-type":"","background-media":"","overlay-type":"","overlay-color":"","overlay-opacity":"","overlay-gradient":""}}},"product_brand":[],"product_cat":[37],"product_tag":[1032,1292,1290,251,1293,1294,704,622,1289,1291],"class_list":{"0":"post-3330","1":"product","2":"type-product","3":"status-publish","4":"has-post-thumbnail","6":"product_cat-buy-pain-relief-medication-online","7":"product_tag-buy-tramadol-online","8":"product_tag-cheap-tramadol","9":"product_tag-generic-tramadol","10":"product_tag-online-pharmacy","11":"product_tag-order-tramadol","12":"product_tag-pain-killers","13":"product_tag-pain-relief-medication","14":"product_tag-prescription-drugs","15":"product_tag-tramadol-50mg","16":"product_tag-tramadol-hcl","17":"desktop-align-left","18":"tablet-align-left","19":"mobile-align-left","20":"ast-product-gallery-layout-horizontal-slider","21":"ast-product-gallery-with-no-image","22":"ast-magnify-disabled","23":"ast-product-single-variable","24":"ast-product-tabs-layout-horizontal","26":"first","27":"instock","28":"shipping-taxable","29":"purchasable","30":"product-type-variable"},"yoast_head":"<!-- This site is optimized with the Yoast SEO Premium plugin v26.0 (Yoast SEO v27.6) - https:\/\/yoast.com\/product\/yoast-seo-premium-wordpress\/ -->\n<title>Buy Tramadol Online 50mg Generic - Fast &amp; Affordable Relief &#187; Rx Meds Plus<\/title>\n<meta name=\"description\" content=\"Buy tramadol online for fast, affordable pain relief. Get high-quality generic Tramadol 50mg with secure payment and discreet delivery. Order now!\" \/>\n<meta name=\"robots\" content=\"noindex, follow, max-snippet:-1, max-image-preview:large, max-video-preview:-1\" \/>\n<meta property=\"og:locale\" content=\"ro_RO\" \/>\n<meta property=\"og:type\" content=\"article\" \/>\n<meta property=\"og:title\" content=\"Buy Tramadol Online 50mg Generic - Fast &amp; Affordable Relief\" \/>\n<meta property=\"og:description\" content=\"Buy tramadol online for fast, affordable pain relief. Get high-quality generic Tramadol 50mg with secure payment and discreet delivery. Order now!\" \/>\n<meta property=\"og:url\" content=\"https:\/\/rxmedsplus.com\/ro\/produs\/buy-tramadol-online\/\" \/>\n<meta property=\"og:site_name\" content=\"Rx Meds Plus\" \/>\n<meta property=\"article:modified_time\" content=\"2025-09-25T11:01:17+00:00\" \/>\n<meta property=\"og:image\" content=\"https:\/\/mlehknw8zzux.i.optimole.com\/w:960\/h:1280\/q:mauto\/f:best\/https:\/\/rxmedsplus.com\/wp-content\/uploads\/2025\/09\/11123-Buy-Tramadol-50-Mg.jpg\" \/>\n\t<meta property=\"og:image:width\" content=\"960\" \/>\n\t<meta property=\"og:image:height\" content=\"1280\" \/>\n\t<meta property=\"og:image:type\" content=\"image\/jpeg\" \/>\n<meta name=\"twitter:card\" content=\"summary_large_image\" \/>\n<meta name=\"twitter:label1\" content=\"Disponibilitate\" \/>\n\t<meta name=\"twitter:data1\" content=\"\u00cen stoc\" \/>\n<script type=\"application\/ld+json\" class=\"yoast-schema-graph\">{\"@context\":\"https:\\\/\\\/schema.org\",\"@graph\":[{\"@type\":\"WebPage\",\"@id\":\"https:\\\/\\\/rxmedsplus.com\\\/product\\\/buy-tramadol-online\\\/\",\"url\":\"https:\\\/\\\/rxmedsplus.com\\\/product\\\/buy-tramadol-online\\\/\",\"name\":\"Buy Tramadol Online 50mg Generic - Fast & Affordable Relief &#187; Rx Meds Plus\",\"isPartOf\":{\"@id\":\"https:\\\/\\\/rxmedsplus.com\\\/#website\"},\"primaryImageOfPage\":{\"@id\":\"https:\\\/\\\/rxmedsplus.com\\\/product\\\/buy-tramadol-online\\\/#primaryimage\"},\"image\":{\"@id\":\"https:\\\/\\\/rxmedsplus.com\\\/product\\\/buy-tramadol-online\\\/#primaryimage\"},\"thumbnailUrl\":\"https:\\\/\\\/rxmedsplus.com\\\/wp-content\\\/uploads\\\/2025\\\/09\\\/11123-Buy-Tramadol-50-Mg.jpg\",\"datePublished\":\"2025-09-24T21:50:58+00:00\",\"dateModified\":\"2025-09-25T11:01:17+00:00\",\"description\":\"Buy tramadol online for fast, affordable pain relief. Get high-quality generic Tramadol 50mg with secure payment and discreet delivery. Order now!\",\"breadcrumb\":{\"@id\":\"https:\\\/\\\/rxmedsplus.com\\\/product\\\/buy-tramadol-online\\\/#breadcrumb\"},\"inLanguage\":\"ro-RO\",\"potentialAction\":[{\"@type\":\"ReadAction\",\"target\":[\"https:\\\/\\\/rxmedsplus.com\\\/product\\\/buy-tramadol-online\\\/\"]}]},{\"@type\":\"ImageObject\",\"inLanguage\":\"ro-RO\",\"@id\":\"https:\\\/\\\/rxmedsplus.com\\\/product\\\/buy-tramadol-online\\\/#primaryimage\",\"url\":\"https:\\\/\\\/rxmedsplus.com\\\/wp-content\\\/uploads\\\/2025\\\/09\\\/11123-Buy-Tramadol-50-Mg.jpg\",\"contentUrl\":\"https:\\\/\\\/rxmedsplus.com\\\/wp-content\\\/uploads\\\/2025\\\/09\\\/11123-Buy-Tramadol-50-Mg.jpg\",\"width\":960,\"height\":1280},{\"@type\":\"BreadcrumbList\",\"@id\":\"https:\\\/\\\/rxmedsplus.com\\\/product\\\/buy-tramadol-online\\\/#breadcrumb\",\"itemListElement\":[{\"@type\":\"ListItem\",\"position\":1,\"name\":\"Home\",\"item\":\"https:\\\/\\\/rxmedsplus.com\\\/\"},{\"@type\":\"ListItem\",\"position\":2,\"name\":\"Shop\",\"item\":\"https:\\\/\\\/rxmedsplus.com\\\/shop\\\/\"},{\"@type\":\"ListItem\",\"position\":3,\"name\":\"Buy Tramadol Online 50mg Generic &#8211; Fast &#038; Affordable Relief\"}]},{\"@type\":\"WebSite\",\"@id\":\"https:\\\/\\\/rxmedsplus.com\\\/#website\",\"url\":\"https:\\\/\\\/rxmedsplus.com\\\/\",\"name\":\"Rx Meds Plus\",\"description\":\"Buy Prescription Meds and Pills Online with Fast Delivery\",\"potentialAction\":[{\"@type\":\"SearchAction\",\"target\":{\"@type\":\"EntryPoint\",\"urlTemplate\":\"https:\\\/\\\/rxmedsplus.com\\\/?s={search_term_string}\"},\"query-input\":{\"@type\":\"PropertyValueSpecification\",\"valueRequired\":true,\"valueName\":\"search_term_string\"}}],\"inLanguage\":\"ro-RO\"}]}<\/script>\n<meta property=\"og:availability\" content=\"instock\" \/>\n<meta property=\"product:availability\" content=\"instock\" \/>\n<meta property=\"product:retailer_item_id\" content=\"YVZz9j4Eq2\" \/>\n<meta property=\"product:condition\" content=\"new\" \/>\n<!-- \/ Yoast SEO Premium plugin. -->","yoast_head_json":{"title":"Cump\u0103ra\u021bi Tramadol Online 50mg Generic - Ameliorare rapid\u0103 \u0219i accesibil\u0103 | Medicamente cu prescrip\u021bie medical\u0103 Plus","description":"Cump\u0103ra\u021bi tramadol online pentru ameliorarea durerii rapid \u0219i la pre\u021buri accesibile. Ob\u021bine\u021bi Tramadol 50 mg generic de \u00eenalt\u0103 calitate cu plat\u0103 securizat\u0103 \u0219i livrare discret\u0103. Comanda\u021bi acum!","robots":{"index":"noindex","follow":"follow","max-snippet":"max-snippet:-1","max-image-preview":"max-image-preview:large","max-video-preview":"max-video-preview:-1"},"og_locale":"ro_RO","og_type":"article","og_title":"Buy Tramadol Online 50mg Generic - Fast & Affordable Relief","og_description":"Buy tramadol online for fast, affordable pain relief. Get high-quality generic Tramadol 50mg with secure payment and discreet delivery. Order now!","og_url":"https:\/\/rxmedsplus.com\/ro\/produs\/buy-tramadol-online\/","og_site_name":"Rx Meds Plus","article_modified_time":"2025-09-25T11:01:17+00:00","og_image":[{"width":960,"height":1280,"url":"https:\/\/mlehknw8zzux.i.optimole.com\/w:960\/h:1280\/q:mauto\/f:best\/https:\/\/rxmedsplus.com\/wp-content\/uploads\/2025\/09\/11123-Buy-Tramadol-50-Mg.jpg","type":"image\/jpeg"}],"twitter_card":"summary_large_image","twitter_misc":{"Disponibilitate":"\u00cen stoc"},"schema":{"@context":"https:\/\/schema.org","@graph":[{"@type":"WebPage","@id":"https:\/\/rxmedsplus.com\/product\/buy-tramadol-online\/","url":"https:\/\/rxmedsplus.com\/product\/buy-tramadol-online\/","name":"Cump\u0103ra\u021bi Tramadol Online 50mg Generic - Ameliorare rapid\u0103 \u0219i accesibil\u0103 | Medicamente cu prescrip\u021bie medical\u0103 Plus","isPartOf":{"@id":"https:\/\/rxmedsplus.com\/#website"},"primaryImageOfPage":{"@id":"https:\/\/rxmedsplus.com\/product\/buy-tramadol-online\/#primaryimage"},"image":{"@id":"https:\/\/rxmedsplus.com\/product\/buy-tramadol-online\/#primaryimage"},"thumbnailUrl":"https:\/\/rxmedsplus.com\/wp-content\/uploads\/2025\/09\/11123-Buy-Tramadol-50-Mg.jpg","datePublished":"2025-09-24T21:50:58+00:00","dateModified":"2025-09-25T11:01:17+00:00","description":"Cump\u0103ra\u021bi tramadol online pentru ameliorarea durerii rapid \u0219i la pre\u021buri accesibile. Ob\u021bine\u021bi Tramadol 50 mg generic de \u00eenalt\u0103 calitate cu plat\u0103 securizat\u0103 \u0219i livrare discret\u0103. Comanda\u021bi acum!","breadcrumb":{"@id":"https:\/\/rxmedsplus.com\/product\/buy-tramadol-online\/#breadcrumb"},"inLanguage":"ro-RO","potentialAction":[{"@type":"ReadAction","target":["https:\/\/rxmedsplus.com\/product\/buy-tramadol-online\/"]}]},{"@type":"ImageObject","inLanguage":"ro-RO","@id":"https:\/\/rxmedsplus.com\/product\/buy-tramadol-online\/#primaryimage","url":"https:\/\/rxmedsplus.com\/wp-content\/uploads\/2025\/09\/11123-Buy-Tramadol-50-Mg.jpg","contentUrl":"https:\/\/rxmedsplus.com\/wp-content\/uploads\/2025\/09\/11123-Buy-Tramadol-50-Mg.jpg","width":960,"height":1280},{"@type":"BreadcrumbList","@id":"https:\/\/rxmedsplus.com\/product\/buy-tramadol-online\/#breadcrumb","itemListElement":[{"@type":"ListItem","position":1,"name":"Home","item":"https:\/\/rxmedsplus.com\/"},{"@type":"ListItem","position":2,"name":"Shop","item":"https:\/\/rxmedsplus.com\/shop\/"},{"@type":"ListItem","position":3,"name":"Buy Tramadol Online 50mg Generic &#8211; Fast &#038; Affordable Relief"}]},{"@type":"WebSite","@id":"https:\/\/rxmedsplus.com\/#website","url":"https:\/\/rxmedsplus.com\/","name":"Medicamente cu prescrip\u021bie medical\u0103 Plus","description":"Cump\u0103ra\u021bi medicamente \u0219i pastile cu prescrip\u021bie medical\u0103 online cu livrare rapid\u0103","potentialAction":[{"@type":"SearchAction","target":{"@type":"EntryPoint","urlTemplate":"https:\/\/rxmedsplus.com\/?s={search_term_string}"},"query-input":{"@type":"PropertyValueSpecification","valueRequired":true,"valueName":"search_term_string"}}],"inLanguage":"ro-RO"}]},"og_availability":"instock","product_availability":"instock","product_retailer_item_id":"YVZz9j4Eq2","product_condition":"new"},"_links":{"self":[{"href":"https:\/\/rxmedsplus.com\/ro\/wp-json\/wp\/v2\/product\/3330","targetHints":{"allow":["GET"]}}],"collection":[{"href":"https:\/\/rxmedsplus.com\/ro\/wp-json\/wp\/v2\/product"}],"about":[{"href":"https:\/\/rxmedsplus.com\/ro\/wp-json\/wp\/v2\/types\/product"}],"replies":[{"embeddable":true,"href":"https:\/\/rxmedsplus.com\/ro\/wp-json\/wp\/v2\/comments?post=3330"}],"wp:featuredmedia":[{"embeddable":true,"href":"https:\/\/rxmedsplus.com\/ro\/wp-json\/wp\/v2\/media\/3357"}],"wp:attachment":[{"href":"https:\/\/rxmedsplus.com\/ro\/wp-json\/wp\/v2\/media?parent=3330"}],"wp:term":[{"taxonomy":"product_brand","embeddable":true,"href":"https:\/\/rxmedsplus.com\/ro\/wp-json\/wp\/v2\/product_brand?post=3330"},{"taxonomy":"product_cat","embeddable":true,"href":"https:\/\/rxmedsplus.com\/ro\/wp-json\/wp\/v2\/product_cat?post=3330"},{"taxonomy":"product_tag","embeddable":true,"href":"https:\/\/rxmedsplus.com\/ro\/wp-json\/wp\/v2\/product_tag?post=3330"}],"curies":[{"name":"wp","href":"https:\/\/api.w.org\/{rel}","templated":true}]}}