{"id":3364,"date":"2025-09-24T21:51:26","date_gmt":"2025-09-24T21:51:26","guid":{"rendered":"https:\/\/rxmedsplus.com\/?post_type=product&#038;p=3364"},"modified":"2025-09-25T11:01:15","modified_gmt":"2025-09-25T11:01:15","slug":"buy-morphine-online","status":"publish","type":"product","link":"https:\/\/rxmedsplus.com\/ro\/product\/buy-morphine-online\/","title":{"rendered":"Buy Morphine Online \u2013 Fast &#038; Affordable 30mg Generic Pills"},"content":{"rendered":"<h2>Cump\u0103ra\u021bi morfin\u0103 online \u2013 pastile generice de 30 mg rapide \u0219i accesibile pentru ameliorarea eficient\u0103 a durerii<\/h2>\n<p>C\u00e2nd durerea sever\u0103 perturb\u0103 via\u021ba de zi cu zi, g\u0103sirea unei solu\u021bii fiabile este crucial\u0103. Dac\u0103 dori\u021bi s\u0103... <strong>cump\u0103ra\u021bi morfin\u0103 online<\/strong>, al nostru <strong>pastile generice de 30 mg rapide \u0219i accesibile<\/strong> v\u0103 ofer\u0103 ameliorarea puternic\u0103 a durerii de care ave\u021bi nevoie f\u0103r\u0103 prescrip\u021bie medical\u0103. Ca <strong>farmacie online de \u00eencredere<\/strong>, oferim livrare discret\u0103 la nivel global \u00een SUA, Canada, UE \u0219i \u00een \u00eentreaga lume - asigur\u00e2nd livrare confiden\u021bial\u0103 \u0219i securizat\u0103 direct la u\u0219a dumneavoastr\u0103.  <\/p>\n<h3>De ce s\u0103 alege\u021bi pastilele noastre generice de morfin\u0103 de 30 mg?<\/h3>\n<p>Noastre <strong>Pastile de morfin\u0103 30 mg<\/strong> sunt fabricate conform unor standarde stricte de calitate, oferind o ameliorare constant\u0103 a durerii pentru afec\u021biuni cronice \u0219i acute. Ca <strong>Generic aprobat de FDA<\/strong> Ca alternativ\u0103 la opioidele de marc\u0103, aceste comprimate ofer\u0103 aceea\u0219i eficacitate la o frac\u021biune din cost.  <\/p>\n<p>\u2013 <strong>Dozaj puternic<\/strong>Fiecare comprimat con\u021bine <strong>30 mg de sulfat de morfin\u0103<\/strong>, ideal pentru gestionarea durerii moderate p\u00e2n\u0103 la severe.<br \/>\n\u2013 <strong>Ac\u021biune rapid\u0103<\/strong>Se absoarbe rapid pentru o u\u0219urare \u00een interior <strong>30-60 de minute<\/strong>, de durat\u0103 <strong>4-6 ore<\/strong>.<br \/>\n\u2013 <strong>Puritate ridicat\u0103<\/strong>Testat \u00een laborator pentru siguran\u021b\u0103, f\u0103r\u0103 contaminan\u021bi sau materiale de umplutur\u0103.<br \/>\n\u2013 <strong>Ambalaj discret<\/strong>Expediat \u00een siguran\u021b\u0103 \u00een colete nemarcate pentru a v\u0103 proteja confiden\u021bialitatea.  <\/p>\n<h2>Utiliz\u0103ri \u0219i beneficii ale pastilelor de morfin\u0103 30 mg<\/h2>\n<p><strong>Sulfat de morfin\u0103 30 mg<\/strong> este un <strong>analgezic opioid<\/strong> utilizat pentru tratarea durerii severe asociate cu:  <\/p>\n<p>\u2013 <strong>Afec\u021biuni cronice<\/strong> (cancer, neuropatie, artrit\u0103)<br \/>\n\u2013 <strong>Recuperare postoperatorie<\/strong><br \/>\n\u2013 <strong>Durere legat\u0103 de accidentare<\/strong><br \/>\n\u2013 <strong>\u00cengrijiri paliative<\/strong>  <\/p>\n<p>De <strong>cump\u0103rarea morfinei online<\/strong> f\u0103r\u0103 re\u021bet\u0103, s\u0103ri\u021bi peste vizitele lungi la medic \u00een timp ce primi\u021bi \u00een continuare <strong>ameliorarea durerii de \u00eenalt\u0103 calitate<\/strong>Nostru\/Noastr\u0103 <strong>pastile generice accesibile<\/strong> asigur\u0103 accesibilitatea pentru cei care se confrunt\u0103 cu disconfort persistent.  <\/p>\n<h3>Cum s\u0103 lua\u021bi morfin\u0103 30 mg \u00een siguran\u021b\u0103<\/h3>\n<p>Pentru a maximiza beneficiile \u0219i a reduce riscurile:  <\/p>\n<p>\u2013 <strong>Dozare<\/strong>\u00cencepe\u021bi cu <strong>un comprimat de 30 mg la fiecare 4-6 ore<\/strong> dup\u0103 cum este necesar. Nu dep\u0103\u0219i\u021bi doza f\u0103r\u0103 sfatul medicului.<br \/>\n\u2013 <strong>Administrare<\/strong>\u00cenghi\u021bi\u021bi comprimatul \u00eentreg cu ap\u0103; evita\u021bi zdrobirea (poate cre\u0219te riscul de supradozaj).<br \/>\n\u2013 <strong>Precau\u021bii<\/strong>Evita\u021bi alcoolul, benzodiazepinele \u0219i alte deprimante ale SNC pentru a preveni interac\u021biunile periculoase.  <\/p>\n<p>Consulta\u021bi un medic dac\u0103 ave\u021bi probleme hepatice\/renale sau antecedente de abuz de substan\u021be.  <\/p>\n<h2>De ce s\u0103 cumperi morfin\u0103 online de la noi?<\/h2>\n<p>Ca un <strong>farmacie online de renume<\/strong>, prioritiz\u0103m:  <\/p>\n<p>\u2013 <strong>Nu este nevoie de re\u021bet\u0103<\/strong>Evit\u0103 procesele complexe de aprobare.<br \/>\n\u2013 <strong>Worldwide Shipping<\/strong>Livr\u0103m \u00een SUA, Canada, UE \u0219i la nivel global cu <strong>ambalaj discret<\/strong>.<br \/>\n\u2013 <strong>Asisten\u021b\u0103 clien\u021bi 24\/7<\/strong>Asisten\u021b\u0103 pentru comenzi \u0219i \u00eentreb\u0103ri privind dozajul.<br \/>\n\u2013 <strong>Competitive Pricing<\/strong>: <strong>Tarife accesibile<\/strong> comparativ cu farmaciile tradi\u021bionale.  <\/p>\n<h3>Efecte secundare poten\u021biale ale morfinei<\/h3>\n<p>Reac\u021biile adverse frecvente (de obicei temporare) includ:<br \/>\nSomnolen\u021b\u0103<br \/>\nConstipa\u021bie<br \/>\nGrea\u021b\u0103  <\/p>\n<p>Reac\u021bii adverse grave (solicita\u021bi imediat asisten\u021b\u0103 dac\u0103 apar):<br \/>\nDificult\u0103\u021bi de respira\u021bie<br \/>\nAme\u021beli severe<br \/>\nReac\u021bii alergice  <\/p>\n<h2>Comanda\u021bi-v\u0103 pastilele de morfin\u0103 30 mg online ast\u0103zi<\/h2>\n<p>Pentru rapid, <strong>ameliorarea durerii la pre\u021buri accesibile<\/strong>, <strong>cump\u0103ra\u021bi morfin\u0103 online<\/strong> din magazinul nostru de \u00eencredere. Garant\u0103m <strong>medicamente generice autentice<\/strong>, tranzac\u021bii sigure \u0219i livrare prompt\u0103. Plasa\u021bi comanda acum \u0219i experimenta\u021bi confortul <strong>gestionarea discret\u0103 a durerii, f\u0103r\u0103 prescrip\u021bie medical\u0103<\/strong>.  <\/p>\n<h3>G\u00e2nduri finale<\/h3>\n<p>Dac\u0103 ave\u021bi nevoie de o surs\u0103 de \u00eencredere pentru a <strong>Cump\u0103ra\u021bi pastile de morfin\u0103 30 mg online<\/strong>, farmacia noastr\u0103 garanteaz\u0103 calitate, accesibilitate \u0219i confiden\u021bialitate. Fie c\u0103 este vorba de dureri cronice sau de recuperare, farmacia noastr\u0103 <strong>comprimate generice de sulfat de morfin\u0103<\/strong> ofer\u0103 o u\u0219urare eficient\u0103. Cump\u0103r\u0103 acum \u0219i f\u0103 primul pas c\u0103tre o via\u021b\u0103 mai confortabil\u0103.<\/p>","protected":false},"excerpt":{"rendered":"<p>Ob\u021bine\u021bi o u\u0219urare rapid\u0103 \u0219i accesibil\u0103 cu pastilele noastre generice de morfin\u0103 de 30 mg - f\u0103r\u0103 prescrip\u021bie medical\u0103! Farmacia noastr\u0103 de \u00eencredere ofer\u0103 medicamente generice bioechivalente de \u00eenalt\u0103 calitate, care func\u021bioneaz\u0103 exact ca medicamentele de marc\u0103. Bucura\u021bi-v\u0103 de livrare discret\u0103, pl\u0103\u021bi securizate \u0219i asisten\u021b\u0103 clien\u021bi 24\/7 pentru o experien\u021b\u0103 f\u0103r\u0103 probleme. Comanda\u021bi acum pentru o gestionare fiabil\u0103 a durerii, livrat\u0103 direct la u\u0219a dumneavoastr\u0103!<\/p>","protected":false},"featured_media":3396,"comment_status":"open","ping_status":"closed","template":"","meta":{"site-sidebar-layout":"default","site-content-layout":"","ast-site-content-layout":"default","site-content-style":"default","site-sidebar-style":"default","ast-global-header-display":"","ast-banner-title-visibility":"","ast-main-header-display":"","ast-hfb-above-header-display":"","ast-hfb-below-header-display":"","ast-hfb-mobile-header-display":"","site-post-title":"","ast-breadcrumbs-content":"","ast-featured-img":"","footer-sml-layout":"","ast-disable-related-posts":"","theme-transparent-header-meta":"","adv-header-id-meta":"","stick-header-meta":"","header-above-stick-meta":"","header-main-stick-meta":"","header-below-stick-meta":"","astra-migrate-meta-layouts":"default","ast-page-background-enabled":"default","ast-page-background-meta":{"desktop":{"background-color":"","background-image":"","background-repeat":"repeat","background-position":"center center","background-size":"auto","background-attachment":"scroll","background-type":"","background-media":"","overlay-type":"","overlay-color":"","overlay-opacity":"","overlay-gradient":""},"tablet":{"background-color":"","background-image":"","background-repeat":"repeat","background-position":"center center","background-size":"auto","background-attachment":"scroll","background-type":"","background-media":"","overlay-type":"","overlay-color":"","overlay-opacity":"","overlay-gradient":""},"mobile":{"background-color":"","background-image":"","background-repeat":"repeat","background-position":"center center","background-size":"auto","background-attachment":"scroll","background-type":"","background-media":"","overlay-type":"","overlay-color":"","overlay-opacity":"","overlay-gradient":""}},"ast-content-background-meta":{"desktop":{"background-color":"var(--ast-global-color-5)","background-image":"","background-repeat":"repeat","background-position":"center center","background-size":"auto","background-attachment":"scroll","background-type":"","background-media":"","overlay-type":"","overlay-color":"","overlay-opacity":"","overlay-gradient":""},"tablet":{"background-color":"var(--ast-global-color-5)","background-image":"","background-repeat":"repeat","background-position":"center center","background-size":"auto","background-attachment":"scroll","background-type":"","background-media":"","overlay-type":"","overlay-color":"","overlay-opacity":"","overlay-gradient":""},"mobile":{"background-color":"var(--ast-global-color-5)","background-image":"","background-repeat":"repeat","background-position":"center center","background-size":"auto","background-attachment":"scroll","background-type":"","background-media":"","overlay-type":"","overlay-color":"","overlay-opacity":"","overlay-gradient":""}}},"product_brand":[],"product_cat":[37],"product_tag":[1288,1282,1286,726,279,1287,1284,1283,809,1285],"class_list":{"0":"post-3364","1":"product","2":"type-product","3":"status-publish","4":"has-post-thumbnail","6":"product_cat-buy-pain-relief-medication-online","7":"product_tag-affordable-morphine","8":"product_tag-buy-morphine-online","9":"product_tag-buy-morphine-without-prescription","10":"product_tag-chronic-pain-management","11":"product_tag-discreet-shipping","12":"product_tag-fast-acting-morphine","13":"product_tag-generic-morphine-sulfate","14":"product_tag-morphine-30mg-pills","15":"product_tag-opioid-pain-medication","16":"product_tag-pain-relief-pills","17":"desktop-align-left","18":"tablet-align-left","19":"mobile-align-left","20":"ast-product-gallery-layout-horizontal-slider","21":"ast-product-gallery-with-no-image","22":"ast-magnify-disabled","23":"ast-product-single-variable","24":"ast-product-tabs-layout-horizontal","26":"first","27":"instock","28":"shipping-taxable","29":"purchasable","30":"product-type-variable"},"yoast_head":"<!-- This site is optimized with the Yoast SEO Premium plugin v26.0 (Yoast SEO v27.6) - https:\/\/yoast.com\/product\/yoast-seo-premium-wordpress\/ -->\n<title>Buy Morphine Online \u2013 Fast &amp; Affordable 30mg Generic Pills &#187; Rx Meds Plus<\/title>\n<meta name=\"description\" content=\"Buy morphine online for fast, affordable 30mg generic pills\u2014effective pain relief without a prescription. Order now for discreet global shipping!\" \/>\n<meta name=\"robots\" content=\"noindex, follow, max-snippet:-1, max-image-preview:large, max-video-preview:-1\" \/>\n<meta property=\"og:locale\" content=\"ro_RO\" \/>\n<meta property=\"og:type\" content=\"article\" \/>\n<meta property=\"og:title\" content=\"Buy Morphine Online \u2013 Fast &amp; Affordable 30mg Generic Pills\" \/>\n<meta property=\"og:description\" content=\"Buy morphine online for fast, affordable 30mg generic pills\u2014effective pain relief without a prescription. Order now for discreet global shipping!\" \/>\n<meta property=\"og:url\" content=\"https:\/\/rxmedsplus.com\/ro\/produs\/buy-morphine-online\/\" \/>\n<meta property=\"og:site_name\" content=\"Rx Meds Plus\" \/>\n<meta property=\"article:modified_time\" content=\"2025-09-25T11:01:15+00:00\" \/>\n<meta property=\"og:image\" content=\"https:\/\/mlehknw8zzux.i.optimole.com\/w:400\/h:400\/q:mauto\/f:best\/https:\/\/rxmedsplus.com\/wp-content\/uploads\/2025\/09\/11171-Buy-Morphine-Online-Sulphate-100-mg.jpg\" \/>\n\t<meta property=\"og:image:width\" content=\"400\" \/>\n\t<meta property=\"og:image:height\" content=\"400\" \/>\n\t<meta property=\"og:image:type\" content=\"image\/jpeg\" \/>\n<meta name=\"twitter:card\" content=\"summary_large_image\" \/>\n<meta name=\"twitter:label1\" content=\"Disponibilitate\" \/>\n\t<meta name=\"twitter:data1\" content=\"\u00cen stoc\" \/>\n<script type=\"application\/ld+json\" class=\"yoast-schema-graph\">{\"@context\":\"https:\\\/\\\/schema.org\",\"@graph\":[{\"@type\":\"WebPage\",\"@id\":\"https:\\\/\\\/rxmedsplus.com\\\/product\\\/buy-morphine-online\\\/\",\"url\":\"https:\\\/\\\/rxmedsplus.com\\\/product\\\/buy-morphine-online\\\/\",\"name\":\"Buy Morphine Online \u2013 Fast & Affordable 30mg Generic Pills &#187; Rx Meds Plus\",\"isPartOf\":{\"@id\":\"https:\\\/\\\/rxmedsplus.com\\\/#website\"},\"primaryImageOfPage\":{\"@id\":\"https:\\\/\\\/rxmedsplus.com\\\/product\\\/buy-morphine-online\\\/#primaryimage\"},\"image\":{\"@id\":\"https:\\\/\\\/rxmedsplus.com\\\/product\\\/buy-morphine-online\\\/#primaryimage\"},\"thumbnailUrl\":\"https:\\\/\\\/rxmedsplus.com\\\/wp-content\\\/uploads\\\/2025\\\/09\\\/11171-Buy-Morphine-Online-Sulphate-100-mg.jpg\",\"datePublished\":\"2025-09-24T21:51:26+00:00\",\"dateModified\":\"2025-09-25T11:01:15+00:00\",\"description\":\"Buy morphine online for fast, affordable 30mg generic pills\u2014effective pain relief without a prescription. Order now for discreet global shipping!\",\"breadcrumb\":{\"@id\":\"https:\\\/\\\/rxmedsplus.com\\\/product\\\/buy-morphine-online\\\/#breadcrumb\"},\"inLanguage\":\"ro-RO\",\"potentialAction\":[{\"@type\":\"ReadAction\",\"target\":[\"https:\\\/\\\/rxmedsplus.com\\\/product\\\/buy-morphine-online\\\/\"]}]},{\"@type\":\"ImageObject\",\"inLanguage\":\"ro-RO\",\"@id\":\"https:\\\/\\\/rxmedsplus.com\\\/product\\\/buy-morphine-online\\\/#primaryimage\",\"url\":\"https:\\\/\\\/rxmedsplus.com\\\/wp-content\\\/uploads\\\/2025\\\/09\\\/11171-Buy-Morphine-Online-Sulphate-100-mg.jpg\",\"contentUrl\":\"https:\\\/\\\/rxmedsplus.com\\\/wp-content\\\/uploads\\\/2025\\\/09\\\/11171-Buy-Morphine-Online-Sulphate-100-mg.jpg\",\"width\":400,\"height\":400},{\"@type\":\"BreadcrumbList\",\"@id\":\"https:\\\/\\\/rxmedsplus.com\\\/product\\\/buy-morphine-online\\\/#breadcrumb\",\"itemListElement\":[{\"@type\":\"ListItem\",\"position\":1,\"name\":\"Home\",\"item\":\"https:\\\/\\\/rxmedsplus.com\\\/\"},{\"@type\":\"ListItem\",\"position\":2,\"name\":\"Shop\",\"item\":\"https:\\\/\\\/rxmedsplus.com\\\/shop\\\/\"},{\"@type\":\"ListItem\",\"position\":3,\"name\":\"Buy Morphine Online \u2013 Fast &#038; Affordable 30mg Generic Pills\"}]},{\"@type\":\"WebSite\",\"@id\":\"https:\\\/\\\/rxmedsplus.com\\\/#website\",\"url\":\"https:\\\/\\\/rxmedsplus.com\\\/\",\"name\":\"Rx Meds Plus\",\"description\":\"Buy Prescription Meds and Pills Online with Fast Delivery\",\"potentialAction\":[{\"@type\":\"SearchAction\",\"target\":{\"@type\":\"EntryPoint\",\"urlTemplate\":\"https:\\\/\\\/rxmedsplus.com\\\/?s={search_term_string}\"},\"query-input\":{\"@type\":\"PropertyValueSpecification\",\"valueRequired\":true,\"valueName\":\"search_term_string\"}}],\"inLanguage\":\"ro-RO\"}]}<\/script>\n<meta property=\"og:availability\" content=\"instock\" \/>\n<meta property=\"product:availability\" content=\"instock\" \/>\n<meta property=\"product:retailer_item_id\" content=\"H2b05eAxNU\" \/>\n<meta property=\"product:condition\" content=\"new\" \/>\n<!-- \/ Yoast SEO Premium plugin. -->","yoast_head_json":{"title":"Cump\u0103ra\u021bi morfin\u0103 online \u2013 Pastile generice de 30 mg rapide \u0219i accesibile | Medicamente cu prescrip\u021bie medical\u0103 plus","description":"Cump\u0103ra\u021bi morfin\u0103 online pentru pastile generice de 30 mg rapide \u0219i accesibile - ameliorare eficient\u0103 a durerii f\u0103r\u0103 prescrip\u021bie medical\u0103. Comanda\u021bi acum pentru livrare discret\u0103 la nivel global!","robots":{"index":"noindex","follow":"follow","max-snippet":"max-snippet:-1","max-image-preview":"max-image-preview:large","max-video-preview":"max-video-preview:-1"},"og_locale":"ro_RO","og_type":"article","og_title":"Buy Morphine Online \u2013 Fast & Affordable 30mg Generic Pills","og_description":"Buy morphine online for fast, affordable 30mg generic pills\u2014effective pain relief without a prescription. Order now for discreet global shipping!","og_url":"https:\/\/rxmedsplus.com\/ro\/produs\/buy-morphine-online\/","og_site_name":"Rx Meds Plus","article_modified_time":"2025-09-25T11:01:15+00:00","og_image":[{"width":400,"height":400,"url":"https:\/\/mlehknw8zzux.i.optimole.com\/w:400\/h:400\/q:mauto\/f:best\/https:\/\/rxmedsplus.com\/wp-content\/uploads\/2025\/09\/11171-Buy-Morphine-Online-Sulphate-100-mg.jpg","type":"image\/jpeg"}],"twitter_card":"summary_large_image","twitter_misc":{"Disponibilitate":"\u00cen stoc"},"schema":{"@context":"https:\/\/schema.org","@graph":[{"@type":"WebPage","@id":"https:\/\/rxmedsplus.com\/product\/buy-morphine-online\/","url":"https:\/\/rxmedsplus.com\/product\/buy-morphine-online\/","name":"Cump\u0103ra\u021bi morfin\u0103 online \u2013 Pastile generice de 30 mg rapide \u0219i accesibile | Medicamente cu prescrip\u021bie medical\u0103 plus","isPartOf":{"@id":"https:\/\/rxmedsplus.com\/#website"},"primaryImageOfPage":{"@id":"https:\/\/rxmedsplus.com\/product\/buy-morphine-online\/#primaryimage"},"image":{"@id":"https:\/\/rxmedsplus.com\/product\/buy-morphine-online\/#primaryimage"},"thumbnailUrl":"https:\/\/rxmedsplus.com\/wp-content\/uploads\/2025\/09\/11171-Buy-Morphine-Online-Sulphate-100-mg.jpg","datePublished":"2025-09-24T21:51:26+00:00","dateModified":"2025-09-25T11:01:15+00:00","description":"Cump\u0103ra\u021bi morfin\u0103 online pentru pastile generice de 30 mg rapide \u0219i accesibile - ameliorare eficient\u0103 a durerii f\u0103r\u0103 prescrip\u021bie medical\u0103. Comanda\u021bi acum pentru livrare discret\u0103 la nivel global!","breadcrumb":{"@id":"https:\/\/rxmedsplus.com\/product\/buy-morphine-online\/#breadcrumb"},"inLanguage":"ro-RO","potentialAction":[{"@type":"ReadAction","target":["https:\/\/rxmedsplus.com\/product\/buy-morphine-online\/"]}]},{"@type":"ImageObject","inLanguage":"ro-RO","@id":"https:\/\/rxmedsplus.com\/product\/buy-morphine-online\/#primaryimage","url":"https:\/\/rxmedsplus.com\/wp-content\/uploads\/2025\/09\/11171-Buy-Morphine-Online-Sulphate-100-mg.jpg","contentUrl":"https:\/\/rxmedsplus.com\/wp-content\/uploads\/2025\/09\/11171-Buy-Morphine-Online-Sulphate-100-mg.jpg","width":400,"height":400},{"@type":"BreadcrumbList","@id":"https:\/\/rxmedsplus.com\/product\/buy-morphine-online\/#breadcrumb","itemListElement":[{"@type":"ListItem","position":1,"name":"Home","item":"https:\/\/rxmedsplus.com\/"},{"@type":"ListItem","position":2,"name":"Shop","item":"https:\/\/rxmedsplus.com\/shop\/"},{"@type":"ListItem","position":3,"name":"Buy Morphine Online \u2013 Fast &#038; Affordable 30mg Generic Pills"}]},{"@type":"WebSite","@id":"https:\/\/rxmedsplus.com\/#website","url":"https:\/\/rxmedsplus.com\/","name":"Medicamente cu prescrip\u021bie medical\u0103 Plus","description":"Cump\u0103ra\u021bi medicamente \u0219i pastile cu prescrip\u021bie medical\u0103 online cu livrare rapid\u0103","potentialAction":[{"@type":"SearchAction","target":{"@type":"EntryPoint","urlTemplate":"https:\/\/rxmedsplus.com\/?s={search_term_string}"},"query-input":{"@type":"PropertyValueSpecification","valueRequired":true,"valueName":"search_term_string"}}],"inLanguage":"ro-RO"}]},"og_availability":"instock","product_availability":"instock","product_retailer_item_id":"H2b05eAxNU","product_condition":"new"},"_links":{"self":[{"href":"https:\/\/rxmedsplus.com\/ro\/wp-json\/wp\/v2\/product\/3364","targetHints":{"allow":["GET"]}}],"collection":[{"href":"https:\/\/rxmedsplus.com\/ro\/wp-json\/wp\/v2\/product"}],"about":[{"href":"https:\/\/rxmedsplus.com\/ro\/wp-json\/wp\/v2\/types\/product"}],"replies":[{"embeddable":true,"href":"https:\/\/rxmedsplus.com\/ro\/wp-json\/wp\/v2\/comments?post=3364"}],"wp:featuredmedia":[{"embeddable":true,"href":"https:\/\/rxmedsplus.com\/ro\/wp-json\/wp\/v2\/media\/3396"}],"wp:attachment":[{"href":"https:\/\/rxmedsplus.com\/ro\/wp-json\/wp\/v2\/media?parent=3364"}],"wp:term":[{"taxonomy":"product_brand","embeddable":true,"href":"https:\/\/rxmedsplus.com\/ro\/wp-json\/wp\/v2\/product_brand?post=3364"},{"taxonomy":"product_cat","embeddable":true,"href":"https:\/\/rxmedsplus.com\/ro\/wp-json\/wp\/v2\/product_cat?post=3364"},{"taxonomy":"product_tag","embeddable":true,"href":"https:\/\/rxmedsplus.com\/ro\/wp-json\/wp\/v2\/product_tag?post=3364"}],"curies":[{"name":"wp","href":"https:\/\/api.w.org\/{rel}","templated":true}]}}