{"id":3519,"date":"2025-09-24T21:53:56","date_gmt":"2025-09-24T21:53:56","guid":{"rendered":"https:\/\/rxmedsplus.com\/?post_type=product&#038;p=3519"},"modified":"2025-09-25T11:00:59","modified_gmt":"2025-09-25T11:00:59","slug":"buy-tranax-online","status":"publish","type":"product","link":"https:\/\/rxmedsplus.com\/ro\/product\/buy-tranax-online\/","title":{"rendered":"Buy Tranax Online 1 mg \u2013 Fast &#038; Secure Alprazolam Delivery"},"content":{"rendered":"<p>Cump\u0103ra\u021bi Tranax Online 1 mg \u2013 Livrare rapid\u0103 \u0219i sigur\u0103 de alprazolam  <\/p>\n<p>Dac\u0103 sunte\u021bi \u00een c\u0103utarea unei surse de \u00eencredere pentru <strong>cump\u0103ra\u021bi Tranax online 1 mg<\/strong>, a\u021bi ajuns la locul potrivit. V\u0103 oferim <strong>livrare rapid\u0103 \u0219i sigur\u0103 de alprazolam<\/strong> clien\u021bilor din \u00eentreaga lume, asigur\u00e2nd ambalaje discrete \u0219i servicii fiabile de fiecare dat\u0103. Tranax 1 mg este un medicament benzodiazepinic extrem de eficient, prescris pentru tulbur\u0103ri de anxietate, atacuri de panic\u0103 \u0219i insomnie. Cu procesul nostru de comand\u0103 f\u0103r\u0103 probleme \u0219i livrarea confiden\u021bial\u0103, pute\u021bi ob\u021bine ameliorarea de care ave\u021bi nevoie f\u0103r\u0103 probleme.  <\/p>\n<h3>Ce este Tranax 1 mg?  <\/h3>\n<p>Tranax con\u021bine <strong>alprazolam<\/strong>, o benzodiazepin\u0103 puternic\u0103, cunoscut\u0103 pentru efectele sale calmante asupra sistemului nervos central. Fiecare comprimat ofer\u0103 <strong>1 mg de alprazolam<\/strong>, ajut\u00e2nd la ameliorarea rapid\u0103 \u0219i eficient\u0103 a simptomelor de anxietate, tulbur\u0103ri de panic\u0103 \u0219i stres sever. Fiind unul dintre cele mai prescrise medicamente la nivel global, Tranax este renumit pentru formula sa cu ac\u021biune rapid\u0103, ceea ce \u00eel face o alegere preferat\u0103 pentru cei care caut\u0103 o u\u0219urare imediat\u0103.  <\/p>\n<h3>Beneficii \u0219i utiliz\u0103ri ale Tranax 1 mg  <\/h3>\n<p>\u2013 <strong>Gestioneaz\u0103 tulbur\u0103rile de anxietate<\/strong> \u2013 Tranax reduce eficient nervozitatea \u0219i tensiunea excesiv\u0103, promov\u00e2nd relaxarea.<br \/>\n\u2013 <strong>Trateaz\u0103 atacurile de panic\u0103<\/strong> \u2013 Debutul s\u0103u rapid ajut\u0103 la controlul episoadelor bru\u0219te de fric\u0103 \u0219i disconfort intens.<br \/>\n\u2013 <strong>Amelioreaz\u0103 insomnia<\/strong> \u2013 Mul\u021bi utilizatori consider\u0103 Tranax util pentru tulbur\u0103rile de somn pe termen scurt cauzate de anxietate.<br \/>\n\u2013 <strong>Relaxarea muscular\u0103<\/strong> Alprazolam ajut\u0103 la ameliorarea spasmelor musculare legate de stres \u0219i nervozitate.  <\/p>\n<p>Noastre <strong>livrare rapid\u0103 \u0219i sigur\u0103 de alprazolam<\/strong> asigur\u0103 accesul pacien\u021bilor din \u00eentreaga lume la acest medicament f\u0103r\u0103 \u00eent\u00e2rzieri. Indiferent dac\u0103 v\u0103 confrunta\u021bi cu anxietate cronic\u0103 sau panic\u0103 ocazional\u0103, Tranax ofer\u0103 o u\u0219urare fiabil\u0103.  <\/p>\n<h3>Dozaj \u0219i administrare  <\/h3>\n<p>Pentru utilizatorii \u00eencep\u0103tori, este recomandabil s\u0103 \u00eenceap\u0103 cu <strong>jum\u0103tate de comprimat (0,5 mg)<\/strong> pentru a evalua toleran\u021ba. Majoritatea pacien\u021bilor constat\u0103 <strong>1 mg p\u00e2n\u0103 la 2 mg pe zi<\/strong>, \u00eemp\u0103r\u021bit \u00een doze mai mici, suficiente pentru gestionarea simptomelor. Nu dep\u0103\u0219i\u021bi niciodat\u0103 dozele prescrise - consultarea unui furnizor de servicii medicale este ideal\u0103, de\u0219i \u00een\u021belegem provoc\u0103rile accesului la medicamente pe baz\u0103 de re\u021bet\u0103, motiv pentru care oferim o <strong>v\u00e2nz\u0103tor online de \u00eencredere<\/strong> op\u021biune pentru achizi\u021bii discrete.  <\/p>\n<h3>Cum func\u021bioneaz\u0103 Tranax 1 mg?  <\/h3>\n<p>Alprazolam amplific\u0103 efectele <strong>acid gama-aminobutiric (GABA)<\/strong>, un neurotransmi\u021b\u0103tor care calmeaz\u0103 activitatea cerebral\u0103. Acest mecanism ajut\u0103 la reducerea suprastimul\u0103rii sistemului nervos, duc\u00e2nd la reducerea anxiet\u0103\u021bii, \u00eembun\u0103t\u0103\u021birea somnului \u0219i o senza\u021bie de lini\u0219te. Efectele \u00eencep de obicei \u00een <strong>20-30 de minute<\/strong> \u0219i poate dura c\u00e2teva ore, \u00een func\u021bie de metabolism \u0219i dozaj.  <\/p>\n<h3>De ce s\u0103 ne alege\u021bi pentru achizi\u021biile online de la Tranax?  <\/h3>\n<p>C\u00e2nd tu <strong>cump\u0103ra\u021bi Tranax online 1 mg<\/strong> de la noi, beneficia\u021bi de:  <\/p>\n<p>\u2013 <strong>Livrare discret\u0103<\/strong> \u2013 Confiden\u021bialitatea dumneavoastr\u0103 este prioritatea noastr\u0103; toate comenzile sunt ambalate \u00een siguran\u021b\u0103, f\u0103r\u0103 etichete care s\u0103 identifice con\u021binutul.<br \/>\n\u2013 <strong>Livrare global\u0103<\/strong> \u2013 Livr\u0103m c\u0103tre <strong>SUA, Canada, UE \u0219i \u00een \u00eentreaga lume<\/strong>, asigur\u00e2nd accesibilitatea pentru to\u021bi clien\u021bii.<br \/>\n\u2013 <strong>Asigurarea calit\u0103\u021bii<\/strong> \u2013 Fiecare lot pe care \u00eel furniz\u0103m provine de la produc\u0103tori aproba\u021bi de FDA pentru o poten\u021b\u0103 garantat\u0103.<br \/>\n\u2013 <strong>Nu este necesar\u0103 o re\u021bet\u0103<\/strong> \u2013 Sc\u0103pa\u021bi de b\u0103taia de cap a vizitelor la medic \u2014 comanda\u021bi online \u00een mod convenabil.  <\/p>\n<p>Noastre <strong>livrare rapid\u0103 \u0219i sigur\u0103 de alprazolam<\/strong> garanteaz\u0103 lini\u0219te sufleteasc\u0103 la fiecare achizi\u021bie.  <\/p>\n<h3>Posibile efecte secundare  <\/h3>\n<p>De\u0219i Tranax 1 mg este bine tolerat, unii utilizatori pot prezenta:  <\/p>\n<p>\u2013 <strong>Somnolen\u0163\u0103<\/strong><br \/>\n\u2013 <strong>Ame\u0163eal\u0103<\/strong><br \/>\n\u2013 <strong>Gur\u0103 uscat\u0103<\/strong><br \/>\n\u2013 <strong>Tulbur\u0103ri u\u0219oare de memorie<\/strong>  <\/p>\n<p>Aceste efecte sunt de obicei u\u0219oare \u0219i se estompeaz\u0103 odat\u0103 cu utilizarea continu\u0103. Cu toate acestea, evita\u021bi consumul de alcool \u0219i utilizarea utilajelor grele p\u00e2n\u0103 c\u00e2nd \u00een\u021belege\u021bi cum v\u0103 afecteaz\u0103 Tranax.  <\/p>\n<h3>M\u0103suri de siguran\u021b\u0103  <\/h3>\n<p>Evita\u021bi \u00eentreruperea brusc\u0103 - reducerea treptat\u0103 a tratamentului reduce riscurile de sevraj.<br \/>\nNu se recomand\u0103 utilizarea pe termen lung din cauza poten\u021bialei dependen\u021be.<br \/>\nFemeile \u00eens\u0103rcinate\/care al\u0103pteaz\u0103 \u0219i persoanele cu afec\u021biuni hepatice trebuie s\u0103 evite Tranax, cu excep\u021bia cazului \u00een care li se prescrie.  <\/p>\n<h3>\u00centreb\u0103ri frecvente  <\/h3>\n<p><strong>Tranax este acela\u0219i lucru cu Xanax?<\/strong><br \/>\nDa, Tranax con\u021bine <strong>alprazolam<\/strong>, acela\u0219i ingredient activ reg\u0103sit \u00een Xanax, ceea ce le face la fel de eficiente.  <\/p>\n<p><strong>C\u00e2t dureaz\u0103 livrarea?<\/strong><br \/>\nTimpii de livrare variaz\u0103 \u00een func\u021bie de loca\u021bie, dar majoritatea comenzilor ajung \u00een termen de <strong>5-7 zile lucr\u0103toare<\/strong> pe plan intern \u0219i <strong>7-14 zile la nivel interna\u021bional<\/strong>.  <\/p>\n<p><strong>Oferi\u021bi ramburs\u0103ri?<\/strong><br \/>\nGarant\u0103m calitatea produselor, dar, din cauza naturii produselor farmaceutice, ramburs\u0103rile sunt gestionate de la caz la caz.  <\/p>\n<h3>Concluzie  <\/h3>\n<p>Pentru cei care au nevoie de o ameliorare eficient\u0103 a anxiet\u0103\u021bii f\u0103r\u0103 bariere legate de prescrip\u021bie medical\u0103, comandarea online a Tranax ofer\u0103 o solu\u021bie convenabil\u0103. Cu ajutorul nostru <strong>livrare rapid\u0103 \u0219i sigur\u0103 de alprazolam<\/strong>, po\u021bi cu \u00eencredere <strong>cump\u0103ra\u021bi Tranax online 1 mg<\/strong> \u0219i bucura\u021bi-v\u0103 de servicii discrete \u0219i fiabile. Plasa\u021bi comanda ast\u0103zi \u0219i experimenta\u021bi beneficiile acestui medicament de \u00eencredere.  <\/p>\n<p>E\u0219ti preg\u0103tit pentru o via\u021b\u0103 f\u0103r\u0103 anxietate? Viziteaz\u0103 farmacia noastr\u0103 online acum\u2014<strong>cump\u0103ra\u021bi Tranax online 1 mg<\/strong> cu u\u0219urin\u021b\u0103!<\/p>","protected":false},"excerpt":{"rendered":"<p>Beneficia\u021bi de livrare rapid\u0103 \u0219i sigur\u0103 de Tranax 1 mg (Alprazolam) f\u0103r\u0103 prescrip\u021bie medical\u0103! Versiunea noastr\u0103 generic\u0103 ofer\u0103 acelea\u0219i ingrediente active ca \u0219i pastilele de marc\u0103 la pre\u021buri imbatabile. De \u00eencredere din 2009, asigur\u0103m livrare discret\u0103 \u0219i servicii fiabile - comanda\u021bi u\u0219or cu mai multe op\u021biuni de plat\u0103, inclusiv carduri de credit \u0219i Bitcoin. Bucura\u021bi-v\u0103 de lini\u0219te sufleteasc\u0103 cu urm\u0103rirea disponibil\u0103 \u00een termen de 48 de ore. Satisfac\u021bia dumneavoastr\u0103 este prioritatea noastr\u0103!<\/p>","protected":false},"featured_media":3541,"comment_status":"open","ping_status":"closed","template":"","meta":{"site-sidebar-layout":"default","site-content-layout":"","ast-site-content-layout":"default","site-content-style":"default","site-sidebar-style":"default","ast-global-header-display":"","ast-banner-title-visibility":"","ast-main-header-display":"","ast-hfb-above-header-display":"","ast-hfb-below-header-display":"","ast-hfb-mobile-header-display":"","site-post-title":"","ast-breadcrumbs-content":"","ast-featured-img":"","footer-sml-layout":"","ast-disable-related-posts":"","theme-transparent-header-meta":"","adv-header-id-meta":"","stick-header-meta":"","header-above-stick-meta":"","header-main-stick-meta":"","header-below-stick-meta":"","astra-migrate-meta-layouts":"default","ast-page-background-enabled":"default","ast-page-background-meta":{"desktop":{"background-color":"","background-image":"","background-repeat":"repeat","background-position":"center center","background-size":"auto","background-attachment":"scroll","background-type":"","background-media":"","overlay-type":"","overlay-color":"","overlay-opacity":"","overlay-gradient":""},"tablet":{"background-color":"","background-image":"","background-repeat":"repeat","background-position":"center center","background-size":"auto","background-attachment":"scroll","background-type":"","background-media":"","overlay-type":"","overlay-color":"","overlay-opacity":"","overlay-gradient":""},"mobile":{"background-color":"","background-image":"","background-repeat":"repeat","background-position":"center center","background-size":"auto","background-attachment":"scroll","background-type":"","background-media":"","overlay-type":"","overlay-color":"","overlay-opacity":"","overlay-gradient":""}},"ast-content-background-meta":{"desktop":{"background-color":"var(--ast-global-color-5)","background-image":"","background-repeat":"repeat","background-position":"center center","background-size":"auto","background-attachment":"scroll","background-type":"","background-media":"","overlay-type":"","overlay-color":"","overlay-opacity":"","overlay-gradient":""},"tablet":{"background-color":"var(--ast-global-color-5)","background-image":"","background-repeat":"repeat","background-position":"center center","background-size":"auto","background-attachment":"scroll","background-type":"","background-media":"","overlay-type":"","overlay-color":"","overlay-opacity":"","overlay-gradient":""},"mobile":{"background-color":"var(--ast-global-color-5)","background-image":"","background-repeat":"repeat","background-position":"center center","background-size":"auto","background-attachment":"scroll","background-type":"","background-media":"","overlay-type":"","overlay-color":"","overlay-opacity":"","overlay-gradient":""}}},"product_brand":[],"product_cat":[42],"product_tag":[1210,392,1208,1211,1209,829,101,746,1207,612],"class_list":{"0":"post-3519","1":"product","2":"type-product","3":"status-publish","4":"has-post-thumbnail","6":"product_cat-buy-sleeping-pills-online","7":"product_tag-alprazolam-without-prescription","8":"product_tag-anxiety-relief-medication","9":"product_tag-buy-tranax-online","10":"product_tag-discreet-shipping-benzodiazepines","11":"product_tag-fast-alprazolam-delivery","12":"product_tag-insomnia-medication","13":"product_tag-panic-attack-treatment","14":"product_tag-secure-medication-purchase","15":"product_tag-tranax-1-mg","16":"product_tag-xanax-alternative","17":"desktop-align-left","18":"tablet-align-left","19":"mobile-align-left","20":"ast-product-gallery-layout-horizontal-slider","21":"ast-product-gallery-with-no-image","22":"ast-magnify-disabled","23":"ast-product-single-variable","24":"ast-product-tabs-layout-horizontal","26":"first","27":"instock","28":"shipping-taxable","29":"purchasable","30":"product-type-variable"},"yoast_head":"<!-- This site is optimized with the Yoast SEO Premium plugin v26.0 (Yoast SEO v27.6) - https:\/\/yoast.com\/product\/yoast-seo-premium-wordpress\/ -->\n<title>Buy Tranax Online 1 mg \u2013 Fast &amp; Secure Alprazolam Delivery &#187; Rx Meds Plus<\/title>\n<meta name=\"description\" content=\"Buy Tranax online for fast, secure alprazolam delivery. Get discreet worldwide shipping and reliable anxiety relief\u2014order now!\" \/>\n<meta name=\"robots\" content=\"noindex, follow, max-snippet:-1, max-image-preview:large, max-video-preview:-1\" \/>\n<meta property=\"og:locale\" content=\"ro_RO\" \/>\n<meta property=\"og:type\" content=\"article\" \/>\n<meta property=\"og:title\" content=\"Buy Tranax Online 1 mg \u2013 Fast &amp; Secure Alprazolam Delivery\" \/>\n<meta property=\"og:description\" content=\"Buy Tranax online for fast, secure alprazolam delivery. Get discreet worldwide shipping and reliable anxiety relief\u2014order now!\" \/>\n<meta property=\"og:url\" content=\"https:\/\/rxmedsplus.com\/ro\/produs\/buy-tranax-online\/\" \/>\n<meta property=\"og:site_name\" content=\"Rx Meds Plus\" \/>\n<meta property=\"article:modified_time\" content=\"2025-09-25T11:00:59+00:00\" \/>\n<meta property=\"og:image\" content=\"https:\/\/mlehknw8zzux.i.optimole.com\/w:600\/h:480\/q:mauto\/f:best\/https:\/\/rxmedsplus.com\/wp-content\/uploads\/2025\/09\/11311-buy-tranax-online.jpg\" \/>\n\t<meta property=\"og:image:width\" content=\"600\" \/>\n\t<meta property=\"og:image:height\" content=\"480\" \/>\n\t<meta property=\"og:image:type\" content=\"image\/jpeg\" \/>\n<meta name=\"twitter:card\" content=\"summary_large_image\" \/>\n<meta name=\"twitter:label1\" content=\"Disponibilitate\" \/>\n\t<meta name=\"twitter:data1\" content=\"\u00cen stoc\" \/>\n<script type=\"application\/ld+json\" class=\"yoast-schema-graph\">{\"@context\":\"https:\\\/\\\/schema.org\",\"@graph\":[{\"@type\":\"WebPage\",\"@id\":\"https:\\\/\\\/rxmedsplus.com\\\/product\\\/buy-tranax-online\\\/\",\"url\":\"https:\\\/\\\/rxmedsplus.com\\\/product\\\/buy-tranax-online\\\/\",\"name\":\"Buy Tranax Online 1 mg \u2013 Fast & Secure Alprazolam Delivery &#187; Rx Meds Plus\",\"isPartOf\":{\"@id\":\"https:\\\/\\\/rxmedsplus.com\\\/#website\"},\"primaryImageOfPage\":{\"@id\":\"https:\\\/\\\/rxmedsplus.com\\\/product\\\/buy-tranax-online\\\/#primaryimage\"},\"image\":{\"@id\":\"https:\\\/\\\/rxmedsplus.com\\\/product\\\/buy-tranax-online\\\/#primaryimage\"},\"thumbnailUrl\":\"https:\\\/\\\/rxmedsplus.com\\\/wp-content\\\/uploads\\\/2025\\\/09\\\/11311-buy-tranax-online.jpg\",\"datePublished\":\"2025-09-24T21:53:56+00:00\",\"dateModified\":\"2025-09-25T11:00:59+00:00\",\"description\":\"Buy Tranax online for fast, secure alprazolam delivery. Get discreet worldwide shipping and reliable anxiety relief\u2014order now!\",\"breadcrumb\":{\"@id\":\"https:\\\/\\\/rxmedsplus.com\\\/product\\\/buy-tranax-online\\\/#breadcrumb\"},\"inLanguage\":\"ro-RO\",\"potentialAction\":[{\"@type\":\"ReadAction\",\"target\":[\"https:\\\/\\\/rxmedsplus.com\\\/product\\\/buy-tranax-online\\\/\"]}]},{\"@type\":\"ImageObject\",\"inLanguage\":\"ro-RO\",\"@id\":\"https:\\\/\\\/rxmedsplus.com\\\/product\\\/buy-tranax-online\\\/#primaryimage\",\"url\":\"https:\\\/\\\/rxmedsplus.com\\\/wp-content\\\/uploads\\\/2025\\\/09\\\/11311-buy-tranax-online.jpg\",\"contentUrl\":\"https:\\\/\\\/rxmedsplus.com\\\/wp-content\\\/uploads\\\/2025\\\/09\\\/11311-buy-tranax-online.jpg\",\"width\":600,\"height\":480},{\"@type\":\"BreadcrumbList\",\"@id\":\"https:\\\/\\\/rxmedsplus.com\\\/product\\\/buy-tranax-online\\\/#breadcrumb\",\"itemListElement\":[{\"@type\":\"ListItem\",\"position\":1,\"name\":\"Home\",\"item\":\"https:\\\/\\\/rxmedsplus.com\\\/\"},{\"@type\":\"ListItem\",\"position\":2,\"name\":\"Shop\",\"item\":\"https:\\\/\\\/rxmedsplus.com\\\/shop\\\/\"},{\"@type\":\"ListItem\",\"position\":3,\"name\":\"Buy Tranax Online 1 mg \u2013 Fast &#038; Secure Alprazolam Delivery\"}]},{\"@type\":\"WebSite\",\"@id\":\"https:\\\/\\\/rxmedsplus.com\\\/#website\",\"url\":\"https:\\\/\\\/rxmedsplus.com\\\/\",\"name\":\"Rx Meds Plus\",\"description\":\"Buy Prescription Meds and Pills Online with Fast Delivery\",\"potentialAction\":[{\"@type\":\"SearchAction\",\"target\":{\"@type\":\"EntryPoint\",\"urlTemplate\":\"https:\\\/\\\/rxmedsplus.com\\\/?s={search_term_string}\"},\"query-input\":{\"@type\":\"PropertyValueSpecification\",\"valueRequired\":true,\"valueName\":\"search_term_string\"}}],\"inLanguage\":\"ro-RO\"}]}<\/script>\n<meta property=\"og:availability\" content=\"instock\" \/>\n<meta property=\"product:availability\" content=\"instock\" \/>\n<meta property=\"product:retailer_item_id\" content=\"fPgmX76xnD\" \/>\n<meta property=\"product:condition\" content=\"new\" \/>\n<!-- \/ Yoast SEO Premium plugin. -->","yoast_head_json":{"title":"Cump\u0103ra\u021bi Tranax Online 1 mg \u2013 Livrare rapid\u0103 \u0219i sigur\u0103 de alprazolam \u2013 Medicamente cu prescrip\u021bie medical\u0103 Plus","description":"Cump\u0103ra\u021bi Tranax online pentru livrare rapid\u0103 \u0219i sigur\u0103 de alprazolam. Beneficia\u021bi de livrare discret\u0103 \u00een \u00eentreaga lume \u0219i de o ameliorare fiabil\u0103 a anxiet\u0103\u021bii - comanda\u021bi acum!","robots":{"index":"noindex","follow":"follow","max-snippet":"max-snippet:-1","max-image-preview":"max-image-preview:large","max-video-preview":"max-video-preview:-1"},"og_locale":"ro_RO","og_type":"article","og_title":"Buy Tranax Online 1 mg \u2013 Fast & Secure Alprazolam Delivery","og_description":"Buy Tranax online for fast, secure alprazolam delivery. Get discreet worldwide shipping and reliable anxiety relief\u2014order now!","og_url":"https:\/\/rxmedsplus.com\/ro\/produs\/buy-tranax-online\/","og_site_name":"Rx Meds Plus","article_modified_time":"2025-09-25T11:00:59+00:00","og_image":[{"width":600,"height":480,"url":"https:\/\/mlehknw8zzux.i.optimole.com\/w:600\/h:480\/q:mauto\/f:best\/https:\/\/rxmedsplus.com\/wp-content\/uploads\/2025\/09\/11311-buy-tranax-online.jpg","type":"image\/jpeg"}],"twitter_card":"summary_large_image","twitter_misc":{"Disponibilitate":"\u00cen stoc"},"schema":{"@context":"https:\/\/schema.org","@graph":[{"@type":"WebPage","@id":"https:\/\/rxmedsplus.com\/product\/buy-tranax-online\/","url":"https:\/\/rxmedsplus.com\/product\/buy-tranax-online\/","name":"Cump\u0103ra\u021bi Tranax Online 1 mg \u2013 Livrare rapid\u0103 \u0219i sigur\u0103 de alprazolam \u2013 Medicamente cu prescrip\u021bie medical\u0103 Plus","isPartOf":{"@id":"https:\/\/rxmedsplus.com\/#website"},"primaryImageOfPage":{"@id":"https:\/\/rxmedsplus.com\/product\/buy-tranax-online\/#primaryimage"},"image":{"@id":"https:\/\/rxmedsplus.com\/product\/buy-tranax-online\/#primaryimage"},"thumbnailUrl":"https:\/\/rxmedsplus.com\/wp-content\/uploads\/2025\/09\/11311-buy-tranax-online.jpg","datePublished":"2025-09-24T21:53:56+00:00","dateModified":"2025-09-25T11:00:59+00:00","description":"Cump\u0103ra\u021bi Tranax online pentru livrare rapid\u0103 \u0219i sigur\u0103 de alprazolam. Beneficia\u021bi de livrare discret\u0103 \u00een \u00eentreaga lume \u0219i de o ameliorare fiabil\u0103 a anxiet\u0103\u021bii - comanda\u021bi acum!","breadcrumb":{"@id":"https:\/\/rxmedsplus.com\/product\/buy-tranax-online\/#breadcrumb"},"inLanguage":"ro-RO","potentialAction":[{"@type":"ReadAction","target":["https:\/\/rxmedsplus.com\/product\/buy-tranax-online\/"]}]},{"@type":"ImageObject","inLanguage":"ro-RO","@id":"https:\/\/rxmedsplus.com\/product\/buy-tranax-online\/#primaryimage","url":"https:\/\/rxmedsplus.com\/wp-content\/uploads\/2025\/09\/11311-buy-tranax-online.jpg","contentUrl":"https:\/\/rxmedsplus.com\/wp-content\/uploads\/2025\/09\/11311-buy-tranax-online.jpg","width":600,"height":480},{"@type":"BreadcrumbList","@id":"https:\/\/rxmedsplus.com\/product\/buy-tranax-online\/#breadcrumb","itemListElement":[{"@type":"ListItem","position":1,"name":"Home","item":"https:\/\/rxmedsplus.com\/"},{"@type":"ListItem","position":2,"name":"Shop","item":"https:\/\/rxmedsplus.com\/shop\/"},{"@type":"ListItem","position":3,"name":"Buy Tranax Online 1 mg \u2013 Fast &#038; Secure Alprazolam Delivery"}]},{"@type":"WebSite","@id":"https:\/\/rxmedsplus.com\/#website","url":"https:\/\/rxmedsplus.com\/","name":"Medicamente cu prescrip\u021bie medical\u0103 Plus","description":"Cump\u0103ra\u021bi medicamente \u0219i pastile cu prescrip\u021bie medical\u0103 online cu livrare rapid\u0103","potentialAction":[{"@type":"SearchAction","target":{"@type":"EntryPoint","urlTemplate":"https:\/\/rxmedsplus.com\/?s={search_term_string}"},"query-input":{"@type":"PropertyValueSpecification","valueRequired":true,"valueName":"search_term_string"}}],"inLanguage":"ro-RO"}]},"og_availability":"instock","product_availability":"instock","product_retailer_item_id":"fPgmX76xnD","product_condition":"new"},"_links":{"self":[{"href":"https:\/\/rxmedsplus.com\/ro\/wp-json\/wp\/v2\/product\/3519","targetHints":{"allow":["GET"]}}],"collection":[{"href":"https:\/\/rxmedsplus.com\/ro\/wp-json\/wp\/v2\/product"}],"about":[{"href":"https:\/\/rxmedsplus.com\/ro\/wp-json\/wp\/v2\/types\/product"}],"replies":[{"embeddable":true,"href":"https:\/\/rxmedsplus.com\/ro\/wp-json\/wp\/v2\/comments?post=3519"}],"wp:featuredmedia":[{"embeddable":true,"href":"https:\/\/rxmedsplus.com\/ro\/wp-json\/wp\/v2\/media\/3541"}],"wp:attachment":[{"href":"https:\/\/rxmedsplus.com\/ro\/wp-json\/wp\/v2\/media?parent=3519"}],"wp:term":[{"taxonomy":"product_brand","embeddable":true,"href":"https:\/\/rxmedsplus.com\/ro\/wp-json\/wp\/v2\/product_brand?post=3519"},{"taxonomy":"product_cat","embeddable":true,"href":"https:\/\/rxmedsplus.com\/ro\/wp-json\/wp\/v2\/product_cat?post=3519"},{"taxonomy":"product_tag","embeddable":true,"href":"https:\/\/rxmedsplus.com\/ro\/wp-json\/wp\/v2\/product_tag?post=3519"}],"curies":[{"name":"wp","href":"https:\/\/api.w.org\/{rel}","templated":true}]}}