{"id":3646,"date":"2025-09-24T21:55:44","date_gmt":"2025-09-24T21:55:44","guid":{"rendered":"https:\/\/rxmedsplus.com\/?post_type=product&#038;p=3646"},"modified":"2025-09-25T11:02:56","modified_gmt":"2025-09-25T11:02:56","slug":"dilaudid-8mg-2","status":"publish","type":"product","link":"https:\/\/rxmedsplus.com\/ro\/product\/dilaudid-8mg-2\/","title":{"rendered":"Dilaudid 8mg Online \u2013 Ameliorare rapid\u0103 \u0219i accesibil\u0103 a durerii"},"content":{"rendered":"<h1>Dilaudid 8mg Online \u2013 Ameliorare rapid\u0103 \u0219i accesibil\u0103 a durerii<\/h1>\n<p>Cau\u021bi o ameliorare eficient\u0103 \u0219i rapid\u0103 a durerilor severe? <strong>Dilaudid 8mg online<\/strong> ofer\u0103 o solu\u021bie puternic\u0103 pentru gestionarea afec\u021biunilor dureroase acute \u0219i cronice. \u00cen calitate de farmacie online de \u00eencredere, oferim <strong>ameliorarea durerii rapid \u0219i accesibil<\/strong> cu livrare discret\u0103 \u00een SUA, Canada, UE \u0219i \u00een \u00eentreaga lume.<\/p>\n<h2>Ce este Dilaudid 8 mg?<\/h2>\n<p><strong>Dilaudid 8mg<\/strong> este un medicament opioid eliberat pe baz\u0103 de re\u021bet\u0103, care con\u021bine hidromorfon\u0103, un analgezic puternic utilizat pentru tratarea durerii moderate p\u00e2n\u0103 la severe. Ac\u021bioneaz\u0103 prin legarea de receptorii opioizi din creier, reduc\u00e2nd percep\u021bia durerii \u0219i oferind \u00een acela\u0219i timp o u\u0219urare rapid\u0103.<\/p>\n<h3><strong>Utiliz\u0103ri ale Dilaudid 8mg<\/strong><\/h3>\n<p>Acest medicament este frecvent prescris pentru:<br \/>\nDurere postoperatorie<br \/>\nDurere cronic\u0103 cauzat\u0103 de afec\u021biuni precum cancerul<br \/>\nLeziuni grave<br \/>\nGestionarea durerii acolo unde alte medicamente sunt ineficiente<\/p>\n<p>Cu formula sa cu ac\u021biune rapid\u0103, <strong>cump\u0103ra\u021bi Dilaudid 8mg online<\/strong> pentru a experimenta o u\u0219urare rapid\u0103 atunci c\u00e2nd alte analgezice nu reu\u0219esc s\u0103 func\u021bioneze.<\/p>\n<h2><strong>Dozaj \u0219i administrare Dilaudid 8 mg<\/strong><\/h2>\n<p>Recomandarea <strong>Dozajul de Dilaudid<\/strong> variaz\u0103 \u00een func\u021bie de intensitatea durerii \u0219i de toleran\u021ba individual\u0103.<\/p>\n<p>\u2013 <strong>Doza ini\u021bial\u0103<\/strong>De obicei <strong>2-4 mg la fiecare 4-6 ore<\/strong>, ajustat \u00een func\u021bie de r\u0103spuns.<br \/>\n\u2013 <strong>Durere sever\u0103<\/strong>P\u00e2n\u0103 la <strong>8 mg per doz\u0103 sub supraveghere medical\u0103<\/strong>.<br \/>\n\u2013 <strong>Doza zilnic\u0103 maxim\u0103<\/strong>Nu trebuie dep\u0103\u0219ite limitele prescrise pentru a evita efectele secundare.<\/p>\n<p>Urma\u021bi \u00eentotdeauna instruc\u021biunile medicului dumneavoastr\u0103 sau consulta\u021bi-l \u00eenainte de <strong>cump\u0103rarea Dilaudid online<\/strong>.<\/p>\n<h2><strong>Beneficiile cump\u0103r\u0103rii Dilaudid 8mg online<\/strong><\/h2>\n<p>C\u00e2nd tu <strong>Comanda\u021bi Dilaudid 8mg online de la un furnizor de \u00eencredere<\/strong>, \u00ee\u021bi place:<\/p>\n<h3><strong>Ameliorarea rapid\u0103 a durerii<\/strong><\/h3>\n<p>Dilaudid \u00eencepe s\u0103 ac\u021bioneze \u00een <strong>15-30 de minute<\/strong>, ceea ce \u00eel face unul dintre opioidele cu ac\u021biune cea mai rapid\u0103 pentru disconfortul sever.<\/p>\n<h3><strong>Comoditate \u0219i confiden\u021bialitate<\/strong><\/h3>\n<p>Sc\u0103pa\u021bi de b\u0103taia de cap a vizitelor la farmacie - lua\u021bi-v\u0103 medicamentele <strong>livrat discret<\/strong> la u\u0219a ta. Al nostru <strong>magazin online de medicamente<\/strong> asigur\u0103 ambalare sigur\u0103 \u0219i servicii confiden\u021biale.<\/p>\n<h3><strong>Pre\u021buri accesibile<\/strong><\/h3>\n<p>Oferim pre\u021buri competitive, asigur\u00e2ndu-v\u0103 c\u0103 beneficia\u021bi de <strong>Dilaudid 8mg ieftin online<\/strong> f\u0103r\u0103 a compromite calitatea.<\/p>\n<h3><strong>Worldwide Shipping<\/strong><\/h3>\n<p>Livr\u0103m <strong>Pastile Dilaudid 8mg<\/strong> c\u0103tre <strong>SUA, Canada, UE \u0219i la nivel global<\/strong>, f\u0103c\u00e2ndu-l accesibil indiferent unde te afli.<\/p>\n<h2><strong>Reac\u021bii adverse poten\u021biale \u0219i precau\u021bii<\/strong><\/h2>\n<p>Ca toate opioidele, <strong>Pastile Dilaudid 8mg<\/strong> poate provoca efecte secundare, inclusiv:<br \/>\nSomnolen\u021b\u0103<br \/>\nGrea\u021b\u0103 sau v\u0103rs\u0103turi<br \/>\nConstipa\u021bie<br \/>\name\u021beli<br \/>\nDepresie respiratorie (\u00een doze mari)<\/p>\n<p><strong>Precau\u021bii importante:<\/strong><br \/>\nEvita\u021bi alcoolul \u0219i alte sedative \u00een timp ce lua\u021bi Dilaudid.<br \/>\nNu conduce\u021bi vehicule \u0219i nu folosi\u021bi utilaje dup\u0103 consum.<br \/>\n\u2013 A se utiliza cu precau\u021bie la pacien\u021bii cu antecedente de abuz de substan\u021be.<\/p>\n<h2><strong>De ce s\u0103 ne alege\u021bi pe noi pentru a cump\u0103ra Dilaudid 8mg online?<\/strong><\/h2>\n<p>Ca un <strong>farmacie online de renume<\/strong>, garant\u0103m:<\/p>\n<p>\u2705 <strong>Medica\u021bie autentic\u0103<\/strong> \u2013 Furniz\u0103m doar <strong>Dilaudid 8 mg aprobat de FDA<\/strong>.<br \/>\n\u2705 <strong>Livrare discret\u0103 \u0219i rapid\u0103<\/strong> \u2013 Comanda dumneavoastr\u0103 ajunge \u00een siguran\u021b\u0103.<br \/>\n\u2705 <strong>Nu este nevoie de re\u021bet\u0103<\/strong> \u2013 Ob\u021bine <strong>Dilaudid f\u0103r\u0103 prescrip\u021bie medical\u0103<\/strong> convenabil.<br \/>\n\u2705 <strong>Asisten\u021b\u0103 clien\u021bi 24\/7<\/strong> \u2013 Asisten\u021b\u0103 cu comenzile \u0219i \u00eendrum\u0103ri privind dozajul.<\/p>\n<h2><strong>Cum s\u0103 comanda\u021bi Dilaudid 8mg online \u00een siguran\u021b\u0103<\/strong><\/h2>\n<p>1. <strong>R\u0103sfoi\u021bi \u0219i selecta\u021bi<\/strong> \u2013 Alege\u021bi corect <strong>Doza de Dilaudid 8 mg<\/strong>.<br \/>\n2. <strong>Adaug\u0103 \u00een co\u0219 \u0219i finalizeaz\u0103 comanda<\/strong> \u2013 Furniza\u021bi detaliile de expediere \u00een siguran\u021b\u0103.<br \/>\n3. <strong>Livrare discret\u0103<\/strong> \u2013 Livrare rapid\u0103 \u0219i confiden\u021bial\u0103 \u00een \u00eentreaga lume.<br \/>\n4. <strong>Suport fiabil<\/strong> \u2013 Contacta\u021bi-ne pentru urm\u0103rire \u0219i asisten\u021b\u0103.<\/p>\n<h2><strong>G\u00e2nduri finale \u2013 Ob\u021bine\u021bi ameliorarea durerii rapid \u0219i la pre\u021buri accesibile ast\u0103zi<\/strong><\/h2>\n<p>Dac\u0103 ave\u021bi nevoie <strong>Dilaudid 8mg online pentru ameliorarea rapid\u0103 \u0219i eficient\u0103 a durerii<\/strong>, nu mai c\u0103uta\u021bi. V\u0103 oferim <strong>Dilaudid de calitate superioar\u0103<\/strong> la pre\u021buri imbatabile cu satisfac\u021bie garantat\u0103. <strong>Comanda\u021bi Dilaudid 8mg online acum<\/strong> \u0219i experien\u021b\u0103 <strong>gestionarea rapid\u0103 \u0219i discret\u0103 a durerii<\/strong> livrat la u\u0219a ta!<\/p>\n<p><strong>Ac\u021bioneaz\u0103 acum \u2013 cump\u0103r\u0103-\u021bi Dilaudid 8mg ast\u0103zi \u0219i rec\u00e2\u0219tig\u0103 controlul asupra durerii!<\/strong><\/p>","protected":false},"excerpt":{"rendered":"<p>Ob\u021bine\u021bi o ameliorare rapid\u0103 \u0219i accesibil\u0103 a durerii cu Dilaudid 8mg - f\u0103r\u0103 prescrip\u021bie medical\u0103! Evita\u021bi b\u0103t\u0103ile de cap ale farmaciei \u0219i costurile ridicate, bucur\u00e2ndu-v\u0103 de livrare discret\u0103 \u0219i sigur\u0103 direct la u\u0219a dumneavoastr\u0103. Pl\u0103ti\u021bi u\u0219or cu Bitcoin pentru o reducere suplimentar\u0103 de 10% \u0219i urm\u0103ri\u021bi comanda la fiecare pas. Solu\u021bia dumneavoastr\u0103 pentru dureri gestionabile este la doar un clic distan\u021b\u0103 - comanda\u021bi acum!<\/p>","protected":false},"featured_media":3676,"comment_status":"open","ping_status":"closed","template":"","meta":{"site-sidebar-layout":"default","site-content-layout":"","ast-site-content-layout":"default","site-content-style":"default","site-sidebar-style":"default","ast-global-header-display":"","ast-banner-title-visibility":"","ast-main-header-display":"","ast-hfb-above-header-display":"","ast-hfb-below-header-display":"","ast-hfb-mobile-header-display":"","site-post-title":"","ast-breadcrumbs-content":"","ast-featured-img":"","footer-sml-layout":"","ast-disable-related-posts":"","theme-transparent-header-meta":"default","adv-header-id-meta":"","stick-header-meta":"default","header-above-stick-meta":"","header-main-stick-meta":"","header-below-stick-meta":"","astra-migrate-meta-layouts":"set","ast-page-background-enabled":"default","ast-page-background-meta":{"desktop":{"background-color":"","background-image":"","background-repeat":"repeat","background-position":"center center","background-size":"auto","background-attachment":"scroll","background-type":"","background-media":"","overlay-type":"","overlay-color":"","overlay-opacity":"","overlay-gradient":""},"tablet":{"background-color":"","background-image":"","background-repeat":"repeat","background-position":"center center","background-size":"auto","background-attachment":"scroll","background-type":"","background-media":"","overlay-type":"","overlay-color":"","overlay-opacity":"","overlay-gradient":""},"mobile":{"background-color":"","background-image":"","background-repeat":"repeat","background-position":"center center","background-size":"auto","background-attachment":"scroll","background-type":"","background-media":"","overlay-type":"","overlay-color":"","overlay-opacity":"","overlay-gradient":""}},"ast-content-background-meta":{"desktop":{"background-color":"var(--ast-global-color-5)","background-image":"","background-repeat":"repeat","background-position":"center center","background-size":"auto","background-attachment":"scroll","background-type":"","background-media":"","overlay-type":"","overlay-color":"","overlay-opacity":"","overlay-gradient":""},"tablet":{"background-color":"var(--ast-global-color-5)","background-image":"","background-repeat":"repeat","background-position":"center center","background-size":"auto","background-attachment":"scroll","background-type":"","background-media":"","overlay-type":"","overlay-color":"","overlay-opacity":"","overlay-gradient":""},"mobile":{"background-color":"var(--ast-global-color-5)","background-image":"","background-repeat":"repeat","background-position":"center center","background-size":"auto","background-attachment":"scroll","background-type":"","background-media":"","overlay-type":"","overlay-color":"","overlay-opacity":"","overlay-gradient":""}}},"product_brand":[],"product_cat":[37],"product_tag":[1142,1137,796,1141,1139,1060,722,1140,778,1138],"class_list":{"0":"post-3646","1":"product","2":"type-product","3":"status-publish","4":"has-post-thumbnail","6":"product_cat-buy-pain-relief-medication-online","7":"product_tag-bitcoins-for-pharmaceuticals","8":"product_tag-buy-dilaudid-8mg-online","9":"product_tag-buy-pain-meds-online","10":"product_tag-cheapest-dilaudid-online","11":"product_tag-dilaudid-for-pain-relief","12":"product_tag-dilaudid-overnight-delivery","13":"product_tag-discreet-medication-delivery","14":"product_tag-no-prescription-dilaudid","15":"product_tag-opioid-pain-relief","16":"product_tag-order-dilaudid-online","17":"desktop-align-left","18":"tablet-align-left","19":"mobile-align-left","20":"ast-product-gallery-layout-horizontal-slider","21":"ast-product-gallery-with-no-image","22":"ast-magnify-disabled","23":"ast-product-single-variable","24":"ast-product-tabs-layout-horizontal","26":"first","27":"instock","28":"shipping-taxable","29":"purchasable","30":"product-type-variable"},"yoast_head":"<!-- This site is optimized with the Yoast SEO Premium plugin v26.0 (Yoast SEO v27.6) - https:\/\/yoast.com\/product\/yoast-seo-premium-wordpress\/ -->\n<title>Dilaudid 8mg Online \u2013 Fast &amp; Affordable Pain Relief &#187; Rx Meds Plus<\/title>\n<meta name=\"description\" content=\"Buy Dilaudid 8mg online for fast, affordable pain relief without a prescription. Enjoy discreet shipping and Bitcoin discounts\u2014order now!\" \/>\n<meta name=\"robots\" content=\"noindex, follow, max-snippet:-1, max-image-preview:large, max-video-preview:-1\" \/>\n<meta property=\"og:locale\" content=\"ro_RO\" \/>\n<meta property=\"og:type\" content=\"article\" \/>\n<meta property=\"og:title\" content=\"Dilaudid 8mg Online \u2013 Fast &amp; Affordable Pain Relief\" \/>\n<meta property=\"og:description\" content=\"Buy Dilaudid 8mg online for fast, affordable pain relief without a prescription. Enjoy discreet shipping and Bitcoin discounts\u2014order now!\" \/>\n<meta property=\"og:url\" content=\"https:\/\/rxmedsplus.com\/ro\/produs\/dilaudid-8mg-2\/\" \/>\n<meta property=\"og:site_name\" content=\"Rx Meds Plus\" \/>\n<meta property=\"article:modified_time\" content=\"2025-09-25T11:02:56+00:00\" \/>\n<meta property=\"og:image\" content=\"https:\/\/mlehknw8zzux.i.optimole.com\/w:887\/h:532\/q:mauto\/f:best\/https:\/\/rxmedsplus.com\/wp-content\/uploads\/2025\/09\/11490-dil-8mg.jpg\" \/>\n\t<meta property=\"og:image:width\" content=\"887\" \/>\n\t<meta property=\"og:image:height\" content=\"532\" \/>\n\t<meta property=\"og:image:type\" content=\"image\/jpeg\" \/>\n<meta name=\"twitter:card\" content=\"summary_large_image\" \/>\n<meta name=\"twitter:label1\" content=\"Disponibilitate\" \/>\n\t<meta name=\"twitter:data1\" content=\"\u00cen stoc\" \/>\n<script type=\"application\/ld+json\" class=\"yoast-schema-graph\">{\"@context\":\"https:\\\/\\\/schema.org\",\"@graph\":[{\"@type\":\"WebPage\",\"@id\":\"https:\\\/\\\/rxmedsplus.com\\\/product\\\/dilaudid-8mg-2\\\/\",\"url\":\"https:\\\/\\\/rxmedsplus.com\\\/product\\\/dilaudid-8mg-2\\\/\",\"name\":\"Dilaudid 8mg Online \u2013 Fast & Affordable Pain Relief &#187; Rx Meds Plus\",\"isPartOf\":{\"@id\":\"https:\\\/\\\/rxmedsplus.com\\\/#website\"},\"primaryImageOfPage\":{\"@id\":\"https:\\\/\\\/rxmedsplus.com\\\/product\\\/dilaudid-8mg-2\\\/#primaryimage\"},\"image\":{\"@id\":\"https:\\\/\\\/rxmedsplus.com\\\/product\\\/dilaudid-8mg-2\\\/#primaryimage\"},\"thumbnailUrl\":\"https:\\\/\\\/rxmedsplus.com\\\/wp-content\\\/uploads\\\/2025\\\/09\\\/11490-dil-8mg.jpg\",\"datePublished\":\"2025-09-24T21:55:44+00:00\",\"dateModified\":\"2025-09-25T11:02:56+00:00\",\"description\":\"Buy Dilaudid 8mg online for fast, affordable pain relief without a prescription. Enjoy discreet shipping and Bitcoin discounts\u2014order now!\",\"breadcrumb\":{\"@id\":\"https:\\\/\\\/rxmedsplus.com\\\/product\\\/dilaudid-8mg-2\\\/#breadcrumb\"},\"inLanguage\":\"ro-RO\",\"potentialAction\":[{\"@type\":\"ReadAction\",\"target\":[\"https:\\\/\\\/rxmedsplus.com\\\/product\\\/dilaudid-8mg-2\\\/\"]}]},{\"@type\":\"ImageObject\",\"inLanguage\":\"ro-RO\",\"@id\":\"https:\\\/\\\/rxmedsplus.com\\\/product\\\/dilaudid-8mg-2\\\/#primaryimage\",\"url\":\"https:\\\/\\\/rxmedsplus.com\\\/wp-content\\\/uploads\\\/2025\\\/09\\\/11490-dil-8mg.jpg\",\"contentUrl\":\"https:\\\/\\\/rxmedsplus.com\\\/wp-content\\\/uploads\\\/2025\\\/09\\\/11490-dil-8mg.jpg\",\"width\":887,\"height\":532},{\"@type\":\"BreadcrumbList\",\"@id\":\"https:\\\/\\\/rxmedsplus.com\\\/product\\\/dilaudid-8mg-2\\\/#breadcrumb\",\"itemListElement\":[{\"@type\":\"ListItem\",\"position\":1,\"name\":\"Home\",\"item\":\"https:\\\/\\\/rxmedsplus.com\\\/\"},{\"@type\":\"ListItem\",\"position\":2,\"name\":\"Shop\",\"item\":\"https:\\\/\\\/rxmedsplus.com\\\/shop\\\/\"},{\"@type\":\"ListItem\",\"position\":3,\"name\":\"Dilaudid 8mg Online \u2013 Fast &#038; Affordable Pain Relief\"}]},{\"@type\":\"WebSite\",\"@id\":\"https:\\\/\\\/rxmedsplus.com\\\/#website\",\"url\":\"https:\\\/\\\/rxmedsplus.com\\\/\",\"name\":\"Rx Meds Plus\",\"description\":\"Buy Prescription Meds and Pills Online with Fast Delivery\",\"potentialAction\":[{\"@type\":\"SearchAction\",\"target\":{\"@type\":\"EntryPoint\",\"urlTemplate\":\"https:\\\/\\\/rxmedsplus.com\\\/?s={search_term_string}\"},\"query-input\":{\"@type\":\"PropertyValueSpecification\",\"valueRequired\":true,\"valueName\":\"search_term_string\"}}],\"inLanguage\":\"ro-RO\"}]}<\/script>\n<meta property=\"og:availability\" content=\"instock\" \/>\n<meta property=\"product:availability\" content=\"instock\" \/>\n<meta property=\"product:retailer_item_id\" content=\"vF7HcVuSyX\" \/>\n<meta property=\"product:condition\" content=\"new\" \/>\n<!-- \/ Yoast SEO Premium plugin. -->","yoast_head_json":{"title":"Dilaudid 8mg Online \u2013 Ameliorare rapid\u0103 \u0219i accesibil\u0103 a durerii \u2013 Medicamente cu prescrip\u021bie medical\u0103 plus","description":"Cump\u0103ra\u021bi Dilaudid 8mg online pentru o ameliorare rapid\u0103 \u0219i accesibil\u0103 a durerii, f\u0103r\u0103 prescrip\u021bie medical\u0103. Beneficia\u021bi de livrare discret\u0103 \u0219i reduceri la Bitcoin - comanda\u021bi acum!","robots":{"index":"noindex","follow":"follow","max-snippet":"max-snippet:-1","max-image-preview":"max-image-preview:large","max-video-preview":"max-video-preview:-1"},"og_locale":"ro_RO","og_type":"article","og_title":"Dilaudid 8mg Online \u2013 Fast & Affordable Pain Relief","og_description":"Buy Dilaudid 8mg online for fast, affordable pain relief without a prescription. Enjoy discreet shipping and Bitcoin discounts\u2014order now!","og_url":"https:\/\/rxmedsplus.com\/ro\/produs\/dilaudid-8mg-2\/","og_site_name":"Rx Meds Plus","article_modified_time":"2025-09-25T11:02:56+00:00","og_image":[{"width":887,"height":532,"url":"https:\/\/mlehknw8zzux.i.optimole.com\/w:887\/h:532\/q:mauto\/f:best\/https:\/\/rxmedsplus.com\/wp-content\/uploads\/2025\/09\/11490-dil-8mg.jpg","type":"image\/jpeg"}],"twitter_card":"summary_large_image","twitter_misc":{"Disponibilitate":"\u00cen stoc"},"schema":{"@context":"https:\/\/schema.org","@graph":[{"@type":"WebPage","@id":"https:\/\/rxmedsplus.com\/product\/dilaudid-8mg-2\/","url":"https:\/\/rxmedsplus.com\/product\/dilaudid-8mg-2\/","name":"Dilaudid 8mg Online \u2013 Ameliorare rapid\u0103 \u0219i accesibil\u0103 a durerii \u2013 Medicamente cu prescrip\u021bie medical\u0103 plus","isPartOf":{"@id":"https:\/\/rxmedsplus.com\/#website"},"primaryImageOfPage":{"@id":"https:\/\/rxmedsplus.com\/product\/dilaudid-8mg-2\/#primaryimage"},"image":{"@id":"https:\/\/rxmedsplus.com\/product\/dilaudid-8mg-2\/#primaryimage"},"thumbnailUrl":"https:\/\/rxmedsplus.com\/wp-content\/uploads\/2025\/09\/11490-dil-8mg.jpg","datePublished":"2025-09-24T21:55:44+00:00","dateModified":"2025-09-25T11:02:56+00:00","description":"Cump\u0103ra\u021bi Dilaudid 8mg online pentru o ameliorare rapid\u0103 \u0219i accesibil\u0103 a durerii, f\u0103r\u0103 prescrip\u021bie medical\u0103. Beneficia\u021bi de livrare discret\u0103 \u0219i reduceri la Bitcoin - comanda\u021bi acum!","breadcrumb":{"@id":"https:\/\/rxmedsplus.com\/product\/dilaudid-8mg-2\/#breadcrumb"},"inLanguage":"ro-RO","potentialAction":[{"@type":"ReadAction","target":["https:\/\/rxmedsplus.com\/product\/dilaudid-8mg-2\/"]}]},{"@type":"ImageObject","inLanguage":"ro-RO","@id":"https:\/\/rxmedsplus.com\/product\/dilaudid-8mg-2\/#primaryimage","url":"https:\/\/rxmedsplus.com\/wp-content\/uploads\/2025\/09\/11490-dil-8mg.jpg","contentUrl":"https:\/\/rxmedsplus.com\/wp-content\/uploads\/2025\/09\/11490-dil-8mg.jpg","width":887,"height":532},{"@type":"BreadcrumbList","@id":"https:\/\/rxmedsplus.com\/product\/dilaudid-8mg-2\/#breadcrumb","itemListElement":[{"@type":"ListItem","position":1,"name":"Home","item":"https:\/\/rxmedsplus.com\/"},{"@type":"ListItem","position":2,"name":"Shop","item":"https:\/\/rxmedsplus.com\/shop\/"},{"@type":"ListItem","position":3,"name":"Dilaudid 8mg Online \u2013 Fast &#038; Affordable Pain Relief"}]},{"@type":"WebSite","@id":"https:\/\/rxmedsplus.com\/#website","url":"https:\/\/rxmedsplus.com\/","name":"Medicamente cu prescrip\u021bie medical\u0103 Plus","description":"Cump\u0103ra\u021bi medicamente \u0219i pastile cu prescrip\u021bie medical\u0103 online cu livrare rapid\u0103","potentialAction":[{"@type":"SearchAction","target":{"@type":"EntryPoint","urlTemplate":"https:\/\/rxmedsplus.com\/?s={search_term_string}"},"query-input":{"@type":"PropertyValueSpecification","valueRequired":true,"valueName":"search_term_string"}}],"inLanguage":"ro-RO"}]},"og_availability":"instock","product_availability":"instock","product_retailer_item_id":"vF7HcVuSyX","product_condition":"new"},"_links":{"self":[{"href":"https:\/\/rxmedsplus.com\/ro\/wp-json\/wp\/v2\/product\/3646","targetHints":{"allow":["GET"]}}],"collection":[{"href":"https:\/\/rxmedsplus.com\/ro\/wp-json\/wp\/v2\/product"}],"about":[{"href":"https:\/\/rxmedsplus.com\/ro\/wp-json\/wp\/v2\/types\/product"}],"replies":[{"embeddable":true,"href":"https:\/\/rxmedsplus.com\/ro\/wp-json\/wp\/v2\/comments?post=3646"}],"wp:featuredmedia":[{"embeddable":true,"href":"https:\/\/rxmedsplus.com\/ro\/wp-json\/wp\/v2\/media\/3676"}],"wp:attachment":[{"href":"https:\/\/rxmedsplus.com\/ro\/wp-json\/wp\/v2\/media?parent=3646"}],"wp:term":[{"taxonomy":"product_brand","embeddable":true,"href":"https:\/\/rxmedsplus.com\/ro\/wp-json\/wp\/v2\/product_brand?post=3646"},{"taxonomy":"product_cat","embeddable":true,"href":"https:\/\/rxmedsplus.com\/ro\/wp-json\/wp\/v2\/product_cat?post=3646"},{"taxonomy":"product_tag","embeddable":true,"href":"https:\/\/rxmedsplus.com\/ro\/wp-json\/wp\/v2\/product_tag?post=3646"}],"curies":[{"name":"wp","href":"https:\/\/api.w.org\/{rel}","templated":true}]}}