{"id":3652,"date":"2025-09-24T21:55:45","date_gmt":"2025-09-24T21:55:45","guid":{"rendered":"https:\/\/rxmedsplus.com\/?post_type=product&#038;p=3652"},"modified":"2025-09-25T11:15:26","modified_gmt":"2025-09-25T11:15:26","slug":"buy-oxycodone-online-safely","status":"publish","type":"product","link":"https:\/\/rxmedsplus.com\/ro\/product\/buy-oxycodone-online-safely\/","title":{"rendered":"Cump\u0103ra\u021bi oxicodon\u0103 30 mg online \u2013 Ameliorare rapid\u0103 \u0219i sigur\u0103"},"content":{"rendered":"<h2><strong>Cump\u0103ra\u021bi oxicodon\u0103 30 mg online \u2013 Ameliorare rapid\u0103 \u0219i sigur\u0103 a durerii cronice<\/strong><\/h2>\n<p>Dac\u0103 sunte\u021bi \u00een c\u0103utarea unei amelior\u0103ri rapide \u0219i eficiente a durerii, nu mai c\u0103uta\u021bi. <strong>Cump\u0103ra\u021bi oxicodon\u0103 30 mg online<\/strong> de la farmacia noastr\u0103 discret\u0103 \u0219i de \u00eencredere pentru a gestiona durerea moderat\u0103 p\u00e2n\u0103 la sever\u0103 \u00een siguran\u021b\u0103 \u0219i convenabil. Oxicodona este un analgezic opioid puternic prescris pentru afec\u021biuni dureroase cronice, recuperare postoperatorie \u0219i alte situa\u021bii medicale dureroase. Oferim livrare rapid\u0103 \u00een SUA, Canada, UE \u0219i \u00een \u00eentreaga lume, asigur\u00e2ndu-v\u0103 c\u0103 primi\u021bi medicamentele f\u0103r\u0103 \u00eent\u00e2rzieri.<\/p>\n<h3><strong>De ce s\u0103 alege\u021bi pastilele noastre cu oxicodon\u0103 30 mg?<\/strong><\/h3>\n<p>C\u00e2nd tu <strong>cump\u0103ra\u021bi oxicodon\u0103 30 mg online<\/strong>, prime\u0219ti un medicament de \u00eenalt\u0103 calitate, testat \u00een laborator, de la o <strong>v\u00e2nz\u0103tor online de \u00eencredere<\/strong>Pastilele noastre provin de la produc\u0103tori de renume, asigur\u00e2nd poten\u021b\u0103 \u0219i siguran\u021b\u0103. Fiecare tablet\u0103 ofer\u0103 doza exact\u0103, oferind o ameliorare constant\u0103 a durerii, f\u0103r\u0103 compromisuri.<\/p>\n<h3><strong>La ce se utilizeaz\u0103 oxicodona 30 mg?<\/strong><\/h3>\n<p>Oxicodona 30 mg este aprobat\u0103 de FDA <strong>analgezic opioid<\/strong> conceput pentru a trata:<br \/>\nDureri cronice de spate<br \/>\nDurere postoperatorie<br \/>\nArtrit\u0103 sever\u0103<br \/>\nDureri legate de cancer<br \/>\nDureri nervoase \u0219i fibromialgie<\/p>\n<p>Func\u021bioneaz\u0103 prin legarea de receptorii opioizi din creier \u0219i m\u0103duva spin\u0103rii, modific\u00e2nd modul \u00een care corpul percepe durerea.<\/p>\n<h3><strong>Beneficii cheie ale oxicodonei 30 mg<\/strong><\/h3>\n<p>\u2013 <strong>Ac\u021biune rapid\u0103 de u\u0219urare:<\/strong> \u00cencepe s\u0103 func\u021bioneze \u00een 15-30 de minute<br \/>\n\u2013 <strong>Efecte de lung\u0103 durat\u0103:<\/strong> Ofer\u0103 p\u00e2n\u0103 la 6 ore de control al durerii<br \/>\n\u2013 <strong>Poten\u021b\u0103 ridicat\u0103:<\/strong> Ideal pentru dureri severe care nu r\u0103spund la medicamente mai slabe<br \/>\n\u2013 <strong>Ambalaj discret:<\/strong> Toate comenzile sunt expediate confiden\u021bial<\/p>\n<h3><strong>Dozajul de oxicodon\u0103 30 mg \u0219i instruc\u021biuni de siguran\u021b\u0103<\/strong><\/h3>\n<p>\u00cenaintea ta <strong>Comanda\u021bi oxicodon\u0103 30 mg online f\u0103r\u0103 re\u021bet\u0103<\/strong>, este esen\u021bial s\u0103 \u00een\u021belegem utilizarea corect\u0103:<\/p>\n<p>\u2013 <strong>Doz\u0103 standard:<\/strong> 5\u201330 mg la fiecare 4\u20136 ore (\u00een func\u021bie de intensitatea durerii)<br \/>\n\u2013 <strong>Ajust\u0103ri ale doz\u0103rii:<\/strong> Nu dep\u0103\u0219i\u021bi niciodat\u0103 limitele prescrise pentru a evita dependen\u021ba<br \/>\n\u2013 <strong>Depozitare:<\/strong> A se p\u0103stra \u00eentr-un loc r\u0103coros \u0219i uscat, departe de copii<br \/>\n\u2013 <strong>Evita\u021bi alcoolul:<\/strong> Poate cre\u0219te somnolen\u021ba \u0219i depresia respiratorie<\/p>\n<p>Consulta\u021bi \u00eentotdeauna un medic dac\u0103 nu sunte\u021bi sigur de dozaj sau de poten\u021bialele interac\u021biuni medicamentoase.<\/p>\n<h3><strong>Reac\u021bii adverse poten\u021biale ale oxicodonei 30 mg<\/strong><\/h3>\n<p>De\u0219i oxicodona este eficient\u0103, aceasta poate provoca reac\u021bii adverse, inclusiv:<br \/>\nSomnolen\u021b\u0103 sau ame\u021beli<br \/>\nGrea\u021b\u0103 sau v\u0103rs\u0103turi<br \/>\nConstipa\u021bie<br \/>\nGur\u0103 uscat\u0103<\/p>\n<p>Reac\u021biile adverse grave (rare) includ respira\u021bie superficial\u0103, confuzie sau reac\u021bii alergice. Dac\u0103 manifesta\u021bi reac\u021bii severe, solicita\u021bi imediat asisten\u021b\u0103 medical\u0103.<\/p>\n<h3><strong>De ce s\u0103 cump\u0103ra\u021bi oxicodon\u0103 30 mg online de la noi?<\/strong><\/h3>\n<p>C\u00e2nd ai nevoie <strong>ameliorarea rapid\u0103 \u0219i sigur\u0103 a durerii<\/strong>, cump\u0103r\u00e2nd de la o <strong>furnizor online de \u00eencredere<\/strong> asigur\u0103:<\/p>\n<p>\u2705 <strong>Medicamente autentice, de \u00eenalt\u0103 calitate<\/strong><br \/>\n\u2705 <strong>Plat\u0103 securizat\u0103 \u0219i tranzac\u021bii criptate<\/strong><br \/>\n\u2705 <strong>Livrare discret\u0103 \u00een SUA, Canada, UE \u0219i \u00een \u00eentreaga lume<\/strong><br \/>\n\u2705 <strong>Nu este necesar\u0103 o re\u021bet\u0103<\/strong><br \/>\n\u2705 <strong>Asisten\u021b\u0103 clien\u021bi 24\/7<\/strong><\/p>\n<p>Prioritiz\u0103m satisfac\u021bia clien\u021bilor \u0219i garant\u0103m c\u0103 comanda dumneavoastr\u0103 ajunge \u00een siguran\u021b\u0103 \u0219i la timp.<\/p>\n<h3><strong>Comanda\u021bi online ast\u0103zi oxicodon\u0103 30 mg pentru o gestionare eficient\u0103 a durerii<\/strong><\/h3>\n<p>Te lup\u021bi cu o durere necru\u021b\u0103toare? Nu a\u0219tepta\u2014<strong>cump\u0103ra\u021bi oxicodon\u0103 30 mg online<\/strong> Acum, pentru o u\u0219urare imediat\u0103 \u0219i fiabil\u0103. Procesul nostru simplificat de comand\u0103 faciliteaz\u0103 ob\u021binerea medicamentelor de care ave\u021bi nevoie f\u0103r\u0103 prescrip\u021bie medical\u0103. Av\u00e2nd \u00eencrederea clien\u021bilor din \u00eentreaga lume, livr\u0103m discret \u0219i \u00een siguran\u021b\u0103 pentru a v\u0103 asigura confiden\u021bialitatea complet\u0103.<\/p>\n<p><strong>Plaseaz\u0103 comanda acum \u0219i experimenteaz\u0103 cele mai bune tratamente pentru ameliorarea durerii!<\/strong><\/p>","protected":false},"excerpt":{"rendered":"<p>G\u0103si\u021bi o u\u0219urare rapid\u0103 \u0219i fiabil\u0103 cu Oxicodon\u0103 30 mg - o solu\u021bie de \u00eencredere pentru durerea moderat\u0103 p\u00e2n\u0103 la sever\u0103 atunci c\u00e2nd alte medicamente nu dau rezultate. Serviciul nostru discret, f\u0103r\u0103 prescrip\u021bie medical\u0103, garanteaz\u0103 c\u0103 pastilele originale sunt livrate \u00een siguran\u021b\u0103 la u\u0219a dumneavoastr\u0103, sus\u021binute de asisten\u021b\u0103 24\/7. Bucura\u021bi-v\u0103 de pre\u021buri competitive, op\u021biuni de plat\u0103 flexibile \u0219i lini\u0219tea sufleteasc\u0103 \u0219tiind c\u0103 primi\u021bi o u\u0219\u0103 eficient\u0103 de la o surs\u0103 de \u00eencredere. CERE\u021aI \u00ceNTOTDEAUNA SFAT MEDICAL PROFESIONAL PRIVIND UTILIZAREA \u0218I DOZAJUL.<\/p>","protected":false},"featured_media":3691,"comment_status":"open","ping_status":"closed","template":"","meta":{"site-sidebar-layout":"default","site-content-layout":"","ast-site-content-layout":"default","site-content-style":"default","site-sidebar-style":"default","ast-global-header-display":"","ast-banner-title-visibility":"","ast-main-header-display":"","ast-hfb-above-header-display":"","ast-hfb-below-header-display":"","ast-hfb-mobile-header-display":"","site-post-title":"","ast-breadcrumbs-content":"","ast-featured-img":"","footer-sml-layout":"","ast-disable-related-posts":"","theme-transparent-header-meta":"default","adv-header-id-meta":"","stick-header-meta":"default","header-above-stick-meta":"","header-main-stick-meta":"","header-below-stick-meta":"","astra-migrate-meta-layouts":"set","ast-page-background-enabled":"default","ast-page-background-meta":{"desktop":{"background-color":"","background-image":"","background-repeat":"repeat","background-position":"center center","background-size":"auto","background-attachment":"scroll","background-type":"","background-media":"","overlay-type":"","overlay-color":"","overlay-opacity":"","overlay-gradient":""},"tablet":{"background-color":"","background-image":"","background-repeat":"repeat","background-position":"center center","background-size":"auto","background-attachment":"scroll","background-type":"","background-media":"","overlay-type":"","overlay-color":"","overlay-opacity":"","overlay-gradient":""},"mobile":{"background-color":"","background-image":"","background-repeat":"repeat","background-position":"center center","background-size":"auto","background-attachment":"scroll","background-type":"","background-media":"","overlay-type":"","overlay-color":"","overlay-opacity":"","overlay-gradient":""}},"ast-content-background-meta":{"desktop":{"background-color":"var(--ast-global-color-5)","background-image":"","background-repeat":"repeat","background-position":"center center","background-size":"auto","background-attachment":"scroll","background-type":"","background-media":"","overlay-type":"","overlay-color":"","overlay-opacity":"","overlay-gradient":""},"tablet":{"background-color":"var(--ast-global-color-5)","background-image":"","background-repeat":"repeat","background-position":"center center","background-size":"auto","background-attachment":"scroll","background-type":"","background-media":"","overlay-type":"","overlay-color":"","overlay-opacity":"","overlay-gradient":""},"mobile":{"background-color":"var(--ast-global-color-5)","background-image":"","background-repeat":"repeat","background-position":"center center","background-size":"auto","background-attachment":"scroll","background-type":"","background-media":"","overlay-type":"","overlay-color":"","overlay-opacity":"","overlay-gradient":""}}},"product_brand":[],"product_cat":[37],"product_tag":[1114,1118,1111,1117,1119,1115,1113,1112,1120,1116],"class_list":{"0":"post-3652","1":"product","2":"type-product","3":"status-publish","4":"has-post-thumbnail","6":"product_cat-buy-pain-relief-medication-online","7":"product_tag-best-online-pharmacy-for-oxycodone","8":"product_tag-buy-opioid-pain-medication","9":"product_tag-buy-oxycodone-30mg-online","10":"product_tag-chronic-pain-relief","11":"product_tag-discreet-oxycodone-shipping","12":"product_tag-fast-oxycodone-delivery","13":"product_tag-order-oxycodone-without-prescription","14":"product_tag-oxycodone-30mg-for-pain-relief","15":"product_tag-oxycodone-for-severe-pain","16":"product_tag-safe-oxycodone-purchase","17":"desktop-align-left","18":"tablet-align-left","19":"mobile-align-left","20":"ast-product-gallery-layout-horizontal-slider","21":"ast-product-gallery-with-no-image","22":"ast-magnify-disabled","23":"ast-product-single-variable","24":"ast-product-tabs-layout-horizontal","26":"first","27":"instock","28":"shipping-taxable","29":"purchasable","30":"product-type-variable"},"yoast_head":"<!-- This site is optimized with the Yoast SEO Premium plugin v26.0 (Yoast SEO v27.6) - https:\/\/yoast.com\/product\/yoast-seo-premium-wordpress\/ -->\n<title>Buy Oxycodone 30mg Online \u2013 Fast &amp; Safe Relief &#187; Rx Meds Plus<\/title>\n<meta name=\"description\" content=\"Buy oxycodone online safely for fast pain relief. Our trusted pharmacy offers discreet shipping &amp; high-quality 30mg pills. Order now for secure delivery!\" \/>\n<meta name=\"robots\" content=\"noindex, follow, max-snippet:-1, max-image-preview:large, max-video-preview:-1\" \/>\n<meta property=\"og:locale\" content=\"ro_RO\" \/>\n<meta property=\"og:type\" content=\"article\" \/>\n<meta property=\"og:title\" content=\"Buy Oxycodone 30mg Online \u2013 Fast &amp; Safe Relief\" \/>\n<meta property=\"og:description\" content=\"Buy oxycodone online safely for fast pain relief. Our trusted pharmacy offers discreet shipping &amp; high-quality 30mg pills. Order now for secure delivery!\" \/>\n<meta property=\"og:url\" content=\"https:\/\/rxmedsplus.com\/ro\/produs\/buy-oxycodone-online-safely\/\" \/>\n<meta property=\"og:site_name\" content=\"Rx Meds Plus\" \/>\n<meta property=\"article:modified_time\" content=\"2025-09-25T11:15:26+00:00\" \/>\n<meta property=\"og:image\" content=\"https:\/\/mlehknw8zzux.i.optimole.com\/w:456\/h:501\/q:mauto\/f:best\/https:\/\/rxmedsplus.com\/wp-content\/uploads\/2025\/09\/11502-Oxycodone-4-1.jpg\" \/>\n\t<meta property=\"og:image:width\" content=\"456\" \/>\n\t<meta property=\"og:image:height\" content=\"501\" \/>\n\t<meta property=\"og:image:type\" content=\"image\/jpeg\" \/>\n<meta name=\"twitter:card\" content=\"summary_large_image\" \/>\n<meta name=\"twitter:label1\" content=\"Disponibilitate\" \/>\n\t<meta name=\"twitter:data1\" content=\"\u00cen stoc\" \/>\n<script type=\"application\/ld+json\" class=\"yoast-schema-graph\">{\"@context\":\"https:\\\/\\\/schema.org\",\"@graph\":[{\"@type\":\"WebPage\",\"@id\":\"https:\\\/\\\/rxmedsplus.com\\\/product\\\/buy-oxycodone-online-safely\\\/\",\"url\":\"https:\\\/\\\/rxmedsplus.com\\\/product\\\/buy-oxycodone-online-safely\\\/\",\"name\":\"Buy Oxycodone 30mg Online \u2013 Fast & Safe Relief &#187; Rx Meds Plus\",\"isPartOf\":{\"@id\":\"https:\\\/\\\/rxmedsplus.com\\\/#website\"},\"primaryImageOfPage\":{\"@id\":\"https:\\\/\\\/rxmedsplus.com\\\/product\\\/buy-oxycodone-online-safely\\\/#primaryimage\"},\"image\":{\"@id\":\"https:\\\/\\\/rxmedsplus.com\\\/product\\\/buy-oxycodone-online-safely\\\/#primaryimage\"},\"thumbnailUrl\":\"https:\\\/\\\/rxmedsplus.com\\\/wp-content\\\/uploads\\\/2025\\\/09\\\/11502-Oxycodone-4-1.jpg\",\"datePublished\":\"2025-09-24T21:55:45+00:00\",\"dateModified\":\"2025-09-25T11:15:26+00:00\",\"description\":\"Buy oxycodone online safely for fast pain relief. Our trusted pharmacy offers discreet shipping & high-quality 30mg pills. Order now for secure delivery!\",\"breadcrumb\":{\"@id\":\"https:\\\/\\\/rxmedsplus.com\\\/product\\\/buy-oxycodone-online-safely\\\/#breadcrumb\"},\"inLanguage\":\"ro-RO\",\"potentialAction\":[{\"@type\":\"ReadAction\",\"target\":[\"https:\\\/\\\/rxmedsplus.com\\\/product\\\/buy-oxycodone-online-safely\\\/\"]}]},{\"@type\":\"ImageObject\",\"inLanguage\":\"ro-RO\",\"@id\":\"https:\\\/\\\/rxmedsplus.com\\\/product\\\/buy-oxycodone-online-safely\\\/#primaryimage\",\"url\":\"https:\\\/\\\/rxmedsplus.com\\\/wp-content\\\/uploads\\\/2025\\\/09\\\/11502-Oxycodone-4-1.jpg\",\"contentUrl\":\"https:\\\/\\\/rxmedsplus.com\\\/wp-content\\\/uploads\\\/2025\\\/09\\\/11502-Oxycodone-4-1.jpg\",\"width\":456,\"height\":501},{\"@type\":\"BreadcrumbList\",\"@id\":\"https:\\\/\\\/rxmedsplus.com\\\/product\\\/buy-oxycodone-online-safely\\\/#breadcrumb\",\"itemListElement\":[{\"@type\":\"ListItem\",\"position\":1,\"name\":\"Home\",\"item\":\"https:\\\/\\\/rxmedsplus.com\\\/\"},{\"@type\":\"ListItem\",\"position\":2,\"name\":\"Shop\",\"item\":\"https:\\\/\\\/rxmedsplus.com\\\/shop\\\/\"},{\"@type\":\"ListItem\",\"position\":3,\"name\":\"Buy Oxycodone 30mg Online \u2013 Fast &#038; Safe Relief\"}]},{\"@type\":\"WebSite\",\"@id\":\"https:\\\/\\\/rxmedsplus.com\\\/#website\",\"url\":\"https:\\\/\\\/rxmedsplus.com\\\/\",\"name\":\"Rx Meds Plus\",\"description\":\"Buy Prescription Meds and Pills Online with Fast Delivery\",\"potentialAction\":[{\"@type\":\"SearchAction\",\"target\":{\"@type\":\"EntryPoint\",\"urlTemplate\":\"https:\\\/\\\/rxmedsplus.com\\\/?s={search_term_string}\"},\"query-input\":{\"@type\":\"PropertyValueSpecification\",\"valueRequired\":true,\"valueName\":\"search_term_string\"}}],\"inLanguage\":\"ro-RO\"}]}<\/script>\n<meta property=\"og:availability\" content=\"instock\" \/>\n<meta property=\"product:availability\" content=\"instock\" \/>\n<meta property=\"product:retailer_item_id\" content=\"qVKXgCRc4W\" \/>\n<meta property=\"product:condition\" content=\"new\" \/>\n<!-- \/ Yoast SEO Premium plugin. -->","yoast_head_json":{"title":"Cump\u0103ra\u021bi oxicodon\u0103 30 mg online \u2013 Ameliorare rapid\u0103 \u0219i sigur\u0103 \u2013 Medicamente cu prescrip\u021bie medical\u0103 plus","description":"Cump\u0103ra\u021bi oxicodon\u0103 online \u00een siguran\u021b\u0103 pentru ameliorarea rapid\u0103 a durerii. Farmacia noastr\u0103 de \u00eencredere ofer\u0103 livrare discret\u0103 \u0219i pastile de 30 mg de \u00eenalt\u0103 calitate. Comanda\u021bi acum pentru livrare securizat\u0103!","robots":{"index":"noindex","follow":"follow","max-snippet":"max-snippet:-1","max-image-preview":"max-image-preview:large","max-video-preview":"max-video-preview:-1"},"og_locale":"ro_RO","og_type":"article","og_title":"Buy Oxycodone 30mg Online \u2013 Fast & Safe Relief","og_description":"Buy oxycodone online safely for fast pain relief. Our trusted pharmacy offers discreet shipping & high-quality 30mg pills. Order now for secure delivery!","og_url":"https:\/\/rxmedsplus.com\/ro\/produs\/buy-oxycodone-online-safely\/","og_site_name":"Rx Meds Plus","article_modified_time":"2025-09-25T11:15:26+00:00","og_image":[{"width":456,"height":501,"url":"https:\/\/mlehknw8zzux.i.optimole.com\/w:456\/h:501\/q:mauto\/f:best\/https:\/\/rxmedsplus.com\/wp-content\/uploads\/2025\/09\/11502-Oxycodone-4-1.jpg","type":"image\/jpeg"}],"twitter_card":"summary_large_image","twitter_misc":{"Disponibilitate":"\u00cen stoc"},"schema":{"@context":"https:\/\/schema.org","@graph":[{"@type":"WebPage","@id":"https:\/\/rxmedsplus.com\/product\/buy-oxycodone-online-safely\/","url":"https:\/\/rxmedsplus.com\/product\/buy-oxycodone-online-safely\/","name":"Cump\u0103ra\u021bi oxicodon\u0103 30 mg online \u2013 Ameliorare rapid\u0103 \u0219i sigur\u0103 \u2013 Medicamente cu prescrip\u021bie medical\u0103 plus","isPartOf":{"@id":"https:\/\/rxmedsplus.com\/#website"},"primaryImageOfPage":{"@id":"https:\/\/rxmedsplus.com\/product\/buy-oxycodone-online-safely\/#primaryimage"},"image":{"@id":"https:\/\/rxmedsplus.com\/product\/buy-oxycodone-online-safely\/#primaryimage"},"thumbnailUrl":"https:\/\/rxmedsplus.com\/wp-content\/uploads\/2025\/09\/11502-Oxycodone-4-1.jpg","datePublished":"2025-09-24T21:55:45+00:00","dateModified":"2025-09-25T11:15:26+00:00","description":"Cump\u0103ra\u021bi oxicodon\u0103 online \u00een siguran\u021b\u0103 pentru ameliorarea rapid\u0103 a durerii. Farmacia noastr\u0103 de \u00eencredere ofer\u0103 livrare discret\u0103 \u0219i pastile de 30 mg de \u00eenalt\u0103 calitate. Comanda\u021bi acum pentru livrare securizat\u0103!","breadcrumb":{"@id":"https:\/\/rxmedsplus.com\/product\/buy-oxycodone-online-safely\/#breadcrumb"},"inLanguage":"ro-RO","potentialAction":[{"@type":"ReadAction","target":["https:\/\/rxmedsplus.com\/product\/buy-oxycodone-online-safely\/"]}]},{"@type":"ImageObject","inLanguage":"ro-RO","@id":"https:\/\/rxmedsplus.com\/product\/buy-oxycodone-online-safely\/#primaryimage","url":"https:\/\/rxmedsplus.com\/wp-content\/uploads\/2025\/09\/11502-Oxycodone-4-1.jpg","contentUrl":"https:\/\/rxmedsplus.com\/wp-content\/uploads\/2025\/09\/11502-Oxycodone-4-1.jpg","width":456,"height":501},{"@type":"BreadcrumbList","@id":"https:\/\/rxmedsplus.com\/product\/buy-oxycodone-online-safely\/#breadcrumb","itemListElement":[{"@type":"ListItem","position":1,"name":"Home","item":"https:\/\/rxmedsplus.com\/"},{"@type":"ListItem","position":2,"name":"Shop","item":"https:\/\/rxmedsplus.com\/shop\/"},{"@type":"ListItem","position":3,"name":"Buy Oxycodone 30mg Online \u2013 Fast &#038; Safe Relief"}]},{"@type":"WebSite","@id":"https:\/\/rxmedsplus.com\/#website","url":"https:\/\/rxmedsplus.com\/","name":"Medicamente cu prescrip\u021bie medical\u0103 Plus","description":"Cump\u0103ra\u021bi medicamente \u0219i pastile cu prescrip\u021bie medical\u0103 online cu livrare rapid\u0103","potentialAction":[{"@type":"SearchAction","target":{"@type":"EntryPoint","urlTemplate":"https:\/\/rxmedsplus.com\/?s={search_term_string}"},"query-input":{"@type":"PropertyValueSpecification","valueRequired":true,"valueName":"search_term_string"}}],"inLanguage":"ro-RO"}]},"og_availability":"instock","product_availability":"instock","product_retailer_item_id":"qVKXgCRc4W","product_condition":"new"},"_links":{"self":[{"href":"https:\/\/rxmedsplus.com\/ro\/wp-json\/wp\/v2\/product\/3652","targetHints":{"allow":["GET"]}}],"collection":[{"href":"https:\/\/rxmedsplus.com\/ro\/wp-json\/wp\/v2\/product"}],"about":[{"href":"https:\/\/rxmedsplus.com\/ro\/wp-json\/wp\/v2\/types\/product"}],"replies":[{"embeddable":true,"href":"https:\/\/rxmedsplus.com\/ro\/wp-json\/wp\/v2\/comments?post=3652"}],"wp:featuredmedia":[{"embeddable":true,"href":"https:\/\/rxmedsplus.com\/ro\/wp-json\/wp\/v2\/media\/3691"}],"wp:attachment":[{"href":"https:\/\/rxmedsplus.com\/ro\/wp-json\/wp\/v2\/media?parent=3652"}],"wp:term":[{"taxonomy":"product_brand","embeddable":true,"href":"https:\/\/rxmedsplus.com\/ro\/wp-json\/wp\/v2\/product_brand?post=3652"},{"taxonomy":"product_cat","embeddable":true,"href":"https:\/\/rxmedsplus.com\/ro\/wp-json\/wp\/v2\/product_cat?post=3652"},{"taxonomy":"product_tag","embeddable":true,"href":"https:\/\/rxmedsplus.com\/ro\/wp-json\/wp\/v2\/product_tag?post=3652"}],"curies":[{"name":"wp","href":"https:\/\/api.w.org\/{rel}","templated":true}]}}