{"id":4302,"date":"2026-05-03T23:30:24","date_gmt":"2026-05-03T23:30:24","guid":{"rendered":"https:\/\/rxmedsplus.com\/"},"modified":"2026-05-11T00:44:31","modified_gmt":"2026-05-11T00:44:31","slug":"kamajoy-d-online","status":"publish","type":"product","link":"https:\/\/rxmedsplus.com\/ro\/product\/kamajoy-d-online\/","title":{"rendered":"KamaJoy D de v\u00e2nzare online \u2013 Cre\u0219te\u021bi rapid performan\u021ba!"},"content":{"rendered":"<p><strong>KamaJoy D de v\u00e2nzare online \u2013 Cre\u0219te\u021bi rapid performan\u021ba!<\/strong>  <\/p>\n<p>Cau\u021bi o modalitate fiabil\u0103 de a-\u021bi \u00eembun\u0103t\u0103\u021bi rapid performan\u021ba? KamaJoy D este un supliment premium conceput pentru a stimula rezisten\u021ba, energia \u0219i vitalitatea general\u0103. Indiferent dac\u0103 dore\u0219ti o rezisten\u021b\u0103 \u00eembun\u0103t\u0103\u021bit\u0103 sau o modalitate natural\u0103 de a-\u021bi \u00eembun\u0103t\u0103\u021bi experien\u021bele intime, KamaJoy D ofer\u0103 rezultate rapide. Disponibil\u0103 pentru achizi\u021bionare online f\u0103r\u0103 re\u021bet\u0103, aceast\u0103 formul\u0103 de \u00eencredere este livrat\u0103 discret \u00een \u00eentreaga lume, inclusiv \u00een SUA, Canada, UE, Marea Britanie, Australia \u0219i nu numai.  <\/p>\n<h3><strong>Ce este KamaJoy D?<\/strong>  <\/h3>\n<p>KamaJoy D este un supliment puternic pentru \u00eembun\u0103t\u0103\u021birea performan\u021bei, formulat cu ingrediente de \u00eenalt\u0103 calitate pentru a sus\u021bine rezisten\u021ba, rezisten\u021ba \u0219i vitalitatea. Spre deosebire de medicamentele eliberate pe baz\u0103 de re\u021bet\u0103, acest produs ofer\u0103 o solu\u021bie natural\u0103, dar eficient\u0103, pentru cei care doresc s\u0103 \u00ee\u0219i \u00eembun\u0103t\u0103\u021beasc\u0103 performan\u021ba intima f\u0103r\u0103 efecte secundare.  <\/p>\n<h3><strong>Beneficii cheie ale KamaJoy D<\/strong>  <\/h3>\n<p>\u2013 <strong>Formul\u0103 cu ac\u021biune rapid\u0103:<\/strong> Ob\u021bine\u021bi rezultate vizibile la scurt timp dup\u0103 consum.<br \/>\n\u2013 <strong>Rezisten\u021b\u0103 \u00eembun\u0103t\u0103\u021bit\u0103:<\/strong> Sus\u021bine rezisten\u021ba prelungit\u0103 \u0219i nivelurile de energie.<br \/>\n\u2013 <strong>Vitalitate crescut\u0103:<\/strong> Ajut\u0103 la cre\u0219terea \u00eencrederii \u0219i a performan\u021bei generale.<br \/>\n\u2013 <strong>Discret \u0219i convenabil:<\/strong> Comand\u0103 online f\u0103r\u0103 a fi nevoie de re\u021bet\u0103.<br \/>\n\u2013 <strong>Livrare \u00een \u00eentreaga lume:<\/strong> Livrat \u00een siguran\u021b\u0103 la u\u0219a ta, \u00eentr-un ambalaj discret.  <\/p>\n<h3><strong>Cum func\u021bioneaz\u0103 KamaJoy D?<\/strong>  <\/h3>\n<p>KamaJoy D ac\u021bioneaz\u0103 prin promovarea circula\u021biei sanguine optime, esen\u021bial\u0103 pentru performan\u021be maxime. Ingredientele sale atent selectate ajut\u0103 la stimularea nivelului de energie, la reducerea oboselii \u0219i la cre\u0219terea sensibilit\u0103\u021bii, asigur\u00e2nd o experien\u021b\u0103 mai satisf\u0103c\u0103toare.  <\/p>\n<h3><strong>Dozaj \u0219i utilizare recomandate<\/strong>  <\/h3>\n<p>Pentru cele mai bune rezultate, lua\u021bi un comprimat cu aproximativ 30-60 de minute \u00eenainte de activitate. Evita\u021bi dep\u0103\u0219irea dozei recomandate pentru a preveni efectele secundare inutile. Utilizarea constant\u0103 poate duce la rezultate \u00eembun\u0103t\u0103\u021bite \u00een timp.  <\/p>\n<h3><strong>De ce s\u0103 alegi KamaJoy D?<\/strong>  <\/h3>\n<p>Atunci c\u00e2nd achizi\u021biona\u021bi suplimente de performan\u021b\u0103 online, \u00eencrederea conteaz\u0103. \u00cen calitate de furnizor reputat, ne asigur\u0103m c\u0103 fiecare comand\u0103 este procesat\u0103 cu confiden\u021bialitate \u0219i expediat\u0103 \u00een siguran\u021b\u0103. Clien\u021bii no\u0219tri se bazeaz\u0103 pe noi pentru produse autentice, de \u00eenalt\u0103 calitate, livrate discret la loca\u021bia lor.  <\/p>\n<h3><strong>Unde s\u0103 cump\u0103ra\u021bi KamaJoy D online \u00een siguran\u021b\u0103<\/strong>  <\/h3>\n<p>G\u0103sirea unei surse de \u00eencredere pentru suplimente de performan\u021b\u0103 este crucial\u0103. Magazinul nostru online ofer\u0103 KamaJoy D autentic f\u0103r\u0103 a fi nevoie de re\u021bet\u0103. Pur \u0219i simplu plasa\u021bi comanda, iar noi vom asigura o livrare rapid\u0103 \u0219i discret\u0103 la adresa preferat\u0103.  <\/p>\n<h3><strong>G\u00e2nduri finale<\/strong>  <\/h3>\n<p>Dac\u0103 sunte\u021bi \u00een c\u0103utarea unei modalit\u0103\u021bi fiabile de a v\u0103 \u00eembun\u0103t\u0103\u021bi rapid performan\u021ba, KamaJoy D este o alegere excelent\u0103. Cu formula sa cu ac\u021biune rapid\u0103 \u0219i beneficiile dovedite, se remarc\u0103 ca un supliment de top pentru cre\u0219terea rezisten\u021bei \u0219i vitalit\u0103\u021bii. Comanda\u021bi ast\u0103zi \u0219i experimenta\u021bi diferen\u021ba!  <\/p>\n<p>E\u0219ti gata s\u0103-\u021bi \u00eembun\u0103t\u0103\u021be\u0219ti performan\u021ba? Ia KamaJoy D de v\u00e2nzare online acum \u0219i bucur\u0103-te de livrare discret\u0103 \u00een \u00eentreaga lume. Satisfac\u021bia ta este prioritatea noastr\u0103 - cump\u0103r\u0103 cu \u00eencredere ast\u0103zi!<\/p>","protected":false},"excerpt":{"rendered":"<p>**Cre\u0219te-\u021bi rapid performan\u021ba cu KamaJoy D!**  <\/p>\n<p>Cau\u021bi o modalitate sigur\u0103 de a-\u021bi spori rezisten\u021ba \u0219i libidoul? Cump\u0103r\u0103 KamaJoy D online de la Rx Meds Plus - sursa ta sigur\u0103 pentru suplimente premium pentru \u00eembun\u0103t\u0103\u021birea performan\u021bei masculine. Plin de ingrediente puternice din plante \u0219i calitate farmaceutic\u0103, KamaJoy D ofer\u0103 rezisten\u021b\u0103, \u00eencredere \u0219i satisfac\u021bie \u00eembun\u0103t\u0103\u021bite, f\u0103r\u0103 efecte secundare.  <\/p>\n<p>Bucur\u0103-te de livrare discret\u0103 \u0219i rapid\u0103 \u0219i de confortul necesit\u0103\u021bii de a comanda f\u0103r\u0103 re\u021bet\u0103. Indiferent dac\u0103 te confrun\u021bi cu probleme minore de performan\u021b\u0103 sau cau\u021bi un avantaj suplimentar, formula dovedit\u0103 a KamaJoy D func\u021bioneaz\u0103 eficient. Comand\u0103 acum pentru energie maxim\u0103, pl\u0103cere sporit\u0103 \u0219i rezultate imbatabile!<\/p>","protected":false},"featured_media":4332,"comment_status":"open","ping_status":"closed","template":"","meta":{"site-sidebar-layout":"default","site-content-layout":"","ast-site-content-layout":"default","site-content-style":"default","site-sidebar-style":"default","ast-global-header-display":"","ast-banner-title-visibility":"","ast-main-header-display":"","ast-hfb-above-header-display":"","ast-hfb-below-header-display":"","ast-hfb-mobile-header-display":"","site-post-title":"","ast-breadcrumbs-content":"","ast-featured-img":"","footer-sml-layout":"","ast-disable-related-posts":"","theme-transparent-header-meta":"","adv-header-id-meta":"","stick-header-meta":"","header-above-stick-meta":"","header-main-stick-meta":"","header-below-stick-meta":"","astra-migrate-meta-layouts":"default","ast-page-background-enabled":"default","ast-page-background-meta":{"desktop":{"background-color":"","background-image":"","background-repeat":"repeat","background-position":"center center","background-size":"auto","background-attachment":"scroll","background-type":"","background-media":"","overlay-type":"","overlay-color":"","overlay-opacity":"","overlay-gradient":""},"tablet":{"background-color":"","background-image":"","background-repeat":"repeat","background-position":"center center","background-size":"auto","background-attachment":"scroll","background-type":"","background-media":"","overlay-type":"","overlay-color":"","overlay-opacity":"","overlay-gradient":""},"mobile":{"background-color":"","background-image":"","background-repeat":"repeat","background-position":"center center","background-size":"auto","background-attachment":"scroll","background-type":"","background-media":"","overlay-type":"","overlay-color":"","overlay-opacity":"","overlay-gradient":""}},"ast-content-background-meta":{"desktop":{"background-color":"var(--ast-global-color-5)","background-image":"","background-repeat":"repeat","background-position":"center center","background-size":"auto","background-attachment":"scroll","background-type":"","background-media":"","overlay-type":"","overlay-color":"","overlay-opacity":"","overlay-gradient":""},"tablet":{"background-color":"var(--ast-global-color-5)","background-image":"","background-repeat":"repeat","background-position":"center center","background-size":"auto","background-attachment":"scroll","background-type":"","background-media":"","overlay-type":"","overlay-color":"","overlay-opacity":"","overlay-gradient":""},"mobile":{"background-color":"var(--ast-global-color-5)","background-image":"","background-repeat":"repeat","background-position":"center center","background-size":"auto","background-attachment":"scroll","background-type":"","background-media":"","overlay-type":"","overlay-color":"","overlay-opacity":"","overlay-gradient":""}}},"product_brand":[],"product_cat":[1684],"product_tag":[2133,279,2130,2124,2127,2126,2121,980,2128,2129,2122,2132,2123,2131,2125],"class_list":{"0":"post-4302","1":"product","2":"type-product","3":"status-publish","4":"has-post-thumbnail","6":"product_cat-sex-pills","7":"product_tag-buy-online","8":"product_tag-discreet-shipping","9":"product_tag-endurance-support","10":"product_tag-energy-supplement","11":"product_tag-fast-acting-formula","12":"product_tag-intimate-performance","13":"product_tag-kamajoy-d","14":"product_tag-male-enhancement","15":"product_tag-natural-supplement","16":"product_tag-online-purchase","17":"product_tag-performance-booster","18":"product_tag-premium-supplement","19":"product_tag-stamina-enhancer","20":"product_tag-trusted-formula","21":"product_tag-vitality-boost","22":"desktop-align-left","23":"tablet-align-left","24":"mobile-align-left","25":"ast-product-gallery-layout-horizontal-slider","26":"ast-product-gallery-with-no-image","27":"ast-magnify-disabled","28":"ast-product-single-variable","29":"ast-product-tabs-layout-horizontal","31":"first","32":"instock","33":"shipping-taxable","34":"purchasable","35":"product-type-variable"},"yoast_head":"<!-- This site is optimized with the Yoast SEO Premium plugin v26.0 (Yoast SEO v27.6) - https:\/\/yoast.com\/product\/yoast-seo-premium-wordpress\/ -->\n<title>KamaJoy D for Sale Online \u2013 Boost Performance Fast! &#187; Rx Meds Plus<\/title>\n<meta name=\"description\" content=\"Boost performance fast with KamaJoy D online\u2014premium stamina &amp; vitality support. Order now for discreet worldwide shipping!\" \/>\n<meta name=\"robots\" content=\"noindex, follow, max-snippet:-1, max-image-preview:large, max-video-preview:-1\" \/>\n<meta property=\"og:locale\" content=\"ro_RO\" \/>\n<meta property=\"og:type\" content=\"article\" \/>\n<meta property=\"og:title\" content=\"KamaJoy D for Sale Online \u2013 Boost Performance Fast!\" \/>\n<meta property=\"og:description\" content=\"Boost performance fast with KamaJoy D online\u2014premium stamina &amp; vitality support. Order now for discreet worldwide shipping!\" \/>\n<meta property=\"og:url\" content=\"https:\/\/rxmedsplus.com\/ro\/produs\/kamajoy-d-online\/\" \/>\n<meta property=\"og:site_name\" content=\"Rx Meds Plus\" \/>\n<meta property=\"article:modified_time\" content=\"2026-05-11T00:44:31+00:00\" \/>\n<meta property=\"og:image\" content=\"https:\/\/rxmedsplus.com\/wp-content\/uploads\/2026\/05\/134354-3-1.jpg\" \/>\n\t<meta property=\"og:image:width\" content=\"500\" \/>\n\t<meta property=\"og:image:height\" content=\"500\" \/>\n\t<meta property=\"og:image:type\" content=\"image\/jpeg\" \/>\n<meta name=\"twitter:card\" content=\"summary_large_image\" \/>\n<meta name=\"twitter:label1\" content=\"Disponibilitate\" \/>\n\t<meta name=\"twitter:data1\" content=\"\u00cen stoc\" \/>\n<script type=\"application\/ld+json\" class=\"yoast-schema-graph\">{\"@context\":\"https:\\\/\\\/schema.org\",\"@graph\":[{\"@type\":\"WebPage\",\"@id\":\"https:\\\/\\\/rxmedsplus.com\\\/product\\\/kamajoy-d-online\\\/\",\"url\":\"https:\\\/\\\/rxmedsplus.com\\\/product\\\/kamajoy-d-online\\\/\",\"name\":\"KamaJoy D for Sale Online \u2013 Boost Performance Fast! &#187; Rx Meds Plus\",\"isPartOf\":{\"@id\":\"https:\\\/\\\/rxmedsplus.com\\\/#website\"},\"primaryImageOfPage\":{\"@id\":\"https:\\\/\\\/rxmedsplus.com\\\/product\\\/kamajoy-d-online\\\/#primaryimage\"},\"image\":{\"@id\":\"https:\\\/\\\/rxmedsplus.com\\\/product\\\/kamajoy-d-online\\\/#primaryimage\"},\"thumbnailUrl\":\"https:\\\/\\\/rxmedsplus.com\\\/wp-content\\\/uploads\\\/2026\\\/05\\\/134354-3-1.jpg\",\"datePublished\":\"2026-05-03T23:30:24+00:00\",\"dateModified\":\"2026-05-11T00:44:31+00:00\",\"description\":\"Boost performance fast with KamaJoy D online\u2014premium stamina & vitality support. Order now for discreet worldwide shipping!\",\"breadcrumb\":{\"@id\":\"https:\\\/\\\/rxmedsplus.com\\\/product\\\/kamajoy-d-online\\\/#breadcrumb\"},\"inLanguage\":\"ro-RO\",\"potentialAction\":[{\"@type\":\"ReadAction\",\"target\":[\"https:\\\/\\\/rxmedsplus.com\\\/product\\\/kamajoy-d-online\\\/\"]}]},{\"@type\":\"ImageObject\",\"inLanguage\":\"ro-RO\",\"@id\":\"https:\\\/\\\/rxmedsplus.com\\\/product\\\/kamajoy-d-online\\\/#primaryimage\",\"url\":\"https:\\\/\\\/rxmedsplus.com\\\/wp-content\\\/uploads\\\/2026\\\/05\\\/134354-3-1.jpg\",\"contentUrl\":\"https:\\\/\\\/rxmedsplus.com\\\/wp-content\\\/uploads\\\/2026\\\/05\\\/134354-3-1.jpg\",\"width\":500,\"height\":500},{\"@type\":\"BreadcrumbList\",\"@id\":\"https:\\\/\\\/rxmedsplus.com\\\/product\\\/kamajoy-d-online\\\/#breadcrumb\",\"itemListElement\":[{\"@type\":\"ListItem\",\"position\":1,\"name\":\"Home\",\"item\":\"https:\\\/\\\/rxmedsplus.com\\\/\"},{\"@type\":\"ListItem\",\"position\":2,\"name\":\"Shop\",\"item\":\"https:\\\/\\\/rxmedsplus.com\\\/shop\\\/\"},{\"@type\":\"ListItem\",\"position\":3,\"name\":\"KamaJoy D for Sale Online \u2013 Boost Performance Fast!\"}]},{\"@type\":\"WebSite\",\"@id\":\"https:\\\/\\\/rxmedsplus.com\\\/#website\",\"url\":\"https:\\\/\\\/rxmedsplus.com\\\/\",\"name\":\"Rx Meds Plus\",\"description\":\"Buy Prescription Meds and Pills Online with Fast Delivery\",\"potentialAction\":[{\"@type\":\"SearchAction\",\"target\":{\"@type\":\"EntryPoint\",\"urlTemplate\":\"https:\\\/\\\/rxmedsplus.com\\\/?s={search_term_string}\"},\"query-input\":{\"@type\":\"PropertyValueSpecification\",\"valueRequired\":true,\"valueName\":\"search_term_string\"}}],\"inLanguage\":\"ro-RO\"}]}<\/script>\n<meta property=\"og:availability\" content=\"instock\" \/>\n<meta property=\"product:availability\" content=\"instock\" \/>\n<meta property=\"product:retailer_item_id\" content=\"134354\" \/>\n<meta property=\"product:condition\" content=\"new\" \/>\n<!-- \/ Yoast SEO Premium plugin. -->","yoast_head_json":{"title":"KamaJoy D de v\u00e2nzare online \u2013 Cre\u0219te\u021bi rapid performan\u021ba! Medicamente cu prescrip\u021bie medical\u0103 plus","description":"\u00cembun\u0103t\u0103\u021be\u0219te-\u021bi rapid performan\u021ba cu KamaJoy D online \u2014 suport premium pentru rezisten\u021b\u0103 \u0219i vitalitate. Comand\u0103 acum pentru livrare discret\u0103 \u00een \u00eentreaga lume!","robots":{"index":"noindex","follow":"follow","max-snippet":"max-snippet:-1","max-image-preview":"max-image-preview:large","max-video-preview":"max-video-preview:-1"},"og_locale":"ro_RO","og_type":"article","og_title":"KamaJoy D for Sale Online \u2013 Boost Performance Fast!","og_description":"Boost performance fast with KamaJoy D online\u2014premium stamina & vitality support. Order now for discreet worldwide shipping!","og_url":"https:\/\/rxmedsplus.com\/ro\/produs\/kamajoy-d-online\/","og_site_name":"Rx Meds Plus","article_modified_time":"2026-05-11T00:44:31+00:00","og_image":[{"width":500,"height":500,"url":"https:\/\/rxmedsplus.com\/wp-content\/uploads\/2026\/05\/134354-3-1.jpg","type":"image\/jpeg"}],"twitter_card":"summary_large_image","twitter_misc":{"Disponibilitate":"\u00cen stoc"},"schema":{"@context":"https:\/\/schema.org","@graph":[{"@type":"WebPage","@id":"https:\/\/rxmedsplus.com\/product\/kamajoy-d-online\/","url":"https:\/\/rxmedsplus.com\/product\/kamajoy-d-online\/","name":"KamaJoy D de v\u00e2nzare online \u2013 Cre\u0219te\u021bi rapid performan\u021ba! Medicamente cu prescrip\u021bie medical\u0103 plus","isPartOf":{"@id":"https:\/\/rxmedsplus.com\/#website"},"primaryImageOfPage":{"@id":"https:\/\/rxmedsplus.com\/product\/kamajoy-d-online\/#primaryimage"},"image":{"@id":"https:\/\/rxmedsplus.com\/product\/kamajoy-d-online\/#primaryimage"},"thumbnailUrl":"https:\/\/rxmedsplus.com\/wp-content\/uploads\/2026\/05\/134354-3-1.jpg","datePublished":"2026-05-03T23:30:24+00:00","dateModified":"2026-05-11T00:44:31+00:00","description":"\u00cembun\u0103t\u0103\u021be\u0219te-\u021bi rapid performan\u021ba cu KamaJoy D online \u2014 suport premium pentru rezisten\u021b\u0103 \u0219i vitalitate. Comand\u0103 acum pentru livrare discret\u0103 \u00een \u00eentreaga lume!","breadcrumb":{"@id":"https:\/\/rxmedsplus.com\/product\/kamajoy-d-online\/#breadcrumb"},"inLanguage":"ro-RO","potentialAction":[{"@type":"ReadAction","target":["https:\/\/rxmedsplus.com\/product\/kamajoy-d-online\/"]}]},{"@type":"ImageObject","inLanguage":"ro-RO","@id":"https:\/\/rxmedsplus.com\/product\/kamajoy-d-online\/#primaryimage","url":"https:\/\/rxmedsplus.com\/wp-content\/uploads\/2026\/05\/134354-3-1.jpg","contentUrl":"https:\/\/rxmedsplus.com\/wp-content\/uploads\/2026\/05\/134354-3-1.jpg","width":500,"height":500},{"@type":"BreadcrumbList","@id":"https:\/\/rxmedsplus.com\/product\/kamajoy-d-online\/#breadcrumb","itemListElement":[{"@type":"ListItem","position":1,"name":"Home","item":"https:\/\/rxmedsplus.com\/"},{"@type":"ListItem","position":2,"name":"Shop","item":"https:\/\/rxmedsplus.com\/shop\/"},{"@type":"ListItem","position":3,"name":"KamaJoy D for Sale Online \u2013 Boost Performance Fast!"}]},{"@type":"WebSite","@id":"https:\/\/rxmedsplus.com\/#website","url":"https:\/\/rxmedsplus.com\/","name":"Medicamente cu prescrip\u021bie medical\u0103 Plus","description":"Cump\u0103ra\u021bi medicamente \u0219i pastile cu prescrip\u021bie medical\u0103 online cu livrare rapid\u0103","potentialAction":[{"@type":"SearchAction","target":{"@type":"EntryPoint","urlTemplate":"https:\/\/rxmedsplus.com\/?s={search_term_string}"},"query-input":{"@type":"PropertyValueSpecification","valueRequired":true,"valueName":"search_term_string"}}],"inLanguage":"ro-RO"}]},"og_availability":"instock","product_availability":"instock","product_retailer_item_id":"134354","product_condition":"new"},"_links":{"self":[{"href":"https:\/\/rxmedsplus.com\/ro\/wp-json\/wp\/v2\/product\/4302","targetHints":{"allow":["GET"]}}],"collection":[{"href":"https:\/\/rxmedsplus.com\/ro\/wp-json\/wp\/v2\/product"}],"about":[{"href":"https:\/\/rxmedsplus.com\/ro\/wp-json\/wp\/v2\/types\/product"}],"replies":[{"embeddable":true,"href":"https:\/\/rxmedsplus.com\/ro\/wp-json\/wp\/v2\/comments?post=4302"}],"wp:featuredmedia":[{"embeddable":true,"href":"https:\/\/rxmedsplus.com\/ro\/wp-json\/wp\/v2\/media\/4332"}],"wp:attachment":[{"href":"https:\/\/rxmedsplus.com\/ro\/wp-json\/wp\/v2\/media?parent=4302"}],"wp:term":[{"taxonomy":"product_brand","embeddable":true,"href":"https:\/\/rxmedsplus.com\/ro\/wp-json\/wp\/v2\/product_brand?post=4302"},{"taxonomy":"product_cat","embeddable":true,"href":"https:\/\/rxmedsplus.com\/ro\/wp-json\/wp\/v2\/product_cat?post=4302"},{"taxonomy":"product_tag","embeddable":true,"href":"https:\/\/rxmedsplus.com\/ro\/wp-json\/wp\/v2\/product_tag?post=4302"}],"curies":[{"name":"wp","href":"https:\/\/api.w.org\/{rel}","templated":true}]}}