{"id":4304,"date":"2026-05-03T23:30:24","date_gmt":"2026-05-03T23:30:24","guid":{"rendered":"https:\/\/rxmedsplus.com\/"},"modified":"2026-05-11T00:46:55","modified_gmt":"2026-05-11T00:46:55","slug":"viagra-200mg-online","status":"publish","type":"product","link":"https:\/\/rxmedsplus.com\/ro\/product\/viagra-200mg-online\/","title":{"rendered":"Viagra 200mg de v\u00e2nzare online \u2013 Livrare rapid\u0103 \u0219i discret\u0103"},"content":{"rendered":"<h1>Viagra 200mg de v\u00e2nzare online \u2013 Livrare rapid\u0103 \u0219i discret\u0103  <\/h1>\n<h2>Solu\u021bie puternic\u0103 pentru performan\u021b\u0103 \u00eembun\u0103t\u0103\u021bit\u0103  <\/h2>\n<p>C\u00e2nd vine vorba de rec\u00e2\u0219tigarea \u00eencrederii \u0219i vitalit\u0103\u021bii \u00een dormitor, <strong>Viagra 200 mg<\/strong> reprezint\u0103 o solu\u021bie de \u00eencredere pentru b\u0103rba\u021bii care se confrunt\u0103 cu disfunc\u021bie erectil\u0103 (DE). Dozajul nostru concentrat ofer\u0103 rezultate puternice, asigur\u00e2nd performan\u021be fiabile atunci c\u00e2nd ave\u021bi cea mai mare nevoie de ele. Ca... <strong>v\u00e2nz\u0103tor online de \u00eencredere<\/strong>, oferim <strong>Viagra autentic\u0103 200mg de v\u00e2nzare online<\/strong>, expediat <strong>rapid \u0219i discret<\/strong> to\u8f38\u51fa \u043c\u043d\u043e\u0433\u043e.<\/p>\n<p>Serviciul nostru discret de livrare garanteaz\u0103 protejarea confiden\u021bialit\u0103\u021bii dumneavoastr\u0103 la fiecare pas. Indiferent dac\u0103 v\u0103 afla\u021bi \u00een SUA, Canada, Marea Britanie, UE, Australia sau oriunde altundeva la nivel global, comanda dumneavoastr\u0103 ajunge \u00een siguran\u021b\u0103 \u0219i f\u0103r\u0103 \u00eent\u00e2rzieri inutile. V\u0103 pute\u021bi baza pe noi pentru o livrare f\u0103r\u0103 probleme. <strong>experien\u021b\u0103 \u00een farmacii online<\/strong> f\u0103r\u0103 a fi nevoie de re\u021bet\u0103.<\/p>\n<h2>Ce este Viagra 200 mg?  <\/h2>\n<p><strong>Viagra 200 mg<\/strong> este cea mai puternic\u0103 doz\u0103 de citrat de sildenafil disponibil\u0103 pe pia\u021b\u0103, ingredientul cheie din cel mai popular medicament pentru disfunc\u021bia erectil\u0103 din lume. Conceput\u0103 pentru b\u0103rba\u021bii care necesit\u0103 o solu\u021bie mai puternic\u0103, aceast\u0103 versiune asigur\u0103 efecte mai rapide \u0219i mai de lung\u0103 durat\u0103 \u00een compara\u021bie cu doze mai mici, cum ar fi 25 mg, 50 mg sau 100 mg. <\/p>\n<h3>Specifica\u021bii cheie  <\/h3>\n<p>\u2013 <strong>Ingredient activ:<\/strong> Citrat de sildenafil 200 mg<br \/>\n\u2013 <strong>Form\u0103:<\/strong> Comprimate orale<br \/>\n\u2013 <strong>Produc\u0103tor:<\/strong> Pfizer (sau medicamente generice de \u00eencredere)<br \/>\n\u2013 <strong>Durata efectului:<\/strong> P\u00e2n\u0103 la o durat\u0103 de men\u021binere ascendent\u0103 \u0219i o \u00eembun\u0103t\u0103\u021bire mai eficient\u0103 a fluxului sanguin. <\/p>\n<h2>Cum func\u021bioneaz\u0103 Viagra 200 mg?  <\/h2>\n<p>Viagra 200mg ac\u021bioneaz\u0103 prin <strong>\u00eembun\u0103t\u0103\u021birea fluxului sanguin<\/strong> la organul reproduc\u0103tor masculin, facilit\u00e2nd erec\u021bii puternice \u0219i durabile atunci c\u00e2nd este stimulat sexual. <strong>doz\u0103 mare<\/strong> asigur\u0103 un debut mai rapid - adesea \u00een 30-60 de minute - men\u021bin\u00e2nd \u00een acela\u0219i timp efectele p\u00e2n\u0103 la cinci ore. Acest lucru \u00eel face ideal pentru cei care au nevoie <strong>suport pentru performan\u021b\u0103 cu ac\u021biune rapid\u0103 \u0219i de lung\u0103 durat\u0103<\/strong>.  <\/p>\n<h3>Dozaj recomandat  <\/h3>\n<p>Standardul <strong>Doza de Viagra<\/strong> variaz\u0103 de la 25 mg la 100 mg, dar medicii pot <strong>recomand\u0103 200 mg<\/strong> \u00cen cazuri de disfunc\u021bie erectil\u0103 sever\u0103 sau r\u0103spuns redus la concentra\u021bii mai mici, \u00eencepe\u021bi \u00eentotdeauna cu o doz\u0103 mai mic\u0103 \u0219i cre\u0219te\u021bi-o cu pruden\u021b\u0103, sub \u00eendrumare. Evita\u021bi dep\u0103\u0219irea a 200 mg \u00een decurs de 24 de ore pentru a preveni reac\u021biile adverse.  <\/p>\n<h2>Beneficiile alegerii Viagra 200mg  <\/h2>\n<p>\u2013 <strong>Poten\u021b\u0103 maxim\u0103:<\/strong> Cea mai puternic\u0103 doz\u0103 disponibil\u0103 pentru b\u0103rba\u021bii cu disfunc\u021bie erectil\u0103 persistent\u0103.<br \/>\n\u2013 <strong>Performan\u021b\u0103 extins\u0103:<\/strong> Efectele dureaz\u0103 mai mult dec\u00e2t \u00een \u200b\u200bdozele mai mici.<br \/>\n\u2013 <strong>Ac\u021biune mai rapid\u0103:<\/strong> Absorb\u021bia rapid\u0103 \u00eenseamn\u0103 mai pu\u021bin timp de a\u0219teptare \u00eenainte de intimitate.<br \/>\n\u2013 <strong>Formul\u0103 de \u00eencredere:<\/strong> Sus\u021binut de studii clinice \u0219i decenii de utilizare.  <\/p>\n<h2>Cine ar trebui s\u0103 ia Viagra 200 mg?  <\/h2>\n<p>Aceast\u0103 op\u021biune cu doze mari este cea mai potrivit\u0103 pentru b\u0103rba\u021bii care se confrunt\u0103 cu <strong>disfunc\u021bie erectil\u0103 sever\u0103<\/strong> care au \u00eencercat deja puteri inferioare f\u0103r\u0103 rezultate suficiente. Nu este recomandat pentru utilizatorii \u00eencep\u0103tori - \u00eencepe\u021bi \u00eentotdeauna cu 30 mg sau 50 mg\uc5d0\uc11c\u521d\u6b21\u4f7f\u7528\u5efa\u8b70\ub0ae\uc740\u5242\u91cf\u6642\u5165\u9010\u6b65\u8abf\u6574<\/p>\n<h3>Efecte secundare poten\u021biale  <\/h3>\n<p>De\u0219i \u00een general sigur, Viagra 200 mg poate provoca:<br \/>\nDurere de cap<br \/>\n\u2013 Sp\u0103lare<br \/>\nDisconfort digestiv<br \/>\nCongestie nazal\u0103<br \/>\nAme\u021beli u\u0219oare  <\/p>\n<p>Astfel de efecte sunt de obicei temporare. Dac\u0103 simptomele persist\u0103, consulta\u021bi un medic.<\/p>\n<h2>De ce s\u0103 cump\u0103ra\u021bi Viagra 200mg online de la noi?  <\/h2>\n<p>\u00cen calitate de furnizor important de tratamente autentice pentru disfunc\u021bia erectil\u0103, prioritiz\u0103m <strong>calitate, confiden\u021bialitate \u0219i vitez\u0103<\/strong>Iat\u0103 de ce ar trebui s\u0103 ne alege\u021bi:  <\/p>\n<p>\u2013 <strong>Nu este necesar\u0103 re\u021bet\u0103:<\/strong> Comand\u0103 f\u0103r\u0103 probleme, f\u0103r\u0103 a merge la medic.<br \/>\n\u2013 <strong>Livrare rapid\u0103 \u0219i discret\u0103:<\/strong> Ambalare complet confiden\u021bial\u0103 la nivel mondial.<br \/>\n\u2013 <strong>Garan\u021bia produsului Gen \uc740\u8ba2:<\/strong> Viagra autentic\u0103 sau alternative premium.<br \/>\n\u2013 <strong>Livrare global\u0103:<\/strong> Expediaz\u0103 \u00een SUA, Canada, Marea Britanie, UE, Australia \u0219i nu numai.  <\/p>\n<h2>Cum s\u0103 comanzi Viagra 200mg online  <\/h2>\n<p>1. <strong>Adaug\u0103 in co\u015f<\/strong>\u2014selecta\u021bi cantitatea dorit\u0103.<br \/>\n2. <strong>Introduce\u021bi detaliile de livrare<\/strong>\u2014informa\u021biile dumneavoastr\u0103 r\u0103m\u00e2n private.<br \/>\n3. <strong>Plat\u0103 complet\u0103<\/strong>\u2014securizarea tranzac\u021biilor prin metode de \u00eencredere.<br \/>\n4. <strong>Primi\u021bi discret<\/strong>\u2014urm\u0103ri\u021bi livrarea p\u00e2n\u0103 la sosire.  <\/p>\n<p>Procesul nostru de finalizare a comenzii este rapid, asigur\u00e2ndu-v\u0103 c\u0103 primi\u021bi <strong>Viagra 200mg de v\u00e2nzare online<\/strong> cu o \u00eent\u00e2rziere minim\u0103.  <\/p>\n<h2>\u00centreb\u0103ri frecvente  <\/h2>\n<h3>Este sigur s\u0103 comanzi Viagra f\u0103r\u0103 re\u021bet\u0103?  <\/h3>\n<p>Da, nu este o farmacie online de \u00eencredere.  <\/p>\n<h3>Care este timpul de livrare?  <\/h3>\n<p>Majoritatea comenzilor sunt livrate \u00een termen de 3-7 zile lucr\u0103toare, \u00een func\u021bie de destina\u021bie.  <\/p>\n<h3>Ofer\u0103 \ub0a0\uc528 ambalaje stealth?  <\/h3>\n<p>Absolut \u2014 toate comenzile sunt expediate \u00een cutii simple, f\u0103r\u0103 etichete de identificare.  <\/p>\n<h2>Concluzie  <\/h2>\n<p>Pentru b\u0103rba\u021bii care se confrunt\u0103 cu disfunc\u021bie erectil\u0103 sever\u0103, <strong>Viagra 200mg de v\u00e2nzare online<\/strong> ofer\u0103 cea mai puternic\u0103 \u0219i eficient\u0103 solu\u021bie disponibil\u0103. Nostru <strong>livrare rapid\u0103 \u0219i discret\u0103<\/strong> v\u0103 asigur\u0103 c\u0103 primi\u021bi medicamente autentice f\u0103r\u0103 a compromite confiden\u021bialitatea.  <\/p>\n<p>Nu l\u0103sa disfunc\u021bia erectil\u0103 s\u0103 te \u00eempiedice\u2014<strong>Comand\u0103 Viagra 200mg ast\u0103zi<\/strong> \u0219i experimenteaz\u0103 \u00eencrederea rec\u0103p\u0103tat\u0103 \u00een mod natural. Plaseaz\u0103 comanda acum pentru <strong>Livrare rapid\u0103 direct la u\u0219a ta<\/strong>.<\/p>","protected":false},"excerpt":{"rendered":"<p>**Ai nevoie de o solu\u021bie puternic\u0103 pentru disfunc\u021bia erectil\u0103?** Cump\u0103r\u0103 Viagra 200 mg online de la Rx Meds Plus - o formul\u0103 de Sildenafil cu concentra\u021bie mare, conceput\u0103 pentru b\u0103rba\u021bii care caut\u0103 erec\u021bii intense \u0219i de lung\u0103 durat\u0103. Evit\u0103 complica\u021biile farmaciei cu livrarea noastr\u0103 rapid\u0103 \u0219i discret\u0103 \u0219i pre\u021burile competitive. Bucur\u0103-te de medicamente autentice, f\u0103r\u0103 prescrip\u021bie medical\u0103, livrate \u00een siguran\u021b\u0103 la u\u0219a ta. \u00cembun\u0103t\u0103\u021be\u0219te-\u021bi performan\u021ba, \u00eencrederea \u0219i rezisten\u021ba - comand\u0103 acum pentru livrare \u00een aceea\u0219i zi \u0219i confiden\u021bialitate \u00een care po\u021bi avea \u00eencredere!<\/p>","protected":false},"featured_media":4334,"comment_status":"open","ping_status":"closed","template":"","meta":{"site-sidebar-layout":"default","site-content-layout":"","ast-site-content-layout":"default","site-content-style":"default","site-sidebar-style":"default","ast-global-header-display":"","ast-banner-title-visibility":"","ast-main-header-display":"","ast-hfb-above-header-display":"","ast-hfb-below-header-display":"","ast-hfb-mobile-header-display":"","site-post-title":"","ast-breadcrumbs-content":"","ast-featured-img":"","footer-sml-layout":"","ast-disable-related-posts":"","theme-transparent-header-meta":"","adv-header-id-meta":"","stick-header-meta":"","header-above-stick-meta":"","header-main-stick-meta":"","header-below-stick-meta":"","astra-migrate-meta-layouts":"default","ast-page-background-enabled":"default","ast-page-background-meta":{"desktop":{"background-color":"","background-image":"","background-repeat":"repeat","background-position":"center center","background-size":"auto","background-attachment":"scroll","background-type":"","background-media":"","overlay-type":"","overlay-color":"","overlay-opacity":"","overlay-gradient":""},"tablet":{"background-color":"","background-image":"","background-repeat":"repeat","background-position":"center center","background-size":"auto","background-attachment":"scroll","background-type":"","background-media":"","overlay-type":"","overlay-color":"","overlay-opacity":"","overlay-gradient":""},"mobile":{"background-color":"","background-image":"","background-repeat":"repeat","background-position":"center center","background-size":"auto","background-attachment":"scroll","background-type":"","background-media":"","overlay-type":"","overlay-color":"","overlay-opacity":"","overlay-gradient":""}},"ast-content-background-meta":{"desktop":{"background-color":"var(--ast-global-color-5)","background-image":"","background-repeat":"repeat","background-position":"center center","background-size":"auto","background-attachment":"scroll","background-type":"","background-media":"","overlay-type":"","overlay-color":"","overlay-opacity":"","overlay-gradient":""},"tablet":{"background-color":"var(--ast-global-color-5)","background-image":"","background-repeat":"repeat","background-position":"center center","background-size":"auto","background-attachment":"scroll","background-type":"","background-media":"","overlay-type":"","overlay-color":"","overlay-opacity":"","overlay-gradient":""},"mobile":{"background-color":"var(--ast-global-color-5)","background-image":"","background-repeat":"repeat","background-position":"center center","background-size":"auto","background-attachment":"scroll","background-type":"","background-media":"","overlay-type":"","overlay-color":"","overlay-opacity":"","overlay-gradient":""}}},"product_brand":[],"product_cat":[1684],"product_tag":[2139,966,279,957,956,2138,1265,251,967,1984,958,2137,2136,2140,1271],"class_list":{"0":"post-4304","1":"product","2":"type-product","3":"status-publish","4":"has-post-thumbnail","6":"product_cat-sex-pills","7":"product_tag-best-viagra-dosage","8":"product_tag-buy-viagra-online","9":"product_tag-discreet-shipping","10":"product_tag-ed-medication","11":"product_tag-erectile-dysfunction-treatment","12":"product_tag-fast-delivery-viagra","13":"product_tag-generic-viagra","14":"product_tag-online-pharmacy","15":"product_tag-pfizer-viagra","16":"product_tag-sexual-health","17":"product_tag-sildenafil-citrate","18":"product_tag-strong-viagra-dose","19":"product_tag-viagra-200mg","20":"product_tag-viagra-for-men","21":"product_tag-viagra-without-prescription","22":"desktop-align-left","23":"tablet-align-left","24":"mobile-align-left","25":"ast-product-gallery-layout-horizontal-slider","26":"ast-product-gallery-with-no-image","27":"ast-magnify-disabled","28":"ast-product-single-variable","29":"ast-product-tabs-layout-horizontal","31":"first","32":"instock","33":"shipping-taxable","34":"purchasable","35":"product-type-variable"},"yoast_head":"<!-- This site is optimized with the Yoast SEO Premium plugin v26.0 (Yoast SEO v27.6) - https:\/\/yoast.com\/product\/yoast-seo-premium-wordpress\/ -->\n<title>Viagra 200mg For Sale Online \u2013 Fast &amp; Discreet Delivery &#187; Rx Meds Plus<\/title>\n<meta name=\"description\" content=\"Buy Viagra 200mg online for fast, discreet delivery\u2014powerful ED solution with no prescription needed. Order today for enhanced performance!\" \/>\n<meta name=\"robots\" content=\"noindex, follow, max-snippet:-1, max-image-preview:large, max-video-preview:-1\" \/>\n<meta property=\"og:locale\" content=\"ro_RO\" \/>\n<meta property=\"og:type\" content=\"article\" \/>\n<meta property=\"og:title\" content=\"Viagra 200mg For Sale Online \u2013 Fast &amp; Discreet Delivery\" \/>\n<meta property=\"og:description\" content=\"Buy Viagra 200mg online for fast, discreet delivery\u2014powerful ED solution with no prescription needed. Order today for enhanced performance!\" \/>\n<meta property=\"og:url\" content=\"https:\/\/rxmedsplus.com\/ro\/produs\/viagra-200mg-online\/\" \/>\n<meta property=\"og:site_name\" content=\"Rx Meds Plus\" \/>\n<meta property=\"article:modified_time\" content=\"2026-05-11T00:46:55+00:00\" \/>\n<meta property=\"og:image\" content=\"https:\/\/rxmedsplus.com\/wp-content\/uploads\/2026\/05\/134369-5-1.jpg\" \/>\n\t<meta property=\"og:image:width\" content=\"500\" \/>\n\t<meta property=\"og:image:height\" content=\"500\" \/>\n\t<meta property=\"og:image:type\" content=\"image\/jpeg\" \/>\n<meta name=\"twitter:card\" content=\"summary_large_image\" \/>\n<meta name=\"twitter:label1\" content=\"Disponibilitate\" \/>\n\t<meta name=\"twitter:data1\" content=\"\u00cen stoc\" \/>\n<script type=\"application\/ld+json\" class=\"yoast-schema-graph\">{\"@context\":\"https:\\\/\\\/schema.org\",\"@graph\":[{\"@type\":\"WebPage\",\"@id\":\"https:\\\/\\\/rxmedsplus.com\\\/product\\\/viagra-200mg-online\\\/\",\"url\":\"https:\\\/\\\/rxmedsplus.com\\\/product\\\/viagra-200mg-online\\\/\",\"name\":\"Viagra 200mg For Sale Online \u2013 Fast & Discreet Delivery &#187; Rx Meds Plus\",\"isPartOf\":{\"@id\":\"https:\\\/\\\/rxmedsplus.com\\\/#website\"},\"primaryImageOfPage\":{\"@id\":\"https:\\\/\\\/rxmedsplus.com\\\/product\\\/viagra-200mg-online\\\/#primaryimage\"},\"image\":{\"@id\":\"https:\\\/\\\/rxmedsplus.com\\\/product\\\/viagra-200mg-online\\\/#primaryimage\"},\"thumbnailUrl\":\"https:\\\/\\\/rxmedsplus.com\\\/wp-content\\\/uploads\\\/2026\\\/05\\\/134369-5-1.jpg\",\"datePublished\":\"2026-05-03T23:30:24+00:00\",\"dateModified\":\"2026-05-11T00:46:55+00:00\",\"description\":\"Buy Viagra 200mg online for fast, discreet delivery\u2014powerful ED solution with no prescription needed. Order today for enhanced performance!\",\"breadcrumb\":{\"@id\":\"https:\\\/\\\/rxmedsplus.com\\\/product\\\/viagra-200mg-online\\\/#breadcrumb\"},\"inLanguage\":\"ro-RO\",\"potentialAction\":[{\"@type\":\"ReadAction\",\"target\":[\"https:\\\/\\\/rxmedsplus.com\\\/product\\\/viagra-200mg-online\\\/\"]}]},{\"@type\":\"ImageObject\",\"inLanguage\":\"ro-RO\",\"@id\":\"https:\\\/\\\/rxmedsplus.com\\\/product\\\/viagra-200mg-online\\\/#primaryimage\",\"url\":\"https:\\\/\\\/rxmedsplus.com\\\/wp-content\\\/uploads\\\/2026\\\/05\\\/134369-5-1.jpg\",\"contentUrl\":\"https:\\\/\\\/rxmedsplus.com\\\/wp-content\\\/uploads\\\/2026\\\/05\\\/134369-5-1.jpg\",\"width\":500,\"height\":500},{\"@type\":\"BreadcrumbList\",\"@id\":\"https:\\\/\\\/rxmedsplus.com\\\/product\\\/viagra-200mg-online\\\/#breadcrumb\",\"itemListElement\":[{\"@type\":\"ListItem\",\"position\":1,\"name\":\"Home\",\"item\":\"https:\\\/\\\/rxmedsplus.com\\\/\"},{\"@type\":\"ListItem\",\"position\":2,\"name\":\"Shop\",\"item\":\"https:\\\/\\\/rxmedsplus.com\\\/shop\\\/\"},{\"@type\":\"ListItem\",\"position\":3,\"name\":\"Viagra 200mg For Sale Online \u2013 Fast &#038; Discreet Delivery\"}]},{\"@type\":\"WebSite\",\"@id\":\"https:\\\/\\\/rxmedsplus.com\\\/#website\",\"url\":\"https:\\\/\\\/rxmedsplus.com\\\/\",\"name\":\"Rx Meds Plus\",\"description\":\"Buy Prescription Meds and Pills Online with Fast Delivery\",\"potentialAction\":[{\"@type\":\"SearchAction\",\"target\":{\"@type\":\"EntryPoint\",\"urlTemplate\":\"https:\\\/\\\/rxmedsplus.com\\\/?s={search_term_string}\"},\"query-input\":{\"@type\":\"PropertyValueSpecification\",\"valueRequired\":true,\"valueName\":\"search_term_string\"}}],\"inLanguage\":\"ro-RO\"}]}<\/script>\n<meta property=\"og:availability\" content=\"instock\" \/>\n<meta property=\"product:availability\" content=\"instock\" \/>\n<meta property=\"product:retailer_item_id\" content=\"134369\" \/>\n<meta property=\"product:condition\" content=\"new\" \/>\n<!-- \/ Yoast SEO Premium plugin. -->","yoast_head_json":{"title":"Viagra 200mg de v\u00e2nzare online \u2013 Livrare rapid\u0103 \u0219i discret\u0103 \u2013 Medicamente cu prescrip\u021bie medical\u0103 Plus","description":"Cump\u0103ra\u021bi Viagra 200mg online pentru livrare rapid\u0103 \u0219i discret\u0103 - o solu\u021bie puternic\u0103 pentru disfunc\u021bia erectil\u0103, f\u0103r\u0103 prescrip\u021bie medical\u0103. Comanda\u021bi ast\u0103zi pentru performan\u021be \u00eembun\u0103t\u0103\u021bite!","robots":{"index":"noindex","follow":"follow","max-snippet":"max-snippet:-1","max-image-preview":"max-image-preview:large","max-video-preview":"max-video-preview:-1"},"og_locale":"ro_RO","og_type":"article","og_title":"Viagra 200mg For Sale Online \u2013 Fast & Discreet Delivery","og_description":"Buy Viagra 200mg online for fast, discreet delivery\u2014powerful ED solution with no prescription needed. Order today for enhanced performance!","og_url":"https:\/\/rxmedsplus.com\/ro\/produs\/viagra-200mg-online\/","og_site_name":"Rx Meds Plus","article_modified_time":"2026-05-11T00:46:55+00:00","og_image":[{"width":500,"height":500,"url":"https:\/\/rxmedsplus.com\/wp-content\/uploads\/2026\/05\/134369-5-1.jpg","type":"image\/jpeg"}],"twitter_card":"summary_large_image","twitter_misc":{"Disponibilitate":"\u00cen stoc"},"schema":{"@context":"https:\/\/schema.org","@graph":[{"@type":"WebPage","@id":"https:\/\/rxmedsplus.com\/product\/viagra-200mg-online\/","url":"https:\/\/rxmedsplus.com\/product\/viagra-200mg-online\/","name":"Viagra 200mg de v\u00e2nzare online \u2013 Livrare rapid\u0103 \u0219i discret\u0103 \u2013 Medicamente cu prescrip\u021bie medical\u0103 Plus","isPartOf":{"@id":"https:\/\/rxmedsplus.com\/#website"},"primaryImageOfPage":{"@id":"https:\/\/rxmedsplus.com\/product\/viagra-200mg-online\/#primaryimage"},"image":{"@id":"https:\/\/rxmedsplus.com\/product\/viagra-200mg-online\/#primaryimage"},"thumbnailUrl":"https:\/\/rxmedsplus.com\/wp-content\/uploads\/2026\/05\/134369-5-1.jpg","datePublished":"2026-05-03T23:30:24+00:00","dateModified":"2026-05-11T00:46:55+00:00","description":"Cump\u0103ra\u021bi Viagra 200mg online pentru livrare rapid\u0103 \u0219i discret\u0103 - o solu\u021bie puternic\u0103 pentru disfunc\u021bia erectil\u0103, f\u0103r\u0103 prescrip\u021bie medical\u0103. Comanda\u021bi ast\u0103zi pentru performan\u021be \u00eembun\u0103t\u0103\u021bite!","breadcrumb":{"@id":"https:\/\/rxmedsplus.com\/product\/viagra-200mg-online\/#breadcrumb"},"inLanguage":"ro-RO","potentialAction":[{"@type":"ReadAction","target":["https:\/\/rxmedsplus.com\/product\/viagra-200mg-online\/"]}]},{"@type":"ImageObject","inLanguage":"ro-RO","@id":"https:\/\/rxmedsplus.com\/product\/viagra-200mg-online\/#primaryimage","url":"https:\/\/rxmedsplus.com\/wp-content\/uploads\/2026\/05\/134369-5-1.jpg","contentUrl":"https:\/\/rxmedsplus.com\/wp-content\/uploads\/2026\/05\/134369-5-1.jpg","width":500,"height":500},{"@type":"BreadcrumbList","@id":"https:\/\/rxmedsplus.com\/product\/viagra-200mg-online\/#breadcrumb","itemListElement":[{"@type":"ListItem","position":1,"name":"Home","item":"https:\/\/rxmedsplus.com\/"},{"@type":"ListItem","position":2,"name":"Shop","item":"https:\/\/rxmedsplus.com\/shop\/"},{"@type":"ListItem","position":3,"name":"Viagra 200mg For Sale Online \u2013 Fast &#038; Discreet Delivery"}]},{"@type":"WebSite","@id":"https:\/\/rxmedsplus.com\/#website","url":"https:\/\/rxmedsplus.com\/","name":"Medicamente cu prescrip\u021bie medical\u0103 Plus","description":"Cump\u0103ra\u021bi medicamente \u0219i pastile cu prescrip\u021bie medical\u0103 online cu livrare rapid\u0103","potentialAction":[{"@type":"SearchAction","target":{"@type":"EntryPoint","urlTemplate":"https:\/\/rxmedsplus.com\/?s={search_term_string}"},"query-input":{"@type":"PropertyValueSpecification","valueRequired":true,"valueName":"search_term_string"}}],"inLanguage":"ro-RO"}]},"og_availability":"instock","product_availability":"instock","product_retailer_item_id":"134369","product_condition":"new"},"_links":{"self":[{"href":"https:\/\/rxmedsplus.com\/ro\/wp-json\/wp\/v2\/product\/4304","targetHints":{"allow":["GET"]}}],"collection":[{"href":"https:\/\/rxmedsplus.com\/ro\/wp-json\/wp\/v2\/product"}],"about":[{"href":"https:\/\/rxmedsplus.com\/ro\/wp-json\/wp\/v2\/types\/product"}],"replies":[{"embeddable":true,"href":"https:\/\/rxmedsplus.com\/ro\/wp-json\/wp\/v2\/comments?post=4304"}],"wp:featuredmedia":[{"embeddable":true,"href":"https:\/\/rxmedsplus.com\/ro\/wp-json\/wp\/v2\/media\/4334"}],"wp:attachment":[{"href":"https:\/\/rxmedsplus.com\/ro\/wp-json\/wp\/v2\/media?parent=4304"}],"wp:term":[{"taxonomy":"product_brand","embeddable":true,"href":"https:\/\/rxmedsplus.com\/ro\/wp-json\/wp\/v2\/product_brand?post=4304"},{"taxonomy":"product_cat","embeddable":true,"href":"https:\/\/rxmedsplus.com\/ro\/wp-json\/wp\/v2\/product_cat?post=4304"},{"taxonomy":"product_tag","embeddable":true,"href":"https:\/\/rxmedsplus.com\/ro\/wp-json\/wp\/v2\/product_tag?post=4304"}],"curies":[{"name":"wp","href":"https:\/\/api.w.org\/{rel}","templated":true}]}}