{"id":4319,"date":"2026-05-03T23:30:25","date_gmt":"2026-05-03T23:30:25","guid":{"rendered":"https:\/\/rxmedsplus.com\/"},"modified":"2026-05-11T00:39:15","modified_gmt":"2026-05-11T00:39:15","slug":"buy-dhc-90-mg","status":"publish","type":"product","link":"https:\/\/rxmedsplus.com\/ro\/product\/buy-dhc-90-mg\/","title":{"rendered":"DHC 90 mg Cump\u0103r\u0103 online \u2013 Ameliorare rapid\u0103 \u0219i fiabil\u0103 a durerii"},"content":{"rendered":"<h1>DHC 90 mg Cump\u0103r\u0103 online \u2013 Ameliorare rapid\u0103 \u0219i fiabil\u0103 a durerii  <\/h1>\n<p>C\u00e2nd ave\u021bi nevoie de o gestionare eficient\u0103 a durerii, <strong>DHC 90 mg<\/strong> ofer\u0103 o u\u0219urare rapid\u0103 \u0219i fiabil\u0103. Fiind unul dintre cele mai de \u00eencredere medicamente pentru durere disponibile, ofer\u0103 rezultate puternice pentru cei care se confrunt\u0103 cu disconfort moderat p\u00e2n\u0103 la sever. Indiferent dac\u0103 gestiona\u021bi durerea cronic\u0103, v\u0103 recupera\u021bi dup\u0103 o interven\u021bie chirurgical\u0103 sau face\u021bi fa\u021b\u0103 unei afec\u021biuni care necesit\u0103 un suport analgezic puternic, <strong>DHC 90 mg<\/strong> ofer\u0103 u\u0219urarea de care ai nevoie.  <\/p>\n<p>C\u00e2nd tu <strong>cump\u0103ra\u021bi DHC 90 mg online<\/strong>, prime\u0219ti medicamente de \u00eenalt\u0103 calitate livrate discret \u0219i eficient la u\u0219a ta. Suntem o <strong>v\u00e2nz\u0103tor online de \u00eencredere<\/strong> deservim clien\u021bi din SUA, Canada, UE, Marea Britanie, Australia \u0219i din \u00eentreaga lume. Nu este necesar\u0103 o re\u021bet\u0103 - comanda\u021bi cu \u00eencredere \u0219tiind c\u0103 primi\u021bi medicamente autentice de la un <strong>furnizor de \u00eencredere<\/strong>.  <\/p>\n<h2>Ce este DHC 90 mg?  <\/h2>\n<p><strong>DHC (dihidrocodein\u0103)<\/strong> este un analgezic opioid utilizat pentru tratarea durerii moderate p\u00e2n\u0103 la severe. La <strong>90 mg per comprimat<\/strong>, ofer\u0103 o u\u0219urare puternic\u0103 prin modificarea modului \u00een care creierul \u0219i sistemul nervos r\u0103spund la disconfort. Adesea prescris pentru afec\u021biuni precum artrita, durerea postoperatorie sau leziunile, <strong>DHC 90 mg<\/strong> este cunoscut pentru efectele \u0219i eficacitatea sa de lung\u0103 durat\u0103.  <\/p>\n<p>Spre deosebire de analgezicele mai slabe, care pot s\u0103 nu ofere o u\u0219urare suficient\u0103, <strong>DHC 90 mg<\/strong> asigur\u0103 suprimarea profund\u0103 a durerii, permi\u021b\u00e2nd utilizatorilor s\u0103 \u00ee\u0219i recapete confortul \u0219i mobilitatea.  <\/p>\n<h2>Beneficii cheie ale DHC 90 mg  <\/h2>\n<h3>Ameliorarea puternic\u0103 a durerii  <\/h3>\n<p><strong>DHC 90 mg<\/strong> Blocheaz\u0103 eficient semnalele durerii, oferind o u\u0219urare mai puternic\u0103 dec\u00e2t medicamentele obi\u0219nuite f\u0103r\u0103 prescrip\u021bie medical\u0103. Este ideal pentru cei care au nevoie de o solu\u021bie mai puternic\u0103 pentru durerea persistent\u0103 sau sever\u0103.  <\/p>\n<h3>Durat\u0103 extins\u0103 de ac\u021biune  <\/h3>\n<p>Unul dintre beneficiile remarcabile ale <strong>DHC 90 mg<\/strong> sunt efectele sale de lung\u0103 durat\u0103. O singur\u0103 doz\u0103 poate oferi u\u0219urare timp de ore \u00eentregi, reduc\u00e2nd necesitatea reutiliz\u0103rii frecvente.  <\/p>\n<h3>De \u00eencredere \u0219i dovedit clinic  <\/h3>\n<p>Ca un <strong>analgezic de calitate farmaceutic\u0103<\/strong>, <strong>DHC 90 mg<\/strong> a fost studiat pe larg \u0219i prescris de profesioni\u0219ti din domeniul medical din \u00eentreaga lume. Siguran\u021ba \u0219i eficacitatea sa \u00eel fac o alegere de top pentru gestionarea durerii.  <\/p>\n<h2>Cine poate beneficia de DHC 90 mg?  <\/h2>\n<h3>Persoane care sufer\u0103 de dureri cronice  <\/h3>\n<p>Cei cu afec\u021biuni precum <strong>fibromialgie, neuropatie sau dureri de spate<\/strong> adesea consider\u0103 c\u0103 medicamentele eliberate f\u0103r\u0103 prescrip\u021bie medical\u0103 sunt insuficiente. <strong>DHC 90 mg<\/strong> ofer\u0103 u\u0219urarea mai puternic\u0103 de care au nevoie pentru a-\u0219i \u00eembun\u0103t\u0103\u021bi func\u021bionarea zilnic\u0103.  <\/p>\n<h3>Pacien\u021bi post-chirurgicali  <\/h3>\n<p>Dup\u0103 interven\u021biile chirurgicale, gestionarea durerii este crucial\u0103 pentru recuperare. <strong>DHC 90 mg<\/strong> ajut\u0103 pacien\u021bii s\u0103 se simt\u0103 confortabil \u00een timpul vindec\u0103rii.  <\/p>\n<h3>Durere legat\u0103 de accidentare  <\/h3>\n<p>Fie c\u0103 este vorba de un accident sau o accidentare sportiv\u0103, durerea sever\u0103 necesit\u0103 o ameliorare rapid\u0103. <strong>Cump\u0103rarea DHC 90 mg online<\/strong> v\u0103 asigur\u0103 c\u0103 ave\u021bi medicamentele de care ave\u021bi nevoie f\u0103r\u0103 \u00eent\u00e2rzieri.  <\/p>\n<h2>Dosage and Usage Guidelines  <\/h2>\n<p>Dozajul standard pentru <strong>DHC 90 mg<\/strong> este un comprimat la fiecare <strong>4 p\u00e2n\u0103 la 6 ore<\/strong>, dup\u0103 cum este necesar pentru durere. Cu toate acestea, utilizatorii \u00eencep\u0103tori ar trebui s\u0103 \u00eenceap\u0103 cu o doz\u0103 mai mic\u0103 dac\u0103 sunt noi \u00een utilizarea opioidelor pentru a evalua toleran\u021ba. Respecta\u021bi \u00eentotdeauna practicile de utilizare \u00een siguran\u021b\u0103:  <\/p>\n<p>\u2013 <strong>Nu dep\u0103\u0219i\u021bi dozele recomandate<\/strong>\u2014cantit\u0103\u021bile mai mari cresc riscul de efecte secundare.<br \/>\n\u2013 <strong>Evita\u021bi alcoolul<\/strong> c\u00e2nd se ia <strong>DHC 90 mg<\/strong>, deoarece poate accentua somnolen\u021ba \u0219i deprimarea respiratorie.<br \/>\n\u2013 <strong>Depozita\u021bi corespunz\u0103tor<\/strong> \u00eentr-un loc r\u0103coros \u0219i uscat, ferit de copii sau de utilizatori neautoriza\u021bi.  <\/p>\n<p>Dac\u0103 ave\u021bi nel\u0103muriri legate de dozaj, consulta\u021bi un medic \u00eenainte de utilizare.  <\/p>\n<h2>Posibile efecte secundare  <\/h2>\n<p>\u00cen timp ce <strong>DHC 90 mg<\/strong> este eficient, unii utilizatori pot prezenta reac\u021bii adverse u\u0219oare p\u00e2n\u0103 la moderate, inclusiv:  <\/p>\n<p>Somnolen\u021b\u0103 sau ame\u021beli<br \/>\nGrea\u021b\u0103 sau constipa\u021bie<br \/>\nGur\u0103 uscat\u0103  <\/p>\n<p>Reac\u021biile adverse grave (cum ar fi dificult\u0103\u021bile de respira\u021bie) sunt rare, dar necesit\u0103 asisten\u021b\u0103 medical\u0103 imediat\u0103. Utiliza\u021bi \u00eentotdeauna acest medicament \u00een mod responsabil.  <\/p>\n<h2>De ce s\u0103 cump\u0103ra\u021bi DHC 90 mg online de la un furnizor de \u00eencredere?  <\/h2>\n<p>Achizi\u021bii <strong>DHC 90 mg online<\/strong> ofer\u0103 confort, intimitate \u0219i accesibilitate - \u00een special pentru cei care au nevoie de ele f\u0103r\u0103 a fi nevoi\u021bi s\u0103 re\u021bet\u0103. <strong>magazin online de \u00eencredere<\/strong> asigur\u0103:  <\/p>\n<h3>Livrare discret\u0103 \u0219i rapid\u0103  <\/h3>\n<p>Comanda dumneavoastr\u0103 ajunge \u00eentr-un ambalaj simplu, f\u0103r\u0103 etichete de identificare, protej\u00e2ndu-v\u0103 confiden\u021bialitatea. Livr\u0103m \u00een SUA, Canada, UE, Marea Britanie, Australia \u0219i \u00een \u00eentreaga lume.  <\/p>\n<h3>Nu este nevoie de re\u021bet\u0103  <\/h3>\n<p>Sari peste vizita la medic \u0219i comand\u0103 f\u0103r\u0103 probleme, primind \u00een acela\u0219i timp medicamente autentice de la un <strong>furnizor reputat<\/strong>.  <\/p>\n<h3>Op\u021biuni de plat\u0103 securizate  <\/h3>\n<p>Tranzac\u021biile tale sunt protejate, asigur\u00e2nd achizi\u021bii sigure \u0219i confiden\u021biale de fiecare dat\u0103.  <\/p>\n<h2>Cum s\u0103 comanzi DHC 90 mg online  <\/h2>\n<p>Comanda este simpl\u0103:  <\/p>\n<p>1. <strong>Selecta\u021bi cantitatea dorit\u0103<\/strong> (disponibil \u00een diferite dimensiuni de ambalaj).<br \/>\n2. <strong>Finalizeaz\u0103 cump\u0103r\u0103turile<\/strong> cu op\u021biuni de plat\u0103 securizate.<br \/>\n3. <strong>Primi\u021bi confirmarea livr\u0103rii rapide<\/strong>, cu detalii de urm\u0103rire furnizate.  <\/p>\n<p>F\u0103r\u0103 taxe ascunse - doar servicii simple de la un <strong>farmacie online de \u00eencredere<\/strong>.  <\/p>\n<h2>Concluzie  <\/h2>\n<p>Pentru cei care au nevoie de <strong>ameliorarea rapid\u0103 \u0219i fiabil\u0103 a durerii<\/strong>, <strong>DHC 90 mg<\/strong> este o solu\u021bie de \u00eencredere. Indiferent dac\u0103 v\u0103 confrunta\u021bi cu disconfort cronic, recuperare postoperatorie sau dureri severe \u00een urma unei leziuni, acest analgezic puternic ofer\u0103 rezultatele de care ave\u021bi nevoie.  <\/p>\n<p><strong>Cump\u0103r\u0103 DHC 90 mg online ast\u0103zi<\/strong> de la noi <strong>v\u00e2nz\u0103tor de \u00eencredere<\/strong> \u0219i experimenta\u021bi acces discret, f\u0103r\u0103 prescrip\u021bie medical\u0103, la medicamente de \u00eenalt\u0103 calitate pentru ameliorarea durerii. Deservind clien\u021bi din SUA, Canada, UE, Marea Britanie, Australia \u0219i din \u00eentreaga lume, asigur\u0103m livrare prompt\u0103 \u0219i servicii pentru clien\u021bi de top. Comanda\u021bi acum pentru o gestionare eficient\u0103 a durerii atunci c\u00e2nd ave\u021bi cea mai mare nevoie.<\/p>","protected":false},"excerpt":{"rendered":"<p>**Rescrie:**  <\/p>\n<p>Ave\u021bi nevoie de o ameliorare rapid\u0103 \u0219i fiabil\u0103 a durerilor moderate p\u00e2n\u0103 la severe? Cump\u0103ra\u021bi DHC 90 mg online de la Rx Meds Plus, sursa dvs. de \u00eencredere pentru analgezice eliberate pe baz\u0103 de re\u021bet\u0103. Combin\u00e2nd dihidrocodeina \u0219i paracetamolul, DHC 90 mg combate eficient durerea postoperatorie, afec\u021biunile cronice \u0219i leziunile. Bucura\u021bi-v\u0103 de ambalaje discrete, tranzac\u021bii sigure \u0219i livrare prompt\u0103 \u00een Marea Britanie - toate din confortul casei dvs. Evita\u021bi b\u0103taia de cap a farmaciei \u0219i comanda\u021bi acum medicamente autentice de \u00eenalt\u0103 calitate, livrate direct la u\u0219a dvs. Gestiona\u021bi durerea \u00een siguran\u021b\u0103 \u0219i convenabil cu Rx Meds Plus.<\/p>","protected":false},"featured_media":4364,"comment_status":"open","ping_status":"closed","template":"","meta":{"site-sidebar-layout":"default","site-content-layout":"","ast-site-content-layout":"default","site-content-style":"default","site-sidebar-style":"default","ast-global-header-display":"","ast-banner-title-visibility":"","ast-main-header-display":"","ast-hfb-above-header-display":"","ast-hfb-below-header-display":"","ast-hfb-mobile-header-display":"","site-post-title":"","ast-breadcrumbs-content":"","ast-featured-img":"","footer-sml-layout":"","ast-disable-related-posts":"","theme-transparent-header-meta":"","adv-header-id-meta":"","stick-header-meta":"","header-above-stick-meta":"","header-main-stick-meta":"","header-below-stick-meta":"","astra-migrate-meta-layouts":"default","ast-page-background-enabled":"default","ast-page-background-meta":{"desktop":{"background-color":"","background-image":"","background-repeat":"repeat","background-position":"center center","background-size":"auto","background-attachment":"scroll","background-type":"","background-media":"","overlay-type":"","overlay-color":"","overlay-opacity":"","overlay-gradient":""},"tablet":{"background-color":"","background-image":"","background-repeat":"repeat","background-position":"center center","background-size":"auto","background-attachment":"scroll","background-type":"","background-media":"","overlay-type":"","overlay-color":"","overlay-opacity":"","overlay-gradient":""},"mobile":{"background-color":"","background-image":"","background-repeat":"repeat","background-position":"center center","background-size":"auto","background-attachment":"scroll","background-type":"","background-media":"","overlay-type":"","overlay-color":"","overlay-opacity":"","overlay-gradient":""}},"ast-content-background-meta":{"desktop":{"background-color":"var(--ast-global-color-5)","background-image":"","background-repeat":"repeat","background-position":"center center","background-size":"auto","background-attachment":"scroll","background-type":"","background-media":"","overlay-type":"","overlay-color":"","overlay-opacity":"","overlay-gradient":""},"tablet":{"background-color":"var(--ast-global-color-5)","background-image":"","background-repeat":"repeat","background-position":"center center","background-size":"auto","background-attachment":"scroll","background-type":"","background-media":"","overlay-type":"","overlay-color":"","overlay-opacity":"","overlay-gradient":""},"mobile":{"background-color":"var(--ast-global-color-5)","background-image":"","background-repeat":"repeat","background-position":"center center","background-size":"auto","background-attachment":"scroll","background-type":"","background-media":"","overlay-type":"","overlay-color":"","overlay-opacity":"","overlay-gradient":""}}},"product_brand":[],"product_cat":[1688],"product_tag":[2093,726,2092,2095,279,1364,729,704,2098,2096,2099,1971,2094,2097,1826],"class_list":{"0":"post-4319","1":"product","2":"type-product","3":"status-publish","4":"has-post-thumbnail","6":"product_cat-opiates","7":"product_tag-buy-dhc-online","8":"product_tag-chronic-pain-management","9":"product_tag-dhc-90-mg","10":"product_tag-dihydrocodeine-90-mg","11":"product_tag-discreet-shipping","12":"product_tag-fast-pain-relief","13":"product_tag-opioid-painkiller","14":"product_tag-pain-relief-medication","15":"product_tag-post-surgery-medication","16":"product_tag-prescription-free-dhc","17":"product_tag-reliable-dhc-vendor","18":"product_tag-severe-pain-treatment","19":"product_tag-strong-analgesic","20":"product_tag-trustworthy-online-pharmacy","21":"product_tag-worldwide-delivery","22":"desktop-align-left","23":"tablet-align-left","24":"mobile-align-left","25":"ast-product-gallery-layout-horizontal-slider","26":"ast-product-gallery-with-no-image","27":"ast-magnify-disabled","28":"ast-product-single-variable","29":"ast-product-tabs-layout-horizontal","31":"first","32":"instock","33":"shipping-taxable","34":"purchasable","35":"product-type-variable"},"yoast_head":"<!-- This site is optimized with the Yoast SEO Premium plugin v26.0 (Yoast SEO v27.6) - https:\/\/yoast.com\/product\/yoast-seo-premium-wordpress\/ -->\n<title>DHC 90 mg Buy Online \u2013 Fast &amp; Reliable Pain Relief &#187; Rx Meds Plus<\/title>\n<meta name=\"description\" content=\"Buy DHC 90 mg online for fast, reliable pain relief. Get potent analgesic delivered discreetly\u2014order now without a prescription!\" \/>\n<meta name=\"robots\" content=\"noindex, follow, max-snippet:-1, max-image-preview:large, max-video-preview:-1\" \/>\n<meta property=\"og:locale\" content=\"ro_RO\" \/>\n<meta property=\"og:type\" content=\"article\" \/>\n<meta property=\"og:title\" content=\"DHC 90 mg Buy Online \u2013 Fast &amp; Reliable Pain Relief\" \/>\n<meta property=\"og:description\" content=\"Buy DHC 90 mg online for fast, reliable pain relief. Get potent analgesic delivered discreetly\u2014order now without a prescription!\" \/>\n<meta property=\"og:url\" content=\"https:\/\/rxmedsplus.com\/ro\/produs\/buy-dhc-90-mg\/\" \/>\n<meta property=\"og:site_name\" content=\"Rx Meds Plus\" \/>\n<meta property=\"article:modified_time\" content=\"2026-05-11T00:39:15+00:00\" \/>\n<meta property=\"og:image\" content=\"https:\/\/rxmedsplus.com\/wp-content\/uploads\/2026\/05\/134479-22-1.jpg\" \/>\n\t<meta property=\"og:image:width\" content=\"500\" \/>\n\t<meta property=\"og:image:height\" content=\"500\" \/>\n\t<meta property=\"og:image:type\" content=\"image\/jpeg\" \/>\n<meta name=\"twitter:card\" content=\"summary_large_image\" \/>\n<meta name=\"twitter:label1\" content=\"Disponibilitate\" \/>\n\t<meta name=\"twitter:data1\" content=\"\u00cen stoc\" \/>\n<script type=\"application\/ld+json\" class=\"yoast-schema-graph\">{\"@context\":\"https:\\\/\\\/schema.org\",\"@graph\":[{\"@type\":\"WebPage\",\"@id\":\"https:\\\/\\\/rxmedsplus.com\\\/product\\\/buy-dhc-90-mg\\\/\",\"url\":\"https:\\\/\\\/rxmedsplus.com\\\/product\\\/buy-dhc-90-mg\\\/\",\"name\":\"DHC 90 mg Buy Online \u2013 Fast & Reliable Pain Relief &#187; Rx Meds Plus\",\"isPartOf\":{\"@id\":\"https:\\\/\\\/rxmedsplus.com\\\/#website\"},\"primaryImageOfPage\":{\"@id\":\"https:\\\/\\\/rxmedsplus.com\\\/product\\\/buy-dhc-90-mg\\\/#primaryimage\"},\"image\":{\"@id\":\"https:\\\/\\\/rxmedsplus.com\\\/product\\\/buy-dhc-90-mg\\\/#primaryimage\"},\"thumbnailUrl\":\"https:\\\/\\\/rxmedsplus.com\\\/wp-content\\\/uploads\\\/2026\\\/05\\\/134479-22-1.jpg\",\"datePublished\":\"2026-05-03T23:30:25+00:00\",\"dateModified\":\"2026-05-11T00:39:15+00:00\",\"description\":\"Buy DHC 90 mg online for fast, reliable pain relief. Get potent analgesic delivered discreetly\u2014order now without a prescription!\",\"breadcrumb\":{\"@id\":\"https:\\\/\\\/rxmedsplus.com\\\/product\\\/buy-dhc-90-mg\\\/#breadcrumb\"},\"inLanguage\":\"ro-RO\",\"potentialAction\":[{\"@type\":\"ReadAction\",\"target\":[\"https:\\\/\\\/rxmedsplus.com\\\/product\\\/buy-dhc-90-mg\\\/\"]}]},{\"@type\":\"ImageObject\",\"inLanguage\":\"ro-RO\",\"@id\":\"https:\\\/\\\/rxmedsplus.com\\\/product\\\/buy-dhc-90-mg\\\/#primaryimage\",\"url\":\"https:\\\/\\\/rxmedsplus.com\\\/wp-content\\\/uploads\\\/2026\\\/05\\\/134479-22-1.jpg\",\"contentUrl\":\"https:\\\/\\\/rxmedsplus.com\\\/wp-content\\\/uploads\\\/2026\\\/05\\\/134479-22-1.jpg\",\"width\":500,\"height\":500},{\"@type\":\"BreadcrumbList\",\"@id\":\"https:\\\/\\\/rxmedsplus.com\\\/product\\\/buy-dhc-90-mg\\\/#breadcrumb\",\"itemListElement\":[{\"@type\":\"ListItem\",\"position\":1,\"name\":\"Home\",\"item\":\"https:\\\/\\\/rxmedsplus.com\\\/\"},{\"@type\":\"ListItem\",\"position\":2,\"name\":\"Shop\",\"item\":\"https:\\\/\\\/rxmedsplus.com\\\/shop\\\/\"},{\"@type\":\"ListItem\",\"position\":3,\"name\":\"DHC 90 mg Buy Online \u2013 Fast &#038; Reliable Pain Relief\"}]},{\"@type\":\"WebSite\",\"@id\":\"https:\\\/\\\/rxmedsplus.com\\\/#website\",\"url\":\"https:\\\/\\\/rxmedsplus.com\\\/\",\"name\":\"Rx Meds Plus\",\"description\":\"Buy Prescription Meds and Pills Online with Fast Delivery\",\"potentialAction\":[{\"@type\":\"SearchAction\",\"target\":{\"@type\":\"EntryPoint\",\"urlTemplate\":\"https:\\\/\\\/rxmedsplus.com\\\/?s={search_term_string}\"},\"query-input\":{\"@type\":\"PropertyValueSpecification\",\"valueRequired\":true,\"valueName\":\"search_term_string\"}}],\"inLanguage\":\"ro-RO\"}]}<\/script>\n<meta property=\"og:availability\" content=\"instock\" \/>\n<meta property=\"product:availability\" content=\"instock\" \/>\n<meta property=\"product:retailer_item_id\" content=\"134479\" \/>\n<meta property=\"product:condition\" content=\"new\" \/>\n<!-- \/ Yoast SEO Premium plugin. -->","yoast_head_json":{"title":"DHC 90 mg Cump\u0103r\u0103 online \u2013 Ameliorare rapid\u0103 \u0219i fiabil\u0103 a durerii \u2013 Medicamente cu prescrip\u021bie medical\u0103 Plus","description":"Cump\u0103ra\u021bi DHC 90 mg online pentru o ameliorare rapid\u0103 \u0219i fiabil\u0103 a durerii. Ob\u021bine\u021bi un analgezic puternic livrat discret - comanda\u021bi acum f\u0103r\u0103 re\u021bet\u0103!","robots":{"index":"noindex","follow":"follow","max-snippet":"max-snippet:-1","max-image-preview":"max-image-preview:large","max-video-preview":"max-video-preview:-1"},"og_locale":"ro_RO","og_type":"article","og_title":"DHC 90 mg Buy Online \u2013 Fast & Reliable Pain Relief","og_description":"Buy DHC 90 mg online for fast, reliable pain relief. Get potent analgesic delivered discreetly\u2014order now without a prescription!","og_url":"https:\/\/rxmedsplus.com\/ro\/produs\/buy-dhc-90-mg\/","og_site_name":"Rx Meds Plus","article_modified_time":"2026-05-11T00:39:15+00:00","og_image":[{"width":500,"height":500,"url":"https:\/\/rxmedsplus.com\/wp-content\/uploads\/2026\/05\/134479-22-1.jpg","type":"image\/jpeg"}],"twitter_card":"summary_large_image","twitter_misc":{"Disponibilitate":"\u00cen stoc"},"schema":{"@context":"https:\/\/schema.org","@graph":[{"@type":"WebPage","@id":"https:\/\/rxmedsplus.com\/product\/buy-dhc-90-mg\/","url":"https:\/\/rxmedsplus.com\/product\/buy-dhc-90-mg\/","name":"DHC 90 mg Cump\u0103r\u0103 online \u2013 Ameliorare rapid\u0103 \u0219i fiabil\u0103 a durerii \u2013 Medicamente cu prescrip\u021bie medical\u0103 Plus","isPartOf":{"@id":"https:\/\/rxmedsplus.com\/#website"},"primaryImageOfPage":{"@id":"https:\/\/rxmedsplus.com\/product\/buy-dhc-90-mg\/#primaryimage"},"image":{"@id":"https:\/\/rxmedsplus.com\/product\/buy-dhc-90-mg\/#primaryimage"},"thumbnailUrl":"https:\/\/rxmedsplus.com\/wp-content\/uploads\/2026\/05\/134479-22-1.jpg","datePublished":"2026-05-03T23:30:25+00:00","dateModified":"2026-05-11T00:39:15+00:00","description":"Cump\u0103ra\u021bi DHC 90 mg online pentru o ameliorare rapid\u0103 \u0219i fiabil\u0103 a durerii. Ob\u021bine\u021bi un analgezic puternic livrat discret - comanda\u021bi acum f\u0103r\u0103 re\u021bet\u0103!","breadcrumb":{"@id":"https:\/\/rxmedsplus.com\/product\/buy-dhc-90-mg\/#breadcrumb"},"inLanguage":"ro-RO","potentialAction":[{"@type":"ReadAction","target":["https:\/\/rxmedsplus.com\/product\/buy-dhc-90-mg\/"]}]},{"@type":"ImageObject","inLanguage":"ro-RO","@id":"https:\/\/rxmedsplus.com\/product\/buy-dhc-90-mg\/#primaryimage","url":"https:\/\/rxmedsplus.com\/wp-content\/uploads\/2026\/05\/134479-22-1.jpg","contentUrl":"https:\/\/rxmedsplus.com\/wp-content\/uploads\/2026\/05\/134479-22-1.jpg","width":500,"height":500},{"@type":"BreadcrumbList","@id":"https:\/\/rxmedsplus.com\/product\/buy-dhc-90-mg\/#breadcrumb","itemListElement":[{"@type":"ListItem","position":1,"name":"Home","item":"https:\/\/rxmedsplus.com\/"},{"@type":"ListItem","position":2,"name":"Shop","item":"https:\/\/rxmedsplus.com\/shop\/"},{"@type":"ListItem","position":3,"name":"DHC 90 mg Buy Online \u2013 Fast &#038; Reliable Pain Relief"}]},{"@type":"WebSite","@id":"https:\/\/rxmedsplus.com\/#website","url":"https:\/\/rxmedsplus.com\/","name":"Medicamente cu prescrip\u021bie medical\u0103 Plus","description":"Cump\u0103ra\u021bi medicamente \u0219i pastile cu prescrip\u021bie medical\u0103 online cu livrare rapid\u0103","potentialAction":[{"@type":"SearchAction","target":{"@type":"EntryPoint","urlTemplate":"https:\/\/rxmedsplus.com\/?s={search_term_string}"},"query-input":{"@type":"PropertyValueSpecification","valueRequired":true,"valueName":"search_term_string"}}],"inLanguage":"ro-RO"}]},"og_availability":"instock","product_availability":"instock","product_retailer_item_id":"134479","product_condition":"new"},"_links":{"self":[{"href":"https:\/\/rxmedsplus.com\/ro\/wp-json\/wp\/v2\/product\/4319","targetHints":{"allow":["GET"]}}],"collection":[{"href":"https:\/\/rxmedsplus.com\/ro\/wp-json\/wp\/v2\/product"}],"about":[{"href":"https:\/\/rxmedsplus.com\/ro\/wp-json\/wp\/v2\/types\/product"}],"replies":[{"embeddable":true,"href":"https:\/\/rxmedsplus.com\/ro\/wp-json\/wp\/v2\/comments?post=4319"}],"wp:featuredmedia":[{"embeddable":true,"href":"https:\/\/rxmedsplus.com\/ro\/wp-json\/wp\/v2\/media\/4364"}],"wp:attachment":[{"href":"https:\/\/rxmedsplus.com\/ro\/wp-json\/wp\/v2\/media?parent=4319"}],"wp:term":[{"taxonomy":"product_brand","embeddable":true,"href":"https:\/\/rxmedsplus.com\/ro\/wp-json\/wp\/v2\/product_brand?post=4319"},{"taxonomy":"product_cat","embeddable":true,"href":"https:\/\/rxmedsplus.com\/ro\/wp-json\/wp\/v2\/product_cat?post=4319"},{"taxonomy":"product_tag","embeddable":true,"href":"https:\/\/rxmedsplus.com\/ro\/wp-json\/wp\/v2\/product_tag?post=4319"}],"curies":[{"name":"wp","href":"https:\/\/api.w.org\/{rel}","templated":true}]}}