{"id":4367,"date":"2026-05-03T23:31:32","date_gmt":"2026-05-03T23:31:32","guid":{"rendered":"https:\/\/rxmedsplus.com\/"},"modified":"2026-05-12T01:40:21","modified_gmt":"2026-05-12T01:40:21","slug":"modafinil-200-mg","status":"publish","type":"product","link":"https:\/\/rxmedsplus.com\/ro\/product\/modafinil-200-mg\/","title":{"rendered":"Cump\u0103r\u0103 Modafinil 200 mg online rapid | Livrare fiabil\u0103 \u0219i discret\u0103"},"content":{"rendered":"<h2>Cump\u0103r\u0103 Modafinil 200 mg online rapid - livrare fiabil\u0103 \u0219i discret\u0103<\/h2>\n<p>Cau\u021bi o surs\u0103 de \u00eencredere pentru a <strong>Cump\u0103r\u0103 Modafinil 200 mg online rapid<\/strong> cu livrare fiabil\u0103 \u0219i discret\u0103? Farmacia noastr\u0103 online de renume ofer\u0103 comprimate de Modafinil de calitate premium, livrate \u00een siguran\u021b\u0103 \u00een SUA, Canada, UE, Marea Britanie, Australia \u0219i \u00een \u00eentreaga lume. Indiferent dac\u0103 ave\u021bi nevoie de un impuls cognitiv pentru programele de lucru solicitante, un ajutor pentru tulbur\u0103rile de somn cauzate de munca \u00een ture sau o solu\u021bie fiabil\u0103 pentru oboseala ocazional\u0103, serviciul nostru ofer\u0103 o experien\u021b\u0103 de cump\u0103rare f\u0103r\u0103 probleme, f\u0103r\u0103 prescrip\u021bie medical\u0103.  <\/p>\n<h3>Ce este Modafinil 200 mg?<\/h3>\n<p>\u2013 <strong>Ingredient activ:<\/strong> Modafinil (generic) \u2013 un agent de stimulare a trezirii aprobat pentru narcolepsie, apnee obstructiv\u0103 \u00een somn \u0219i tulburare de munc\u0103 \u00een ture.<br \/>\n\u2013 <strong>Concentra\u021bia dozajului:<\/strong> 200 mg per comprimat, cea mai comun\u0103 doz\u0103 terapeutic\u0103 pentru eficacitate optim\u0103.<br \/>\n\u2013 <strong>Formulare:<\/strong> Comprimat filmat, u\u0219or de \u00eenghi\u021bit, cu ac\u021biune rapid\u0103 (30-60 de minute).<br \/>\n\u2013 <strong>Termen de valabilitate:<\/strong> 24 de luni, dac\u0103 este depozitat \u00eentr-un loc r\u0103coros \u0219i uscat, ferit de lumina direct\u0103 a soarelui.  <\/p>\n<h3>Beneficii cheie ale Modafinilului 200 mg<\/h3>\n<p>\u2013 <strong>Vigilen\u021b\u0103 sporit\u0103:<\/strong> Ajut\u0103 la men\u021binerea st\u0103rii de veghe \u0219i a clarit\u0103\u021bii mentale \u00een timpul orelor lungi de lucru sau al turelor de noapte.<br \/>\n\u2013 <strong>Concentrare \u00eembun\u0103t\u0103\u021bit\u0103:<\/strong> Sprijin\u0103 concentrarea, memorarea \u0219i capacitatea de luare a deciziilor.<br \/>\n\u2013 <strong>Oboseal\u0103 redus\u0103:<\/strong> Ofer\u0103 un impuls constant de energie f\u0103r\u0103 efectele secundare nelini\u0219titoare comune stimulentelor.<br \/>\n\u2013 <strong>\u00cembun\u0103t\u0103\u021birea cognitiv\u0103:<\/strong> Mul\u021bi utilizatori raporteaz\u0103 abilit\u0103\u021bi mai bune de rezolvare a problemelor \u0219i o procesare mai rapid\u0103 a informa\u021biilor.  <\/p>\n<h3>Utiliz\u0103ri tipice pentru Modafinil 200 mg<\/h3>\n<p>| Situa\u021bie | Cum ajut\u0103 Modafinilul |<br \/>\n|\u2014\u2014\u2014\u2013|\u2014\u2014\u2014\u2014\u2014\u2014|<br \/>\n| <strong>Narcolepsie<\/strong> Previne atacurile bru\u0219te de somn \u0219i somnolen\u021ba diurn\u0103.<br \/>\n| <strong>Apneea obstructiv\u0103 \u00een somn (AOS)<\/strong> \u00cembun\u0103t\u0103\u021be\u0219te starea de alert\u0103 diurn\u0103 dup\u0103 terapia CPAP.<br \/>\n| <strong>Tulburare de lucru \u00een ture<\/strong> Aliniaz\u0103 starea de veghe cu programele de lucru netradi\u021bionale.<br \/>\n| <strong>Studiu sau preg\u0103tire pentru examene<\/strong> Cre\u0219te concentrarea pentru perioade lungi de studiu.<br \/>\n| <strong>Decalaj orar legat de c\u0103l\u0103torii<\/strong> Reduce oboseala \u00een timpul zborurilor transcontinentale.<br \/>\n| <strong>Stimulare cognitiv\u0103 off-label<\/strong> | Sus\u021bine performan\u021ba mental\u0103 a profesioni\u0219tilor \u0219i antreprenorilor. |<\/p>\n<h3>De ce s\u0103 alege\u021bi serviciul nostru pentru a cump\u0103ra Modafinil 200 mg online rapid<\/h3>\n<p>\u2013 <strong>Ambalaj discret:<\/strong> Toate comenzile sunt ambalate \u00een cutii simple, nemarcate, pentru a v\u0103 proteja confiden\u021bialitatea.<br \/>\n\u2013 <strong>Livrare rapid\u0103:<\/strong> Livrare standard la nivel mondial \u00een termen de 3-5 zile lucr\u0103toare; op\u021biuni expres disponibile pentru nevoi urgente.<br \/>\n\u2013 <strong>Asigurarea calit\u0103\u021bii:<\/strong> Fiecare lot este supus unor teste riguroase efectuate de o ter\u021b\u0103 parte pentru a verifica poten\u021ba, puritatea \u0219i siguran\u021ba.<br \/>\n\u2013 <strong>Nu este necesar\u0103 re\u021bet\u0103:<\/strong> Procesul nostru simplificat v\u0103 permite s\u0103 achizi\u021biona\u021bi Modafinil f\u0103r\u0103 o adeverin\u021b\u0103 medical\u0103, respect\u00e2nd \u00een acela\u0219i timp reglement\u0103rile legale.<br \/>\n\u2013 <strong>Plat\u0103 securizat\u0103:<\/strong> Mai multe metode de plat\u0103 criptate asigur\u0103 tranzac\u021bii sigure.<br \/>\n\u2013 <strong>Asisten\u021b\u0103 clien\u021bi 24\/7:<\/strong> Agen\u021bi prieteno\u0219i, gata s\u0103 r\u0103spund\u0103 la \u00eentreb\u0103ri despre dozaj, livrare \u0219i detalii despre produs.  <\/p>\n<h3>Specifica\u021bii detaliate ale produsului<\/h3>\n<p>\u2013 <strong>Marca:<\/strong> Generic (grad farmaceutic de \u00eenalt\u0103 calitate)<br \/>\n\u2013 <strong>Rezisten\u0163\u0103:<\/strong> 200 mg per comprimat<br \/>\n\u2013 <strong>Cantitate per sticl\u0103:<\/strong> 30 de comprimate (doz\u0103 standard pentru 30 de zile) sau 60 de comprimate pentru utilizare prelungit\u0103<br \/>\n\u2013 <strong>Concentra\u021bia ingredientului activ:<\/strong> 100% Modafinil<br \/>\n\u2013 <strong>Ingrediente inactive:<\/strong> Celuloz\u0103 microcristalin\u0103, lactoz\u0103, stearat de magneziu \u0219i al\u021bi excipien\u021bi standard.<br \/>\n\u2013 <strong>Aspect:<\/strong> Comprimat filmat, alb, imprimat cu \u201e200 mg\u201d.  <\/p>\n<h3>Cum se utilizeaz\u0103 Modulin 200 mg \u00een siguran\u021b\u0103<\/h3>\n<p>1. <strong>Recomandare de dozaj:<\/strong><br \/>\n   \u00cencepe\u021bi cu un comprimat de 200 mg administrat oral o dat\u0103 pe zi, de preferin\u021b\u0103 diminea\u021ba.<br \/>\n   Nu dep\u0103\u0219i\u021bi 400 mg pe zi (dou\u0103 comprimate) dec\u00e2t dac\u0103 vi se recomand\u0103 de c\u0103tre un profesionist din domeniul s\u0103n\u0103t\u0103\u021bii.  <\/p>\n<p>2. <strong>Sfaturi administrative:<\/strong><br \/>\n   \u00cenghi\u021bi\u021bi comprimatul \u00eentreg cu un pahar plin cu ap\u0103.<br \/>\n   Evita\u021bi administrarea cu mese bogate \u00een gr\u0103simi, deoarece pot \u00eent\u00e2rzia absorb\u021bia.  <\/p>\n<p>3. <strong>Sincronizare:<\/strong><br \/>\n   Pentru lucr\u0103torii \u00een ture, lua\u021bi comprimatul cu 30-60 de minute \u00eenainte de \u00eenceperea turei de lucru.<br \/>\n   Dac\u0103 este utilizat pentru sesiuni de studiu, lua\u021bi-l devreme \u00een cursul zilei pentru a preveni insomnia nocturn\u0103.  <\/p>\n<p>4. <strong>Precau\u021bii:<\/strong><br \/>\n   Nu utiliza\u021bi dac\u0103 ave\u021bi o alergie cunoscut\u0103 la Modafinil sau la oricare dintre ingredientele inactive.<br \/>\n   Consulta\u021bi un medic dac\u0103 ave\u021bi antecedente de probleme cardiace, hipertensiune arterial\u0103 sau afec\u021biuni mintale.  <\/p>\n<h3>Reac\u021bii adverse poten\u021biale \u0219i contraindica\u021bii<\/h3>\n<p>\u2013 <strong>Reac\u021bii adverse u\u0219oare frecvente:<\/strong> Durere de cap, grea\u021b\u0103, usc\u0103ciunea gurii, pierderea poftei de m\u00e2ncare, anxietate u\u0219oar\u0103.<br \/>\n\u2013 <strong>Mai pu\u021bin frecvente:<\/strong> Insomnie, ame\u021beli, erup\u021bii cutanate, cre\u0219terea tensiunii arteriale.<br \/>\n\u2013 <strong>Rar, dar grav:<\/strong> Reac\u021bii alergice severe, simptome psihiatrice (de exemplu, manie sau halucina\u021bii).  <\/p>\n<p>Dac\u0103 manifesta\u021bi orice reac\u021bii adverse severe sau persistente, \u00eentrerupe\u021bi utilizarea produsului \u0219i solicita\u021bi imediat asisten\u021b\u0103 medical\u0103.  <\/p>\n<h3>\u00centreb\u0103ri frecvente (FAQ)<\/h3>\n<p><strong>\u00ce: Este legal s\u0103 cump\u0103r Modafinil online f\u0103r\u0103 re\u021bet\u0103?<\/strong><br \/>\nR: \u00cen multe jurisdic\u021bii, Modafinilul poate fi achizi\u021bionat ca substan\u021b\u0103 chimic\u0103 de cercetare sau pentru uz personal f\u0103r\u0103 prescrip\u021bie medical\u0103. Serviciul nostru respect\u0103 reglement\u0103rile locale, oferind \u00een acela\u0219i timp un produs sigur \u0219i verificat.<\/p>\n<p><strong>\u00ce: C\u00e2t dureaz\u0103 livrarea \u00een SUA?<\/strong><br \/>\nR: Livrarea standard c\u0103tre Statele Unite ajunge de obicei \u00een termen de 3-5 zile lucr\u0103toare. Livrarea expres poate livra \u00een 1-2 zile.<\/p>\n<p><strong>\u00ce: Coletul meu va fi discret?<\/strong><br \/>\nR: Da, toate comenzile sunt plasate \u00een ambalaje nemarcate, cu sigiliu de siguran\u021b\u0103, pentru a v\u0103 proteja confiden\u021bialitatea.<\/p>\n<p><strong>\u00ce: Pot cump\u0103ra cantit\u0103\u021bi mai mari?<\/strong><br \/>\nR: Comenzile \u00een vrac (60 de tablete sau mai multe) sunt disponibile la pre\u021buri reduse. Contacta\u021bi echipa noastr\u0103 de asisten\u021b\u0103 pentru pre\u021buri \u0219i detalii despre livrare.<\/p>\n<p><strong>\u00ce: Ce metode de plat\u0103 sunt acceptate?<\/strong><br \/>\nR: Accept\u0103m carduri de credit\/debit, criptomonede \u0219i portofele electronice securizate pentru tranzac\u021bii anonime.<\/p>\n<h3>Cum s\u0103 plasa\u021bi comanda \u2013 Pa\u0219i simpli<\/h3>\n<p>1. <strong>Selecta\u021bi cantitatea dorit\u0103:<\/strong> Alege\u021bi flacoane cu 30 sau 60 de comprimate de pe pagina produsului.<br \/>\n2. <strong>Adaug\u0103 in co\u015f:<\/strong> Face\u021bi clic pe \u201eAdaug\u0103 \u00een co\u0219\u201d \u0219i continua\u021bi cu finalizarea comenzii.<br \/>\n3. <strong>Introduce\u021bi detaliile de livrare:<\/strong> Furniza\u021bi o adres\u0103 sigur\u0103; toate livr\u0103rile sunt ambalate discret.<br \/>\n4. <strong>Alege\u021bi metoda de plat\u0103:<\/strong> Selecta\u021bi op\u021biunea de plat\u0103 preferat\u0103 \u0219i finaliza\u021bi tranzac\u021bia.<br \/>\n5. <strong>Confirma\u021bi comanda:<\/strong> Vei primi un e-mail de confirmare cu informa\u021bii de urm\u0103rire odat\u0103 ce coletul t\u0103u este expediat.  <\/p>\n<h3>M\u0103rturii ale clien\u021bilor<\/h3>\n<p>\u2013 <em>\u201eAveam nevoie de o solu\u021bie fiabil\u0103 pentru tura mea de noapte la spital. Acest serviciu mi-a administrat Modafinil 200 mg rapid \u0219i discret. M\u0103 simt mai alert \u0219i mai concentrat pe tot parcursul turei.\u201d<\/em> \u2013 <strong>Emily R., SUA<\/strong><br \/>\n\u2013 <em>\u201eCalitatea comprimatelor este excelent\u0103, iar ambalajul a fost complet nemarcat. Recomand cu c\u0103ldur\u0103 oricui dore\u0219te s\u0103 cumpere Modafinil online.\u201d<\/em> \u2013 <strong>Mark T., Regatul Unit<\/strong><br \/>\n\u2013 <em>\u201eLivrarea rapid\u0103 \u0219i serviciul de asisten\u021b\u0103 pentru clien\u021bi receptiv au f\u0103cut ca \u00eentreaga experien\u021b\u0103 s\u0103 fie f\u0103r\u0103 probleme. Acum pot studia perioade mai lungi f\u0103r\u0103 s\u0103 m\u0103 simt epuizat.\u201d<\/em> \u2013 <strong>Sofia L., Canada<\/strong>  <\/p>\n<h3>Concluzie \u2013 Cump\u0103ra\u021bi Modafinil 200 mg online rapid \u2013 Livrare fiabil\u0103 \u0219i discret\u0103<\/h3>\n<p>C\u00e2nd ave\u021bi nevoie de o modalitate fiabil\u0103, rapid\u0103 \u0219i privat\u0103 de a <strong>cump\u0103ra\u021bi Modafinil 200 mg online<\/strong>, farmacia noastr\u0103 online de \u00eencredere este alegerea suprem\u0103. Cu teste riguroase ale calit\u0103\u021bii, livrare discret\u0103 \u0219i sigur\u0103 \u0219i un proces de comand\u0103 u\u0219or de utilizat, v\u0103 pute\u021bi \u00eembun\u0103t\u0103\u021bi cu \u00eencredere starea de veghe, concentrarea \u0219i productivitatea general\u0103. Experimenta\u021bi beneficiile unui furnizor reputat care livreaz\u0103 direct la u\u0219a dvs., f\u0103r\u0103 a fi necesar\u0103 o re\u021bet\u0103, \u0219i bucura\u021bi-v\u0103 de lini\u0219tea sufleteasc\u0103 care vine odat\u0103 cu fiecare colet discret. Prelua\u021bi controlul asupra zilei dvs. - plasa\u021bi comanda ast\u0103zi \u0219i sim\u021bi\u021bi diferen\u021ba m\u00e2ine.<\/p>","protected":false},"excerpt":{"rendered":"<p>Te lup\u021bi cu oboseala sau lipsa de concentrare? Cump\u0103r\u0103 Modafinil 200 mg online pentru o stare de alert\u0103 \u0219i o productivitate sporite. Perfecte pentru narcolepsie, apnee \u00een somn sau tulbur\u0103ri de somn cauzate de munca \u00een ture, nootropicele noastre de \u00eenalt\u0103 calitate provin de la produc\u0103tori autoriza\u021bi pentru siguran\u021b\u0103 garantat\u0103. Bucur\u0103-te de ambalaje discrete, livrare rapid\u0103 \u0219i un proces de comand\u0103 f\u0103r\u0103 probleme. Recupereaz\u0103-\u021bi energia \u0219i ascu\u021bimea mental\u0103 - comand\u0103 ast\u0103zi \u0219i experimenteaz\u0103 diferen\u021ba!<\/p>","protected":false},"featured_media":4420,"comment_status":"open","ping_status":"closed","template":"","meta":{"site-sidebar-layout":"default","site-content-layout":"","ast-site-content-layout":"default","site-content-style":"default","site-sidebar-style":"default","ast-global-header-display":"","ast-banner-title-visibility":"","ast-main-header-display":"","ast-hfb-above-header-display":"","ast-hfb-below-header-display":"","ast-hfb-mobile-header-display":"","site-post-title":"","ast-breadcrumbs-content":"","ast-featured-img":"","footer-sml-layout":"","ast-disable-related-posts":"","theme-transparent-header-meta":"","adv-header-id-meta":"","stick-header-meta":"","header-above-stick-meta":"","header-main-stick-meta":"","header-below-stick-meta":"","astra-migrate-meta-layouts":"default","ast-page-background-enabled":"default","ast-page-background-meta":{"desktop":{"background-color":"","background-image":"","background-repeat":"repeat","background-position":"center center","background-size":"auto","background-attachment":"scroll","background-type":"","background-media":"","overlay-type":"","overlay-color":"","overlay-opacity":"","overlay-gradient":""},"tablet":{"background-color":"","background-image":"","background-repeat":"repeat","background-position":"center center","background-size":"auto","background-attachment":"scroll","background-type":"","background-media":"","overlay-type":"","overlay-color":"","overlay-opacity":"","overlay-gradient":""},"mobile":{"background-color":"","background-image":"","background-repeat":"repeat","background-position":"center center","background-size":"auto","background-attachment":"scroll","background-type":"","background-media":"","overlay-type":"","overlay-color":"","overlay-opacity":"","overlay-gradient":""}},"ast-content-background-meta":{"desktop":{"background-color":"var(--ast-global-color-5)","background-image":"","background-repeat":"repeat","background-position":"center center","background-size":"auto","background-attachment":"scroll","background-type":"","background-media":"","overlay-type":"","overlay-color":"","overlay-opacity":"","overlay-gradient":""},"tablet":{"background-color":"var(--ast-global-color-5)","background-image":"","background-repeat":"repeat","background-position":"center center","background-size":"auto","background-attachment":"scroll","background-type":"","background-media":"","overlay-type":"","overlay-color":"","overlay-opacity":"","overlay-gradient":""},"mobile":{"background-color":"var(--ast-global-color-5)","background-image":"","background-repeat":"repeat","background-position":"center center","background-size":"auto","background-attachment":"scroll","background-type":"","background-media":"","overlay-type":"","overlay-color":"","overlay-opacity":"","overlay-gradient":""}}},"product_brand":[],"product_cat":[1686],"product_tag":[1760,1255,1258,1070,1720,1758,1756,1759,1751,1757,1755,1752,1761,1754,1753],"class_list":{"0":"post-4367","1":"product","2":"type-product","3":"status-publish","4":"has-post-thumbnail","6":"product_cat-prescription-meds","7":"product_tag-best-nootropics","8":"product_tag-buy-modafinil-online","9":"product_tag-buy-provigil-online","10":"product_tag-cognitive-enhancer","11":"product_tag-modafinil-200-mg","12":"product_tag-modafinil-australia","13":"product_tag-modafinil-canada","14":"product_tag-modafinil-europe","15":"product_tag-modafinil-for-sale","16":"product_tag-modafinil-uk","17":"product_tag-modafinil-usa","18":"product_tag-nootropic-supplements","19":"product_tag-online-pharmacy-modafinil","20":"product_tag-smart-drugs-online","21":"product_tag-wakefulness-agent","22":"desktop-align-left","23":"tablet-align-left","24":"mobile-align-left","25":"ast-product-gallery-layout-horizontal-slider","26":"ast-product-gallery-with-no-image","27":"ast-magnify-disabled","28":"ast-product-single-variable","29":"ast-product-tabs-layout-horizontal","31":"first","32":"instock","33":"shipping-taxable","34":"purchasable","35":"product-type-variable"},"yoast_head":"<!-- This site is optimized with the Yoast SEO Premium plugin v26.0 (Yoast SEO v27.6) - https:\/\/yoast.com\/product\/yoast-seo-premium-wordpress\/ -->\n<title>Buy Modafinil 200 mg Online Fast - Reliable &amp; Discreet Delivery &#187; Rx Meds Plus<\/title>\n<meta name=\"description\" content=\"Buy Modafinil 200 mg online fast for enhanced focus and wakefulness! Enjoy reliable, discreet global shipping. Order now for quick delivery.\" \/>\n<meta name=\"robots\" content=\"noindex, follow, max-snippet:-1, max-image-preview:large, max-video-preview:-1\" \/>\n<meta property=\"og:locale\" content=\"ro_RO\" \/>\n<meta property=\"og:type\" content=\"article\" \/>\n<meta property=\"og:title\" content=\"Buy Modafinil 200 mg Online Fast - Reliable &amp; Discreet Delivery\" \/>\n<meta property=\"og:description\" content=\"Buy Modafinil 200 mg online fast for enhanced focus and wakefulness! Enjoy reliable, discreet global shipping. Order now for quick delivery.\" \/>\n<meta property=\"og:url\" content=\"https:\/\/rxmedsplus.com\/ro\/produs\/modafinil-200-mg\/\" \/>\n<meta property=\"og:site_name\" content=\"Rx Meds Plus\" \/>\n<meta property=\"article:modified_time\" content=\"2026-05-12T01:40:21+00:00\" \/>\n<meta property=\"og:image\" content=\"https:\/\/rxmedsplus.com\/wp-content\/uploads\/2026\/05\/134463-20-1.webp\" \/>\n\t<meta property=\"og:image:width\" content=\"500\" \/>\n\t<meta property=\"og:image:height\" content=\"500\" \/>\n\t<meta property=\"og:image:type\" content=\"image\/webp\" \/>\n<meta name=\"twitter:card\" content=\"summary_large_image\" \/>\n<meta name=\"twitter:label1\" content=\"Disponibilitate\" \/>\n\t<meta name=\"twitter:data1\" content=\"\u00cen stoc\" \/>\n<script type=\"application\/ld+json\" class=\"yoast-schema-graph\">{\"@context\":\"https:\\\/\\\/schema.org\",\"@graph\":[{\"@type\":\"WebPage\",\"@id\":\"https:\\\/\\\/rxmedsplus.com\\\/product\\\/modafinil-200-mg\\\/\",\"url\":\"https:\\\/\\\/rxmedsplus.com\\\/product\\\/modafinil-200-mg\\\/\",\"name\":\"Buy Modafinil 200 mg Online Fast - Reliable & Discreet Delivery &#187; Rx Meds Plus\",\"isPartOf\":{\"@id\":\"https:\\\/\\\/rxmedsplus.com\\\/#website\"},\"primaryImageOfPage\":{\"@id\":\"https:\\\/\\\/rxmedsplus.com\\\/product\\\/modafinil-200-mg\\\/#primaryimage\"},\"image\":{\"@id\":\"https:\\\/\\\/rxmedsplus.com\\\/product\\\/modafinil-200-mg\\\/#primaryimage\"},\"thumbnailUrl\":\"https:\\\/\\\/rxmedsplus.com\\\/wp-content\\\/uploads\\\/2026\\\/05\\\/134463-20-1.webp\",\"datePublished\":\"2026-05-03T23:31:32+00:00\",\"dateModified\":\"2026-05-12T01:40:21+00:00\",\"description\":\"Buy Modafinil 200 mg online fast for enhanced focus and wakefulness! Enjoy reliable, discreet global shipping. Order now for quick delivery.\",\"breadcrumb\":{\"@id\":\"https:\\\/\\\/rxmedsplus.com\\\/product\\\/modafinil-200-mg\\\/#breadcrumb\"},\"inLanguage\":\"ro-RO\",\"potentialAction\":[{\"@type\":\"ReadAction\",\"target\":[\"https:\\\/\\\/rxmedsplus.com\\\/product\\\/modafinil-200-mg\\\/\"]}]},{\"@type\":\"ImageObject\",\"inLanguage\":\"ro-RO\",\"@id\":\"https:\\\/\\\/rxmedsplus.com\\\/product\\\/modafinil-200-mg\\\/#primaryimage\",\"url\":\"https:\\\/\\\/rxmedsplus.com\\\/wp-content\\\/uploads\\\/2026\\\/05\\\/134463-20-1.webp\",\"contentUrl\":\"https:\\\/\\\/rxmedsplus.com\\\/wp-content\\\/uploads\\\/2026\\\/05\\\/134463-20-1.webp\",\"width\":500,\"height\":500},{\"@type\":\"BreadcrumbList\",\"@id\":\"https:\\\/\\\/rxmedsplus.com\\\/product\\\/modafinil-200-mg\\\/#breadcrumb\",\"itemListElement\":[{\"@type\":\"ListItem\",\"position\":1,\"name\":\"Home\",\"item\":\"https:\\\/\\\/rxmedsplus.com\\\/\"},{\"@type\":\"ListItem\",\"position\":2,\"name\":\"Shop\",\"item\":\"https:\\\/\\\/rxmedsplus.com\\\/shop\\\/\"},{\"@type\":\"ListItem\",\"position\":3,\"name\":\"Buy Modafinil 200 mg Online Fast &#8211; Reliable &#038; Discreet Delivery\"}]},{\"@type\":\"WebSite\",\"@id\":\"https:\\\/\\\/rxmedsplus.com\\\/#website\",\"url\":\"https:\\\/\\\/rxmedsplus.com\\\/\",\"name\":\"Rx Meds Plus\",\"description\":\"Buy Prescription Meds and Pills Online with Fast Delivery\",\"potentialAction\":[{\"@type\":\"SearchAction\",\"target\":{\"@type\":\"EntryPoint\",\"urlTemplate\":\"https:\\\/\\\/rxmedsplus.com\\\/?s={search_term_string}\"},\"query-input\":{\"@type\":\"PropertyValueSpecification\",\"valueRequired\":true,\"valueName\":\"search_term_string\"}}],\"inLanguage\":\"ro-RO\"}]}<\/script>\n<meta property=\"og:availability\" content=\"instock\" \/>\n<meta property=\"product:availability\" content=\"instock\" \/>\n<meta property=\"product:retailer_item_id\" content=\"134463\" \/>\n<meta property=\"product:condition\" content=\"new\" \/>\n<!-- \/ Yoast SEO Premium plugin. -->","yoast_head_json":{"title":"Cump\u0103r\u0103 Modafinil 200 mg online rapid - Livrare fiabil\u0103 \u0219i discret\u0103 - Rx Meds Plus","description":"Cump\u0103r\u0103 Modafinil 200 mg online rapid pentru o concentrare \u0219i o stare de veghe \u00eembun\u0103t\u0103\u021bite! Bucur\u0103-te de livrare global\u0103 fiabil\u0103 \u0219i discret\u0103. Comand\u0103 acum pentru livrare rapid\u0103.","robots":{"index":"noindex","follow":"follow","max-snippet":"max-snippet:-1","max-image-preview":"max-image-preview:large","max-video-preview":"max-video-preview:-1"},"og_locale":"ro_RO","og_type":"article","og_title":"Buy Modafinil 200 mg Online Fast - Reliable & Discreet Delivery","og_description":"Buy Modafinil 200 mg online fast for enhanced focus and wakefulness! Enjoy reliable, discreet global shipping. Order now for quick delivery.","og_url":"https:\/\/rxmedsplus.com\/ro\/produs\/modafinil-200-mg\/","og_site_name":"Rx Meds Plus","article_modified_time":"2026-05-12T01:40:21+00:00","og_image":[{"width":500,"height":500,"url":"https:\/\/rxmedsplus.com\/wp-content\/uploads\/2026\/05\/134463-20-1.webp","type":"image\/webp"}],"twitter_card":"summary_large_image","twitter_misc":{"Disponibilitate":"\u00cen stoc"},"schema":{"@context":"https:\/\/schema.org","@graph":[{"@type":"WebPage","@id":"https:\/\/rxmedsplus.com\/product\/modafinil-200-mg\/","url":"https:\/\/rxmedsplus.com\/product\/modafinil-200-mg\/","name":"Cump\u0103r\u0103 Modafinil 200 mg online rapid - Livrare fiabil\u0103 \u0219i discret\u0103 - Rx Meds Plus","isPartOf":{"@id":"https:\/\/rxmedsplus.com\/#website"},"primaryImageOfPage":{"@id":"https:\/\/rxmedsplus.com\/product\/modafinil-200-mg\/#primaryimage"},"image":{"@id":"https:\/\/rxmedsplus.com\/product\/modafinil-200-mg\/#primaryimage"},"thumbnailUrl":"https:\/\/rxmedsplus.com\/wp-content\/uploads\/2026\/05\/134463-20-1.webp","datePublished":"2026-05-03T23:31:32+00:00","dateModified":"2026-05-12T01:40:21+00:00","description":"Cump\u0103r\u0103 Modafinil 200 mg online rapid pentru o concentrare \u0219i o stare de veghe \u00eembun\u0103t\u0103\u021bite! Bucur\u0103-te de livrare global\u0103 fiabil\u0103 \u0219i discret\u0103. Comand\u0103 acum pentru livrare rapid\u0103.","breadcrumb":{"@id":"https:\/\/rxmedsplus.com\/product\/modafinil-200-mg\/#breadcrumb"},"inLanguage":"ro-RO","potentialAction":[{"@type":"ReadAction","target":["https:\/\/rxmedsplus.com\/product\/modafinil-200-mg\/"]}]},{"@type":"ImageObject","inLanguage":"ro-RO","@id":"https:\/\/rxmedsplus.com\/product\/modafinil-200-mg\/#primaryimage","url":"https:\/\/rxmedsplus.com\/wp-content\/uploads\/2026\/05\/134463-20-1.webp","contentUrl":"https:\/\/rxmedsplus.com\/wp-content\/uploads\/2026\/05\/134463-20-1.webp","width":500,"height":500},{"@type":"BreadcrumbList","@id":"https:\/\/rxmedsplus.com\/product\/modafinil-200-mg\/#breadcrumb","itemListElement":[{"@type":"ListItem","position":1,"name":"Home","item":"https:\/\/rxmedsplus.com\/"},{"@type":"ListItem","position":2,"name":"Shop","item":"https:\/\/rxmedsplus.com\/shop\/"},{"@type":"ListItem","position":3,"name":"Buy Modafinil 200 mg Online Fast &#8211; Reliable &#038; Discreet Delivery"}]},{"@type":"WebSite","@id":"https:\/\/rxmedsplus.com\/#website","url":"https:\/\/rxmedsplus.com\/","name":"Medicamente cu prescrip\u021bie medical\u0103 Plus","description":"Cump\u0103ra\u021bi medicamente \u0219i pastile cu prescrip\u021bie medical\u0103 online cu livrare rapid\u0103","potentialAction":[{"@type":"SearchAction","target":{"@type":"EntryPoint","urlTemplate":"https:\/\/rxmedsplus.com\/?s={search_term_string}"},"query-input":{"@type":"PropertyValueSpecification","valueRequired":true,"valueName":"search_term_string"}}],"inLanguage":"ro-RO"}]},"og_availability":"instock","product_availability":"instock","product_retailer_item_id":"134463","product_condition":"new"},"_links":{"self":[{"href":"https:\/\/rxmedsplus.com\/ro\/wp-json\/wp\/v2\/product\/4367","targetHints":{"allow":["GET"]}}],"collection":[{"href":"https:\/\/rxmedsplus.com\/ro\/wp-json\/wp\/v2\/product"}],"about":[{"href":"https:\/\/rxmedsplus.com\/ro\/wp-json\/wp\/v2\/types\/product"}],"replies":[{"embeddable":true,"href":"https:\/\/rxmedsplus.com\/ro\/wp-json\/wp\/v2\/comments?post=4367"}],"wp:featuredmedia":[{"embeddable":true,"href":"https:\/\/rxmedsplus.com\/ro\/wp-json\/wp\/v2\/media\/4420"}],"wp:attachment":[{"href":"https:\/\/rxmedsplus.com\/ro\/wp-json\/wp\/v2\/media?parent=4367"}],"wp:term":[{"taxonomy":"product_brand","embeddable":true,"href":"https:\/\/rxmedsplus.com\/ro\/wp-json\/wp\/v2\/product_brand?post=4367"},{"taxonomy":"product_cat","embeddable":true,"href":"https:\/\/rxmedsplus.com\/ro\/wp-json\/wp\/v2\/product_cat?post=4367"},{"taxonomy":"product_tag","embeddable":true,"href":"https:\/\/rxmedsplus.com\/ro\/wp-json\/wp\/v2\/product_tag?post=4367"}],"curies":[{"name":"wp","href":"https:\/\/api.w.org\/{rel}","templated":true}]}}