{"id":3330,"date":"2025-09-24T21:50:58","date_gmt":"2025-09-24T21:50:58","guid":{"rendered":"https:\/\/rxmedsplus.com\/?post_type=product&#038;p=3330"},"modified":"2025-09-25T11:01:17","modified_gmt":"2025-09-25T11:01:17","slug":"buy-tramadol-online","status":"publish","type":"product","link":"https:\/\/rxmedsplus.com\/sk\/product\/buy-tramadol-online\/","title":{"rendered":"Buy Tramadol Online 50mg Generic &#8211; Fast &#038; Affordable Relief"},"content":{"rendered":"<h3>K\u00fapi\u0165 Tramadol online 50 mg generick\u00fd \u2013 r\u00fdchla a cenovo dostupn\u00e1 \u00fa\u013eava  <\/h3>\n<p>Za\u017eite r\u00fdchlu a \u00fa\u010dinn\u00fa \u00fa\u013eavu od bolesti s <strong>Tramadol 50 mg<\/strong>, d\u00f4veryhodn\u00fd generick\u00fd liek ur\u010den\u00fd na zvl\u00e1dnutie stredne silnej a\u017e silnej bolesti. \u010ci u\u017e trp\u00edte chronick\u00fdm diskomfortom, poopera\u010dnou boles\u0165ou alebo boles\u0165ami s\u00favisiacimi so zranen\u00edm, Tramadol 50 mg pon\u00faka spo\u013eahliv\u00e9 rie\u0161enie na obnovenie kvality v\u00e1\u0161ho \u017eivota. Ako <strong>d\u00f4veryhodn\u00e1 online lek\u00e1re\u0148<\/strong>, poskytujeme <strong>autentick\u00e9 tablety Tramadol 50 mg bez lek\u00e1rskeho predpisu<\/strong> s diskr\u00e9tnym doru\u010den\u00edm do cel\u00e9ho sveta <strong>USA, Kanada, E\u00da a \u010fal\u0161ie krajiny<\/strong>K\u00fapte si teraz bezpe\u010dn\u00fa a cenovo dostupn\u00fa lie\u010dbu bolesti.  <\/p>\n<p>\u2014  <\/p>\n<h3>\u010co je Tramadol 50 mg?  <\/h3>\n<p>Tramadol je <strong>syntetick\u00e9 opioidn\u00e9 analgetikum<\/strong> ktor\u00fd men\u00ed sp\u00f4sob, ak\u00fdm mozog vn\u00edma boles\u0165, a poskytuje r\u00fdchlu \u00fa\u013eavu. <strong>D\u00e1vkovanie 50 mg<\/strong> je jednou z naj\u010dastej\u0161ie predpisovan\u00fdch siln\u00fdch l\u00e1tok, ktor\u00e1 vyva\u017euje \u00fa\u010dinnos\u0165 a bezpe\u010dnos\u0165. \u0160iroko sa pou\u017e\u00edva na lie\u010dbu:  <\/p>\n<p>Chronick\u00e1 boles\u0165 (artrit\u00edda, fibromyalgia, neuropatia)<br \/>\nPoopera\u010dn\u00e9 nepohodlie<br \/>\nBoles\u0165 chrbta a muskuloskelet\u00e1lne ochorenia<br \/>\nSiln\u00e1 boles\u0165 s\u00favisiaca so zranen\u00edm  <\/p>\n<p>Na rozdiel od silnej\u0161\u00edch opioidov, <strong>Generikum Tramadolu 50 mg<\/strong> pon\u00faka ni\u017e\u0161ie riziko z\u00e1vislosti a z\u00e1rove\u0148 je vysoko \u00fa\u010dinn\u00fd.  <\/p>\n<p>\u2014  <\/p>\n<h3>V\u00fdhody n\u00e1kupu Tramadolu 50 mg online  <\/h3>\n<p>N\u00e1kup <strong>Tramadol 50 mg online<\/strong> pon\u00faka pohodlie, cenov\u00fa dostupnos\u0165 a d\u00f4vernos\u0165. Tu s\u00fa d\u00f4vody, pre\u010do si z\u00e1kazn\u00edci vyberaj\u00fa na\u0161u lek\u00e1re\u0148:  <\/p>\n<p>\u2705 <strong>Nie je potrebn\u00fd lek\u00e1rsky predpis<\/strong> \u2013 Vyhnite sa nepr\u00edjemn\u00fdm n\u00e1v\u0161tev\u00e1m lek\u00e1ra a r\u00fdchlo z\u00edskajte \u00fa\u013eavu, ktor\u00fa potrebujete.<br \/>\n\u2705 <strong>R\u00fdchle a diskr\u00e9tne doru\u010denie<\/strong> \u2013 Bezpe\u010dne zabalen\u00e9 a doru\u010den\u00e9 a\u017e k va\u0161im dver\u00e1m v neozna\u010den\u00fdch bal\u00edkoch.<br \/>\n\u2705 <strong>Dostupn\u00e9 ceny<\/strong> \u2013 Konkuren\u010dn\u00e9 ceny v porovnan\u00ed s tradi\u010dn\u00fdmi lek\u00e1r\u0148ami.<br \/>\n\u2705 <strong>Vysokokvalitn\u00e9 lieky<\/strong> \u2013 Poch\u00e1dza od renomovan\u00fdch v\u00fdrobcov pre zaru\u010den\u00fa \u00fa\u010dinnos\u0165.  <\/p>\n<p>Ke\u010f ty <strong>k\u00fapi\u0165 Tramadol online 50mg generikum<\/strong>, eliminujete zbyto\u010dn\u00e9 prie\u0165ahy a z\u00e1rove\u0148 zabezpe\u010d\u00edte bezpe\u010dn\u00fa a lek\u00e1rom d\u00f4veryhodn\u00fa \u00fa\u013eavu od bolesti.  <\/p>\n<p>\u2014  <\/p>\n<h3>Ako funguje Tramadol 50 mg?  <\/h3>\n<p>Tramadol funguje ako <strong>liek proti bolesti s dvojit\u00fdm \u00fa\u010dinkom<\/strong>:  <\/p>\n<p>1. <strong>Aktiv\u00e1cia opioidn\u00fdch receptorov<\/strong> \u2013 Via\u017ee sa na mozgov\u00e9 receptory, \u010d\u00edm zni\u017euje vn\u00edmanie bolesti.<br \/>\n2. <strong>Zv\u00fd\u0161enie seroton\u00ednu a norepinefr\u00ednu<\/strong> \u2013 Zvy\u0161uje prirodzen\u00e9 neurotransmitery blokuj\u00face boles\u0165.  <\/p>\n<p>T\u00e1to kombin\u00e1cia ho rob\u00ed vysoko \u00fa\u010dinn\u00fdm pri dlhodobej kontrole bolesti a z\u00e1rove\u0148 minimalizuje ved\u013eaj\u0161ie \u00fa\u010dinky.  <\/p>\n<p>\u2014  <\/p>\n<h3>Odpor\u00fa\u010dan\u00e9 d\u00e1vkovanie a bezpe\u010dnostn\u00e9 pokyny  <\/h3>\n<p>\u0160tandardn\u00e1 d\u00e1vka je <strong>50 mg a\u017e 100 mg ka\u017ed\u00e9 4-6 hodiny<\/strong>, s maxim\u00e1lnym po\u010dtom <strong>400 mg denne<\/strong>V\u017edy za\u010dnite s najni\u017e\u0161ou \u00fa\u010dinnou d\u00e1vkou, aby ste pos\u00fadili toleranciu.  <\/p>\n<h4>D\u00f4le\u017eit\u00e9 bezpe\u010dnostn\u00e9 tipy:  <\/h4>\n<p>\u2714 Nemie\u0161ajte s alkoholom alebo sedat\u00edvami (riziko \u00fatlmu d\u00fdchania).<br \/>\n\u2714 Vyhnite sa vedeniu vozidiel alebo obsluhe \u0165a\u017ek\u00fdch strojov, preto\u017ee Tramadol m\u00f4\u017ee sp\u00f4sobi\u0165 z\u00e1vraty.<br \/>\n\u2714 Ak m\u00e1te v anamn\u00e9ze z\u00e1chvaty, probl\u00e9my s pe\u010de\u0148ou\/obli\u010dkami alebo alergie na lieky, pora\u010fte sa s lek\u00e1rom.  <\/p>\n<p>Pre za\u010diato\u010dn\u00edkov odpor\u00fa\u010dame za\u010da\u0165 s <strong>50 mg<\/strong> aby sa pred potrebn\u00fdmi \u00fapravami zhodnotili \u00fa\u010dinky.  <\/p>\n<p>\u2014  <\/p>\n<h3>Pre\u010do si vybra\u0165 n\u00e1s ako svojho d\u00f4veryhodn\u00e9ho dod\u00e1vate\u013ea tramadolu?  <\/h3>\n<p>Ke\u010f ty <strong>k\u00fapi\u0165 Tramadol online bez lek\u00e1rskeho predpisu<\/strong>, spo\u013eahlivos\u0165 je d\u00f4le\u017eit\u00e1. Tu je d\u00f4vod, pre\u010do vynik\u00e1me:  <\/p>\n<p>\ud83d\udd39 <strong>Diskr\u00e9tne a bezpe\u010dn\u00e9 doru\u010denie do cel\u00e9ho sveta<\/strong> \u2013 Doprava mo\u017en\u00e1 do USA, Kanady, E\u00da a cel\u00e9ho sveta so sledovan\u00edm z\u00e1sielky.<br \/>\n\ud83d\udd39 <strong>Z\u00e1kazn\u00edcka podpora 24 hod\u00edn denne, 7 dn\u00ed v t\u00fd\u017edni<\/strong> \u2013 Profesion\u00e1lna pomoc pri ot\u00e1zkach t\u00fdkaj\u00facich sa objedn\u00e1vok.<br \/>\n\ud83d\udd39 <strong>Testovan\u00e9 tre\u0165ou stranou<\/strong> \u2013 Ka\u017ed\u00e1 \u0161ar\u017ea je kontrolovan\u00e1 z h\u013eadiska kvality a \u00fa\u010dinnosti.<br \/>\n\ud83d\udd39 <strong>Jednoduch\u00e9 online objedn\u00e1vanie<\/strong> \u2013 Jednoduch\u00e1 platba, viacero sp\u00f4sobov platby a r\u00fdchle spracovanie.  <\/p>\n<p>Uprednost\u0148ujeme va\u0161e s\u00fakromie a spokojnos\u0165, zabezpe\u010dujeme bezprobl\u00e9mov\u00e9 transakcie a spo\u013eahliv\u00e9 rie\u0161enia pre zvl\u00e1danie bolesti.  <\/p>\n<p>\u2014  <\/p>\n<h3>\u010cast\u00e9 ved\u013eaj\u0161ie \u00fa\u010dinky a bezpe\u010dnostn\u00e9 opatrenia  <\/h3>\n<p>Zatia\u013e \u010do <strong>Generikum Tramadolu 50 mg<\/strong> je vo v\u0161eobecnosti dobre tolerovan\u00fd, niektor\u00ed pou\u017e\u00edvatelia m\u00f4\u017eu poci\u0165ova\u0165:  <\/p>\n<p>Ospalos\u0165<br \/>\nNevo\u013enos\u0165 alebo z\u00e1pcha<br \/>\nMierne z\u00e1vraty alebo bolesti hlavy  <\/p>\n<p>Z\u00e1va\u017en\u00e9 ved\u013eaj\u0161ie \u00fa\u010dinky (\u0165a\u017ekosti s d\u00fdchan\u00edm, z\u00e1chvaty, mdloby) s\u00fa zriedkav\u00e9, ale vy\u017eaduj\u00fa si okam\u017eit\u00fa lek\u00e1rsku pomoc. Vyhnite sa n\u00e1hlemu vysadeniu, aby ste predi\u0161li abstinen\u010dn\u00fdm pr\u00edznakom.  <\/p>\n<p>\u2014  <\/p>\n<h3>K\u00fapte si Tramadol 50 mg generick\u00fd online e\u0161te dnes \u2013 r\u00fdchlo a diskr\u00e9tne  <\/h3>\n<p>Rozl\u00fa\u010dte sa s pretrv\u00e1vaj\u00facou boles\u0165ou s <strong>d\u00f4veryhodn\u00e9, cenovo dostupn\u00e9 tablety Tramadol 50 mg<\/strong> dostupn\u00e9 bez lek\u00e1rskeho predpisu. N\u00e1\u0161 zjednodu\u0161en\u00fd proces objedn\u00e1vania, <strong>glob\u00e1lna preprava<\/strong>a lieky najvy\u0161\u0161ej kvality zaru\u010duj\u00fa, \u017ee lie\u010dbu dostanete r\u00fdchlo a v s\u00fakrom\u00ed. <strong>Objedna\u0165 teraz<\/strong> pre spo\u013eahliv\u00fa \u00fa\u013eavu od bolesti priamo k va\u0161im dver\u00e1m!  <\/p>\n<p>H\u013ead\u00e1m <strong>spo\u013eahliv\u00fd zdroj na k\u00fapu generick\u00e9ho lieku Tramadol 50 mg online<\/strong>Garantujeme <strong>bezpe\u010dn\u00e9 transakcie, konkurencieschopn\u00e9 ceny a r\u00fdchle dodanie<\/strong>Nenechajte sa brzdi\u0165 boles\u0165ou \u2013 nakupujte teraz a s \u013eahkos\u0165ou znovu z\u00edskajte pohodlie.<\/p>","protected":false},"excerpt":{"rendered":"<p>Potrebujete r\u00fdchlu a cenovo dostupn\u00fa \u00fa\u013eavu od bolesti? N\u00e1\u0161 generick\u00fd Tramadol 50 mg pon\u00faka rovnak\u00fa \u00fa\u010dinnos\u0165 ako zna\u010dkov\u00e9 verzie za zlomok ceny. Ako d\u00f4veryhodn\u00fd dod\u00e1vate\u013e u\u017e viac ako desa\u0165 rokov garantujeme diskr\u00e9tne doru\u010denie, bezpe\u010dn\u00e9 platby a spo\u013eahliv\u00fa z\u00e1kazn\u00edcku podporu 24 hod\u00edn denne, 7 dn\u00ed v t\u00fd\u017edni. Vychutnajte si kvalitu schv\u00e1len\u00fa FDA bez probl\u00e9mov s predpismi \u2013 objednajte si e\u0161te dnes a z\u00edskajte r\u00fdchle doru\u010denie priamo k va\u0161im dver\u00e1m!<\/p>","protected":false},"featured_media":3357,"comment_status":"open","ping_status":"closed","template":"","meta":{"site-sidebar-layout":"default","site-content-layout":"","ast-site-content-layout":"default","site-content-style":"default","site-sidebar-style":"default","ast-global-header-display":"","ast-banner-title-visibility":"","ast-main-header-display":"","ast-hfb-above-header-display":"","ast-hfb-below-header-display":"","ast-hfb-mobile-header-display":"","site-post-title":"","ast-breadcrumbs-content":"","ast-featured-img":"","footer-sml-layout":"","ast-disable-related-posts":"","theme-transparent-header-meta":"","adv-header-id-meta":"","stick-header-meta":"","header-above-stick-meta":"","header-main-stick-meta":"","header-below-stick-meta":"","astra-migrate-meta-layouts":"default","ast-page-background-enabled":"default","ast-page-background-meta":{"desktop":{"background-color":"","background-image":"","background-repeat":"repeat","background-position":"center center","background-size":"auto","background-attachment":"scroll","background-type":"","background-media":"","overlay-type":"","overlay-color":"","overlay-opacity":"","overlay-gradient":""},"tablet":{"background-color":"","background-image":"","background-repeat":"repeat","background-position":"center center","background-size":"auto","background-attachment":"scroll","background-type":"","background-media":"","overlay-type":"","overlay-color":"","overlay-opacity":"","overlay-gradient":""},"mobile":{"background-color":"","background-image":"","background-repeat":"repeat","background-position":"center center","background-size":"auto","background-attachment":"scroll","background-type":"","background-media":"","overlay-type":"","overlay-color":"","overlay-opacity":"","overlay-gradient":""}},"ast-content-background-meta":{"desktop":{"background-color":"var(--ast-global-color-5)","background-image":"","background-repeat":"repeat","background-position":"center center","background-size":"auto","background-attachment":"scroll","background-type":"","background-media":"","overlay-type":"","overlay-color":"","overlay-opacity":"","overlay-gradient":""},"tablet":{"background-color":"var(--ast-global-color-5)","background-image":"","background-repeat":"repeat","background-position":"center center","background-size":"auto","background-attachment":"scroll","background-type":"","background-media":"","overlay-type":"","overlay-color":"","overlay-opacity":"","overlay-gradient":""},"mobile":{"background-color":"var(--ast-global-color-5)","background-image":"","background-repeat":"repeat","background-position":"center center","background-size":"auto","background-attachment":"scroll","background-type":"","background-media":"","overlay-type":"","overlay-color":"","overlay-opacity":"","overlay-gradient":""}}},"product_brand":[],"product_cat":[37],"product_tag":[1032,1292,1290,251,1293,1294,704,622,1289,1291],"class_list":{"0":"post-3330","1":"product","2":"type-product","3":"status-publish","4":"has-post-thumbnail","6":"product_cat-buy-pain-relief-medication-online","7":"product_tag-buy-tramadol-online","8":"product_tag-cheap-tramadol","9":"product_tag-generic-tramadol","10":"product_tag-online-pharmacy","11":"product_tag-order-tramadol","12":"product_tag-pain-killers","13":"product_tag-pain-relief-medication","14":"product_tag-prescription-drugs","15":"product_tag-tramadol-50mg","16":"product_tag-tramadol-hcl","17":"desktop-align-left","18":"tablet-align-left","19":"mobile-align-left","20":"ast-product-gallery-layout-horizontal-slider","21":"ast-product-gallery-with-no-image","22":"ast-magnify-disabled","23":"ast-product-single-variable","24":"ast-product-tabs-layout-horizontal","26":"first","27":"instock","28":"shipping-taxable","29":"purchasable","30":"product-type-variable"},"yoast_head":"<!-- This site is optimized with the Yoast SEO Premium plugin v26.0 (Yoast SEO v27.6) - https:\/\/yoast.com\/product\/yoast-seo-premium-wordpress\/ -->\n<title>Buy Tramadol Online 50mg Generic - Fast &amp; Affordable Relief &#187; Rx Meds Plus<\/title>\n<meta name=\"description\" content=\"Buy tramadol online for fast, affordable pain relief. Get high-quality generic Tramadol 50mg with secure payment and discreet delivery. Order now!\" \/>\n<meta name=\"robots\" content=\"noindex, follow, max-snippet:-1, max-image-preview:large, max-video-preview:-1\" \/>\n<meta property=\"og:locale\" content=\"sk_SK\" \/>\n<meta property=\"og:type\" content=\"article\" \/>\n<meta property=\"og:title\" content=\"Buy Tramadol Online 50mg Generic - Fast &amp; Affordable Relief\" \/>\n<meta property=\"og:description\" content=\"Buy tramadol online for fast, affordable pain relief. Get high-quality generic Tramadol 50mg with secure payment and discreet delivery. Order now!\" \/>\n<meta property=\"og:url\" content=\"https:\/\/rxmedsplus.com\/sk\/produkt\/buy-tramadol-online\/\" \/>\n<meta property=\"og:site_name\" content=\"Rx Meds Plus\" \/>\n<meta property=\"article:modified_time\" content=\"2025-09-25T11:01:17+00:00\" \/>\n<meta property=\"og:image\" content=\"https:\/\/mlehknw8zzux.i.optimole.com\/w:960\/h:1280\/q:mauto\/f:best\/https:\/\/rxmedsplus.com\/wp-content\/uploads\/2025\/09\/11123-Buy-Tramadol-50-Mg.jpg\" \/>\n\t<meta property=\"og:image:width\" content=\"960\" \/>\n\t<meta property=\"og:image:height\" content=\"1280\" \/>\n\t<meta property=\"og:image:type\" content=\"image\/jpeg\" \/>\n<meta name=\"twitter:card\" content=\"summary_large_image\" \/>\n<meta name=\"twitter:label1\" content=\"Dostupnos\u0165\" \/>\n\t<meta name=\"twitter:data1\" content=\"Na sklade\" \/>\n<script type=\"application\/ld+json\" class=\"yoast-schema-graph\">{\"@context\":\"https:\\\/\\\/schema.org\",\"@graph\":[{\"@type\":\"WebPage\",\"@id\":\"https:\\\/\\\/rxmedsplus.com\\\/product\\\/buy-tramadol-online\\\/\",\"url\":\"https:\\\/\\\/rxmedsplus.com\\\/product\\\/buy-tramadol-online\\\/\",\"name\":\"Buy Tramadol Online 50mg Generic - Fast & Affordable Relief &#187; Rx Meds Plus\",\"isPartOf\":{\"@id\":\"https:\\\/\\\/rxmedsplus.com\\\/#website\"},\"primaryImageOfPage\":{\"@id\":\"https:\\\/\\\/rxmedsplus.com\\\/product\\\/buy-tramadol-online\\\/#primaryimage\"},\"image\":{\"@id\":\"https:\\\/\\\/rxmedsplus.com\\\/product\\\/buy-tramadol-online\\\/#primaryimage\"},\"thumbnailUrl\":\"https:\\\/\\\/rxmedsplus.com\\\/wp-content\\\/uploads\\\/2025\\\/09\\\/11123-Buy-Tramadol-50-Mg.jpg\",\"datePublished\":\"2025-09-24T21:50:58+00:00\",\"dateModified\":\"2025-09-25T11:01:17+00:00\",\"description\":\"Buy tramadol online for fast, affordable pain relief. Get high-quality generic Tramadol 50mg with secure payment and discreet delivery. Order now!\",\"breadcrumb\":{\"@id\":\"https:\\\/\\\/rxmedsplus.com\\\/product\\\/buy-tramadol-online\\\/#breadcrumb\"},\"inLanguage\":\"sk-SK\",\"potentialAction\":[{\"@type\":\"ReadAction\",\"target\":[\"https:\\\/\\\/rxmedsplus.com\\\/product\\\/buy-tramadol-online\\\/\"]}]},{\"@type\":\"ImageObject\",\"inLanguage\":\"sk-SK\",\"@id\":\"https:\\\/\\\/rxmedsplus.com\\\/product\\\/buy-tramadol-online\\\/#primaryimage\",\"url\":\"https:\\\/\\\/rxmedsplus.com\\\/wp-content\\\/uploads\\\/2025\\\/09\\\/11123-Buy-Tramadol-50-Mg.jpg\",\"contentUrl\":\"https:\\\/\\\/rxmedsplus.com\\\/wp-content\\\/uploads\\\/2025\\\/09\\\/11123-Buy-Tramadol-50-Mg.jpg\",\"width\":960,\"height\":1280},{\"@type\":\"BreadcrumbList\",\"@id\":\"https:\\\/\\\/rxmedsplus.com\\\/product\\\/buy-tramadol-online\\\/#breadcrumb\",\"itemListElement\":[{\"@type\":\"ListItem\",\"position\":1,\"name\":\"Home\",\"item\":\"https:\\\/\\\/rxmedsplus.com\\\/\"},{\"@type\":\"ListItem\",\"position\":2,\"name\":\"Shop\",\"item\":\"https:\\\/\\\/rxmedsplus.com\\\/shop\\\/\"},{\"@type\":\"ListItem\",\"position\":3,\"name\":\"Buy Tramadol Online 50mg Generic &#8211; Fast &#038; Affordable Relief\"}]},{\"@type\":\"WebSite\",\"@id\":\"https:\\\/\\\/rxmedsplus.com\\\/#website\",\"url\":\"https:\\\/\\\/rxmedsplus.com\\\/\",\"name\":\"Rx Meds Plus\",\"description\":\"Buy Prescription Meds and Pills Online with Fast Delivery\",\"potentialAction\":[{\"@type\":\"SearchAction\",\"target\":{\"@type\":\"EntryPoint\",\"urlTemplate\":\"https:\\\/\\\/rxmedsplus.com\\\/?s={search_term_string}\"},\"query-input\":{\"@type\":\"PropertyValueSpecification\",\"valueRequired\":true,\"valueName\":\"search_term_string\"}}],\"inLanguage\":\"sk-SK\"}]}<\/script>\n<meta property=\"og:availability\" content=\"instock\" \/>\n<meta property=\"product:availability\" content=\"instock\" \/>\n<meta property=\"product:retailer_item_id\" content=\"YVZz9j4Eq2\" \/>\n<meta property=\"product:condition\" content=\"new\" \/>\n<!-- \/ Yoast SEO Premium plugin. -->","yoast_head_json":{"title":"K\u00fapi\u0165 Tramadol online 50 mg generick\u00fd - r\u00fdchla a cenovo dostupn\u00e1 \u00fa\u013eava  Rx Meds Plus","description":"K\u00fapte si tramadol online pre r\u00fdchlu a dostupn\u00fa \u00fa\u013eavu od bolesti. Z\u00edskajte vysokokvalitn\u00fd generick\u00fd Tramadol 50 mg s bezpe\u010dnou platbou a diskr\u00e9tnym doru\u010den\u00edm. Objednajte si teraz!","robots":{"index":"noindex","follow":"follow","max-snippet":"max-snippet:-1","max-image-preview":"max-image-preview:large","max-video-preview":"max-video-preview:-1"},"og_locale":"sk_SK","og_type":"article","og_title":"Buy Tramadol Online 50mg Generic - Fast & Affordable Relief","og_description":"Buy tramadol online for fast, affordable pain relief. Get high-quality generic Tramadol 50mg with secure payment and discreet delivery. Order now!","og_url":"https:\/\/rxmedsplus.com\/sk\/produkt\/buy-tramadol-online\/","og_site_name":"Rx Meds Plus","article_modified_time":"2025-09-25T11:01:17+00:00","og_image":[{"width":960,"height":1280,"url":"https:\/\/mlehknw8zzux.i.optimole.com\/w:960\/h:1280\/q:mauto\/f:best\/https:\/\/rxmedsplus.com\/wp-content\/uploads\/2025\/09\/11123-Buy-Tramadol-50-Mg.jpg","type":"image\/jpeg"}],"twitter_card":"summary_large_image","twitter_misc":{"Dostupnos\u0165":"Na sklade"},"schema":{"@context":"https:\/\/schema.org","@graph":[{"@type":"WebPage","@id":"https:\/\/rxmedsplus.com\/product\/buy-tramadol-online\/","url":"https:\/\/rxmedsplus.com\/product\/buy-tramadol-online\/","name":"K\u00fapi\u0165 Tramadol online 50 mg generick\u00fd - r\u00fdchla a cenovo dostupn\u00e1 \u00fa\u013eava  Rx Meds Plus","isPartOf":{"@id":"https:\/\/rxmedsplus.com\/#website"},"primaryImageOfPage":{"@id":"https:\/\/rxmedsplus.com\/product\/buy-tramadol-online\/#primaryimage"},"image":{"@id":"https:\/\/rxmedsplus.com\/product\/buy-tramadol-online\/#primaryimage"},"thumbnailUrl":"https:\/\/rxmedsplus.com\/wp-content\/uploads\/2025\/09\/11123-Buy-Tramadol-50-Mg.jpg","datePublished":"2025-09-24T21:50:58+00:00","dateModified":"2025-09-25T11:01:17+00:00","description":"K\u00fapte si tramadol online pre r\u00fdchlu a dostupn\u00fa \u00fa\u013eavu od bolesti. Z\u00edskajte vysokokvalitn\u00fd generick\u00fd Tramadol 50 mg s bezpe\u010dnou platbou a diskr\u00e9tnym doru\u010den\u00edm. Objednajte si teraz!","breadcrumb":{"@id":"https:\/\/rxmedsplus.com\/product\/buy-tramadol-online\/#breadcrumb"},"inLanguage":"sk-SK","potentialAction":[{"@type":"ReadAction","target":["https:\/\/rxmedsplus.com\/product\/buy-tramadol-online\/"]}]},{"@type":"ImageObject","inLanguage":"sk-SK","@id":"https:\/\/rxmedsplus.com\/product\/buy-tramadol-online\/#primaryimage","url":"https:\/\/rxmedsplus.com\/wp-content\/uploads\/2025\/09\/11123-Buy-Tramadol-50-Mg.jpg","contentUrl":"https:\/\/rxmedsplus.com\/wp-content\/uploads\/2025\/09\/11123-Buy-Tramadol-50-Mg.jpg","width":960,"height":1280},{"@type":"BreadcrumbList","@id":"https:\/\/rxmedsplus.com\/product\/buy-tramadol-online\/#breadcrumb","itemListElement":[{"@type":"ListItem","position":1,"name":"Home","item":"https:\/\/rxmedsplus.com\/"},{"@type":"ListItem","position":2,"name":"Shop","item":"https:\/\/rxmedsplus.com\/shop\/"},{"@type":"ListItem","position":3,"name":"Buy Tramadol Online 50mg Generic &#8211; Fast &#038; Affordable Relief"}]},{"@type":"WebSite","@id":"https:\/\/rxmedsplus.com\/#website","url":"https:\/\/rxmedsplus.com\/","name":"Lieky na predpis Plus","description":"K\u00fapte si lieky a tabletky na predpis online s r\u00fdchlym doru\u010den\u00edm","potentialAction":[{"@type":"SearchAction","target":{"@type":"EntryPoint","urlTemplate":"https:\/\/rxmedsplus.com\/?s={search_term_string}"},"query-input":{"@type":"PropertyValueSpecification","valueRequired":true,"valueName":"search_term_string"}}],"inLanguage":"sk-SK"}]},"og_availability":"instock","product_availability":"instock","product_retailer_item_id":"YVZz9j4Eq2","product_condition":"new"},"_links":{"self":[{"href":"https:\/\/rxmedsplus.com\/sk\/wp-json\/wp\/v2\/product\/3330","targetHints":{"allow":["GET"]}}],"collection":[{"href":"https:\/\/rxmedsplus.com\/sk\/wp-json\/wp\/v2\/product"}],"about":[{"href":"https:\/\/rxmedsplus.com\/sk\/wp-json\/wp\/v2\/types\/product"}],"replies":[{"embeddable":true,"href":"https:\/\/rxmedsplus.com\/sk\/wp-json\/wp\/v2\/comments?post=3330"}],"wp:featuredmedia":[{"embeddable":true,"href":"https:\/\/rxmedsplus.com\/sk\/wp-json\/wp\/v2\/media\/3357"}],"wp:attachment":[{"href":"https:\/\/rxmedsplus.com\/sk\/wp-json\/wp\/v2\/media?parent=3330"}],"wp:term":[{"taxonomy":"product_brand","embeddable":true,"href":"https:\/\/rxmedsplus.com\/sk\/wp-json\/wp\/v2\/product_brand?post=3330"},{"taxonomy":"product_cat","embeddable":true,"href":"https:\/\/rxmedsplus.com\/sk\/wp-json\/wp\/v2\/product_cat?post=3330"},{"taxonomy":"product_tag","embeddable":true,"href":"https:\/\/rxmedsplus.com\/sk\/wp-json\/wp\/v2\/product_tag?post=3330"}],"curies":[{"name":"wp","href":"https:\/\/api.w.org\/{rel}","templated":true}]}}