{"id":3652,"date":"2025-09-24T21:55:45","date_gmt":"2025-09-24T21:55:45","guid":{"rendered":"https:\/\/rxmedsplus.com\/?post_type=product&#038;p=3652"},"modified":"2025-09-25T11:15:26","modified_gmt":"2025-09-25T11:15:26","slug":"buy-oxycodone-online-safely","status":"publish","type":"product","link":"https:\/\/rxmedsplus.com\/sl\/product\/buy-oxycodone-online-safely\/","title":{"rendered":"Kupite oksikodon 30 mg na spletu \u2013 hitro in varno olaj\u0161anje"},"content":{"rendered":"<h2><strong>Kupite oksikodon 30 mg na spletu \u2013 hitro in varno laj\u0161anje kroni\u010dne bole\u010dine<\/strong><\/h2>\n<p>\u010ce i\u0161\u010dete hitro in u\u010dinkovito laj\u0161anje bole\u010din, ste na pravem mestu. <strong>Kupite oksikodon 30 mg na spletu<\/strong> iz na\u0161e zaupanja vredne in diskretne lekarne za varno in priro\u010dno obvladovanje zmerne do hude bole\u010dine. Oksikodon je mo\u010dan opioidni analgetik, ki se predpisuje za kroni\u010dna bole\u010dinska stanja, okrevanje po operaciji in druga bole\u010da zdravstvena stanja. Ponujamo hitro dostavo v ZDA, Kanado, EU in po vsem svetu, s \u010dimer zagotavljamo, da boste svoja zdravila prejeli brez zamud.<\/p>\n<h3><strong>Zakaj izbrati na\u0161e tablete oksikodona 30 mg?<\/strong><\/h3>\n<p>When you <strong>kupiti oksikodon 30 mg na spletu<\/strong>, dobite visokokakovostno, laboratorijsko preizku\u0161eno zdravilo od <strong>zaupanja vreden spletni prodajalec<\/strong>Na\u0161e tablete so pridobljene od uglednih proizvajalcev, kar zagotavlja u\u010dinkovitost in varnost. Vsaka tableta vsebuje natan\u010den odmerek in zagotavlja dosledno laj\u0161anje bole\u010din brez kompromisov.<\/p>\n<h3><strong>Za kaj se uporablja oksikodon 30 mg?<\/strong><\/h3>\n<p>Oksikodon 30 mg je zdravilo, odobreno s strani FDA. <strong>opioidno zdravilo proti bole\u010dinam<\/strong> zasnovan za zdravljenje:<br \/>\nKroni\u010dne bole\u010dine v hrbtu<br \/>\nPostoperativna bole\u010dina<br \/>\nHud artritis<br \/>\nBole\u010dina, povezana z rakom<br \/>\nBole\u010dine v \u017eivcih in fibromialgija<\/p>\n<p>Deluje tako, da se ve\u017ee na opioidne receptorje v mo\u017eganih in hrbtenja\u010di, s \u010dimer spremeni na\u010din, kako va\u0161e telo zaznava bole\u010dino.<\/p>\n<h3><strong>Klju\u010dne prednosti oksikodona 30 mg<\/strong><\/h3>\n<p>\u2013 <strong>Hitro delujo\u010de olaj\u0161anje:<\/strong> Za\u010dne delovati v 15-30 minutah<br \/>\n\u2013 <strong>Dolgotrajni u\u010dinki:<\/strong> Zagotavlja do 6 ur nadzora bole\u010dine<br \/>\n\u2013 <strong>Visoka potenca:<\/strong> Idealno za hude bole\u010dine, ki se ne odzivajo na \u0161ibkej\u0161a zdravila<br \/>\n\u2013 <strong>Diskretna embala\u017ea:<\/strong> Vsa naro\u010dila so odposlana zaupno<\/p>\n<h3><strong>Odmerjanje in varnostne smernice za oksikodon 30 mg<\/strong><\/h3>\n<p>Preden teboj <strong>Naro\u010dite oksikodon 30 mg na spletu brez recepta<\/strong>, je klju\u010dnega pomena razumeti pravilno uporabo:<\/p>\n<p>\u2013 <strong>Standardni odmerek:<\/strong> 5\u201330 mg vsake 4\u20136 ur (odvisno od resnosti bole\u010dine)<br \/>\n\u2013 <strong>Prilagoditve odmerjanja:<\/strong> Nikoli ne prekora\u010dite predpisanih omejitev, da se izognete odvisnosti<br \/>\n\u2013 <strong>Shranjevanje:<\/strong> Hranite na hladnem in suhem mestu, izven dosega otrok<br \/>\n\u2013 <strong>Izogibajte se alkoholu:<\/strong> Lahko pove\u010da zaspanost in depresijo dihanja<\/p>\n<p>\u010ce niste prepri\u010dani glede odmerka ali morebitnih interakcij z zdravili, se vedno posvetujte z zdravstvenim delavcem.<\/p>\n<h3><strong>Mo\u017eni ne\u017eeleni u\u010dinki oksikodona 30 mg<\/strong><\/h3>\n<p>\u010ceprav je oksikodon u\u010dinkovit, lahko povzro\u010di ne\u017eelene u\u010dinke, vklju\u010dno z:<br \/>\nZaspanost ali omotica<br \/>\nSlabost ali bruhanje<br \/>\n&#8211; Constipation<br \/>\nSuha usta<\/p>\n<p>Resni ne\u017eeleni u\u010dinki (redki) vklju\u010dujejo plitvo dihanje, zmedenost ali alergijske reakcije. \u010ce se pojavijo hude reakcije, nemudoma poi\u0161\u010dite zdravni\u0161ko pomo\u010d.<\/p>\n<h3><strong>Zakaj kupiti oksikodon 30 mg na spletu pri nas?<\/strong><\/h3>\n<p>Ko potrebujete <strong>hitro in varno laj\u0161anje bole\u010din<\/strong>, nakup od <strong>ugleden spletni prodajalec<\/strong> zagotavlja:<\/p>\n<p>\u2705 <strong>Visokokakovostno, pristno zdravilo<\/strong><br \/>\n\u2705 <strong>Varno pla\u010dilo in \u0161ifrirane transakcije<\/strong><br \/>\n\u2705 <strong>Diskretna dostava v ZDA, Kanado, EU in po vsem svetu<\/strong><br \/>\n\u2705 <strong>Recept ni potreben<\/strong><br \/>\n\u2705 <strong>Podpora strankam 24\/7<\/strong><\/p>\n<p>Na prvo mesto postavljamo zadovoljstvo strank in zagotavljamo, da bo va\u0161e naro\u010dilo prispelo varno in pravo\u010dasno.<\/p>\n<h3><strong>Naro\u010dite oksikodon 30 mg na spletu \u0161e danes za u\u010dinkovito obvladovanje bole\u010din<\/strong><\/h3>\n<p>Se borite z nenehnimi bole\u010dinami? Ne \u010dakajte\u2014<strong>kupiti oksikodon 30 mg na spletu<\/strong> zdaj za takoj\u0161njo in zanesljivo olaj\u0161anje. Na\u0161 poenostavljen postopek naro\u010danja omogo\u010da enostavno pridobitev zdravil, ki jih potrebujete, brez recepta. Zaupajo nam stranke po vsem svetu, zato dostavljamo diskretno in varno, da zagotovimo va\u0161o popolno zasebnost.<\/p>\n<p><strong>Oddajte naro\u010dilo zdaj in izkusite najbolj\u0161e laj\u0161anje bole\u010din \u0161e danes!<\/strong><\/p>","protected":false},"excerpt":{"rendered":"<p>Poi\u0161\u010dite hitro in zanesljivo olaj\u0161anje z Oksikodonom 30 mg \u2013 zaupanja vredno re\u0161itvijo za zmerno do hudo bole\u010dino, ko druga zdravila ne zado\u0161\u010dajo. Na\u0161a diskretna storitev brez recepta zagotavlja varno dostavo originalnih tablet na va\u0161 dom, podprta pa je tudi 24-urna podpora, 7 dni v tednu. U\u017eivajte v konkuren\u010dnih cenah, prilagodljivih mo\u017enostih pla\u010dila in brezskrbnosti, saj veste, da dobivate u\u010dinkovito opioidno olaj\u0161anje iz zanesljivega vira. GLEDE UPORABE IN ODMERJANJA VEDNO POI\u0160\u010cITE STROKOVNI ZDRAVNI\u0160KI NASVET.<\/p>","protected":false},"featured_media":3691,"comment_status":"open","ping_status":"closed","template":"","meta":{"site-sidebar-layout":"default","site-content-layout":"","ast-site-content-layout":"default","site-content-style":"default","site-sidebar-style":"default","ast-global-header-display":"","ast-banner-title-visibility":"","ast-main-header-display":"","ast-hfb-above-header-display":"","ast-hfb-below-header-display":"","ast-hfb-mobile-header-display":"","site-post-title":"","ast-breadcrumbs-content":"","ast-featured-img":"","footer-sml-layout":"","ast-disable-related-posts":"","theme-transparent-header-meta":"default","adv-header-id-meta":"","stick-header-meta":"default","header-above-stick-meta":"","header-main-stick-meta":"","header-below-stick-meta":"","astra-migrate-meta-layouts":"set","ast-page-background-enabled":"default","ast-page-background-meta":{"desktop":{"background-color":"","background-image":"","background-repeat":"repeat","background-position":"center center","background-size":"auto","background-attachment":"scroll","background-type":"","background-media":"","overlay-type":"","overlay-color":"","overlay-opacity":"","overlay-gradient":""},"tablet":{"background-color":"","background-image":"","background-repeat":"repeat","background-position":"center center","background-size":"auto","background-attachment":"scroll","background-type":"","background-media":"","overlay-type":"","overlay-color":"","overlay-opacity":"","overlay-gradient":""},"mobile":{"background-color":"","background-image":"","background-repeat":"repeat","background-position":"center center","background-size":"auto","background-attachment":"scroll","background-type":"","background-media":"","overlay-type":"","overlay-color":"","overlay-opacity":"","overlay-gradient":""}},"ast-content-background-meta":{"desktop":{"background-color":"var(--ast-global-color-5)","background-image":"","background-repeat":"repeat","background-position":"center center","background-size":"auto","background-attachment":"scroll","background-type":"","background-media":"","overlay-type":"","overlay-color":"","overlay-opacity":"","overlay-gradient":""},"tablet":{"background-color":"var(--ast-global-color-5)","background-image":"","background-repeat":"repeat","background-position":"center center","background-size":"auto","background-attachment":"scroll","background-type":"","background-media":"","overlay-type":"","overlay-color":"","overlay-opacity":"","overlay-gradient":""},"mobile":{"background-color":"var(--ast-global-color-5)","background-image":"","background-repeat":"repeat","background-position":"center center","background-size":"auto","background-attachment":"scroll","background-type":"","background-media":"","overlay-type":"","overlay-color":"","overlay-opacity":"","overlay-gradient":""}}},"product_brand":[],"product_cat":[37],"product_tag":[1114,1118,1111,1117,1119,1115,1113,1112,1120,1116],"class_list":{"0":"post-3652","1":"product","2":"type-product","3":"status-publish","4":"has-post-thumbnail","6":"product_cat-buy-pain-relief-medication-online","7":"product_tag-best-online-pharmacy-for-oxycodone","8":"product_tag-buy-opioid-pain-medication","9":"product_tag-buy-oxycodone-30mg-online","10":"product_tag-chronic-pain-relief","11":"product_tag-discreet-oxycodone-shipping","12":"product_tag-fast-oxycodone-delivery","13":"product_tag-order-oxycodone-without-prescription","14":"product_tag-oxycodone-30mg-for-pain-relief","15":"product_tag-oxycodone-for-severe-pain","16":"product_tag-safe-oxycodone-purchase","17":"desktop-align-left","18":"tablet-align-left","19":"mobile-align-left","20":"ast-product-gallery-layout-horizontal-slider","21":"ast-product-gallery-with-no-image","22":"ast-magnify-disabled","23":"ast-product-single-variable","24":"ast-product-tabs-layout-horizontal","26":"first","27":"instock","28":"shipping-taxable","29":"purchasable","30":"product-type-variable"},"yoast_head":"<!-- This site is optimized with the Yoast SEO Premium plugin v26.0 (Yoast SEO v27.6) - https:\/\/yoast.com\/product\/yoast-seo-premium-wordpress\/ -->\n<title>Buy Oxycodone 30mg Online \u2013 Fast &amp; Safe Relief &#187; Rx Meds Plus<\/title>\n<meta name=\"description\" content=\"Buy oxycodone online safely for fast pain relief. Our trusted pharmacy offers discreet shipping &amp; high-quality 30mg pills. Order now for secure delivery!\" \/>\n<meta name=\"robots\" content=\"noindex, follow, max-snippet:-1, max-image-preview:large, max-video-preview:-1\" \/>\n<meta property=\"og:locale\" content=\"sl_SI\" \/>\n<meta property=\"og:type\" content=\"article\" \/>\n<meta property=\"og:title\" content=\"Buy Oxycodone 30mg Online \u2013 Fast &amp; Safe Relief\" \/>\n<meta property=\"og:description\" content=\"Buy oxycodone online safely for fast pain relief. Our trusted pharmacy offers discreet shipping &amp; high-quality 30mg pills. Order now for secure delivery!\" \/>\n<meta property=\"og:url\" content=\"https:\/\/rxmedsplus.com\/sl\/izdelek\/buy-oxycodone-online-safely\/\" \/>\n<meta property=\"og:site_name\" content=\"Rx Meds Plus\" \/>\n<meta property=\"article:modified_time\" content=\"2025-09-25T11:15:26+00:00\" \/>\n<meta property=\"og:image\" content=\"https:\/\/mlehknw8zzux.i.optimole.com\/w:456\/h:501\/q:mauto\/f:best\/https:\/\/rxmedsplus.com\/wp-content\/uploads\/2025\/09\/11502-Oxycodone-4-1.jpg\" \/>\n\t<meta property=\"og:image:width\" content=\"456\" \/>\n\t<meta property=\"og:image:height\" content=\"501\" \/>\n\t<meta property=\"og:image:type\" content=\"image\/jpeg\" \/>\n<meta name=\"twitter:card\" content=\"summary_large_image\" \/>\n<meta name=\"twitter:label1\" content=\"Availability\" \/>\n\t<meta name=\"twitter:data1\" content=\"In stock\" \/>\n<script type=\"application\/ld+json\" class=\"yoast-schema-graph\">{\"@context\":\"https:\\\/\\\/schema.org\",\"@graph\":[{\"@type\":\"WebPage\",\"@id\":\"https:\\\/\\\/rxmedsplus.com\\\/product\\\/buy-oxycodone-online-safely\\\/\",\"url\":\"https:\\\/\\\/rxmedsplus.com\\\/product\\\/buy-oxycodone-online-safely\\\/\",\"name\":\"Buy Oxycodone 30mg Online \u2013 Fast & Safe Relief &#187; Rx Meds Plus\",\"isPartOf\":{\"@id\":\"https:\\\/\\\/rxmedsplus.com\\\/#website\"},\"primaryImageOfPage\":{\"@id\":\"https:\\\/\\\/rxmedsplus.com\\\/product\\\/buy-oxycodone-online-safely\\\/#primaryimage\"},\"image\":{\"@id\":\"https:\\\/\\\/rxmedsplus.com\\\/product\\\/buy-oxycodone-online-safely\\\/#primaryimage\"},\"thumbnailUrl\":\"https:\\\/\\\/rxmedsplus.com\\\/wp-content\\\/uploads\\\/2025\\\/09\\\/11502-Oxycodone-4-1.jpg\",\"datePublished\":\"2025-09-24T21:55:45+00:00\",\"dateModified\":\"2025-09-25T11:15:26+00:00\",\"description\":\"Buy oxycodone online safely for fast pain relief. Our trusted pharmacy offers discreet shipping & high-quality 30mg pills. Order now for secure delivery!\",\"breadcrumb\":{\"@id\":\"https:\\\/\\\/rxmedsplus.com\\\/product\\\/buy-oxycodone-online-safely\\\/#breadcrumb\"},\"inLanguage\":\"sl-SI\",\"potentialAction\":[{\"@type\":\"ReadAction\",\"target\":[\"https:\\\/\\\/rxmedsplus.com\\\/product\\\/buy-oxycodone-online-safely\\\/\"]}]},{\"@type\":\"ImageObject\",\"inLanguage\":\"sl-SI\",\"@id\":\"https:\\\/\\\/rxmedsplus.com\\\/product\\\/buy-oxycodone-online-safely\\\/#primaryimage\",\"url\":\"https:\\\/\\\/rxmedsplus.com\\\/wp-content\\\/uploads\\\/2025\\\/09\\\/11502-Oxycodone-4-1.jpg\",\"contentUrl\":\"https:\\\/\\\/rxmedsplus.com\\\/wp-content\\\/uploads\\\/2025\\\/09\\\/11502-Oxycodone-4-1.jpg\",\"width\":456,\"height\":501},{\"@type\":\"BreadcrumbList\",\"@id\":\"https:\\\/\\\/rxmedsplus.com\\\/product\\\/buy-oxycodone-online-safely\\\/#breadcrumb\",\"itemListElement\":[{\"@type\":\"ListItem\",\"position\":1,\"name\":\"Home\",\"item\":\"https:\\\/\\\/rxmedsplus.com\\\/\"},{\"@type\":\"ListItem\",\"position\":2,\"name\":\"Shop\",\"item\":\"https:\\\/\\\/rxmedsplus.com\\\/shop\\\/\"},{\"@type\":\"ListItem\",\"position\":3,\"name\":\"Buy Oxycodone 30mg Online \u2013 Fast &#038; Safe Relief\"}]},{\"@type\":\"WebSite\",\"@id\":\"https:\\\/\\\/rxmedsplus.com\\\/#website\",\"url\":\"https:\\\/\\\/rxmedsplus.com\\\/\",\"name\":\"Rx Meds Plus\",\"description\":\"Buy Prescription Meds and Pills Online with Fast Delivery\",\"potentialAction\":[{\"@type\":\"SearchAction\",\"target\":{\"@type\":\"EntryPoint\",\"urlTemplate\":\"https:\\\/\\\/rxmedsplus.com\\\/?s={search_term_string}\"},\"query-input\":{\"@type\":\"PropertyValueSpecification\",\"valueRequired\":true,\"valueName\":\"search_term_string\"}}],\"inLanguage\":\"sl-SI\"}]}<\/script>\n<meta property=\"og:availability\" content=\"instock\" \/>\n<meta property=\"product:availability\" content=\"instock\" \/>\n<meta property=\"product:retailer_item_id\" content=\"qVKXgCRc4W\" \/>\n<meta property=\"product:condition\" content=\"new\" \/>\n<!-- \/ Yoast SEO Premium plugin. -->","yoast_head_json":{"title":"Kupite oksikodon 30 mg na spletu \u2013 hitro in varno olaj\u0161anje \u2013 Rx Meds Plus","description":"Kupite oksikodon varno prek spleta za hitro laj\u0161anje bole\u010din. Na\u0161a zaupanja vredna lekarna ponuja diskretno dostavo in visokokakovostne 30 mg tablete. Naro\u010dite zdaj za varno dostavo!","robots":{"index":"noindex","follow":"follow","max-snippet":"max-snippet:-1","max-image-preview":"max-image-preview:large","max-video-preview":"max-video-preview:-1"},"og_locale":"sl_SI","og_type":"article","og_title":"Buy Oxycodone 30mg Online \u2013 Fast & Safe Relief","og_description":"Buy oxycodone online safely for fast pain relief. Our trusted pharmacy offers discreet shipping & high-quality 30mg pills. Order now for secure delivery!","og_url":"https:\/\/rxmedsplus.com\/sl\/izdelek\/buy-oxycodone-online-safely\/","og_site_name":"Rx Meds Plus","article_modified_time":"2025-09-25T11:15:26+00:00","og_image":[{"width":456,"height":501,"url":"https:\/\/mlehknw8zzux.i.optimole.com\/w:456\/h:501\/q:mauto\/f:best\/https:\/\/rxmedsplus.com\/wp-content\/uploads\/2025\/09\/11502-Oxycodone-4-1.jpg","type":"image\/jpeg"}],"twitter_card":"summary_large_image","twitter_misc":{"Availability":"In stock"},"schema":{"@context":"https:\/\/schema.org","@graph":[{"@type":"WebPage","@id":"https:\/\/rxmedsplus.com\/product\/buy-oxycodone-online-safely\/","url":"https:\/\/rxmedsplus.com\/product\/buy-oxycodone-online-safely\/","name":"Kupite oksikodon 30 mg na spletu \u2013 hitro in varno olaj\u0161anje \u2013 Rx Meds Plus","isPartOf":{"@id":"https:\/\/rxmedsplus.com\/#website"},"primaryImageOfPage":{"@id":"https:\/\/rxmedsplus.com\/product\/buy-oxycodone-online-safely\/#primaryimage"},"image":{"@id":"https:\/\/rxmedsplus.com\/product\/buy-oxycodone-online-safely\/#primaryimage"},"thumbnailUrl":"https:\/\/rxmedsplus.com\/wp-content\/uploads\/2025\/09\/11502-Oxycodone-4-1.jpg","datePublished":"2025-09-24T21:55:45+00:00","dateModified":"2025-09-25T11:15:26+00:00","description":"Kupite oksikodon varno prek spleta za hitro laj\u0161anje bole\u010din. Na\u0161a zaupanja vredna lekarna ponuja diskretno dostavo in visokokakovostne 30 mg tablete. Naro\u010dite zdaj za varno dostavo!","breadcrumb":{"@id":"https:\/\/rxmedsplus.com\/product\/buy-oxycodone-online-safely\/#breadcrumb"},"inLanguage":"sl-SI","potentialAction":[{"@type":"ReadAction","target":["https:\/\/rxmedsplus.com\/product\/buy-oxycodone-online-safely\/"]}]},{"@type":"ImageObject","inLanguage":"sl-SI","@id":"https:\/\/rxmedsplus.com\/product\/buy-oxycodone-online-safely\/#primaryimage","url":"https:\/\/rxmedsplus.com\/wp-content\/uploads\/2025\/09\/11502-Oxycodone-4-1.jpg","contentUrl":"https:\/\/rxmedsplus.com\/wp-content\/uploads\/2025\/09\/11502-Oxycodone-4-1.jpg","width":456,"height":501},{"@type":"BreadcrumbList","@id":"https:\/\/rxmedsplus.com\/product\/buy-oxycodone-online-safely\/#breadcrumb","itemListElement":[{"@type":"ListItem","position":1,"name":"Home","item":"https:\/\/rxmedsplus.com\/"},{"@type":"ListItem","position":2,"name":"Shop","item":"https:\/\/rxmedsplus.com\/shop\/"},{"@type":"ListItem","position":3,"name":"Buy Oxycodone 30mg Online \u2013 Fast &#038; Safe Relief"}]},{"@type":"WebSite","@id":"https:\/\/rxmedsplus.com\/#website","url":"https:\/\/rxmedsplus.com\/","name":"Zdravila na recept Plus","description":"Kupite zdravila na recept in tablete prek spleta s hitro dostavo","potentialAction":[{"@type":"SearchAction","target":{"@type":"EntryPoint","urlTemplate":"https:\/\/rxmedsplus.com\/?s={search_term_string}"},"query-input":{"@type":"PropertyValueSpecification","valueRequired":true,"valueName":"search_term_string"}}],"inLanguage":"sl-SI"}]},"og_availability":"instock","product_availability":"instock","product_retailer_item_id":"qVKXgCRc4W","product_condition":"new"},"_links":{"self":[{"href":"https:\/\/rxmedsplus.com\/sl\/wp-json\/wp\/v2\/product\/3652","targetHints":{"allow":["GET"]}}],"collection":[{"href":"https:\/\/rxmedsplus.com\/sl\/wp-json\/wp\/v2\/product"}],"about":[{"href":"https:\/\/rxmedsplus.com\/sl\/wp-json\/wp\/v2\/types\/product"}],"replies":[{"embeddable":true,"href":"https:\/\/rxmedsplus.com\/sl\/wp-json\/wp\/v2\/comments?post=3652"}],"wp:featuredmedia":[{"embeddable":true,"href":"https:\/\/rxmedsplus.com\/sl\/wp-json\/wp\/v2\/media\/3691"}],"wp:attachment":[{"href":"https:\/\/rxmedsplus.com\/sl\/wp-json\/wp\/v2\/media?parent=3652"}],"wp:term":[{"taxonomy":"product_brand","embeddable":true,"href":"https:\/\/rxmedsplus.com\/sl\/wp-json\/wp\/v2\/product_brand?post=3652"},{"taxonomy":"product_cat","embeddable":true,"href":"https:\/\/rxmedsplus.com\/sl\/wp-json\/wp\/v2\/product_cat?post=3652"},{"taxonomy":"product_tag","embeddable":true,"href":"https:\/\/rxmedsplus.com\/sl\/wp-json\/wp\/v2\/product_tag?post=3652"}],"curies":[{"name":"wp","href":"https:\/\/api.w.org\/{rel}","templated":true}]}}