{"id":2124,"date":"2024-10-24T13:29:56","date_gmt":"2024-10-24T13:29:56","guid":{"rendered":"https:\/\/rxmedsplus.com\/?page_id=2124"},"modified":"2025-09-23T10:42:59","modified_gmt":"2025-09-23T10:42:59","slug":"shipping-and-delivery-policy","status":"publish","type":"page","link":"https:\/\/rxmedsplus.com\/sv\/shipping-and-delivery-policy\/","title":{"rendered":"Frakt och Leverans Politik"},"content":{"rendered":"<div data-elementor-type=\"wp-page\" data-elementor-id=\"2124\" class=\"elementor elementor-2124\">\n\t\t\t\t<div class=\"elementor-element elementor-element-9ae4be0 e-flex e-con-boxed e-con e-parent\" data-id=\"9ae4be0\" data-element_type=\"container\" data-e-type=\"container\">\n\t\t\t\t\t<div class=\"e-con-inner\">\n\t\t<div class=\"elementor-element elementor-element-1e52ba6 e-con-full e-flex e-con e-child\" data-id=\"1e52ba6\" data-element_type=\"container\" data-e-type=\"container\">\n\t\t\t\t<div class=\"elementor-element elementor-element-cbe21a9 elementor-widget elementor-widget-heading\" data-id=\"cbe21a9\" data-element_type=\"widget\" data-e-type=\"widget\" data-widget_type=\"heading.default\">\n\t\t\t\t<div class=\"elementor-widget-container\">\n\t\t\t\t\t<h1 class=\"elementor-heading-title elementor-size-default\">Frakt &amp; Leverans Politik<\/h1>\t\t\t\t<\/div>\n\t\t\t\t<\/div>\n\t\t\t\t<\/div>\n\t\t\t\t\t<\/div>\n\t\t\t\t<\/div>\n\t\t<div class=\"elementor-element elementor-element-81bbcf9 e-flex e-con-boxed e-con e-parent\" data-id=\"81bbcf9\" data-element_type=\"container\" data-e-type=\"container\" data-settings=\"{&quot;background_background&quot;:&quot;classic&quot;}\">\n\t\t\t\t\t<div class=\"e-con-inner\">\n\t\t<div class=\"elementor-element elementor-element-feacb1e e-con-full e-flex e-con e-child\" data-id=\"feacb1e\" data-element_type=\"container\" data-e-type=\"container\">\n\t\t\t\t<div class=\"elementor-element elementor-element-9230e6e elementor-widget elementor-widget-text-editor\" data-id=\"9230e6e\" data-element_type=\"widget\" data-e-type=\"widget\" data-widget_type=\"text-editor.default\">\n\t\t\t\t<div class=\"elementor-widget-container\">\n\t\t\t\t\t\t\t\t\t<p>P\u00e5 <strong>Min Underground Medicin<\/strong>vi f\u00f6rst\u00e5r vikten av att ta emot dina mediciner snabbt och diskret. Det \u00e4r d\u00e4rf\u00f6r vi erbjuder <strong>snabbt<\/strong>, <strong>p\u00e5litlig<\/strong>och <strong>s\u00e4ker frakt<\/strong> alternativ f\u00f6r att m\u00f6ta behoven hos v\u00e5ra kunder, b\u00e5de nationellt och internationellt. V\u00e4nligen l\u00e4s igenom v\u00e5ra <strong>Frakt och Leverans Politik<\/strong> f\u00f6r att f\u00f6rst\u00e5 hur vi kan bearbeta och leverera din order.<\/p><h2>1. <strong>Fraktkostnader och leveranstider<\/strong><\/h2><p>Vi \u00e4r fast beslutna att ge snabb och s\u00e4ker leverans av alla best\u00e4llningar, oavsett om du befinner dig i <strong>USA<\/strong>, <strong>Kanada<\/strong>eller var som helst i v\u00e4rlden.<\/p><h3>1.1 <strong>Inrikes Sj\u00f6fart (USA och Kanada)<\/strong><\/h3><p>F\u00f6r kunder i <strong>Usa<\/strong> och <strong>Kanada<\/strong>vi erbjuder <strong>samma dag leverans<\/strong> p\u00e5 alla best\u00e4llningar som g\u00f6rs f\u00f6re v\u00e5r cut-off tid. Leveranstider kan variera beroende p\u00e5 din plats:<\/p><ul><li><strong>Leverans Samma Dag<\/strong>: Tillg\u00e4nglig f\u00f6r utvalda platser. Best\u00e4llningar som g\u00f6rs innan cut-off tid kommer att levereras samma dag.<\/li><li><strong>Standard Leverans<\/strong>: 1-2 arbetsdagar, beroende p\u00e5 din plats.<\/li><li><strong>Fri Frakt<\/strong>Finns tillg\u00e4nglig p\u00e5 best\u00e4llningar \u00f6ver ett visst v\u00e4rde (belopp som anges i kassan).<\/li><\/ul><h3>1.2 <strong>International Frakt<\/strong><\/h3><p>Vi \u00e4r stolta \u00f6ver att erbjuda <strong>frakt \u00f6ver hela v\u00e4rlden<\/strong> till <strong>Australien<\/strong>, <strong>STORBRITANNIEN<\/strong>, <strong>Tyskland<\/strong>, <strong>Frankrike<\/strong>, <strong>EU-l\u00e4nder<\/strong>och mycket mer. Leveranstider f\u00f6r internationella best\u00e4llningar kan variera beroende p\u00e5 tullhantering och plats:<\/p><ul><li><strong>Standard Internationella Frakt<\/strong>: 3-7 dagar, beroende p\u00e5 destination.<\/li><li><strong>F\u00f6renklat International Frakt<\/strong>: 2-5 arbetsdagar (om s\u00e5dan finns).<\/li><li><strong>Tullklarering<\/strong>: Internationella f\u00f6rs\u00e4ndelser kan bli f\u00f6rem\u00e5l f\u00f6r tullkontroll, vilket kan f\u00f6rl\u00e4nga leveranstiden.<\/li><\/ul><h3>1.3 <strong>Frakt Cut-Off Tider<\/strong><\/h3><p>Best\u00e4llningar som g\u00f6rs innan <strong>12:00 PM PST (Pacific Standard Time)<\/strong> p\u00e5 vardagar kommer att behandlas samma dag. Best\u00e4llningar som g\u00f6rs efter denna tidpunkt, eller p\u00e5 helger och helgdagar kommer att behandlas p\u00e5 n\u00e4sta arbetsdag.<\/p><h2>2. <strong>Fraktkostnad<\/strong><\/h2><p>Frakt kostnader ber\u00e4knas baserat p\u00e5 frakt metod som valts och destination. Fraktkostnaden visas i kassan innan du slutf\u00f6r din best\u00e4llning.<\/p><ul><li><strong>Inrikes Sj\u00f6fart<\/strong> (USA och Kanada): Priserna b\u00f6rjar p\u00e5 ett schablonbelopp, med fri frakt \u00e4r tillg\u00e4nglig f\u00f6r best\u00e4llningar \u00f6ver ett visst v\u00e4rde.<\/li><li><strong>International Frakt<\/strong>: Fraktkostnader ber\u00e4knas baserat p\u00e5 de resm\u00e5l landet och frakt metod som valts. Extra avgifter kan tillkomma f\u00f6r expressfrakt.<\/li><\/ul><h2>3. <strong>Diskret F\u00f6rpackning<\/strong><\/h2><p>Din integritet \u00e4r viktig f\u00f6r oss. Alla best\u00e4llningar skickas i <strong>diskret f\u00f6rpackning<\/strong> f\u00f6r att skydda din sekretess. Det blir inget omn\u00e4mnande av inneh\u00e5llet eller namnet p\u00e5 v\u00e5rt apotek p\u00e5 utsidan av paketet, f\u00f6r att garantera fullst\u00e4ndig diskretion.<\/p><h2>4. <strong>F\u00f6r Sp\u00e5rning<\/strong><\/h2><p>N\u00e4r din best\u00e4llning har skickats, kommer du att f\u00e5 ett <strong>kollinummer<\/strong> via e-post, s\u00e5 att du kan \u00f6vervaka dina f\u00f6rs\u00e4ndelser i realtid. Du kan sp\u00e5ra din best\u00e4llning direkt p\u00e5 v\u00e5r hemsida eller genom bud tracking service.<\/p><ul><li><strong>Inhemska Sp\u00e5rning<\/strong>: Uppdateringar i realtid f\u00f6r best\u00e4llningar inom USA och Kanada.<\/li><li><strong>Internationella Sp\u00e5rning<\/strong>: Uppdateringar i realtid f\u00f6r internationella transporter. Observera att sp\u00e5ra kan variera beroende p\u00e5 b\u00e4rare och tullbest\u00e4mmelser av din destination land.<\/li><\/ul><h2>5. <strong>Tullar och avgifter (F\u00f6r Internationella Best\u00e4llningar)<\/strong><\/h2><p>Internationella f\u00f6rs\u00e4ndelser kan bli f\u00f6rem\u00e5l f\u00f6r <strong>tullkontroller<\/strong>vilket skulle kunna resultera i f\u00f6rseningar. Du, som k\u00f6pare, ansvarar f\u00f6r att tullar, skatter och avgifter eller extra avgifter inf\u00f6rs med ditt lands tullkontor. V\u00e4nligen se till att du \u00e4r bekant med ditt lands inf\u00f6rselregler f\u00f6r mediciner.<\/p><p><strong>Observera:<\/strong> Min Underground Medicin \u00e4r inte ansvarig f\u00f6r eventuella tull-problem eller f\u00f6rseningar som orsakas av tullklarering processer.<\/p><h2>6. <strong>F\u00f6rlorat eller skadat Paket<\/strong><\/h2><p>Medan vi g\u00f6r allt som \u00e4r m\u00f6jligt f\u00f6r att s\u00e4kerst\u00e4lla leverans i r\u00e4tt tid, ibland, paket kan bli f\u00f6rsenat eller kommer bort under transporten. Om du tror att din best\u00e4llning har g\u00e5tt f\u00f6rlorat eller f\u00f6rsenats, v\u00e4nligen kontakta v\u00e5r <strong>kundtj\u00e4nst<\/strong> s\u00e5 snart som m\u00f6jligt.<\/p><ul><li><strong>F\u00f6rlorade Paket<\/strong>: Om ditt paket \u00e4r bekr\u00e4ftat f\u00f6rlorade, vi kommer att erbjuda en <strong>ers\u00e4ttare<\/strong> eller <strong>full \u00e5terbetalning<\/strong> som en del av v\u00e5r <strong>100% leverans garanti<\/strong>.<\/li><li><strong>F\u00f6rsenade Paket<\/strong>: F\u00f6rseningar kan uppst\u00e5 p\u00e5 grund av orsaker utanf\u00f6r v\u00e5r kontroll, s\u00e5som tullklarering eller kurir fr\u00e5gor. Vi kommer att arbeta med dig f\u00f6r att sp\u00e5ra paketet och se till att den n\u00e5r dig s\u00e5 snabbt som m\u00f6jligt.<\/li><\/ul><h2>7. <strong>Leverans Fr\u00e5gor<\/strong><\/h2><p>Om ditt paket anl\u00e4nder skadad eller felaktig objekt, v\u00e4nligen kontakta oss inom <strong>48 timmar<\/strong> efter din best\u00e4llning. Vi kommer att utreda fr\u00e5gan och, om det beh\u00f6vs, ge ett utbyte eller \u00e5terbetalning.<\/p><ul><li><strong>Skadade Paket<\/strong>: Om ditt paket \u00e4r skadat vid leverans, v\u00e4nligen ge bilder av skador, och vi kommer att arbeta med dig f\u00f6r att l\u00f6sa problemet omg\u00e5ende.<\/li><li><strong>Felaktiga Best\u00e4llningar<\/strong>: Om du f\u00e5r fel produkt, kontakta oss omedelbart, och vi kommer att ordna f\u00f6r en ers\u00e4ttning eller \u00e5terbetalning.<\/li><\/ul><h2>8. <strong>Obest\u00e4llbara Paket<\/strong><\/h2><p>Om ditt paket returneras till oss p\u00e5 grund av att en <strong>felaktig adress<\/strong> eller f\u00f6r att det var <strong>outl\u00f6sta<\/strong>vi kommer att kontakta dig f\u00f6r att ordna reshipping. Alla eventuella extra fraktkostnader som uppkommer f\u00f6r ny leverans kommer att vara kundens ansvar.<\/p><h2>9. <strong>Hur du Kontaktar Oss<\/strong><\/h2><p>Om du har n\u00e5gra fr\u00e5gor eller funderingar om din s\u00e4ndning eller beh\u00f6ver hj\u00e4lp med att sp\u00e5ra din order, v\u00e4nligen kontakta v\u00e5r <strong>kundtj\u00e4nst<\/strong>:<\/p><ul><li><strong>E-post<\/strong>: <a href=\"mailto:sales@rxmedsplus.com\">sales@rxmedsplus.com<\/a><\/li><li><strong>Chatt<\/strong><\/li><\/ul><p>Vi \u00e4r fast beslutna att se till att din upplevelse att handla med <strong>Min Underground Medicin<\/strong> \u00e4r smidig, effektiv och tillfredsst\u00e4llande. Tack f\u00f6r att du v\u00e4ljer oss som din p\u00e5litliga k\u00e4llan f\u00f6r prisv\u00e4rda, inga receptbelagda mediciner.<\/p><p>P\u00e5 <strong>Min Underground Medicin<\/strong>vi siktar p\u00e5 att ge snabb och diskret frakt till alla v\u00e5ra kunder, oavsett var i v\u00e4rlden de befinner sig. Din tillfredsst\u00e4llelse \u00e4r v\u00e5r prioritet, och vi \u00e4r h\u00e4r f\u00f6r att hj\u00e4lpa dig s\u00e4kerst\u00e4lla att du f\u00e5r din l\u00e4kemedel p\u00e5 ett s\u00e4kert och i tid.<\/p>\t\t\t\t\t\t\t\t<\/div>\n\t\t\t\t<\/div>\n\t\t\t\t<\/div>\n\t\t\t\t\t<\/div>\n\t\t\t\t<\/div>\n\t\t\t\t<\/div>","protected":false},"excerpt":{"rendered":"<p>Shipping &amp; Delivery Policy At Rx Meds Plus, we understand the importance of receiving your medications quickly and discreetly. That\u2019s why we offer fast, reliable, and secure shipping options to meet the needs of our customers, both domestically and internationally. Please read through our Shipping and Delivery Policy to understand how we process and deliver [&hellip;]<\/p>\n","protected":false},"author":1,"featured_media":0,"parent":0,"menu_order":0,"comment_status":"closed","ping_status":"closed","template":"","meta":{"site-sidebar-layout":"no-sidebar","site-content-layout":"page-builder","ast-site-content-layout":"full-width-container","site-content-style":"unboxed","site-sidebar-style":"unboxed","ast-global-header-display":"","ast-banner-title-visibility":"","ast-main-header-display":"","ast-hfb-above-header-display":"","ast-hfb-below-header-display":"","ast-hfb-mobile-header-display":"","site-post-title":"disabled","ast-breadcrumbs-content":"","ast-featured-img":"disabled","footer-sml-layout":"","ast-disable-related-posts":"","theme-transparent-header-meta":"default","adv-header-id-meta":"","stick-header-meta":"","header-above-stick-meta":"","header-main-stick-meta":"","header-below-stick-meta":"","astra-migrate-meta-layouts":"set","ast-page-background-enabled":"default","ast-page-background-meta":{"desktop":{"background-color":"","background-image":"","background-repeat":"repeat","background-position":"center center","background-size":"auto","background-attachment":"scroll","background-type":"","background-media":"","overlay-type":"","overlay-color":"","overlay-opacity":"","overlay-gradient":""},"tablet":{"background-color":"","background-image":"","background-repeat":"repeat","background-position":"center center","background-size":"auto","background-attachment":"scroll","background-type":"","background-media":"","overlay-type":"","overlay-color":"","overlay-opacity":"","overlay-gradient":""},"mobile":{"background-color":"","background-image":"","background-repeat":"repeat","background-position":"center center","background-size":"auto","background-attachment":"scroll","background-type":"","background-media":"","overlay-type":"","overlay-color":"","overlay-opacity":"","overlay-gradient":""}},"ast-content-background-meta":{"desktop":{"background-color":"var(--ast-global-color-5)","background-image":"","background-repeat":"repeat","background-position":"center center","background-size":"auto","background-attachment":"scroll","background-type":"","background-media":"","overlay-type":"","overlay-color":"","overlay-opacity":"","overlay-gradient":""},"tablet":{"background-color":"var(--ast-global-color-5)","background-image":"","background-repeat":"repeat","background-position":"center center","background-size":"auto","background-attachment":"scroll","background-type":"","background-media":"","overlay-type":"","overlay-color":"","overlay-opacity":"","overlay-gradient":""},"mobile":{"background-color":"var(--ast-global-color-5)","background-image":"","background-repeat":"repeat","background-position":"center center","background-size":"auto","background-attachment":"scroll","background-type":"","background-media":"","overlay-type":"","overlay-color":"","overlay-opacity":"","overlay-gradient":""}},"footnotes":""},"class_list":["post-2124","page","type-page","status-publish","hentry"],"yoast_head":"<!-- This site is optimized with the Yoast SEO Premium plugin v26.0 (Yoast SEO v27.4) - https:\/\/yoast.com\/product\/yoast-seo-premium-wordpress\/ -->\n<title>Shipping and Delivery Policy &#187; Rx Meds Plus<\/title>\n<meta name=\"robots\" content=\"noindex, follow\" \/>\n<meta property=\"og:locale\" content=\"sv_SE\" \/>\n<meta property=\"og:type\" content=\"article\" \/>\n<meta property=\"og:title\" content=\"Shipping and Delivery Policy\" \/>\n<meta property=\"og:description\" content=\"Shipping &amp; Delivery Policy At Rx Meds Plus, we understand the importance of receiving your medications quickly and discreetly. That\u2019s why we offer fast, reliable, and secure shipping options to meet the needs of our customers, both domestically and internationally. Please read through our Shipping and Delivery Policy to understand how we process and deliver [&hellip;]\" \/>\n<meta property=\"og:url\" content=\"https:\/\/rxmedsplus.com\/sv\/shipping-and-delivery-policy\/\" \/>\n<meta property=\"og:site_name\" content=\"Rx Meds Plus\" \/>\n<meta property=\"article:modified_time\" content=\"2025-09-23T10:42:59+00:00\" \/>\n<meta name=\"twitter:card\" content=\"summary_large_image\" \/>\n<meta name=\"twitter:label1\" content=\"Ber\u00e4knad l\u00e4stid\" \/>\n\t<meta name=\"twitter:data1\" content=\"4 minuter\" \/>\n<script type=\"application\/ld+json\" class=\"yoast-schema-graph\">{\"@context\":\"https:\\\/\\\/schema.org\",\"@graph\":[{\"@type\":\"WebPage\",\"@id\":\"https:\\\/\\\/rxmedsplus.com\\\/shipping-and-delivery-policy\\\/\",\"url\":\"https:\\\/\\\/rxmedsplus.com\\\/shipping-and-delivery-policy\\\/\",\"name\":\"Shipping and Delivery Policy &#187; Rx Meds Plus\",\"isPartOf\":{\"@id\":\"https:\\\/\\\/rxmedsplus.com\\\/#website\"},\"datePublished\":\"2024-10-24T13:29:56+00:00\",\"dateModified\":\"2025-09-23T10:42:59+00:00\",\"breadcrumb\":{\"@id\":\"https:\\\/\\\/rxmedsplus.com\\\/shipping-and-delivery-policy\\\/#breadcrumb\"},\"inLanguage\":\"sv-SE\",\"potentialAction\":[{\"@type\":\"ReadAction\",\"target\":[\"https:\\\/\\\/rxmedsplus.com\\\/shipping-and-delivery-policy\\\/\"]}]},{\"@type\":\"BreadcrumbList\",\"@id\":\"https:\\\/\\\/rxmedsplus.com\\\/shipping-and-delivery-policy\\\/#breadcrumb\",\"itemListElement\":[{\"@type\":\"ListItem\",\"position\":1,\"name\":\"Home\",\"item\":\"https:\\\/\\\/rxmedsplus.com\\\/\"},{\"@type\":\"ListItem\",\"position\":2,\"name\":\"Shipping and Delivery Policy\"}]},{\"@type\":\"WebSite\",\"@id\":\"https:\\\/\\\/rxmedsplus.com\\\/#website\",\"url\":\"https:\\\/\\\/rxmedsplus.com\\\/\",\"name\":\"Rx Meds Plus\",\"description\":\"Buy Prescription Meds and Pills Online with Fast Delivery\",\"potentialAction\":[{\"@type\":\"SearchAction\",\"target\":{\"@type\":\"EntryPoint\",\"urlTemplate\":\"https:\\\/\\\/rxmedsplus.com\\\/?s={search_term_string}\"},\"query-input\":{\"@type\":\"PropertyValueSpecification\",\"valueRequired\":true,\"valueName\":\"search_term_string\"}}],\"inLanguage\":\"sv-SE\"}]}<\/script>\n<!-- \/ Yoast SEO Premium plugin. -->","yoast_head_json":{"title":"Shipping and Delivery Policy &#187; Rx Meds Plus","robots":{"index":"noindex","follow":"follow"},"og_locale":"sv_SE","og_type":"article","og_title":"Shipping and Delivery Policy","og_description":"Shipping &amp; Delivery Policy At Rx Meds Plus, we understand the importance of receiving your medications quickly and discreetly. That\u2019s why we offer fast, reliable, and secure shipping options to meet the needs of our customers, both domestically and internationally. Please read through our Shipping and Delivery Policy to understand how we process and deliver [&hellip;]","og_url":"https:\/\/rxmedsplus.com\/sv\/shipping-and-delivery-policy\/","og_site_name":"Rx Meds Plus","article_modified_time":"2025-09-23T10:42:59+00:00","twitter_card":"summary_large_image","twitter_misc":{"Ber\u00e4knad l\u00e4stid":"4 minuter"},"schema":{"@context":"https:\/\/schema.org","@graph":[{"@type":"WebPage","@id":"https:\/\/rxmedsplus.com\/shipping-and-delivery-policy\/","url":"https:\/\/rxmedsplus.com\/shipping-and-delivery-policy\/","name":"Shipping and Delivery Policy &#187; Rx Meds Plus","isPartOf":{"@id":"https:\/\/rxmedsplus.com\/#website"},"datePublished":"2024-10-24T13:29:56+00:00","dateModified":"2025-09-23T10:42:59+00:00","breadcrumb":{"@id":"https:\/\/rxmedsplus.com\/shipping-and-delivery-policy\/#breadcrumb"},"inLanguage":"sv-SE","potentialAction":[{"@type":"ReadAction","target":["https:\/\/rxmedsplus.com\/shipping-and-delivery-policy\/"]}]},{"@type":"BreadcrumbList","@id":"https:\/\/rxmedsplus.com\/shipping-and-delivery-policy\/#breadcrumb","itemListElement":[{"@type":"ListItem","position":1,"name":"Home","item":"https:\/\/rxmedsplus.com\/"},{"@type":"ListItem","position":2,"name":"Shipping and Delivery Policy"}]},{"@type":"WebSite","@id":"https:\/\/rxmedsplus.com\/#website","url":"https:\/\/rxmedsplus.com\/","name":"Min Underground Medicin","description":"Buy Prescription Meds and Pills Online with Fast Delivery","potentialAction":[{"@type":"SearchAction","target":{"@type":"EntryPoint","urlTemplate":"https:\/\/rxmedsplus.com\/?s={search_term_string}"},"query-input":{"@type":"PropertyValueSpecification","valueRequired":true,"valueName":"search_term_string"}}],"inLanguage":"sv-SE"}]}},"_links":{"self":[{"href":"https:\/\/rxmedsplus.com\/sv\/wp-json\/wp\/v2\/pages\/2124","targetHints":{"allow":["GET"]}}],"collection":[{"href":"https:\/\/rxmedsplus.com\/sv\/wp-json\/wp\/v2\/pages"}],"about":[{"href":"https:\/\/rxmedsplus.com\/sv\/wp-json\/wp\/v2\/types\/page"}],"author":[{"embeddable":true,"href":"https:\/\/rxmedsplus.com\/sv\/wp-json\/wp\/v2\/users\/1"}],"replies":[{"embeddable":true,"href":"https:\/\/rxmedsplus.com\/sv\/wp-json\/wp\/v2\/comments?post=2124"}],"version-history":[{"count":0,"href":"https:\/\/rxmedsplus.com\/sv\/wp-json\/wp\/v2\/pages\/2124\/revisions"}],"wp:attachment":[{"href":"https:\/\/rxmedsplus.com\/sv\/wp-json\/wp\/v2\/media?parent=2124"}],"curies":[{"name":"wp","href":"https:\/\/api.w.org\/{rel}","templated":true}]}}