{"id":1358,"date":"2024-10-15T10:34:36","date_gmt":"2024-10-15T10:34:36","guid":{"rendered":"https:\/\/rxmedsplus.com\/product\/amb-10-5421-ambien-10-mg\/"},"modified":"2025-09-25T23:26:26","modified_gmt":"2025-09-25T23:26:26","slug":"ambien-10mg","status":"publish","type":"product","link":"https:\/\/rxmedsplus.com\/sv\/product\/ambien-10mg\/","title":{"rendered":"Buy Ambien 10mg Online ett S\u00e4kert s\u00e4tt f\u00f6r Effektiv S\u00f6mn L\u00e4ttnad"},"content":{"rendered":"<div>\n<p>Buy Ambien 10mg Online with PayPal.Ambien is the brand name for selling the drug Zolpidem in the market. It belongs to a class of drugs known as sedative-hypnotics, and the time you buy Ambien online, you get a prescription medicine used for treating patients who have insomnia or other sleeping disorders.<\/p>\n<h2>WHAT IS THE PURPOSE OF BUYING AMBIEN 10MG?<\/h2>\n<p>Ambien is the brand name for selling the drug Zolpidem in the market. It belongs to a class of drugs known as sedative-hypnotics, and the time you buy Ambien online, you get a prescription medicine used for treating patients who have insomnia or other sleeping disorders. Ambien acts on the brain producing a calming effect and helps people fall asleep.<\/p>\n<h2>Buy Ambien (5mg \/ 10mg) Online Legally<\/h2>\n<p>However, it is advisable to buy Ambien online as it is a controlled substance that makes it risky to use the drug without any prescription, and online pharmacies would provide you the medicine along with a prescription helping you know\u00a0the drug\u00a0in a better manner.<\/p>\n<h2>HOW LONG DOES AMBIEN STAY IN YOUR SYSTEM?<\/h2>\n<p>People wondering how long does Ambien stays in their system should understand that this drug reaches its half-life in only 1.5 hours. However, the\u00a0effects of Ambien\u00a0might last around 8 hours.<\/p>\n<h2>WHAT ARE THE SIDE EFFECTS OF USING AMBIEN?<\/h2>\n<p>Ambien is a controlled substance and has a risk of abuse. Thus it is essential to know about the side effects it could have on its patients before they\u00a0buy Ambien online\u00a0for use.\u00a0 Dizziness, nausea, muscle pain, euphoria, and headache are a few common Ambien side effects that could be seen in patients using this medication.<\/p>\n<p>However, abusing\u00a0Ambien could be dangerous\u00a0and cause some severe side effects like:<\/p>\n<ul>\n<li>Muscle cramps<\/li>\n<li>Shallow breathing<\/li>\n<li>Insomnia<\/li>\n<li>Anxiety<\/li>\n<li>Rapid heartbeat<\/li>\n<li>Allergic reaction<\/li>\n<li>Memory loss<\/li>\n<li>Sedation<\/li>\n<li>Disorientation<\/li>\n<\/ul>\n<p>Patients having any of these symptoms should at once\u00a0get medical\u00a0attention.<\/p>\n<h2>PRECAUTIONS FOR USING AMBIEN 10MG:<\/h2>\n<ul>\n<li>It is essential to inform about your allergies to your doctor before you buy Ambien online as it might cause a reaction.Buy Ambien 10mg Online with PayPal<\/li>\n<li>Pregnant ladies should avoid using this medication as when used near the time of delivery; it may have undesirable effects like shallow breathing or withdrawal symptoms.<\/li>\n<li>The patient needs to inform their doctor about their medical history before they buy Ambien online for use.<\/li>\n<li>Children\u2019s should not use this medication as they are more sensitive to its side effects like hallucinations or dizziness<\/li>\n<\/ul>\n<ul>\n<li>Buy Benzodiazepines online with PayPal | Order Botulinum online with PayPal | Buy Research chemicals online with PayPal | Buy pain relief meds online with PayPal<\/li>\n<\/ul>\n<\/div>","protected":false},"excerpt":{"rendered":"<p>Struggling with insomnia? Ambien 10mg offers fast-acting sleep relief by calming your brain for restful nights. As a trusted prescription medication, it helps you fall asleep quickly\u2014just remember to consult a doctor first for safe use. Buy with confidence online through secure payment options like PayPal, ensuring you get genuine medication along with proper guidance. Say goodbye to restless nights and wake up refreshed!<\/p>","protected":false},"featured_media":1359,"comment_status":"open","ping_status":"closed","template":"","meta":{"site-sidebar-layout":"default","site-content-layout":"","ast-site-content-layout":"default","site-content-style":"default","site-sidebar-style":"default","ast-global-header-display":"","ast-banner-title-visibility":"","ast-main-header-display":"","ast-hfb-above-header-display":"","ast-hfb-below-header-display":"","ast-hfb-mobile-header-display":"","site-post-title":"","ast-breadcrumbs-content":"","ast-featured-img":"","footer-sml-layout":"","ast-disable-related-posts":"","theme-transparent-header-meta":"","adv-header-id-meta":"","stick-header-meta":"","header-above-stick-meta":"","header-main-stick-meta":"","header-below-stick-meta":"","astra-migrate-meta-layouts":"default","ast-page-background-enabled":"default","ast-page-background-meta":{"desktop":{"background-color":"","background-image":"","background-repeat":"repeat","background-position":"center center","background-size":"auto","background-attachment":"scroll","background-type":"","background-media":"","overlay-type":"","overlay-color":"","overlay-opacity":"","overlay-gradient":""},"tablet":{"background-color":"","background-image":"","background-repeat":"repeat","background-position":"center center","background-size":"auto","background-attachment":"scroll","background-type":"","background-media":"","overlay-type":"","overlay-color":"","overlay-opacity":"","overlay-gradient":""},"mobile":{"background-color":"","background-image":"","background-repeat":"repeat","background-position":"center center","background-size":"auto","background-attachment":"scroll","background-type":"","background-media":"","overlay-type":"","overlay-color":"","overlay-opacity":"","overlay-gradient":""}},"ast-content-background-meta":{"desktop":{"background-color":"var(--ast-global-color-5)","background-image":"","background-repeat":"repeat","background-position":"center center","background-size":"auto","background-attachment":"scroll","background-type":"","background-media":"","overlay-type":"","overlay-color":"","overlay-opacity":"","overlay-gradient":""},"tablet":{"background-color":"var(--ast-global-color-5)","background-image":"","background-repeat":"repeat","background-position":"center center","background-size":"auto","background-attachment":"scroll","background-type":"","background-media":"","overlay-type":"","overlay-color":"","overlay-opacity":"","overlay-gradient":""},"mobile":{"background-color":"var(--ast-global-color-5)","background-image":"","background-repeat":"repeat","background-position":"center center","background-size":"auto","background-attachment":"scroll","background-type":"","background-media":"","overlay-type":"","overlay-color":"","overlay-opacity":"","overlay-gradient":""}}},"product_brand":[],"product_cat":[42],"product_tag":[575,578,574,579,571,567,581,580,577,576],"class_list":{"0":"post-1358","1":"product","2":"type-product","3":"status-publish","4":"has-post-thumbnail","6":"product_cat-buy-sleeping-pills-online","7":"product_tag-ambien-for-sleep","8":"product_tag-ambien-side-effects","9":"product_tag-buy-ambien-10mg-online","10":"product_tag-buy-prescription-sleep-aids","11":"product_tag-buy-sleeping-pills-online","12":"product_tag-insomnia-treatment","13":"product_tag-legit-online-pharmacies-for-ambien","14":"product_tag-order-ambien-with-paypal","15":"product_tag-safe-ambien-purchase","16":"product_tag-zolpidem-online","17":"desktop-align-left","18":"tablet-align-left","19":"mobile-align-left","20":"ast-product-gallery-layout-horizontal-slider","21":"ast-product-gallery-with-no-image","22":"ast-magnify-disabled","23":"ast-product-single-variable","24":"ast-product-tabs-layout-horizontal","26":"first","27":"instock","28":"shipping-taxable","29":"purchasable","30":"product-type-variable"},"yoast_head":"<!-- This site is optimized with the Yoast SEO Premium plugin v26.0 (Yoast SEO v27.4) - https:\/\/yoast.com\/product\/yoast-seo-premium-wordpress\/ -->\n<title>Buy Ambien 10mg Online Safely for Effective Sleep Relief &#187; Rx Meds Plus<\/title>\n<meta name=\"description\" content=\"Buy Ambien 10mg online safely for effective insomnia relief. Get prescription sleep medication with PayPal. Order now for fast, secure delivery.\" \/>\n<meta name=\"robots\" content=\"noindex, follow, max-snippet:-1, max-image-preview:large, max-video-preview:-1\" \/>\n<meta property=\"og:locale\" content=\"sv_SE\" \/>\n<meta property=\"og:type\" content=\"article\" \/>\n<meta property=\"og:title\" content=\"Buy Ambien 10mg Online Safely for Effective Sleep Relief\" \/>\n<meta property=\"og:description\" content=\"Buy Ambien 10mg online safely for effective insomnia relief. Get prescription sleep medication with PayPal. Order now for fast, secure delivery.\" \/>\n<meta property=\"og:url\" content=\"https:\/\/rxmedsplus.com\/sv\/product\/ambien-10mg\/\" \/>\n<meta property=\"og:site_name\" content=\"Rx Meds Plus\" \/>\n<meta property=\"article:modified_time\" content=\"2025-09-25T23:26:26+00:00\" \/>\n<meta property=\"og:image\" content=\"https:\/\/mlehknw8zzux.i.optimole.com\/w:1920\/h:1080\/q:mauto\/f:best\/https:\/\/rxmedsplus.com\/wp-content\/uploads\/2024\/10\/1358-Ambien-1.jpg\" \/>\n\t<meta property=\"og:image:width\" content=\"1920\" \/>\n\t<meta property=\"og:image:height\" content=\"1080\" \/>\n\t<meta property=\"og:image:type\" content=\"image\/jpeg\" \/>\n<meta name=\"twitter:card\" content=\"summary_large_image\" \/>\n<meta name=\"twitter:label1\" content=\"Tillg\u00e4nglig\" \/>\n\t<meta name=\"twitter:data1\" content=\"I lager\" \/>\n<script type=\"application\/ld+json\" class=\"yoast-schema-graph\">{\"@context\":\"https:\\\/\\\/schema.org\",\"@graph\":[{\"@type\":\"WebPage\",\"@id\":\"https:\\\/\\\/rxmedsplus.com\\\/product\\\/ambien-10mg\\\/\",\"url\":\"https:\\\/\\\/rxmedsplus.com\\\/product\\\/ambien-10mg\\\/\",\"name\":\"Buy Ambien 10mg Online Safely for Effective Sleep Relief &#187; Rx Meds Plus\",\"isPartOf\":{\"@id\":\"https:\\\/\\\/rxmedsplus.com\\\/#website\"},\"primaryImageOfPage\":{\"@id\":\"https:\\\/\\\/rxmedsplus.com\\\/product\\\/ambien-10mg\\\/#primaryimage\"},\"image\":{\"@id\":\"https:\\\/\\\/rxmedsplus.com\\\/product\\\/ambien-10mg\\\/#primaryimage\"},\"thumbnailUrl\":\"https:\\\/\\\/rxmedsplus.com\\\/wp-content\\\/uploads\\\/2024\\\/10\\\/1358-Ambien-1.jpg\",\"datePublished\":\"2024-10-15T10:34:36+00:00\",\"dateModified\":\"2025-09-25T23:26:26+00:00\",\"description\":\"Buy Ambien 10mg online safely for effective insomnia relief. Get prescription sleep medication with PayPal. Order now for fast, secure delivery.\",\"breadcrumb\":{\"@id\":\"https:\\\/\\\/rxmedsplus.com\\\/product\\\/ambien-10mg\\\/#breadcrumb\"},\"inLanguage\":\"sv-SE\",\"potentialAction\":[{\"@type\":\"ReadAction\",\"target\":[\"https:\\\/\\\/rxmedsplus.com\\\/product\\\/ambien-10mg\\\/\"]}]},{\"@type\":\"ImageObject\",\"inLanguage\":\"sv-SE\",\"@id\":\"https:\\\/\\\/rxmedsplus.com\\\/product\\\/ambien-10mg\\\/#primaryimage\",\"url\":\"https:\\\/\\\/rxmedsplus.com\\\/wp-content\\\/uploads\\\/2024\\\/10\\\/1358-Ambien-1.jpg\",\"contentUrl\":\"https:\\\/\\\/rxmedsplus.com\\\/wp-content\\\/uploads\\\/2024\\\/10\\\/1358-Ambien-1.jpg\",\"width\":1920,\"height\":1080,\"caption\":\"AMB 10 5421 (Ambien 10 mg)\"},{\"@type\":\"BreadcrumbList\",\"@id\":\"https:\\\/\\\/rxmedsplus.com\\\/product\\\/ambien-10mg\\\/#breadcrumb\",\"itemListElement\":[{\"@type\":\"ListItem\",\"position\":1,\"name\":\"Home\",\"item\":\"https:\\\/\\\/rxmedsplus.com\\\/\"},{\"@type\":\"ListItem\",\"position\":2,\"name\":\"Shop\",\"item\":\"https:\\\/\\\/rxmedsplus.com\\\/shop\\\/\"},{\"@type\":\"ListItem\",\"position\":3,\"name\":\"Buy Ambien 10mg Online Safely for Effective Sleep Relief\"}]},{\"@type\":\"WebSite\",\"@id\":\"https:\\\/\\\/rxmedsplus.com\\\/#website\",\"url\":\"https:\\\/\\\/rxmedsplus.com\\\/\",\"name\":\"Rx Meds Plus\",\"description\":\"Buy Prescription Meds and Pills Online with Fast Delivery\",\"potentialAction\":[{\"@type\":\"SearchAction\",\"target\":{\"@type\":\"EntryPoint\",\"urlTemplate\":\"https:\\\/\\\/rxmedsplus.com\\\/?s={search_term_string}\"},\"query-input\":{\"@type\":\"PropertyValueSpecification\",\"valueRequired\":true,\"valueName\":\"search_term_string\"}}],\"inLanguage\":\"sv-SE\"}]}<\/script>\n<meta property=\"og:availability\" content=\"instock\" \/>\n<meta property=\"product:availability\" content=\"instock\" \/>\n<meta property=\"product:retailer_item_id\" content=\"ZPFzCU4bRS\" \/>\n<meta property=\"product:condition\" content=\"new\" \/>\n<!-- \/ Yoast SEO Premium plugin. -->","yoast_head_json":{"title":"Buy Ambien 10mg Online Safely for Effective Sleep Relief &#187; Rx Meds Plus","description":"Buy Ambien 10mg online safely for effective insomnia relief. Get prescription sleep medication with PayPal. Order now for fast, secure delivery.","robots":{"index":"noindex","follow":"follow","max-snippet":"max-snippet:-1","max-image-preview":"max-image-preview:large","max-video-preview":"max-video-preview:-1"},"og_locale":"sv_SE","og_type":"article","og_title":"Buy Ambien 10mg Online Safely for Effective Sleep Relief","og_description":"Buy Ambien 10mg online safely for effective insomnia relief. Get prescription sleep medication with PayPal. Order now for fast, secure delivery.","og_url":"https:\/\/rxmedsplus.com\/sv\/product\/ambien-10mg\/","og_site_name":"Rx Meds Plus","article_modified_time":"2025-09-25T23:26:26+00:00","og_image":[{"width":1920,"height":1080,"url":"https:\/\/mlehknw8zzux.i.optimole.com\/w:1920\/h:1080\/q:mauto\/f:best\/https:\/\/rxmedsplus.com\/wp-content\/uploads\/2024\/10\/1358-Ambien-1.jpg","type":"image\/jpeg"}],"twitter_card":"summary_large_image","twitter_misc":{"Tillg\u00e4nglig":"I lager"},"schema":{"@context":"https:\/\/schema.org","@graph":[{"@type":"WebPage","@id":"https:\/\/rxmedsplus.com\/product\/ambien-10mg\/","url":"https:\/\/rxmedsplus.com\/product\/ambien-10mg\/","name":"Buy Ambien 10mg Online Safely for Effective Sleep Relief &#187; Rx Meds Plus","isPartOf":{"@id":"https:\/\/rxmedsplus.com\/#website"},"primaryImageOfPage":{"@id":"https:\/\/rxmedsplus.com\/product\/ambien-10mg\/#primaryimage"},"image":{"@id":"https:\/\/rxmedsplus.com\/product\/ambien-10mg\/#primaryimage"},"thumbnailUrl":"https:\/\/rxmedsplus.com\/wp-content\/uploads\/2024\/10\/1358-Ambien-1.jpg","datePublished":"2024-10-15T10:34:36+00:00","dateModified":"2025-09-25T23:26:26+00:00","description":"Buy Ambien 10mg online safely for effective insomnia relief. Get prescription sleep medication with PayPal. Order now for fast, secure delivery.","breadcrumb":{"@id":"https:\/\/rxmedsplus.com\/product\/ambien-10mg\/#breadcrumb"},"inLanguage":"sv-SE","potentialAction":[{"@type":"ReadAction","target":["https:\/\/rxmedsplus.com\/product\/ambien-10mg\/"]}]},{"@type":"ImageObject","inLanguage":"sv-SE","@id":"https:\/\/rxmedsplus.com\/product\/ambien-10mg\/#primaryimage","url":"https:\/\/rxmedsplus.com\/wp-content\/uploads\/2024\/10\/1358-Ambien-1.jpg","contentUrl":"https:\/\/rxmedsplus.com\/wp-content\/uploads\/2024\/10\/1358-Ambien-1.jpg","width":1920,"height":1080,"caption":"AMB 10 5421 (Ambien 10 mg)"},{"@type":"BreadcrumbList","@id":"https:\/\/rxmedsplus.com\/product\/ambien-10mg\/#breadcrumb","itemListElement":[{"@type":"ListItem","position":1,"name":"Home","item":"https:\/\/rxmedsplus.com\/"},{"@type":"ListItem","position":2,"name":"Shop","item":"https:\/\/rxmedsplus.com\/shop\/"},{"@type":"ListItem","position":3,"name":"Buy Ambien 10mg Online Safely for Effective Sleep Relief"}]},{"@type":"WebSite","@id":"https:\/\/rxmedsplus.com\/#website","url":"https:\/\/rxmedsplus.com\/","name":"Min Underground Medicin","description":"Buy Prescription Meds and Pills Online with Fast Delivery","potentialAction":[{"@type":"SearchAction","target":{"@type":"EntryPoint","urlTemplate":"https:\/\/rxmedsplus.com\/?s={search_term_string}"},"query-input":{"@type":"PropertyValueSpecification","valueRequired":true,"valueName":"search_term_string"}}],"inLanguage":"sv-SE"}]},"og_availability":"instock","product_availability":"instock","product_retailer_item_id":"ZPFzCU4bRS","product_condition":"new"},"_links":{"self":[{"href":"https:\/\/rxmedsplus.com\/sv\/wp-json\/wp\/v2\/product\/1358","targetHints":{"allow":["GET"]}}],"collection":[{"href":"https:\/\/rxmedsplus.com\/sv\/wp-json\/wp\/v2\/product"}],"about":[{"href":"https:\/\/rxmedsplus.com\/sv\/wp-json\/wp\/v2\/types\/product"}],"replies":[{"embeddable":true,"href":"https:\/\/rxmedsplus.com\/sv\/wp-json\/wp\/v2\/comments?post=1358"}],"wp:featuredmedia":[{"embeddable":true,"href":"https:\/\/rxmedsplus.com\/sv\/wp-json\/wp\/v2\/media\/1359"}],"wp:attachment":[{"href":"https:\/\/rxmedsplus.com\/sv\/wp-json\/wp\/v2\/media?parent=1358"}],"wp:term":[{"taxonomy":"product_brand","embeddable":true,"href":"https:\/\/rxmedsplus.com\/sv\/wp-json\/wp\/v2\/product_brand?post=1358"},{"taxonomy":"product_cat","embeddable":true,"href":"https:\/\/rxmedsplus.com\/sv\/wp-json\/wp\/v2\/product_cat?post=1358"},{"taxonomy":"product_tag","embeddable":true,"href":"https:\/\/rxmedsplus.com\/sv\/wp-json\/wp\/v2\/product_tag?post=1358"}],"curies":[{"name":"wp","href":"https:\/\/api.w.org\/{rel}","templated":true}]}}