{"id":3683,"date":"2025-09-24T21:56:12","date_gmt":"2025-09-24T21:56:12","guid":{"rendered":"https:\/\/rxmedsplus.com\/?post_type=product&#038;p=3683"},"modified":"2025-09-25T11:02:37","modified_gmt":"2025-09-25T11:02:37","slug":"buy-ritalin-online-2","status":"publish","type":"product","link":"https:\/\/rxmedsplus.com\/sv\/product\/buy-ritalin-online-2\/","title":{"rendered":"K\u00f6pa Ritalin 10mg Online - | Snabb &amp; S\u00e4ker USA Frakt"},"content":{"rendered":"<h2>K\u00f6pa Ritalin 10 mg p\u00e5 N\u00e4tet f\u00f6r ADHD \u2013 Behandling- Snabb &amp; Diskret USA Frakt<\/h2>\n<p>Om du letar efter en p\u00e5litlig online apotek f\u00f6r att k\u00f6pa Ritalin 10mg p\u00e5 n\u00e4tet utan recept, leta l\u00e4ngre. Vi erbjuder \u00e4kta Ritalin 10 mg tabletter med snabb och s\u00e4ker USA frakt, garantera snabb och diskret leverans till din d\u00f6rr. Som en ansedd online medicinering s\u00e4ljaren, vi garantera h\u00f6g kvalitet f\u00f6r l\u00e4kemedel till kunder i USA, Kanada, EU och resten av v\u00e4rlden. Oavsett om du beh\u00f6ver Ritalin f\u00f6r ADHD f\u00f6rvaltning eller kognitiv f\u00f6rb\u00e4ttring, v\u00e5r enkla best\u00e4llningsprocessen och p\u00e5litlig service g\u00f6r oss till det b\u00e4sta valet f\u00f6r att k\u00f6pa Ritalin p\u00e5 n\u00e4tet.<\/p>\n<h3>Vad \u00e4r Ritalin 10mg &amp; Hur Fungerar Det?<\/h3>\n<p>Ritalin 10 mg \u00e4r ett recept stimulerande som inneh\u00e5ller metylfenidat, ett centralstimulerande medel som f\u00f6rb\u00e4ttrar fokus, uppm\u00e4rksamhet och impulskontroll. Det \u00e4r i f\u00f6rsta hand anv\u00e4nds f\u00f6r behandling av Uppm\u00e4rksamhet Underskott Hyperactivity Disorder (ADHD) och narkolepsi. Genom att p\u00e5verka signalsubstanser i hj\u00e4rnan, Ritalin hj\u00e4lper till att f\u00f6rb\u00e4ttra mental klarhet, koncentration och produktivitet, vilket g\u00f6r den till ett mycket eftertraktat l\u00e4kemedel f\u00f6r studenter, yrkesverksamma och personer med ADHD.<\/p>\n<h4>Viktiga F\u00f6rdelar med Ritalin 10mg<\/h4>\n<p>&#8211; <strong>F\u00f6rb\u00e4ttrar Fokus &amp; Koncentration<\/strong> \u2013 F\u00f6rb\u00e4ttrar kognitiva prestanda och uppm\u00e4rksamhet span.<br \/>\n&#8211; <strong>Minskar Hyperaktivitet Och Impulsivitet<\/strong> \u2013 Hj\u00e4lper till att hantera ADHD-symptom p\u00e5 ett effektivt s\u00e4tt.<br \/>\n&#8211; <strong>\u00d6kar Mental Energi<\/strong> \u2013 \u00d6kar vakenhet och minskar tr\u00f6tthet.<br \/>\n&#8211; <strong>S\u00e4ker &amp; Snabbverkande Formula<\/strong> \u2013 Ger snabba resultat inom 30-60 minuter f\u00f6rt\u00e4ring.<\/p>\n<h3>Rekommenderad Dosering &amp; Anv\u00e4ndning Riktlinjer<\/h3>\n<p>F\u00f6r nyb\u00f6rjare och de med l\u00e5g tolerans, en 10 mg dos \u00e4r perfekt. De flesta anv\u00e4ndare ta 1-2 tabletter dagligen, beroende p\u00e5 medicinsk r\u00e5dgivning eller personliga tolerans. H\u00e4r \u00e4r en allm\u00e4n anv\u00e4ndning guide:<br \/>\n&#8211; <strong>ADHD-Behandling:<\/strong> H\u00e4lften en tablett (5-10 mg) tas 2-3 g\u00e5nger per dag som beh\u00f6vs.<br \/>\n&#8211; <strong>Kognitiv F\u00f6rb\u00e4ttring:<\/strong> En tablett (10 mg) p\u00e5 morgonen eller innan du mentalt kr\u00e4vande uppgifter.<\/p>\n<p>B\u00f6rja alltid med en l\u00e4gre dos f\u00f6r att bed\u00f6ma tolerans. Undvika att \u00f6verskrida 60 mg i en enda dag f\u00f6r att f\u00f6rhindra biverkningar.<\/p>\n<h3>Varf\u00f6r K\u00f6pa Ritalin 10mg Online fr\u00e5n Oss?<\/h3>\n<p>1. <strong>Inget Recept Beh\u00f6vs<\/strong> \u2013 Hoppa kr\u00e5ngel med l\u00e4karbes\u00f6k och f\u00e5 Ritalin snabbt och diskret.<br \/>\n2. <strong>Garanterad \u00c4kta<\/strong> \u2013 Vi levererar endast \u00e4kta, lab-testat Ritalin fr\u00e5n betrodda tillverkare.<br \/>\n3. <strong>Snabb &amp; S\u00e4ker USA Frakt<\/strong> \u2013 Leverans inom 2-5 dagar i USA, med sp\u00e5rning och diskret f\u00f6rpackning.<br \/>\n4. <strong>Fraktkostnaden \u00c4r Tillg\u00e4ngliga<\/strong> \u2013 Betj\u00e4nar kunder i USA, Kanada, EU och resten av v\u00e4rlden.<\/p>\n<h3>Eventuella Biverkningar &amp; S\u00e4kerhetsf\u00f6reskrifter<\/h3>\n<p>Medan Ritalin 10 mg \u00e4r i allm\u00e4nhet s\u00e4kra n\u00e4r de anv\u00e4nds p\u00e5 r\u00e4tt s\u00e4tt, vissa kan uppleva lindriga biverkningar, inklusive:<br \/>\n\u2013 S\u00f6mnl\u00f6shet eller s\u00f6mnst\u00f6rningar<br \/>\n\u2013 Minskad aptit<br \/>\n\u2013 Huvudv\u00e4rk eller yrsel<br \/>\n\u2013 Liten nervositet<\/p>\n<p>F\u00f6r att minimera risker, undvik alkohol och koffein medan du anv\u00e4nder Ritalin. Inte kombinerar den med andra stimulantia utan medicinsk \u00f6vervakning.<\/p>\n<h3>Var till K\u00f6pa Ritalin 10 mg p\u00e5 N\u00e4tet p\u00e5 ett S\u00e4kert s\u00e4tt<\/h3>\n<p>Att hitta en p\u00e5litlig k\u00e4lla f\u00f6r att k\u00f6pa Ritalin 10 mg p\u00e5 n\u00e4tet \u00e4r avg\u00f6rande. Som en p\u00e5litlig online-apotek garanterar vi:<br \/>\n&#8211; <strong>S\u00e4kra Betals\u00e4tt<\/strong> \u2013 Flera betalningsmetoder f\u00f6r din bekv\u00e4mlighet.<br \/>\n&#8211; <strong>100% Diskret F\u00f6rpackning<\/strong> \u2013 Inga etiketter som anger inneh\u00e5llet.<br \/>\n&#8211; <strong>24\/7 Kundtj\u00e4nst<\/strong> \u2013 St\u00f6d vid varje steg av din best\u00e4llning.<\/p>\n<h3>F\u00f6r Din Ritalin 10mg Idag &amp; Njuta av Snabb Leverans<\/h3>\n<p>L\u00e5t inte ADHD eller brist p\u00e5 fokus att h\u00e5lla dig tillbaka. K\u00f6p Ritalin 10mg online fr\u00e5n en betrodd leverant\u00f6r och upplev f\u00f6rb\u00e4ttrad mental prestanda med snabb och s\u00e4ker leverans. Oavsett om du befinner dig i USA, Kanada, eller n\u00e5gon annanstans i v\u00e4rlden, vi levererar snabbt och med garanterad sekretess.<\/p>\n<p><strong>Best\u00e4ll nu och f\u00e5 din Ritalin 10mg levereras diskret till din d\u00f6rr!<\/strong><\/p>","protected":false},"excerpt":{"rendered":"<p>Behovet av en snabb och p\u00e5litlig l\u00f6sning f\u00f6r ADHD? K\u00f6p Ritalin 10mg online med snabb, s\u00e4ker USA frakt\u2014inga recept kr\u00e4vs. V\u00e5rt FDA-godk\u00e4nda Metylfenidat tabletter hj\u00e4lper till att hantera fokus och hyperaktivitet effektivt. Njuta av en problemfri k\u00f6p processen och diskret d\u00f6rr leverans. V\u00e4lj betrodda kvalitet med Utrymme f\u00f6r L\u00e4kemedels-Butik idag!<\/p>","protected":false},"featured_media":3717,"comment_status":"open","ping_status":"closed","template":"","meta":{"site-sidebar-layout":"default","site-content-layout":"","ast-site-content-layout":"default","site-content-style":"default","site-sidebar-style":"default","ast-global-header-display":"","ast-banner-title-visibility":"","ast-main-header-display":"","ast-hfb-above-header-display":"","ast-hfb-below-header-display":"","ast-hfb-mobile-header-display":"","site-post-title":"","ast-breadcrumbs-content":"","ast-featured-img":"","footer-sml-layout":"","ast-disable-related-posts":"","theme-transparent-header-meta":"default","adv-header-id-meta":"","stick-header-meta":"default","header-above-stick-meta":"","header-main-stick-meta":"","header-below-stick-meta":"","astra-migrate-meta-layouts":"set","ast-page-background-enabled":"default","ast-page-background-meta":{"desktop":{"background-color":"","background-image":"","background-repeat":"repeat","background-position":"center center","background-size":"auto","background-attachment":"scroll","background-type":"","background-media":"","overlay-type":"","overlay-color":"","overlay-opacity":"","overlay-gradient":""},"tablet":{"background-color":"","background-image":"","background-repeat":"repeat","background-position":"center center","background-size":"auto","background-attachment":"scroll","background-type":"","background-media":"","overlay-type":"","overlay-color":"","overlay-opacity":"","overlay-gradient":""},"mobile":{"background-color":"","background-image":"","background-repeat":"repeat","background-position":"center center","background-size":"auto","background-attachment":"scroll","background-type":"","background-media":"","overlay-type":"","overlay-color":"","overlay-opacity":"","overlay-gradient":""}},"ast-content-background-meta":{"desktop":{"background-color":"var(--ast-global-color-5)","background-image":"","background-repeat":"repeat","background-position":"center center","background-size":"auto","background-attachment":"scroll","background-type":"","background-media":"","overlay-type":"","overlay-color":"","overlay-opacity":"","overlay-gradient":""},"tablet":{"background-color":"var(--ast-global-color-5)","background-image":"","background-repeat":"repeat","background-position":"center center","background-size":"auto","background-attachment":"scroll","background-type":"","background-media":"","overlay-type":"","overlay-color":"","overlay-opacity":"","overlay-gradient":""},"mobile":{"background-color":"var(--ast-global-color-5)","background-image":"","background-repeat":"repeat","background-position":"center center","background-size":"auto","background-attachment":"scroll","background-type":"","background-media":"","overlay-type":"","overlay-color":"","overlay-opacity":"","overlay-gradient":""}}},"product_brand":[],"product_cat":[37],"product_tag":[241,247,632,1070,1068,1067,1069,251,1066,1071],"class_list":{"0":"post-3683","1":"product","2":"type-product","3":"status-publish","4":"has-post-thumbnail","6":"product_cat-buy-pain-relief-medication-online","7":"product_tag-adhd-medication","8":"product_tag-adhd-treatment","9":"product_tag-buy-ritalin-online","10":"product_tag-cognitive-enhancer","11":"product_tag-fast-usa-shipping","12":"product_tag-methylphenidate","13":"product_tag-no-prescription-ritalin","14":"product_tag-online-pharmacy","15":"product_tag-ritalin-10mg","16":"product_tag-secure-ritalin-purchase","17":"desktop-align-left","18":"tablet-align-left","19":"mobile-align-left","20":"ast-product-gallery-layout-horizontal-slider","21":"ast-product-gallery-with-no-image","22":"ast-magnify-disabled","23":"ast-product-single-variable","24":"ast-product-tabs-layout-horizontal","26":"first","27":"instock","28":"shipping-taxable","29":"purchasable","30":"product-type-variable"},"yoast_head":"<!-- This site is optimized with the Yoast SEO Premium plugin v26.0 (Yoast SEO v27.4) - https:\/\/yoast.com\/product\/yoast-seo-premium-wordpress\/ -->\n<title>Buy Ritalin 10mg Online | Fast &amp; Secure USA Shipping &#187; Rx Meds Plus<\/title>\n<meta name=\"description\" content=\"Buy Ritalin online for ADHD treatment with fast, secure USA shipping. Get authentic Ritalin 10mg tablets delivered discreetly \u2013 order now!\" \/>\n<meta name=\"robots\" content=\"noindex, follow, max-snippet:-1, max-image-preview:large, max-video-preview:-1\" \/>\n<meta property=\"og:locale\" content=\"sv_SE\" \/>\n<meta property=\"og:type\" content=\"article\" \/>\n<meta property=\"og:title\" content=\"Buy Ritalin 10mg Online | Fast &amp; Secure USA Shipping\" \/>\n<meta property=\"og:description\" content=\"Buy Ritalin online for ADHD treatment with fast, secure USA shipping. Get authentic Ritalin 10mg tablets delivered discreetly \u2013 order now!\" \/>\n<meta property=\"og:url\" content=\"https:\/\/rxmedsplus.com\/sv\/product\/buy-ritalin-online-2\/\" \/>\n<meta property=\"og:site_name\" content=\"Rx Meds Plus\" \/>\n<meta property=\"article:modified_time\" content=\"2025-09-25T11:02:37+00:00\" \/>\n<meta property=\"og:image\" content=\"https:\/\/mlehknw8zzux.i.optimole.com\/w:450\/h:450\/q:mauto\/f:best\/https:\/\/rxmedsplus.com\/wp-content\/uploads\/2025\/09\/ee33eq2ss.jpg\" \/>\n\t<meta property=\"og:image:width\" content=\"450\" \/>\n\t<meta property=\"og:image:height\" content=\"450\" \/>\n\t<meta property=\"og:image:type\" content=\"image\/jpeg\" \/>\n<meta name=\"twitter:card\" content=\"summary_large_image\" \/>\n<meta name=\"twitter:label1\" content=\"Tillg\u00e4nglig\" \/>\n\t<meta name=\"twitter:data1\" content=\"I lager\" \/>\n<script type=\"application\/ld+json\" class=\"yoast-schema-graph\">{\"@context\":\"https:\\\/\\\/schema.org\",\"@graph\":[{\"@type\":\"WebPage\",\"@id\":\"https:\\\/\\\/rxmedsplus.com\\\/product\\\/buy-ritalin-online-2\\\/\",\"url\":\"https:\\\/\\\/rxmedsplus.com\\\/product\\\/buy-ritalin-online-2\\\/\",\"name\":\"Buy Ritalin 10mg Online | Fast & Secure USA Shipping &#187; Rx Meds Plus\",\"isPartOf\":{\"@id\":\"https:\\\/\\\/rxmedsplus.com\\\/#website\"},\"primaryImageOfPage\":{\"@id\":\"https:\\\/\\\/rxmedsplus.com\\\/product\\\/buy-ritalin-online-2\\\/#primaryimage\"},\"image\":{\"@id\":\"https:\\\/\\\/rxmedsplus.com\\\/product\\\/buy-ritalin-online-2\\\/#primaryimage\"},\"thumbnailUrl\":\"https:\\\/\\\/rxmedsplus.com\\\/wp-content\\\/uploads\\\/2025\\\/09\\\/ee33eq2ss.jpg\",\"datePublished\":\"2025-09-24T21:56:12+00:00\",\"dateModified\":\"2025-09-25T11:02:37+00:00\",\"description\":\"Buy Ritalin online for ADHD treatment with fast, secure USA shipping. Get authentic Ritalin 10mg tablets delivered discreetly \u2013 order now!\",\"breadcrumb\":{\"@id\":\"https:\\\/\\\/rxmedsplus.com\\\/product\\\/buy-ritalin-online-2\\\/#breadcrumb\"},\"inLanguage\":\"sv-SE\",\"potentialAction\":[{\"@type\":\"ReadAction\",\"target\":[\"https:\\\/\\\/rxmedsplus.com\\\/product\\\/buy-ritalin-online-2\\\/\"]}]},{\"@type\":\"ImageObject\",\"inLanguage\":\"sv-SE\",\"@id\":\"https:\\\/\\\/rxmedsplus.com\\\/product\\\/buy-ritalin-online-2\\\/#primaryimage\",\"url\":\"https:\\\/\\\/rxmedsplus.com\\\/wp-content\\\/uploads\\\/2025\\\/09\\\/ee33eq2ss.jpg\",\"contentUrl\":\"https:\\\/\\\/rxmedsplus.com\\\/wp-content\\\/uploads\\\/2025\\\/09\\\/ee33eq2ss.jpg\",\"width\":450,\"height\":450},{\"@type\":\"BreadcrumbList\",\"@id\":\"https:\\\/\\\/rxmedsplus.com\\\/product\\\/buy-ritalin-online-2\\\/#breadcrumb\",\"itemListElement\":[{\"@type\":\"ListItem\",\"position\":1,\"name\":\"Home\",\"item\":\"https:\\\/\\\/rxmedsplus.com\\\/\"},{\"@type\":\"ListItem\",\"position\":2,\"name\":\"Shop\",\"item\":\"https:\\\/\\\/rxmedsplus.com\\\/shop\\\/\"},{\"@type\":\"ListItem\",\"position\":3,\"name\":\"Buy Ritalin 10mg Online | Fast &#038; Secure USA Shipping\"}]},{\"@type\":\"WebSite\",\"@id\":\"https:\\\/\\\/rxmedsplus.com\\\/#website\",\"url\":\"https:\\\/\\\/rxmedsplus.com\\\/\",\"name\":\"Rx Meds Plus\",\"description\":\"Buy Prescription Meds and Pills Online with Fast Delivery\",\"potentialAction\":[{\"@type\":\"SearchAction\",\"target\":{\"@type\":\"EntryPoint\",\"urlTemplate\":\"https:\\\/\\\/rxmedsplus.com\\\/?s={search_term_string}\"},\"query-input\":{\"@type\":\"PropertyValueSpecification\",\"valueRequired\":true,\"valueName\":\"search_term_string\"}}],\"inLanguage\":\"sv-SE\"}]}<\/script>\n<meta property=\"og:availability\" content=\"instock\" \/>\n<meta property=\"product:availability\" content=\"instock\" \/>\n<meta property=\"product:retailer_item_id\" content=\"kpWQLnAtfR\" \/>\n<meta property=\"product:condition\" content=\"new\" \/>\n<!-- \/ Yoast SEO Premium plugin. -->","yoast_head_json":{"title":"Buy Ritalin 10mg Online | Fast & Secure USA Shipping &#187; Rx Meds Plus","description":"K\u00f6pa Ritalin p\u00e5 n\u00e4tet f\u00f6r ADHD-behandling med snabb, s\u00e4ker USA frakt. F\u00e5 \u00e4kta Ritalin 10 mg tabletter levereras diskret \u2013 best\u00e4ll nu!","robots":{"index":"noindex","follow":"follow","max-snippet":"max-snippet:-1","max-image-preview":"max-image-preview:large","max-video-preview":"max-video-preview:-1"},"og_locale":"sv_SE","og_type":"article","og_title":"Buy Ritalin 10mg Online | Fast & Secure USA Shipping","og_description":"Buy Ritalin online for ADHD treatment with fast, secure USA shipping. Get authentic Ritalin 10mg tablets delivered discreetly \u2013 order now!","og_url":"https:\/\/rxmedsplus.com\/sv\/product\/buy-ritalin-online-2\/","og_site_name":"Rx Meds Plus","article_modified_time":"2025-09-25T11:02:37+00:00","og_image":[{"width":450,"height":450,"url":"https:\/\/mlehknw8zzux.i.optimole.com\/w:450\/h:450\/q:mauto\/f:best\/https:\/\/rxmedsplus.com\/wp-content\/uploads\/2025\/09\/ee33eq2ss.jpg","type":"image\/jpeg"}],"twitter_card":"summary_large_image","twitter_misc":{"Tillg\u00e4nglig":"I lager"},"schema":{"@context":"https:\/\/schema.org","@graph":[{"@type":"WebPage","@id":"https:\/\/rxmedsplus.com\/product\/buy-ritalin-online-2\/","url":"https:\/\/rxmedsplus.com\/product\/buy-ritalin-online-2\/","name":"Buy Ritalin 10mg Online | Fast & Secure USA Shipping &#187; Rx Meds Plus","isPartOf":{"@id":"https:\/\/rxmedsplus.com\/#website"},"primaryImageOfPage":{"@id":"https:\/\/rxmedsplus.com\/product\/buy-ritalin-online-2\/#primaryimage"},"image":{"@id":"https:\/\/rxmedsplus.com\/product\/buy-ritalin-online-2\/#primaryimage"},"thumbnailUrl":"https:\/\/rxmedsplus.com\/wp-content\/uploads\/2025\/09\/ee33eq2ss.jpg","datePublished":"2025-09-24T21:56:12+00:00","dateModified":"2025-09-25T11:02:37+00:00","description":"K\u00f6pa Ritalin p\u00e5 n\u00e4tet f\u00f6r ADHD-behandling med snabb, s\u00e4ker USA frakt. F\u00e5 \u00e4kta Ritalin 10 mg tabletter levereras diskret \u2013 best\u00e4ll nu!","breadcrumb":{"@id":"https:\/\/rxmedsplus.com\/product\/buy-ritalin-online-2\/#breadcrumb"},"inLanguage":"sv-SE","potentialAction":[{"@type":"ReadAction","target":["https:\/\/rxmedsplus.com\/product\/buy-ritalin-online-2\/"]}]},{"@type":"ImageObject","inLanguage":"sv-SE","@id":"https:\/\/rxmedsplus.com\/product\/buy-ritalin-online-2\/#primaryimage","url":"https:\/\/rxmedsplus.com\/wp-content\/uploads\/2025\/09\/ee33eq2ss.jpg","contentUrl":"https:\/\/rxmedsplus.com\/wp-content\/uploads\/2025\/09\/ee33eq2ss.jpg","width":450,"height":450},{"@type":"BreadcrumbList","@id":"https:\/\/rxmedsplus.com\/product\/buy-ritalin-online-2\/#breadcrumb","itemListElement":[{"@type":"ListItem","position":1,"name":"Home","item":"https:\/\/rxmedsplus.com\/"},{"@type":"ListItem","position":2,"name":"Shop","item":"https:\/\/rxmedsplus.com\/shop\/"},{"@type":"ListItem","position":3,"name":"Buy Ritalin 10mg Online | Fast &#038; Secure USA Shipping"}]},{"@type":"WebSite","@id":"https:\/\/rxmedsplus.com\/#website","url":"https:\/\/rxmedsplus.com\/","name":"Min Underground Medicin","description":"Buy Prescription Meds and Pills Online with Fast Delivery","potentialAction":[{"@type":"SearchAction","target":{"@type":"EntryPoint","urlTemplate":"https:\/\/rxmedsplus.com\/?s={search_term_string}"},"query-input":{"@type":"PropertyValueSpecification","valueRequired":true,"valueName":"search_term_string"}}],"inLanguage":"sv-SE"}]},"og_availability":"instock","product_availability":"instock","product_retailer_item_id":"kpWQLnAtfR","product_condition":"new"},"_links":{"self":[{"href":"https:\/\/rxmedsplus.com\/sv\/wp-json\/wp\/v2\/product\/3683","targetHints":{"allow":["GET"]}}],"collection":[{"href":"https:\/\/rxmedsplus.com\/sv\/wp-json\/wp\/v2\/product"}],"about":[{"href":"https:\/\/rxmedsplus.com\/sv\/wp-json\/wp\/v2\/types\/product"}],"replies":[{"embeddable":true,"href":"https:\/\/rxmedsplus.com\/sv\/wp-json\/wp\/v2\/comments?post=3683"}],"wp:featuredmedia":[{"embeddable":true,"href":"https:\/\/rxmedsplus.com\/sv\/wp-json\/wp\/v2\/media\/3717"}],"wp:attachment":[{"href":"https:\/\/rxmedsplus.com\/sv\/wp-json\/wp\/v2\/media?parent=3683"}],"wp:term":[{"taxonomy":"product_brand","embeddable":true,"href":"https:\/\/rxmedsplus.com\/sv\/wp-json\/wp\/v2\/product_brand?post=3683"},{"taxonomy":"product_cat","embeddable":true,"href":"https:\/\/rxmedsplus.com\/sv\/wp-json\/wp\/v2\/product_cat?post=3683"},{"taxonomy":"product_tag","embeddable":true,"href":"https:\/\/rxmedsplus.com\/sv\/wp-json\/wp\/v2\/product_tag?post=3683"}],"curies":[{"name":"wp","href":"https:\/\/api.w.org\/{rel}","templated":true}]}}