{"id":4317,"date":"2026-05-03T23:30:25","date_gmt":"2026-05-03T23:30:25","guid":{"rendered":"https:\/\/rxmedsplus.com\/"},"modified":"2026-05-11T11:29:59","modified_gmt":"2026-05-11T11:29:59","slug":"buy-ritalin-online-4","status":"publish","type":"product","link":"https:\/\/rxmedsplus.com\/sv\/product\/buy-ritalin-online-4\/","title":{"rendered":"K\u00f6p Ritalin online snabbt \u2013 s\u00e4ker och diskret ADHD-behandling"},"content":{"rendered":"<h2>K\u00f6p Ritalin online snabbt \u2013 s\u00e4ker och diskret ADHD-behandling  <\/h2>\n<p>Letar efter ett p\u00e5litligt s\u00e4tt att <strong>k\u00f6p Ritalin online snabbt<\/strong> f\u00f6r ADHD-behandling? Du har kommit r\u00e4tt. Som <strong>p\u00e5litlig online-s\u00e4ljare<\/strong>vi ger <strong>s\u00e4kert och diskret<\/strong> leverans av Ritalin till USA, Kanada, EU, Storbritannien, Australien och resten av v\u00e4rlden. V\u00e5r effektiviserade process s\u00e4kerst\u00e4ller att du f\u00e5r din <strong>ADHD-medicin<\/strong> snabbt och konfidentiellt, utan kr\u00e5ngel med recept eller l\u00e5nga v\u00e4ntetider.  <\/p>\n<h3>Vad \u00e4r Ritalin?  <\/h3>\n<p><strong>Ritalin<\/strong> \u00e4r en allm\u00e4nt f\u00f6rskriven <strong>ADHD-medicin<\/strong> inneh\u00e5llande <strong>metylfenidat<\/strong>, ett centralstimulerande medel f\u00f6r nervsystemet. Det f\u00f6rb\u00e4ttrar fokus, minskar impulsivitet och f\u00f6rb\u00e4ttrar uppm\u00e4rksamheten hos individer med <strong>uppm\u00e4rksamhetsst\u00f6rning med hyperaktivitet (ADHD)<\/strong>L\u00e4kare ordinerar det ocks\u00e5 f\u00f6r <strong>narkolepsi<\/strong>, vilket hj\u00e4lper patienter att h\u00e5lla sig vakna under dagen.  <\/p>\n<h3>Hur fungerar Ritalin?  <\/h3>\n<p>Ritalin-boost <strong>dopamin och noradrenalin<\/strong> niv\u00e5er i hj\u00e4rnan, viktiga neurotransmittorer f\u00f6r <strong>fokus, vakenhet och impulskontroll<\/strong>Detta <strong>stimulerande medicinering<\/strong> hj\u00e4lper till att balansera hj\u00e4rnkemin, vilket g\u00f6r att anv\u00e4ndarna kan koncentrera sig b\u00e4ttre, h\u00e5lla sig organiserade och hantera hyperaktivitet effektivt.  <\/p>\n<h3>F\u00f6rdelar med Ritalin f\u00f6r ADHD-behandling  <\/h3>\n<p>\u2013 <strong>F\u00f6rb\u00e4ttrar fokus<\/strong> och koncentration hos vuxna och barn<br \/>\n\u2013 <strong>Minskar impulsivt beteende<\/strong> och hyperaktivitet<br \/>\n\u2013 <strong>F\u00f6rb\u00e4ttrar akademiska och arbetsm\u00e4ssiga prestationer<\/strong><br \/>\nHj\u00e4lper till att hantera <strong>narkolepsisymtom<\/strong> (\u00f6verdriven s\u00f6mnighet under dagtid)  <\/p>\n<h3>Rekommenderad dosering och anv\u00e4ndning  <\/h3>\n<p>R\u00e4tt <strong>Ritalin dosering<\/strong> beror p\u00e5 individuella behov, \u00e5lder och hur behandlingen reagerar. Vanligtvis ordinerar l\u00e4kare:  <\/p>\n<p>\u2013 <strong>Barn (6+ \u00e5r):<\/strong> 5 mg till 20 mg per dag, uppdelat p\u00e5 flera doser<br \/>\n\u2013 <strong>Adults:<\/strong> 20 mg till 60 mg dagligen, beroende p\u00e5 sv\u00e5righetsgrad  <\/p>\n<p>B\u00f6rja alltid med en <strong>l\u00e5g dosering<\/strong> och justera under medicinsk \u00f6vervakning vid behov. Versioner med f\u00f6rl\u00e4ngd fris\u00e4ttning (Ritalin LA) ger <strong>l\u00e5ngvariga effekter<\/strong>, vilket minskar behovet av flera doser.  <\/p>\n<h3>M\u00f6jliga biverkningar  <\/h3>\n<p>Medan Ritalin \u00e4r <strong>generellt s\u00e4kert<\/strong>, vissa anv\u00e4ndare kan uppleva mild <strong>side effects<\/strong>, inklusive:  <\/p>\n<p>\u2013 <strong>Huvudv\u00e4rk<\/strong><br \/>\n\u2013 <strong>S\u00f6mnl\u00f6shet<\/strong> (sv\u00e5righeter att sova)<br \/>\n\u2013 <strong>Minskad aptit<\/strong><br \/>\n\u2013 <strong>Nervositet eller yrsel<\/strong>  <\/p>\n<p>Sv\u00e5ra reaktioner som <strong>br\u00f6stsm\u00e4rta, oregelbunden hj\u00e4rtrytm eller hum\u00f6rf\u00f6r\u00e4ndringar<\/strong> \u00e4r s\u00e4llsynta men kr\u00e4ver omedelbar l\u00e4karv\u00e5rd.  <\/p>\n<h3>Varf\u00f6r k\u00f6pa Ritalin online fr\u00e5n oss?  <\/h3>\n<p>1. <strong>Receptfritt k\u00f6p<\/strong> \u2013 Slipp besv\u00e4ret med l\u00e4karbes\u00f6k och <strong>k\u00f6p Ritalin online snabbt<\/strong> utan recept.<br \/>\n2. <strong>Snabb och diskret leverans<\/strong> \u2013 Vi s\u00e4kerst\u00e4ller konfidentiell f\u00f6rpackning och <strong>leverans \u00f6ver hela v\u00e4rlden<\/strong> till USA, Kanada, Europa, Storbritannien och Australien.<br \/>\n3. <strong>P\u00e5litlig och betrodd<\/strong> \u2013 V\u00e5rt apotek har ett gott rykte f\u00f6r <strong>ADHD-medicin av h\u00f6g kvalitet<\/strong> och snabb service.<br \/>\n4. <strong>\u00d6verkomliga Priser<\/strong> \u2013 F\u00e5 <strong>Ritalin till konkurrenskraftiga priser<\/strong> utan att kompromissa med kvaliteten.  <\/p>\n<h3>Hur man best\u00e4ller Ritalin s\u00e4kert online  <\/h3>\n<p>1. <strong>V\u00e4lj din dosering<\/strong>V\u00e4lj mellan <strong>Ritalin 10 mg, 20 mg eller alternativ med f\u00f6rl\u00e4ngd fris\u00e4ttning<\/strong>.<br \/>\n2. <strong>L\u00e4gg till i varukorgen<\/strong>G\u00e5 s\u00e4kert till kassan.<br \/>\n3. <strong>Snabb leverans<\/strong>: Ta emot din <strong>ADHD-medicin<\/strong> diskret vid din d\u00f6rr.  <\/p>\n<h3>Vanliga fr\u00e5gor om att k\u00f6pa Ritalin online  <\/h3>\n<h4>\u00c4r det lagligt att k\u00f6pa Ritalin utan recept?  <\/h4>\n<p>M\u00e5nga l\u00e4nder till\u00e5ter <strong>k\u00f6p Ritalin online<\/strong> fr\u00e5n <strong>v\u00e4lrenommerade apotek<\/strong>Vi s\u00e4kerst\u00e4ller <strong>s\u00e4kra och lagliga transaktioner<\/strong> med diskret frakt.  <\/p>\n<h4>Hur l\u00e5ng tid tar det innan Ritalin verkar?  <\/h4>\n<p>Tabletter med omedelbar fris\u00e4ttning tar <strong>30\u201360 minuter<\/strong> att tr\u00e4da i kraft, vara varaktig <strong>3\u20135 timmar<\/strong>Formuleringar med f\u00f6rl\u00e4ngd fris\u00e4ttning ger <strong>8\u201312 timmars symptomlindring<\/strong>.  <\/p>\n<h4>Kan jag anv\u00e4nda Ritalin f\u00f6r studier?  <\/h4>\n<p>Ja, m\u00e5nga studenter k\u00f6per <strong>Ritalin online f\u00f6r kognitiv f\u00f6rb\u00e4ttring<\/strong> p\u00e5 grund av dess <strong>fokusf\u00f6rst\u00e4rkande effekter<\/strong>Missbruk kan dock leda till beroende \u2013 anv\u00e4nd alltid ansvarsfullt.  <\/p>\n<h4>Vad \u00e4r skillnaden mellan Ritalin och Adderall?  <\/h4>\n<p>B\u00e5da behandlar <strong>ADHD<\/strong>, men <strong>Adderall<\/strong> inneh\u00e5ller amfetaminsalter, medan Ritalin inneh\u00e5ller <strong>metylfenidat<\/strong>Vissa anv\u00e4ndare reagerar b\u00e4ttre p\u00e5 det ena \u00e4n det andra.  <\/p>\n<h3>Slutliga tankar: K\u00f6p Ritalin online snabbt och s\u00e4kert  <\/h3>\n<p>Om du beh\u00f6ver en effektiv <strong>ADHD-behandling<\/strong>, <strong>k\u00f6pa Ritalin online<\/strong> fr\u00e5n en p\u00e5litlig leverant\u00f6r garanterar bekv\u00e4mlighet, \u00f6verkomliga priser och <strong>diskret frakt \u00f6ver hela v\u00e4rlden<\/strong>Oavsett om du \u00e4r i <strong>USA, Kanada, Europa, Storbritannien eller Australien<\/strong>, vi levererar snabbt f\u00f6r att hj\u00e4lpa dig hantera <strong>ADHD-symtom<\/strong> utan on\u00f6diga f\u00f6rseningar.  <\/p>\n<p>L\u00e4gg din best\u00e4llning nu och upplev f\u00f6rdelarna med <strong>s\u00e4ker och diskret Ritalin-leverans<\/strong> direkt till din d\u00f6rr. Din mentala klarhet och fokus \u00e4r bara n\u00e5gra klick bort!<\/p>","protected":false},"excerpt":{"rendered":"<p>K\u00e4mpar du med ADHD eller narkolepsi? F\u00e5 snabbverkande lindring med \u00e4kta Ritalin fr\u00e5n Rx Meds Plus! V\u00e5rt farmaceutiska metylfenidat hj\u00e4lper till att f\u00f6rb\u00e4ttra fokus, koncentration och vakenhet under dagtid. Njut av en smidig best\u00e4llningsprocess med diskret leverans direkt till din d\u00f6rr. Vi k\u00f6per endast in l\u00e4kemedel fr\u00e5n licensierade tillverkare, vilket garanterar h\u00f6gkvalitativ medicin f\u00f6r dina behov. Ta hand om ditt v\u00e4lbefinnande idag \u2013 best\u00e4ll Ritalin snabbt och s\u00e4kert!<\/p>","protected":false},"featured_media":4362,"comment_status":"open","ping_status":"closed","template":"","meta":{"site-sidebar-layout":"default","site-content-layout":"","ast-site-content-layout":"default","site-content-style":"default","site-sidebar-style":"default","ast-global-header-display":"","ast-banner-title-visibility":"","ast-main-header-display":"","ast-hfb-above-header-display":"","ast-hfb-below-header-display":"","ast-hfb-mobile-header-display":"","site-post-title":"","ast-breadcrumbs-content":"","ast-featured-img":"","footer-sml-layout":"","ast-disable-related-posts":"","theme-transparent-header-meta":"","adv-header-id-meta":"","stick-header-meta":"","header-above-stick-meta":"","header-main-stick-meta":"","header-below-stick-meta":"","astra-migrate-meta-layouts":"default","ast-page-background-enabled":"default","ast-page-background-meta":{"desktop":{"background-color":"","background-image":"","background-repeat":"repeat","background-position":"center center","background-size":"auto","background-attachment":"scroll","background-type":"","background-media":"","overlay-type":"","overlay-color":"","overlay-opacity":"","overlay-gradient":""},"tablet":{"background-color":"","background-image":"","background-repeat":"repeat","background-position":"center center","background-size":"auto","background-attachment":"scroll","background-type":"","background-media":"","overlay-type":"","overlay-color":"","overlay-opacity":"","overlay-gradient":""},"mobile":{"background-color":"","background-image":"","background-repeat":"repeat","background-position":"center center","background-size":"auto","background-attachment":"scroll","background-type":"","background-media":"","overlay-type":"","overlay-color":"","overlay-opacity":"","overlay-gradient":""}},"ast-content-background-meta":{"desktop":{"background-color":"var(--ast-global-color-5)","background-image":"","background-repeat":"repeat","background-position":"center center","background-size":"auto","background-attachment":"scroll","background-type":"","background-media":"","overlay-type":"","overlay-color":"","overlay-opacity":"","overlay-gradient":""},"tablet":{"background-color":"var(--ast-global-color-5)","background-image":"","background-repeat":"repeat","background-position":"center center","background-size":"auto","background-attachment":"scroll","background-type":"","background-media":"","overlay-type":"","overlay-color":"","overlay-opacity":"","overlay-gradient":""},"mobile":{"background-color":"var(--ast-global-color-5)","background-image":"","background-repeat":"repeat","background-position":"center center","background-size":"auto","background-attachment":"scroll","background-type":"","background-media":"","overlay-type":"","overlay-color":"","overlay-opacity":"","overlay-gradient":""}}},"product_brand":[],"product_cat":[1686],"product_tag":[2080,271,247,2079,632,2076,2078,2081,1067,249,637,2075,641,2077,1774],"class_list":{"0":"post-4317","1":"product","2":"type-product","3":"status-publish","4":"has-post-thumbnail","6":"product_cat-prescription-meds","7":"product_tag-adhd-focus-treatment","8":"product_tag-adhd-medication-online","9":"product_tag-adhd-treatment","10":"product_tag-best-place-to-buy-ritalin","11":"product_tag-buy-ritalin-online","12":"product_tag-buy-ritalin-safely","13":"product_tag-discreet-ritalin-delivery","14":"product_tag-legit-ritalin-online","15":"product_tag-methylphenidate","16":"product_tag-narcolepsy-medication","17":"product_tag-order-ritalin-online","18":"product_tag-ritalin-for-adhd","19":"product_tag-ritalin-for-sale","20":"product_tag-ritalin-prescription","21":"product_tag-medmenuk","22":"desktop-align-left","23":"tablet-align-left","24":"mobile-align-left","25":"ast-product-gallery-layout-horizontal-slider","26":"ast-product-gallery-with-no-image","27":"ast-magnify-disabled","28":"ast-product-single-variable","29":"ast-product-tabs-layout-horizontal","31":"first","32":"instock","33":"shipping-taxable","34":"purchasable","35":"product-type-variable"},"yoast_head":"<!-- This site is optimized with the Yoast SEO Premium plugin v26.0 (Yoast SEO v27.6) - https:\/\/yoast.com\/product\/yoast-seo-premium-wordpress\/ -->\n<title>Buy Ritalin Online Fast \u2013 Safe &amp; Discreet ADHD Treatment &#187; Rx Meds Plus<\/title>\n<meta name=\"description\" content=\"Buy Ritalin online for fast, safe ADHD treatment from Rx Meds Plus. Enjoy genuine products, discreet delivery, and competitive pricing. Order now and regain focus today!`\" \/>\n<meta name=\"robots\" content=\"noindex, follow, max-snippet:-1, max-image-preview:large, max-video-preview:-1\" \/>\n<meta property=\"og:locale\" content=\"sv_SE\" \/>\n<meta property=\"og:type\" content=\"article\" \/>\n<meta property=\"og:title\" content=\"Buy Ritalin Online Fast \u2013 Safe &amp; Discreet ADHD Treatment\" \/>\n<meta property=\"og:description\" content=\"Buy Ritalin online for fast, safe ADHD treatment from Rx Meds Plus. Enjoy genuine products, discreet delivery, and competitive pricing. Order now and regain focus today!`\" \/>\n<meta property=\"og:url\" content=\"https:\/\/rxmedsplus.com\/sv\/product\/buy-ritalin-online-4\/\" \/>\n<meta property=\"og:site_name\" content=\"Rx Meds Plus\" \/>\n<meta property=\"article:modified_time\" content=\"2026-05-11T11:29:59+00:00\" \/>\n<meta property=\"og:image\" content=\"https:\/\/rxmedsplus.com\/wp-content\/uploads\/2026\/05\/134456-19-1.jpg\" \/>\n\t<meta property=\"og:image:width\" content=\"500\" \/>\n\t<meta property=\"og:image:height\" content=\"500\" \/>\n\t<meta property=\"og:image:type\" content=\"image\/jpeg\" \/>\n<meta name=\"twitter:card\" content=\"summary_large_image\" \/>\n<meta name=\"twitter:label1\" content=\"Tillg\u00e4nglig\" \/>\n\t<meta name=\"twitter:data1\" content=\"I lager\" \/>\n<script type=\"application\/ld+json\" class=\"yoast-schema-graph\">{\"@context\":\"https:\\\/\\\/schema.org\",\"@graph\":[{\"@type\":\"WebPage\",\"@id\":\"https:\\\/\\\/rxmedsplus.com\\\/product\\\/buy-ritalin-online-4\\\/\",\"url\":\"https:\\\/\\\/rxmedsplus.com\\\/product\\\/buy-ritalin-online-4\\\/\",\"name\":\"Buy Ritalin Online Fast \u2013 Safe & Discreet ADHD Treatment &#187; Rx Meds Plus\",\"isPartOf\":{\"@id\":\"https:\\\/\\\/rxmedsplus.com\\\/#website\"},\"primaryImageOfPage\":{\"@id\":\"https:\\\/\\\/rxmedsplus.com\\\/product\\\/buy-ritalin-online-4\\\/#primaryimage\"},\"image\":{\"@id\":\"https:\\\/\\\/rxmedsplus.com\\\/product\\\/buy-ritalin-online-4\\\/#primaryimage\"},\"thumbnailUrl\":\"https:\\\/\\\/rxmedsplus.com\\\/wp-content\\\/uploads\\\/2026\\\/05\\\/134456-19-1.jpg\",\"datePublished\":\"2026-05-03T23:30:25+00:00\",\"dateModified\":\"2026-05-11T11:29:59+00:00\",\"description\":\"Buy Ritalin online for fast, safe ADHD treatment from Rx Meds Plus. Enjoy genuine products, discreet delivery, and competitive pricing. Order now and regain focus today!`\",\"breadcrumb\":{\"@id\":\"https:\\\/\\\/rxmedsplus.com\\\/product\\\/buy-ritalin-online-4\\\/#breadcrumb\"},\"inLanguage\":\"sv-SE\",\"potentialAction\":[{\"@type\":\"ReadAction\",\"target\":[\"https:\\\/\\\/rxmedsplus.com\\\/product\\\/buy-ritalin-online-4\\\/\"]}]},{\"@type\":\"ImageObject\",\"inLanguage\":\"sv-SE\",\"@id\":\"https:\\\/\\\/rxmedsplus.com\\\/product\\\/buy-ritalin-online-4\\\/#primaryimage\",\"url\":\"https:\\\/\\\/rxmedsplus.com\\\/wp-content\\\/uploads\\\/2026\\\/05\\\/134456-19-1.jpg\",\"contentUrl\":\"https:\\\/\\\/rxmedsplus.com\\\/wp-content\\\/uploads\\\/2026\\\/05\\\/134456-19-1.jpg\",\"width\":500,\"height\":500},{\"@type\":\"BreadcrumbList\",\"@id\":\"https:\\\/\\\/rxmedsplus.com\\\/product\\\/buy-ritalin-online-4\\\/#breadcrumb\",\"itemListElement\":[{\"@type\":\"ListItem\",\"position\":1,\"name\":\"Home\",\"item\":\"https:\\\/\\\/rxmedsplus.com\\\/\"},{\"@type\":\"ListItem\",\"position\":2,\"name\":\"Shop\",\"item\":\"https:\\\/\\\/rxmedsplus.com\\\/shop\\\/\"},{\"@type\":\"ListItem\",\"position\":3,\"name\":\"Buy Ritalin Online Fast \u2013 Safe &#038; Discreet ADHD Treatment\"}]},{\"@type\":\"WebSite\",\"@id\":\"https:\\\/\\\/rxmedsplus.com\\\/#website\",\"url\":\"https:\\\/\\\/rxmedsplus.com\\\/\",\"name\":\"Rx Meds Plus\",\"description\":\"Buy Prescription Meds and Pills Online with Fast Delivery\",\"potentialAction\":[{\"@type\":\"SearchAction\",\"target\":{\"@type\":\"EntryPoint\",\"urlTemplate\":\"https:\\\/\\\/rxmedsplus.com\\\/?s={search_term_string}\"},\"query-input\":{\"@type\":\"PropertyValueSpecification\",\"valueRequired\":true,\"valueName\":\"search_term_string\"}}],\"inLanguage\":\"sv-SE\"}]}<\/script>\n<meta property=\"og:availability\" content=\"instock\" \/>\n<meta property=\"product:availability\" content=\"instock\" \/>\n<meta property=\"product:retailer_item_id\" content=\"134456\" \/>\n<meta property=\"product:condition\" content=\"new\" \/>\n<!-- \/ Yoast SEO Premium plugin. -->","yoast_head_json":{"title":"K\u00f6p Ritalin online snabbt \u2013 S\u00e4ker och diskret ADHD-behandling \u2013 Receptbelagda l\u00e4kemedel plus","description":"K\u00f6p Ritalin online f\u00f6r snabb och s\u00e4ker ADHD-behandling fr\u00e5n Rx Meds Plus. Njut av genuina produkter, diskret leverans och konkurrenskraftiga priser. Best\u00e4ll nu och \u00e5terf\u00e5 fokus idag!","robots":{"index":"noindex","follow":"follow","max-snippet":"max-snippet:-1","max-image-preview":"max-image-preview:large","max-video-preview":"max-video-preview:-1"},"og_locale":"sv_SE","og_type":"article","og_title":"Buy Ritalin Online Fast \u2013 Safe & Discreet ADHD Treatment","og_description":"Buy Ritalin online for fast, safe ADHD treatment from Rx Meds Plus. Enjoy genuine products, discreet delivery, and competitive pricing. Order now and regain focus today!`","og_url":"https:\/\/rxmedsplus.com\/sv\/product\/buy-ritalin-online-4\/","og_site_name":"Rx Meds Plus","article_modified_time":"2026-05-11T11:29:59+00:00","og_image":[{"width":500,"height":500,"url":"https:\/\/rxmedsplus.com\/wp-content\/uploads\/2026\/05\/134456-19-1.jpg","type":"image\/jpeg"}],"twitter_card":"summary_large_image","twitter_misc":{"Tillg\u00e4nglig":"I lager"},"schema":{"@context":"https:\/\/schema.org","@graph":[{"@type":"WebPage","@id":"https:\/\/rxmedsplus.com\/product\/buy-ritalin-online-4\/","url":"https:\/\/rxmedsplus.com\/product\/buy-ritalin-online-4\/","name":"K\u00f6p Ritalin online snabbt \u2013 S\u00e4ker och diskret ADHD-behandling \u2013 Receptbelagda l\u00e4kemedel plus","isPartOf":{"@id":"https:\/\/rxmedsplus.com\/#website"},"primaryImageOfPage":{"@id":"https:\/\/rxmedsplus.com\/product\/buy-ritalin-online-4\/#primaryimage"},"image":{"@id":"https:\/\/rxmedsplus.com\/product\/buy-ritalin-online-4\/#primaryimage"},"thumbnailUrl":"https:\/\/rxmedsplus.com\/wp-content\/uploads\/2026\/05\/134456-19-1.jpg","datePublished":"2026-05-03T23:30:25+00:00","dateModified":"2026-05-11T11:29:59+00:00","description":"K\u00f6p Ritalin online f\u00f6r snabb och s\u00e4ker ADHD-behandling fr\u00e5n Rx Meds Plus. Njut av genuina produkter, diskret leverans och konkurrenskraftiga priser. Best\u00e4ll nu och \u00e5terf\u00e5 fokus idag!","breadcrumb":{"@id":"https:\/\/rxmedsplus.com\/product\/buy-ritalin-online-4\/#breadcrumb"},"inLanguage":"sv-SE","potentialAction":[{"@type":"ReadAction","target":["https:\/\/rxmedsplus.com\/product\/buy-ritalin-online-4\/"]}]},{"@type":"ImageObject","inLanguage":"sv-SE","@id":"https:\/\/rxmedsplus.com\/product\/buy-ritalin-online-4\/#primaryimage","url":"https:\/\/rxmedsplus.com\/wp-content\/uploads\/2026\/05\/134456-19-1.jpg","contentUrl":"https:\/\/rxmedsplus.com\/wp-content\/uploads\/2026\/05\/134456-19-1.jpg","width":500,"height":500},{"@type":"BreadcrumbList","@id":"https:\/\/rxmedsplus.com\/product\/buy-ritalin-online-4\/#breadcrumb","itemListElement":[{"@type":"ListItem","position":1,"name":"Home","item":"https:\/\/rxmedsplus.com\/"},{"@type":"ListItem","position":2,"name":"Shop","item":"https:\/\/rxmedsplus.com\/shop\/"},{"@type":"ListItem","position":3,"name":"Buy Ritalin Online Fast \u2013 Safe &#038; Discreet ADHD Treatment"}]},{"@type":"WebSite","@id":"https:\/\/rxmedsplus.com\/#website","url":"https:\/\/rxmedsplus.com\/","name":"Min Underground Medicin","description":"K\u00f6p receptbelagda l\u00e4kemedel och piller online med snabb leverans","potentialAction":[{"@type":"SearchAction","target":{"@type":"EntryPoint","urlTemplate":"https:\/\/rxmedsplus.com\/?s={search_term_string}"},"query-input":{"@type":"PropertyValueSpecification","valueRequired":true,"valueName":"search_term_string"}}],"inLanguage":"sv-SE"}]},"og_availability":"instock","product_availability":"instock","product_retailer_item_id":"134456","product_condition":"new"},"_links":{"self":[{"href":"https:\/\/rxmedsplus.com\/sv\/wp-json\/wp\/v2\/product\/4317","targetHints":{"allow":["GET"]}}],"collection":[{"href":"https:\/\/rxmedsplus.com\/sv\/wp-json\/wp\/v2\/product"}],"about":[{"href":"https:\/\/rxmedsplus.com\/sv\/wp-json\/wp\/v2\/types\/product"}],"replies":[{"embeddable":true,"href":"https:\/\/rxmedsplus.com\/sv\/wp-json\/wp\/v2\/comments?post=4317"}],"wp:featuredmedia":[{"embeddable":true,"href":"https:\/\/rxmedsplus.com\/sv\/wp-json\/wp\/v2\/media\/4362"}],"wp:attachment":[{"href":"https:\/\/rxmedsplus.com\/sv\/wp-json\/wp\/v2\/media?parent=4317"}],"wp:term":[{"taxonomy":"product_brand","embeddable":true,"href":"https:\/\/rxmedsplus.com\/sv\/wp-json\/wp\/v2\/product_brand?post=4317"},{"taxonomy":"product_cat","embeddable":true,"href":"https:\/\/rxmedsplus.com\/sv\/wp-json\/wp\/v2\/product_cat?post=4317"},{"taxonomy":"product_tag","embeddable":true,"href":"https:\/\/rxmedsplus.com\/sv\/wp-json\/wp\/v2\/product_tag?post=4317"}],"curies":[{"name":"wp","href":"https:\/\/api.w.org\/{rel}","templated":true}]}}