{"id":2124,"date":"2024-10-24T13:29:56","date_gmt":"2024-10-24T13:29:56","guid":{"rendered":"https:\/\/rxmedsplus.com\/?page_id=2124"},"modified":"2025-09-23T10:42:59","modified_gmt":"2025-09-23T10:42:59","slug":"shipping-and-delivery-policy","status":"publish","type":"page","link":"https:\/\/rxmedsplus.com\/tr\/shipping-and-delivery-policy\/","title":{"rendered":"Nakliye ve Teslimat Politikas\u0131"},"content":{"rendered":"<div data-elementor-type=\"wp-page\" data-elementor-id=\"2124\" class=\"elementor elementor-2124\">\n\t\t\t\t<div class=\"elementor-element elementor-element-9ae4be0 e-flex e-con-boxed e-con e-parent\" data-id=\"9ae4be0\" data-element_type=\"container\" data-e-type=\"container\">\n\t\t\t\t\t<div class=\"e-con-inner\">\n\t\t<div class=\"elementor-element elementor-element-1e52ba6 e-con-full e-flex e-con e-child\" data-id=\"1e52ba6\" data-element_type=\"container\" data-e-type=\"container\">\n\t\t\t\t<div class=\"elementor-element elementor-element-cbe21a9 elementor-widget elementor-widget-heading\" data-id=\"cbe21a9\" data-element_type=\"widget\" data-e-type=\"widget\" data-widget_type=\"heading.default\">\n\t\t\t\t<div class=\"elementor-widget-container\">\n\t\t\t\t\t<h1 class=\"elementor-heading-title elementor-size-default\">Nakliye ve Teslimat Politikas\u0131<\/h1>\t\t\t\t<\/div>\n\t\t\t\t<\/div>\n\t\t\t\t<\/div>\n\t\t\t\t\t<\/div>\n\t\t\t\t<\/div>\n\t\t<div class=\"elementor-element elementor-element-81bbcf9 e-flex e-con-boxed e-con e-parent\" data-id=\"81bbcf9\" data-element_type=\"container\" data-e-type=\"container\" data-settings=\"{&quot;background_background&quot;:&quot;classic&quot;}\">\n\t\t\t\t\t<div class=\"e-con-inner\">\n\t\t<div class=\"elementor-element elementor-element-feacb1e e-con-full e-flex e-con e-child\" data-id=\"feacb1e\" data-element_type=\"container\" data-e-type=\"container\">\n\t\t\t\t<div class=\"elementor-element elementor-element-9230e6e elementor-widget elementor-widget-text-editor\" data-id=\"9230e6e\" data-element_type=\"widget\" data-e-type=\"widget\" data-widget_type=\"text-editor.default\">\n\t\t\t\t<div class=\"elementor-widget-container\">\n\t\t\t\t\t\t\t\t\t<p>Yan\u0131nda <strong>Yeralt\u0131 \u0130la\u00e7lar\u0131m<\/strong>, ila\u00e7lar\u0131n\u0131z\u0131 h\u0131zl\u0131 ve ihtiyatl\u0131 bir \u015fekilde alman\u0131n \u00f6nemini anl\u0131yoruz. Bu y\u00fczden teklif ediyoruz <strong>h\u0131zl\u0131<\/strong>, <strong>g\u00fcvenilir<\/strong>, ve <strong>g\u00fcvenli nakliye<\/strong> hem yurt i\u00e7inde hem de yurt d\u0131\u015f\u0131nda m\u00fc\u015fterilerimizin ihtiya\u00e7lar\u0131n\u0131 kar\u015f\u0131layacak se\u00e7enekler. L\u00fctfen web sitemizi okuyun. <strong>Nakliye ve Teslimat Politikas\u0131<\/strong> sipari\u015flerinizi nas\u0131l i\u015fledi\u011fimizi ve teslim etti\u011fimizi anlamak i\u00e7in.<\/p><h2>1. <strong>Nakliye Se\u00e7enekleri ve Teslimat S\u00fcreleri<\/strong><\/h2><p>T\u00fcm sipari\u015flerin h\u0131zl\u0131 ve g\u00fcvenli bir \u015fekilde teslim edilmesini sa\u011flamay\u0131 taahh\u00fct ediyoruz. <strong>AMER\u0130KA Birle\u015fik Devletleri<\/strong>, <strong>Kanada<\/strong>veya d\u00fcnyan\u0131n herhangi bir yerinde.<\/p><h3>1.1 <strong>Yurti\u00e7i Nakliye (ABD ve Kanada)<\/strong><\/h3><p>M\u00fc\u015fteriler i\u00e7in <strong>Birle\u015fik Devletler<\/strong> ve <strong>Kanada<\/strong>, biz sunuyoruz <strong>ayn\u0131 g\u00fcn kargo<\/strong> kesme s\u00fcremizden \u00f6nce verilen t\u00fcm sipari\u015flerde. Teslimat s\u00fcreleri bulundu\u011funuz yere g\u00f6re de\u011fi\u015fir:<\/p><ul><li><strong>Ayn\u0131 G\u00fcn Teslimat<\/strong>: Belirli konumlar i\u00e7in kullan\u0131labilir. Kesme saatinden \u00f6nce verilen sipari\u015fler ayn\u0131 g\u00fcn teslim edilecektir.<\/li><li><strong>Standart Teslimat<\/strong>: bulundu\u011funuz yere ba\u011fl\u0131 olarak 1-2 i\u015f g\u00fcn\u00fc.<\/li><li><strong>\u00dccretsiz Kargo<\/strong>: Belirli bir de\u011ferin \u00fczerindeki sipari\u015flerde kullan\u0131labilir (\u00f6deme s\u0131ras\u0131nda belirtilen tutar).<\/li><\/ul><h3>1.2 <strong>Uluslararas\u0131 Nakliye<\/strong><\/h3><p>Gururla sunuyoruz <strong>d\u00fcnya \u00e7ap\u0131nda nakliye<\/strong> -e do\u011fru <strong>Avustralya<\/strong>, <strong>Birle\u015fik Krall\u0131k<\/strong>, <strong>Almanya<\/strong>, <strong>Fransa<\/strong>, <strong>AB \u00fclkeleri<\/strong>ve daha fazlas\u0131. Uluslararas\u0131 sipari\u015flerin teslimat s\u00fcreleri g\u00fcmr\u00fck i\u015flemlerine ve lokasyona g\u00f6re de\u011fi\u015fiklik g\u00f6sterebilir:<\/p><ul><li><strong>Standart Uluslararas\u0131 Nakliye<\/strong>: hedefe ba\u011fl\u0131 olarak 3-7 i\u015f g\u00fcn\u00fc.<\/li><li><strong>H\u0131zland\u0131r\u0131lm\u0131\u015f Uluslararas\u0131 Nakliye<\/strong>: 2-5 i\u015f g\u00fcn\u00fc (varsa).<\/li><li><strong>G\u00fcmr\u00fck \u0130\u015flemleri<\/strong>: Uluslararas\u0131 g\u00f6nderiler, teslimat s\u00fcrelerini uzatabilecek g\u00fcmr\u00fck denetimlerine tabi olabilir.<\/li><\/ul><h3>1.3 <strong>Nakliye Kesme S\u00fcreleri<\/strong><\/h3><p>Daha \u00f6nce verilen sipari\u015fler <strong>12: 00 PST (Pasifik Standart Saati)<\/strong> i\u015f g\u00fcnlerinde ayn\u0131 g\u00fcn i\u015flenecektir. Bu saatten sonra veya hafta sonlar\u0131 ve tatil g\u00fcnlerinde verilen sipari\u015fler bir sonraki i\u015f g\u00fcn\u00fcnde i\u015fleme al\u0131nacakt\u0131r.<\/p><h2>2. <strong>Nakliye Masraflar\u0131<\/strong><\/h2><p>Nakliye masraflar\u0131, se\u00e7ilen nakliye y\u00f6ntemine ve var\u0131\u015f noktas\u0131na g\u00f6re hesaplan\u0131r. Sipari\u015finizi tamamlamadan \u00f6nce \u00f6deme s\u0131ras\u0131nda nakliye \u00fccreti g\u00f6r\u00fcnt\u00fclenecektir.<\/p><ul><li><strong>Yurti\u00e7i Nakliye<\/strong> (ABD ve Kanada): Fiyatlar sabit bir fiyattan ba\u015flar ve belirli bir de\u011ferin \u00fczerindeki sipari\u015fler i\u00e7in \u00fccretsiz g\u00f6nderim mevcuttur.<\/li><li><strong>Uluslararas\u0131 Nakliye<\/strong>: Nakliye \u00fccretleri, hedef \u00fclkeye ve se\u00e7ilen nakliye y\u00f6ntemine g\u00f6re hesaplan\u0131r. H\u0131zland\u0131r\u0131lm\u0131\u015f nakliye i\u00e7in ek \u00fccretler uygulanabilir.<\/li><\/ul><h2>3. <strong>Gizli Paketleme<\/strong><\/h2><p>Gizlili\u011finiz bizim i\u00e7in \u00f6nemlidir. T\u00fcm sipari\u015fler sevk edilir <strong>gizli paketleme<\/strong> gizlili\u011finizi korumak i\u00e7in. Paketin d\u0131\u015f\u0131nda eczanemizin i\u00e7eri\u011finden veya isminden bahsedilmeyecek ve tam bir takdir yetkisi sa\u011flanacakt\u0131r.<\/p><h2>4. <strong>Sipari\u015f Takibi<\/strong><\/h2><p>Sipari\u015finiz g\u00f6nderildikten sonra, bir <strong>takip numaras\u0131<\/strong> g\u00f6nderinizi ger\u00e7ek zamanl\u0131 olarak izlemenizi sa\u011flayan e-posta yoluyla. Sipari\u015finizi do\u011frudan web sitemizden veya kurye takip hizmeti arac\u0131l\u0131\u011f\u0131yla takip edebilirsiniz.<\/p><ul><li><strong>Yurti\u00e7i Takip<\/strong>: ABD ve Kanada'daki sipari\u015fler i\u00e7in ger\u00e7ek zamanl\u0131 g\u00fcncellemeler.<\/li><li><strong>Uluslararas\u0131 Takip<\/strong>: Uluslararas\u0131 g\u00f6nderiler i\u00e7in ger\u00e7ek zamanl\u0131 g\u00fcncellemeler. \u0130zlemenin, var\u0131\u015f \u00fclkenizin ta\u015f\u0131y\u0131c\u0131s\u0131na ve g\u00fcmr\u00fck d\u00fczenlemelerine ba\u011fl\u0131 olarak de\u011fi\u015febilece\u011fini l\u00fctfen unutmay\u0131n.<\/li><\/ul><h2>5. <strong>G\u00fcmr\u00fck ve Har\u00e7lar (Uluslararas\u0131 Sipari\u015fler i\u00e7in)<\/strong><\/h2><p>Uluslararas\u0131 g\u00f6nderiler a\u015fa\u011f\u0131dakilere tabi olabilir <strong>g\u00fcmr\u00fck denetimleri<\/strong>bu da gecikmelere neden olabilir. Al\u0131c\u0131 olarak, \u00fclkenizin g\u00fcmr\u00fck ofisi taraf\u0131ndan uygulanan g\u00fcmr\u00fck vergileri, vergiler veya ek \u00fccretlerden siz sorumlusunuz. L\u00fctfen \u00fclkenizin ila\u00e7lar i\u00e7in ithalat d\u00fczenlemelerine a\u015fina oldu\u011funuzdan emin olun.<\/p><p><strong>Not:<\/strong> Rx Meds Plus, g\u00fcmr\u00fckleme i\u015flemlerinden kaynaklanan herhangi bir g\u00fcmr\u00fck sorunundan veya gecikmeden sorumlu de\u011fildir.<\/p><h2>6. <strong>Kay\u0131p veya Gecikmi\u015f Paketler<\/strong><\/h2><p>Zaman\u0131nda teslimat\u0131 sa\u011flamak i\u00e7in m\u00fcmk\u00fcn olan her \u015feyi yaparken, bazen paketler nakliye s\u0131ras\u0131nda gecikebilir veya kaybolabilir. Sipari\u015finizin kayboldu\u011funu veya gecikti\u011fini d\u00fc\u015f\u00fcn\u00fcyorsan\u0131z, l\u00fctfen bizimle ileti\u015fime ge\u00e7in. <strong>m\u00fc\u015fteri destek ekibi<\/strong> m\u00fcmk\u00fcn oldu\u011funca erken.<\/p><ul><li><strong>Kay\u0131p Paketler<\/strong>: Paketinizin kayboldu\u011fu do\u011frulan\u0131rsa, size bir teklif sunaca\u011f\u0131z. <strong>de\u011fi\u015fim<\/strong> veya <strong>tam geri \u00f6deme<\/strong> bizim bir par\u00e7as\u0131 olarak <strong>0 teslimat garantisi<\/strong>.<\/li><li><strong>Gecikmeli Paketler<\/strong>: G\u00fcmr\u00fckleme veya kurye sorunlar\u0131 gibi kontrol\u00fcm\u00fcz d\u0131\u015f\u0131ndaki nedenlerden dolay\u0131 gecikmeler meydana gelebilir. Paketi takip etmek ve size m\u00fcmk\u00fcn olan en k\u0131sa s\u00fcrede ula\u015fmas\u0131n\u0131 sa\u011flamak i\u00e7in sizinle birlikte \u00e7al\u0131\u015faca\u011f\u0131z.<\/li><\/ul><h2>7. <strong>Teslimat Sorunlar\u0131<\/strong><\/h2><p>Paketiniz hasarl\u0131 veya yanl\u0131\u015f \u00f6\u011felerle gelirse, l\u00fctfen i\u00e7inde bizimle ileti\u015fime ge\u00e7in <strong>48 saat<\/strong> sipari\u015finizi almak i\u00e7in. Sorunu ara\u015ft\u0131raca\u011f\u0131z ve gerekirse de\u011fi\u015ftirme veya para iadesi teklif edece\u011fiz.<\/p><ul><li><strong>Hasarl\u0131 Paketler<\/strong>: Paketiniz nakliye s\u0131ras\u0131nda hasar g\u00f6r\u00fcrse, l\u00fctfen hasar\u0131n foto\u011fraflar\u0131n\u0131 sa\u011flay\u0131n ve sorunu derhal \u00e7\u00f6zmek i\u00e7in sizinle birlikte \u00e7al\u0131\u015faca\u011f\u0131z.<\/li><li><strong>Yanl\u0131\u015f Sipari\u015fler<\/strong>: Yanl\u0131\u015f \u00fcr\u00fcn\u00fc al\u0131rsan\u0131z, hemen bizimle ileti\u015fime ge\u00e7in ve bir de\u011fi\u015ftirme veya para iadesi ayarlayaca\u011f\u0131z.<\/li><\/ul><h2>8. <strong>Teslim Edilemeyen Paketler<\/strong><\/h2><p>Paketiniz bir nedenden dolay\u0131 bize iade edilirse <strong>yanl\u0131\u015f adres<\/strong> ya da oldu\u011fu i\u00e7in <strong>sahipsiz<\/strong>, yeniden g\u00f6ndermeyi d\u00fczenlemek i\u00e7in sizinle ileti\u015fime ge\u00e7ece\u011fiz. Yeniden teslimat i\u00e7in yap\u0131lan ek nakliye \u00fccretleri m\u00fc\u015fterinin sorumlulu\u011fundad\u0131r.<\/p><h2>9. <strong>Bizimle Nas\u0131l \u0130leti\u015fime Ge\u00e7ilir<\/strong><\/h2><p>G\u00f6nderinizle ilgili herhangi bir sorunuz veya endi\u015feniz varsa veya sipari\u015finizi izleme konusunda yard\u0131ma ihtiyac\u0131n\u0131z varsa, l\u00fctfen bizimle ileti\u015fime ge\u00e7in <strong>m\u00fc\u015fteri destek ekibi<\/strong>:<\/p><ul><li><strong>E-posta<\/strong>: <a href=\"mailto:sales@rxmedsplus.com\">sales@rxmedsplus.com<\/a><\/li><li><strong>Canl\u0131 Sohbet<\/strong><\/li><\/ul><p>Biz al\u0131\u015fveri\u015f deneyimi sa\u011flamak i\u00e7in kararl\u0131y\u0131z ile <strong>Yeralt\u0131 \u0130la\u00e7lar\u0131m<\/strong> p\u00fcr\u00fczs\u00fcz, verimli ve tatmin edicidir. Uygun fiyatl\u0131, re\u00e7etesiz ila\u00e7lar i\u00e7in bizi g\u00fcvenilir kayna\u011f\u0131n\u0131z olarak se\u00e7ti\u011finiz i\u00e7in te\u015fekk\u00fcr ederiz.<\/p><p>Yan\u0131nda <strong>Yeralt\u0131 \u0130la\u00e7lar\u0131m<\/strong>, d\u00fcnyan\u0131n neresinde olurlarsa olsunlar t\u00fcm m\u00fc\u015fterilerimize h\u0131zl\u0131 ve gizli nakliye sa\u011flamay\u0131 hedefliyoruz. Sizin memnuniyetiniz bizim \u00f6nceli\u011fimizdir ve ila\u00e7lar\u0131n\u0131z\u0131 g\u00fcvenli ve zaman\u0131nda alman\u0131z\u0131 sa\u011flamak i\u00e7in buraday\u0131z.<\/p>\t\t\t\t\t\t\t\t<\/div>\n\t\t\t\t<\/div>\n\t\t\t\t<\/div>\n\t\t\t\t\t<\/div>\n\t\t\t\t<\/div>\n\t\t\t\t<\/div>","protected":false},"excerpt":{"rendered":"<p>Shipping &amp; Delivery Policy At Rx Meds Plus, we understand the importance of receiving your medications quickly and discreetly. That\u2019s why we offer fast, reliable, and secure shipping options to meet the needs of our customers, both domestically and internationally. Please read through our Shipping and Delivery Policy to understand how we process and deliver [&hellip;]<\/p>\n","protected":false},"author":1,"featured_media":0,"parent":0,"menu_order":0,"comment_status":"closed","ping_status":"closed","template":"","meta":{"site-sidebar-layout":"no-sidebar","site-content-layout":"page-builder","ast-site-content-layout":"full-width-container","site-content-style":"unboxed","site-sidebar-style":"unboxed","ast-global-header-display":"","ast-banner-title-visibility":"","ast-main-header-display":"","ast-hfb-above-header-display":"","ast-hfb-below-header-display":"","ast-hfb-mobile-header-display":"","site-post-title":"disabled","ast-breadcrumbs-content":"","ast-featured-img":"disabled","footer-sml-layout":"","ast-disable-related-posts":"","theme-transparent-header-meta":"default","adv-header-id-meta":"","stick-header-meta":"","header-above-stick-meta":"","header-main-stick-meta":"","header-below-stick-meta":"","astra-migrate-meta-layouts":"set","ast-page-background-enabled":"default","ast-page-background-meta":{"desktop":{"background-color":"","background-image":"","background-repeat":"repeat","background-position":"center center","background-size":"auto","background-attachment":"scroll","background-type":"","background-media":"","overlay-type":"","overlay-color":"","overlay-opacity":"","overlay-gradient":""},"tablet":{"background-color":"","background-image":"","background-repeat":"repeat","background-position":"center center","background-size":"auto","background-attachment":"scroll","background-type":"","background-media":"","overlay-type":"","overlay-color":"","overlay-opacity":"","overlay-gradient":""},"mobile":{"background-color":"","background-image":"","background-repeat":"repeat","background-position":"center center","background-size":"auto","background-attachment":"scroll","background-type":"","background-media":"","overlay-type":"","overlay-color":"","overlay-opacity":"","overlay-gradient":""}},"ast-content-background-meta":{"desktop":{"background-color":"var(--ast-global-color-5)","background-image":"","background-repeat":"repeat","background-position":"center center","background-size":"auto","background-attachment":"scroll","background-type":"","background-media":"","overlay-type":"","overlay-color":"","overlay-opacity":"","overlay-gradient":""},"tablet":{"background-color":"var(--ast-global-color-5)","background-image":"","background-repeat":"repeat","background-position":"center center","background-size":"auto","background-attachment":"scroll","background-type":"","background-media":"","overlay-type":"","overlay-color":"","overlay-opacity":"","overlay-gradient":""},"mobile":{"background-color":"var(--ast-global-color-5)","background-image":"","background-repeat":"repeat","background-position":"center center","background-size":"auto","background-attachment":"scroll","background-type":"","background-media":"","overlay-type":"","overlay-color":"","overlay-opacity":"","overlay-gradient":""}},"footnotes":""},"class_list":["post-2124","page","type-page","status-publish","hentry"],"yoast_head":"<!-- This site is optimized with the Yoast SEO Premium plugin v26.0 (Yoast SEO v27.4) - https:\/\/yoast.com\/product\/yoast-seo-premium-wordpress\/ -->\n<title>Shipping and Delivery Policy &#187; Rx Meds Plus<\/title>\n<meta name=\"robots\" content=\"noindex, follow\" \/>\n<meta property=\"og:locale\" content=\"tr_TR\" \/>\n<meta property=\"og:type\" content=\"article\" \/>\n<meta property=\"og:title\" content=\"Shipping and Delivery Policy\" \/>\n<meta property=\"og:description\" content=\"Shipping &amp; Delivery Policy At Rx Meds Plus, we understand the importance of receiving your medications quickly and discreetly. That\u2019s why we offer fast, reliable, and secure shipping options to meet the needs of our customers, both domestically and internationally. Please read through our Shipping and Delivery Policy to understand how we process and deliver [&hellip;]\" \/>\n<meta property=\"og:url\" content=\"https:\/\/rxmedsplus.com\/tr\/shipping-and-delivery-policy\/\" \/>\n<meta property=\"og:site_name\" content=\"Rx Meds Plus\" \/>\n<meta property=\"article:modified_time\" content=\"2025-09-23T10:42:59+00:00\" \/>\n<meta name=\"twitter:card\" content=\"summary_large_image\" \/>\n<meta name=\"twitter:label1\" content=\"Tahmini okuma s\u00fcresi\" \/>\n\t<meta name=\"twitter:data1\" content=\"4 dakika\" \/>\n<script type=\"application\/ld+json\" class=\"yoast-schema-graph\">{\"@context\":\"https:\\\/\\\/schema.org\",\"@graph\":[{\"@type\":\"WebPage\",\"@id\":\"https:\\\/\\\/rxmedsplus.com\\\/shipping-and-delivery-policy\\\/\",\"url\":\"https:\\\/\\\/rxmedsplus.com\\\/shipping-and-delivery-policy\\\/\",\"name\":\"Shipping and Delivery Policy &#187; Rx Meds Plus\",\"isPartOf\":{\"@id\":\"https:\\\/\\\/rxmedsplus.com\\\/#website\"},\"datePublished\":\"2024-10-24T13:29:56+00:00\",\"dateModified\":\"2025-09-23T10:42:59+00:00\",\"breadcrumb\":{\"@id\":\"https:\\\/\\\/rxmedsplus.com\\\/shipping-and-delivery-policy\\\/#breadcrumb\"},\"inLanguage\":\"tr\",\"potentialAction\":[{\"@type\":\"ReadAction\",\"target\":[\"https:\\\/\\\/rxmedsplus.com\\\/shipping-and-delivery-policy\\\/\"]}]},{\"@type\":\"BreadcrumbList\",\"@id\":\"https:\\\/\\\/rxmedsplus.com\\\/shipping-and-delivery-policy\\\/#breadcrumb\",\"itemListElement\":[{\"@type\":\"ListItem\",\"position\":1,\"name\":\"Home\",\"item\":\"https:\\\/\\\/rxmedsplus.com\\\/\"},{\"@type\":\"ListItem\",\"position\":2,\"name\":\"Shipping and Delivery Policy\"}]},{\"@type\":\"WebSite\",\"@id\":\"https:\\\/\\\/rxmedsplus.com\\\/#website\",\"url\":\"https:\\\/\\\/rxmedsplus.com\\\/\",\"name\":\"Rx Meds Plus\",\"description\":\"Buy Prescription Meds and Pills Online with Fast Delivery\",\"potentialAction\":[{\"@type\":\"SearchAction\",\"target\":{\"@type\":\"EntryPoint\",\"urlTemplate\":\"https:\\\/\\\/rxmedsplus.com\\\/?s={search_term_string}\"},\"query-input\":{\"@type\":\"PropertyValueSpecification\",\"valueRequired\":true,\"valueName\":\"search_term_string\"}}],\"inLanguage\":\"tr\"}]}<\/script>\n<!-- \/ Yoast SEO Premium plugin. -->","yoast_head_json":{"title":"Shipping and Delivery Policy &#187; Rx Meds Plus","robots":{"index":"noindex","follow":"follow"},"og_locale":"tr_TR","og_type":"article","og_title":"Shipping and Delivery Policy","og_description":"Shipping &amp; Delivery Policy At Rx Meds Plus, we understand the importance of receiving your medications quickly and discreetly. That\u2019s why we offer fast, reliable, and secure shipping options to meet the needs of our customers, both domestically and internationally. Please read through our Shipping and Delivery Policy to understand how we process and deliver [&hellip;]","og_url":"https:\/\/rxmedsplus.com\/tr\/shipping-and-delivery-policy\/","og_site_name":"Rx Meds Plus","article_modified_time":"2025-09-23T10:42:59+00:00","twitter_card":"summary_large_image","twitter_misc":{"Tahmini okuma s\u00fcresi":"4 dakika"},"schema":{"@context":"https:\/\/schema.org","@graph":[{"@type":"WebPage","@id":"https:\/\/rxmedsplus.com\/shipping-and-delivery-policy\/","url":"https:\/\/rxmedsplus.com\/shipping-and-delivery-policy\/","name":"Shipping and Delivery Policy &#187; Rx Meds Plus","isPartOf":{"@id":"https:\/\/rxmedsplus.com\/#website"},"datePublished":"2024-10-24T13:29:56+00:00","dateModified":"2025-09-23T10:42:59+00:00","breadcrumb":{"@id":"https:\/\/rxmedsplus.com\/shipping-and-delivery-policy\/#breadcrumb"},"inLanguage":"tr","potentialAction":[{"@type":"ReadAction","target":["https:\/\/rxmedsplus.com\/shipping-and-delivery-policy\/"]}]},{"@type":"BreadcrumbList","@id":"https:\/\/rxmedsplus.com\/shipping-and-delivery-policy\/#breadcrumb","itemListElement":[{"@type":"ListItem","position":1,"name":"Home","item":"https:\/\/rxmedsplus.com\/"},{"@type":"ListItem","position":2,"name":"Shipping and Delivery Policy"}]},{"@type":"WebSite","@id":"https:\/\/rxmedsplus.com\/#website","url":"https:\/\/rxmedsplus.com\/","name":"Yeralt\u0131 \u0130la\u00e7lar\u0131m","description":"Buy Prescription Meds and Pills Online with Fast Delivery","potentialAction":[{"@type":"SearchAction","target":{"@type":"EntryPoint","urlTemplate":"https:\/\/rxmedsplus.com\/?s={search_term_string}"},"query-input":{"@type":"PropertyValueSpecification","valueRequired":true,"valueName":"search_term_string"}}],"inLanguage":"tr"}]}},"_links":{"self":[{"href":"https:\/\/rxmedsplus.com\/tr\/wp-json\/wp\/v2\/pages\/2124","targetHints":{"allow":["GET"]}}],"collection":[{"href":"https:\/\/rxmedsplus.com\/tr\/wp-json\/wp\/v2\/pages"}],"about":[{"href":"https:\/\/rxmedsplus.com\/tr\/wp-json\/wp\/v2\/types\/page"}],"author":[{"embeddable":true,"href":"https:\/\/rxmedsplus.com\/tr\/wp-json\/wp\/v2\/users\/1"}],"replies":[{"embeddable":true,"href":"https:\/\/rxmedsplus.com\/tr\/wp-json\/wp\/v2\/comments?post=2124"}],"version-history":[{"count":0,"href":"https:\/\/rxmedsplus.com\/tr\/wp-json\/wp\/v2\/pages\/2124\/revisions"}],"wp:attachment":[{"href":"https:\/\/rxmedsplus.com\/tr\/wp-json\/wp\/v2\/media?parent=2124"}],"curies":[{"name":"wp","href":"https:\/\/api.w.org\/{rel}","templated":true}]}}