{"id":2139,"date":"2024-10-24T13:37:12","date_gmt":"2024-10-24T13:37:12","guid":{"rendered":"https:\/\/rxmedsplus.com\/?page_id=2139"},"modified":"2025-09-25T04:53:24","modified_gmt":"2025-09-25T04:53:24","slug":"how-to-buy-medicine-online-from-my-underground-meds","status":"publish","type":"page","link":"https:\/\/rxmedsplus.com\/tr\/how-to-buy-medicine-online-from-my-underground-meds\/","title":{"rendered":"Yeralt\u0131 \u0130la\u00e7lar\u0131mdan \u00c7evrimi\u00e7i \u0130la\u00e7 Nas\u0131l Sat\u0131n Al\u0131n\u0131r"},"content":{"rendered":"<div data-elementor-type=\"wp-page\" data-elementor-id=\"2139\" class=\"elementor elementor-2139\">\n\t\t\t\t<div class=\"elementor-element elementor-element-9ae4be0 e-flex e-con-boxed e-con e-parent\" data-id=\"9ae4be0\" data-element_type=\"container\" data-e-type=\"container\">\n\t\t\t\t\t<div class=\"e-con-inner\">\n\t\t<div class=\"elementor-element elementor-element-1e52ba6 e-con-full e-flex e-con e-child\" data-id=\"1e52ba6\" data-element_type=\"container\" data-e-type=\"container\">\n\t\t\t\t<div class=\"elementor-element elementor-element-cbe21a9 elementor-widget elementor-widget-heading\" data-id=\"cbe21a9\" data-element_type=\"widget\" data-e-type=\"widget\" data-widget_type=\"heading.default\">\n\t\t\t\t<div class=\"elementor-widget-container\">\n\t\t\t\t\t<h1 class=\"elementor-heading-title elementor-size-default\">Yeralt\u0131 \u0130la\u00e7lar\u0131mdan \u0130la\u00e7 Nas\u0131l Sat\u0131n Al\u0131n\u0131r: Ad\u0131m Ad\u0131m K\u0131lavuz<\/h1>\t\t\t\t<\/div>\n\t\t\t\t<\/div>\n\t\t\t\t<\/div>\n\t\t\t\t\t<\/div>\n\t\t\t\t<\/div>\n\t\t<div class=\"elementor-element elementor-element-81bbcf9 e-flex e-con-boxed e-con e-parent\" data-id=\"81bbcf9\" data-element_type=\"container\" data-e-type=\"container\" data-settings=\"{&quot;background_background&quot;:&quot;classic&quot;}\">\n\t\t\t\t\t<div class=\"e-con-inner\">\n\t\t<div class=\"elementor-element elementor-element-feacb1e e-con-full e-flex e-con e-child\" data-id=\"feacb1e\" data-element_type=\"container\" data-e-type=\"container\">\n\t\t\t\t<div class=\"elementor-element elementor-element-9230e6e elementor-widget elementor-widget-text-editor\" data-id=\"9230e6e\" data-element_type=\"widget\" data-e-type=\"widget\" data-widget_type=\"text-editor.default\">\n\t\t\t\t<div class=\"elementor-widget-container\">\n\t\t\t\t\t\t\t\t\t<p>Yan\u0131nda <strong>Yeralt\u0131 \u0130la\u00e7lar\u0131m<\/strong>, sat\u0131n alma s\u00fcrecini yapt\u0131k <strong>ila\u00e7lar<\/strong> m\u00fcmk\u00fcn oldu\u011funca basit ve sorunsuz \u00e7evrimi\u00e7i. Sipari\u015f vermek i\u00e7in bu kolay ad\u0131mlar\u0131 izleyin <strong>anksiyete ila\u00e7lar\u0131<\/strong>, <strong>a\u011fr\u0131 kesici<\/strong>, <strong>DEHB ila\u00e7lar\u0131<\/strong>ve daha fazlas\u0131-hepsi re\u00e7eteye ihtiya\u00e7 duymadan.<\/p>\n<h2>1. Ad\u0131m: Se\u00e7imimize G\u00f6z At\u0131n<\/h2>\n<p>Sat\u0131n al\u0131nabilecek \u00e7ok \u00e7e\u015fitli ila\u00e7lar\u0131m\u0131z\u0131 ke\u015ffederek ba\u015flay\u0131n. Arad\u0131\u011f\u0131n\u0131z olsun <strong>Xanax'\u0131n<\/strong>, <strong>Oksikodon<\/strong>, <strong>Adderall'\u0131n<\/strong>, veya <strong>Ambien'in<\/strong>, aralar\u0131ndan se\u00e7im yapabilece\u011finiz \u00e7ok \u00e7e\u015fitli ila\u00e7lar bulacaks\u0131n\u0131z. \u0130htiyac\u0131n\u0131z olan\u0131 bulmak i\u00e7in kolay gezinme ve arama i\u015flevlerimizi kullan\u0131n.<\/p>\n<ol>\n<li>\u015euraya git <strong>Yeralt\u0131 \u0130la\u00e7lar\u0131m<\/strong> ma\u011faza sayfas\u0131.<\/li>\n<li>\u00dczerine t\u0131klay\u0131n <strong>kategori<\/strong> ilgilendi\u011finiz ila\u00e7lar\u0131n (\u00f6rn., <strong>Anksiyete ila\u00e7lar\u0131<\/strong>, <strong>A\u011fr\u0131 kesici<\/strong>, <strong>DEHB ila\u00e7lar\u0131<\/strong>, vb.).<\/li>\n<li>Mevcut se\u00e7eneklere g\u00f6z at\u0131n ve ihtiya\u00e7lar\u0131n\u0131za en uygun \u00fcr\u00fcn\u00fc se\u00e7in.<\/li>\n<\/ol>\n<h2>Ad\u0131m 2: \u0130lac\u0131n\u0131z\u0131 ve Dozaj\u0131n\u0131z\u0131 Se\u00e7in<\/h2>\n<p>\u0130htiyac\u0131n\u0131z olan ilac\u0131 bulduktan sonra uygun olan\u0131 se\u00e7in <strong>dozaj<\/strong> ve <strong>miktar<\/strong> sa\u011fl\u0131k gereksinimlerinize g\u00f6re.<\/p>\n<ol>\n<li>Sat\u0131n almak istedi\u011finiz \u00fcr\u00fcne t\u0131klay\u0131n.<\/li>\n<li>\u0130htiya\u00e7lar\u0131n\u0131z\u0131 kar\u015f\u0131lad\u0131\u011f\u0131ndan emin olmak i\u00e7in \u00fcr\u00fcn a\u00e7\u0131klamas\u0131n\u0131 ve kullan\u0131m talimatlar\u0131n\u0131 inceleyin.<\/li>\n<li>\u0130stedi\u011finizi se\u00e7in <strong>dozaj<\/strong> a\u00e7\u0131l\u0131r men\u00fcden (\u00f6rne\u011fin, 2mg, 5mg, 10mg).<\/li>\n<li>Sat\u0131n almak istedi\u011finiz ilac\u0131n miktar\u0131n\u0131 se\u00e7in.<\/li>\n<\/ol>\n<h2>Ad\u0131m 3: Sepete Ekle<\/h2>\n<p>\u0130la\u00e7 ve dozu se\u00e7tikten sonra, \u00fcr\u00fcn\u00fc al\u0131\u015fveri\u015f sepetinize eklemenin zaman\u0131 geldi.<\/p>\n<ol>\n<li>T\u0131klay\u0131n <strong>\u201dSepete Ekle\"<\/strong> \u00fcr\u00fcn sayfas\u0131ndaki d\u00fc\u011fme.<\/li>\n<li>Size y\u00f6nlendirileceksiniz <strong>al\u0131\u015fveri\u015f sepeti<\/strong> ekledi\u011finiz t\u00fcm \u00f6\u011feleri g\u00f6r\u00fcnt\u00fcleyebilece\u011finiz yer.<\/li>\n<li>Al\u0131\u015fveri\u015fe devam etmek istiyorsan\u0131z, t\u0131klay\u0131n <strong>\"Al\u0131\u015fveri\u015fe Devam Et\u201d<\/strong> ve di\u011fer ila\u00e7lar i\u00e7in i\u015flemi tekrarlay\u0131n.<\/li>\n<li>Sat\u0131n alma i\u015fleminizi tamamlamaya haz\u0131r oldu\u011funuzda, t\u0131klay\u0131n <strong>\"\u00d6deme \u0130\u015flemine Devam Et\u201d<\/strong>.<\/li>\n<\/ol>\n<h2>4. Ad\u0131m: Sepetinizi \u0130nceleyin ve indirimler Uygulay\u0131n<\/h2>\n<p>Kontrol etmeden \u00f6nce sepetinizdeki t\u00fcm \u00fcr\u00fcnlerin, miktarlar\u0131n ve dozajlar\u0131n do\u011fru oldu\u011fundan emin olun.<\/p>\n<ol>\n<li>Sipari\u015f \u00f6zetinizi g\u00f6zden ge\u00e7irin ve t\u00fcm \u00f6\u011felerin do\u011fru oldu\u011fundan emin olun.<\/li>\n<li>E\u011fer varsa <strong>promosyon kodu<\/strong> veya <strong>indirim kodu<\/strong>, ek tasarruf i\u00e7in bu a\u015famada uygulay\u0131n.<\/li>\n<li>Sipari\u015finizden memnun kald\u0131\u011f\u0131n\u0131zda, t\u0131klay\u0131n <strong>\"\u00d6deme\u201d<\/strong>.<\/li>\n<\/ol>\n<h2>Ad\u0131m 5: G\u00f6nderim Bilgilerinizi Girin<\/h2>\n<p>\u00d6deme s\u0131ras\u0131nda, h\u0131zl\u0131 teslimat\u0131 sa\u011flamak i\u00e7in do\u011fru g\u00f6nderim bilgilerini sa\u011flaman\u0131z gerekir.<\/p>\n<ol>\n<li>Girin <strong>g\u00f6nderim adresi<\/strong> sipari\u015finizin teslim edilmesini istedi\u011finiz yere.\n<ul>\n<li>Tam ad\u0131n\u0131z\u0131, sokak adresinizi, \u015fehrinizi, eyaletinizi, posta kodunuzu ve \u00fclkenizi ekleyin.<\/li>\n<\/ul>\n<\/li>\n<li>\u0130\u00e7in <strong>uluslararas\u0131 sipari\u015fler<\/strong>, nakliye bilgilerinin do\u011fru oldu\u011fundan ve \u00fclkenizin ithalat d\u00fczenlemelerine uygun oldu\u011fundan emin olun.<\/li>\n<li>Teslimattaki gecikmeleri veya hatalar\u0131 \u00f6nlemek i\u00e7in g\u00f6nderim bilgilerinizi iki kez kontrol edin.<\/li>\n<\/ol>\n<h2>Ad\u0131m 6: Nakliye Y\u00f6nteminizi Se\u00e7in<\/h2>\n<p>\u0130la\u00e7lar\u0131n\u0131z\u0131 h\u0131zl\u0131 ve g\u00fcvenli bir \u015fekilde alman\u0131z\u0131 sa\u011flamak i\u00e7in h\u0131zl\u0131 ve gizli nakliye se\u00e7enekleri sunuyoruz.<\/p>\n<ol>\n<li>Tercih etti\u011finizi se\u00e7in <strong>nakliye y\u00f6ntemi<\/strong>:\n<ul>\n<li><strong>Ayn\u0131 g\u00fcn teslimat<\/strong> i\u00e7in <strong>AMER\u0130KA Birle\u015fik Devletleri<\/strong> ve <strong>Kanada<\/strong> (m\u00fcsait oldu\u011funda).<\/li>\n<li><strong>Standart nakliye<\/strong> uluslararas\u0131 sipari\u015fler i\u00e7in (yere ba\u011fl\u0131 olarak 3-7 g\u00fcn).<\/li>\n<\/ul>\n<\/li>\n<li>Nakliye masraflar\u0131 bulundu\u011funuz yere ve se\u00e7ti\u011finiz nakliye y\u00f6ntemine g\u00f6re hesaplanacakt\u0131r.<\/li>\n<\/ol>\n<h2>7. Ad\u0131m: \u00d6deme Bilgilerini Girin<\/h2>\n<p>Rx Meds Plus, g\u00fcvenli bir i\u015flem sa\u011flamak i\u00e7in birden fazla g\u00fcvenli \u00f6deme y\u00f6ntemi sunar.<\/p>\n<ol>\n<li>Tercih etti\u011finizi se\u00e7in <strong>\u00f6deme y\u00f6ntemi<\/strong>:\n<ul>\n<li><strong>PayPal'\u0131n<\/strong><\/li>\n<li><strong>Kripto para birimi<\/strong> (Daha fazla gizlilik i\u00e7in Bitcoin ve di\u011fer kabul edilen dijital para birimleri)<\/li>\n<\/ul>\n<\/li>\n<li>\u00d6deme bilgilerinizi girin ve do\u011frulu\u011fu iki kez kontrol edin.<\/li>\n<\/ol>\n<h2>Ad\u0131m 8: Sipari\u015finizi Onaylay\u0131n<\/h2>\n<p>Sat\u0131n alma i\u015fleminizi tamamlamadan \u00f6nce sipari\u015finizi son bir kez g\u00f6zden ge\u00e7irin.<\/p>\n<ol>\n<li>G\u00f6nderim adresi, \u00fcr\u00fcnler, miktarlar ve \u00f6deme ayr\u0131nt\u0131lar\u0131 dahil olmak \u00fczere t\u00fcm bilgilerin do\u011fru oldu\u011funu do\u011frulay\u0131n.<\/li>\n<li>Her \u015fey do\u011fruysa, t\u0131klay\u0131n <strong>\"Sipari\u015f Ver\u201d<\/strong> sat\u0131n alma i\u015flemini tamamlamak i\u00e7in.<\/li>\n<li>Sizinle birlikte bir onay e-postas\u0131 alacaks\u0131n\u0131z <strong>sipari\u015f detaylar\u0131<\/strong> ve bir <strong>takip numaras\u0131<\/strong> sipari\u015f i\u015flendikten ve g\u00f6nderildikten sonra.<\/li>\n<\/ol>\n<h2>Ad\u0131m 9: Sipari\u015finizi Takip Edin<\/h2>\n<p>Sipari\u015finizi verdikten sonra ilerlemesini takip edebilirsiniz.<\/p>\n<ol>\n<li>\u0130\u00e7in e-postan\u0131z\u0131 kontrol edin <strong>sipari\u015f onay\u0131<\/strong> ve <strong>izleme bilgileri<\/strong>.<\/li>\n<li>Paketinizin durumunu ger\u00e7ek zamanl\u0131 olarak takip etmek i\u00e7in verilen takip numaras\u0131n\u0131 kullan\u0131n.<\/li>\n<li>Paketiniz g\u00f6nderildikten sonra, ABD ve Kanada i\u00e7in 24-48 saat i\u00e7inde veya uluslararas\u0131 sipari\u015fler i\u00e7in 3-7 g\u00fcn i\u00e7inde teslimat bekleyebilirsiniz.<\/li>\n<\/ol>\n<h2>Ad\u0131m 10: \u0130lac\u0131n\u0131z\u0131 Al\u0131n<\/h2>\n<p>Sipari\u015finiz sevk edilecektir <strong>gizli paketleme<\/strong> gizlili\u011finizi korumak i\u00e7in. Paketin d\u0131\u015f\u0131nda i\u00e7erikle ilgili hi\u00e7bir tan\u0131mlay\u0131c\u0131 bilgi g\u00f6r\u00fcnmeyecektir.<\/p>\n<ol>\n<li>\u0130lac\u0131n\u0131z geldi\u011finde, \u00fcr\u00fcnlerin sipari\u015finize uygun olup olmad\u0131\u011f\u0131n\u0131 kontrol edin.<\/li>\n<li>G\u00fcvenli ve etkili kullan\u0131m\u0131 sa\u011flamak i\u00e7in ilac\u0131n\u0131zla birlikte verilen talimatlar\u0131 izleyin.<\/li>\n<\/ol>\n<h2>Neden Gizli \u0130la\u00e7lar\u0131m\u0131 Se\u00e7meliyim?<\/h2>\n<ul>\n<li><strong>Re\u00e7ete Gerekmez<\/strong>: Doktora gitme zahmetine girmeden ihtiyac\u0131n\u0131z olan ila\u00e7lar\u0131 al\u0131n.<\/li>\n<li><strong>Uygun Fiyatlar<\/strong>: Sat\u0131n Al <strong>ila\u00e7lar \u00e7evrimi\u00e7i ucuz<\/strong> ve sa\u011fl\u0131\u011f\u0131n\u0131zdan tasarruf edin.<\/li>\n<li><strong>Ayn\u0131 G\u00fcn Teslimat<\/strong>: H\u0131zl\u0131, g\u00fcvenilir nakliye <strong>AMER\u0130KA Birle\u015fik Devletleri<\/strong> ve <strong>Kanada<\/strong> d\u00fcnya \u00e7ap\u0131nda nakliye se\u00e7enekleri ile.<\/li>\n<li><strong>Gizli Paketleme<\/strong>: Gizlili\u011finiz bizim \u00f6nceli\u011fimizdir-sipari\u015fler gizli ve g\u00fcvenli bir \u015fekilde g\u00f6nderilir.<\/li>\n<\/ul>\n<h2>\u0130la\u00e7lar\u0131n\u0131z\u0131 Bug\u00fcn Sipari\u015f Edin!<\/h2>\n<p>Sa\u011fl\u0131\u011f\u0131n\u0131z\u0131 kontrol alt\u0131na almaya ve ihtiyac\u0131n\u0131z olan ila\u00e7lar\u0131 almaya haz\u0131r m\u0131s\u0131n\u0131z? Ziyaret etmek <strong>Yeralt\u0131 \u0130la\u00e7lar\u0131m<\/strong> bug\u00fcn ve h\u0131zl\u0131, sorunsuz sat\u0131n alma keyfini \u00e7\u0131kar\u0131n <strong>re\u00e7ete gerekmez<\/strong>. \u015eimdi al\u0131\u015fveri\u015f yap\u0131n ve rahatl\u0131\u011f\u0131n\u0131 ya\u015fay\u0131n <strong>ayn\u0131 g\u00fcn teslimat<\/strong> ve <strong>d\u00fcnya \u00e7ap\u0131nda nakliye<\/strong> t\u00fcm ila\u00e7lar\u0131nda.<\/p>\n<p><strong>Hemen Al\u0131\u015fveri\u015fe Ba\u015flay\u0131n<\/strong> - \u0130la\u00e7lar\u0131n\u0131z sadece birka\u00e7 t\u0131k \u00f6tede!<\/p>\t\t\t\t\t\t\t\t<\/div>\n\t\t\t\t<\/div>\n\t\t\t\t<\/div>\n\t\t\t\t\t<\/div>\n\t\t\t\t<\/div>\n\t\t\t\t<\/div>","protected":false},"excerpt":{"rendered":"<p>How to Buy Meds from Rx Meds Plus: A Step-by-Step Guide At Rx Meds Plus, we\u2019ve made the process of buying medications online as simple and hassle-free as possible. Follow these easy steps to order your anxiety meds, pain relief, ADHD medications, and more\u2014all without the need for a prescription. Step 1: Browse Our Selection [&hellip;]<\/p>\n","protected":false},"author":1,"featured_media":0,"parent":0,"menu_order":0,"comment_status":"closed","ping_status":"closed","template":"","meta":{"site-sidebar-layout":"no-sidebar","site-content-layout":"page-builder","ast-site-content-layout":"full-width-container","site-content-style":"unboxed","site-sidebar-style":"unboxed","ast-global-header-display":"","ast-banner-title-visibility":"","ast-main-header-display":"","ast-hfb-above-header-display":"","ast-hfb-below-header-display":"","ast-hfb-mobile-header-display":"","site-post-title":"disabled","ast-breadcrumbs-content":"","ast-featured-img":"disabled","footer-sml-layout":"","ast-disable-related-posts":"","theme-transparent-header-meta":"default","adv-header-id-meta":"","stick-header-meta":"","header-above-stick-meta":"","header-main-stick-meta":"","header-below-stick-meta":"","astra-migrate-meta-layouts":"set","ast-page-background-enabled":"default","ast-page-background-meta":{"desktop":{"background-color":"","background-image":"","background-repeat":"repeat","background-position":"center center","background-size":"auto","background-attachment":"scroll","background-type":"","background-media":"","overlay-type":"","overlay-color":"","overlay-opacity":"","overlay-gradient":""},"tablet":{"background-color":"","background-image":"","background-repeat":"repeat","background-position":"center center","background-size":"auto","background-attachment":"scroll","background-type":"","background-media":"","overlay-type":"","overlay-color":"","overlay-opacity":"","overlay-gradient":""},"mobile":{"background-color":"","background-image":"","background-repeat":"repeat","background-position":"center center","background-size":"auto","background-attachment":"scroll","background-type":"","background-media":"","overlay-type":"","overlay-color":"","overlay-opacity":"","overlay-gradient":""}},"ast-content-background-meta":{"desktop":{"background-color":"var(--ast-global-color-5)","background-image":"","background-repeat":"repeat","background-position":"center center","background-size":"auto","background-attachment":"scroll","background-type":"","background-media":"","overlay-type":"","overlay-color":"","overlay-opacity":"","overlay-gradient":""},"tablet":{"background-color":"var(--ast-global-color-5)","background-image":"","background-repeat":"repeat","background-position":"center center","background-size":"auto","background-attachment":"scroll","background-type":"","background-media":"","overlay-type":"","overlay-color":"","overlay-opacity":"","overlay-gradient":""},"mobile":{"background-color":"var(--ast-global-color-5)","background-image":"","background-repeat":"repeat","background-position":"center center","background-size":"auto","background-attachment":"scroll","background-type":"","background-media":"","overlay-type":"","overlay-color":"","overlay-opacity":"","overlay-gradient":""}},"footnotes":""},"class_list":["post-2139","page","type-page","status-publish","hentry"],"yoast_head":"<!-- This site is optimized with the Yoast SEO Premium plugin v26.0 (Yoast SEO v27.4) - https:\/\/yoast.com\/product\/yoast-seo-premium-wordpress\/ -->\n<title>How to Buy Medicine Online from Rx Meds Plus &#187; Rx Meds Plus<\/title>\n<meta name=\"description\" content=\"How to Buy Meds from Rx Meds Plus: A Step-by-Step Guide At Rx Meds Plus, we\u2019ve made the process of buying medications online as simple and hassle-free as\" \/>\n<meta name=\"robots\" content=\"noindex, follow, max-snippet:-1, max-image-preview:large, max-video-preview:-1\" \/>\n<meta property=\"og:locale\" content=\"tr_TR\" \/>\n<meta property=\"og:type\" content=\"article\" \/>\n<meta property=\"og:title\" content=\"How to Buy Medicine Online from Rx Meds Plus\" \/>\n<meta property=\"og:description\" content=\"How to Buy Meds from Rx Meds Plus: A Step-by-Step Guide At Rx Meds Plus, we\u2019ve made the process of buying medications online as simple and hassle-free as\" \/>\n<meta property=\"og:url\" content=\"https:\/\/rxmedsplus.com\/tr\/how-to-buy-medicine-online-from-my-underground-meds\/\" \/>\n<meta property=\"og:site_name\" content=\"Rx Meds Plus\" \/>\n<meta property=\"article:modified_time\" content=\"2025-09-25T04:53:24+00:00\" \/>\n<meta name=\"twitter:card\" content=\"summary_large_image\" \/>\n<meta name=\"twitter:label1\" content=\"Tahmini okuma s\u00fcresi\" \/>\n\t<meta name=\"twitter:data1\" content=\"4 dakika\" \/>\n<script type=\"application\/ld+json\" class=\"yoast-schema-graph\">{\"@context\":\"https:\\\/\\\/schema.org\",\"@graph\":[{\"@type\":\"WebPage\",\"@id\":\"https:\\\/\\\/rxmedsplus.com\\\/how-to-buy-medicine-online-from-my-underground-meds\\\/\",\"url\":\"https:\\\/\\\/rxmedsplus.com\\\/how-to-buy-medicine-online-from-my-underground-meds\\\/\",\"name\":\"How to Buy Medicine Online from Rx Meds Plus &#187; Rx Meds Plus\",\"isPartOf\":{\"@id\":\"https:\\\/\\\/rxmedsplus.com\\\/#website\"},\"datePublished\":\"2024-10-24T13:37:12+00:00\",\"dateModified\":\"2025-09-25T04:53:24+00:00\",\"description\":\"How to Buy Meds from Rx Meds Plus: A Step-by-Step Guide At Rx Meds Plus, we\u2019ve made the process of buying medications online as simple and hassle-free as\",\"breadcrumb\":{\"@id\":\"https:\\\/\\\/rxmedsplus.com\\\/how-to-buy-medicine-online-from-my-underground-meds\\\/#breadcrumb\"},\"inLanguage\":\"tr\",\"potentialAction\":[{\"@type\":\"ReadAction\",\"target\":[\"https:\\\/\\\/rxmedsplus.com\\\/how-to-buy-medicine-online-from-my-underground-meds\\\/\"]}]},{\"@type\":\"BreadcrumbList\",\"@id\":\"https:\\\/\\\/rxmedsplus.com\\\/how-to-buy-medicine-online-from-my-underground-meds\\\/#breadcrumb\",\"itemListElement\":[{\"@type\":\"ListItem\",\"position\":1,\"name\":\"Home\",\"item\":\"https:\\\/\\\/rxmedsplus.com\\\/\"},{\"@type\":\"ListItem\",\"position\":2,\"name\":\"How to Buy Medicine Online from Rx Meds Plus\"}]},{\"@type\":\"WebSite\",\"@id\":\"https:\\\/\\\/rxmedsplus.com\\\/#website\",\"url\":\"https:\\\/\\\/rxmedsplus.com\\\/\",\"name\":\"Rx Meds Plus\",\"description\":\"Buy Prescription Meds and Pills Online with Fast Delivery\",\"potentialAction\":[{\"@type\":\"SearchAction\",\"target\":{\"@type\":\"EntryPoint\",\"urlTemplate\":\"https:\\\/\\\/rxmedsplus.com\\\/?s={search_term_string}\"},\"query-input\":{\"@type\":\"PropertyValueSpecification\",\"valueRequired\":true,\"valueName\":\"search_term_string\"}}],\"inLanguage\":\"tr\"}]}<\/script>\n<!-- \/ Yoast SEO Premium plugin. -->","yoast_head_json":{"title":"How to Buy Medicine Online from Rx Meds Plus &#187; Rx Meds Plus","description":"How to Buy Meds from Rx Meds Plus: A Step-by-Step Guide At Rx Meds Plus, we\u2019ve made the process of buying medications online as simple and hassle-free as","robots":{"index":"noindex","follow":"follow","max-snippet":"max-snippet:-1","max-image-preview":"max-image-preview:large","max-video-preview":"max-video-preview:-1"},"og_locale":"tr_TR","og_type":"article","og_title":"How to Buy Medicine Online from Rx Meds Plus","og_description":"How to Buy Meds from Rx Meds Plus: A Step-by-Step Guide At Rx Meds Plus, we\u2019ve made the process of buying medications online as simple and hassle-free as","og_url":"https:\/\/rxmedsplus.com\/tr\/how-to-buy-medicine-online-from-my-underground-meds\/","og_site_name":"Rx Meds Plus","article_modified_time":"2025-09-25T04:53:24+00:00","twitter_card":"summary_large_image","twitter_misc":{"Tahmini okuma s\u00fcresi":"4 dakika"},"schema":{"@context":"https:\/\/schema.org","@graph":[{"@type":"WebPage","@id":"https:\/\/rxmedsplus.com\/how-to-buy-medicine-online-from-my-underground-meds\/","url":"https:\/\/rxmedsplus.com\/how-to-buy-medicine-online-from-my-underground-meds\/","name":"How to Buy Medicine Online from Rx Meds Plus &#187; Rx Meds Plus","isPartOf":{"@id":"https:\/\/rxmedsplus.com\/#website"},"datePublished":"2024-10-24T13:37:12+00:00","dateModified":"2025-09-25T04:53:24+00:00","description":"How to Buy Meds from Rx Meds Plus: A Step-by-Step Guide At Rx Meds Plus, we\u2019ve made the process of buying medications online as simple and hassle-free as","breadcrumb":{"@id":"https:\/\/rxmedsplus.com\/how-to-buy-medicine-online-from-my-underground-meds\/#breadcrumb"},"inLanguage":"tr","potentialAction":[{"@type":"ReadAction","target":["https:\/\/rxmedsplus.com\/how-to-buy-medicine-online-from-my-underground-meds\/"]}]},{"@type":"BreadcrumbList","@id":"https:\/\/rxmedsplus.com\/how-to-buy-medicine-online-from-my-underground-meds\/#breadcrumb","itemListElement":[{"@type":"ListItem","position":1,"name":"Home","item":"https:\/\/rxmedsplus.com\/"},{"@type":"ListItem","position":2,"name":"How to Buy Medicine Online from Rx Meds Plus"}]},{"@type":"WebSite","@id":"https:\/\/rxmedsplus.com\/#website","url":"https:\/\/rxmedsplus.com\/","name":"Yeralt\u0131 \u0130la\u00e7lar\u0131m","description":"Buy Prescription Meds and Pills Online with Fast Delivery","potentialAction":[{"@type":"SearchAction","target":{"@type":"EntryPoint","urlTemplate":"https:\/\/rxmedsplus.com\/?s={search_term_string}"},"query-input":{"@type":"PropertyValueSpecification","valueRequired":true,"valueName":"search_term_string"}}],"inLanguage":"tr"}]}},"_links":{"self":[{"href":"https:\/\/rxmedsplus.com\/tr\/wp-json\/wp\/v2\/pages\/2139","targetHints":{"allow":["GET"]}}],"collection":[{"href":"https:\/\/rxmedsplus.com\/tr\/wp-json\/wp\/v2\/pages"}],"about":[{"href":"https:\/\/rxmedsplus.com\/tr\/wp-json\/wp\/v2\/types\/page"}],"author":[{"embeddable":true,"href":"https:\/\/rxmedsplus.com\/tr\/wp-json\/wp\/v2\/users\/1"}],"replies":[{"embeddable":true,"href":"https:\/\/rxmedsplus.com\/tr\/wp-json\/wp\/v2\/comments?post=2139"}],"version-history":[{"count":0,"href":"https:\/\/rxmedsplus.com\/tr\/wp-json\/wp\/v2\/pages\/2139\/revisions"}],"wp:attachment":[{"href":"https:\/\/rxmedsplus.com\/tr\/wp-json\/wp\/v2\/media?parent=2139"}],"curies":[{"name":"wp","href":"https:\/\/api.w.org\/{rel}","templated":true}]}}