{"id":3683,"date":"2025-09-24T21:56:12","date_gmt":"2025-09-24T21:56:12","guid":{"rendered":"https:\/\/rxmedsplus.com\/?post_type=product&#038;p=3683"},"modified":"2025-09-25T11:02:37","modified_gmt":"2025-09-25T11:02:37","slug":"buy-ritalin-online-2","status":"publish","type":"product","link":"https:\/\/rxmedsplus.com\/tr\/product\/buy-ritalin-online-2\/","title":{"rendered":"Ritalin 10mg'yi \u00c7evrimi\u00e7i Sat\u0131n Al\u0131n \/ H\u0131zl\u0131 ve G\u00fcvenli ABD Nakliyesi"},"content":{"rendered":"<h2>DEHB Tedavisi i\u00e7in Ritalin 10mg Online Sat\u0131n Al\u0131n-H\u0131zl\u0131 ve Gizli ABD Nakliye<\/h2>\n<p>Re\u00e7etesiz Ritalin 10mg'yi \u00e7evrimi\u00e7i sat\u0131n almak i\u00e7in g\u00fcvenilir bir \u00e7evrimi\u00e7i eczane ar\u0131yorsan\u0131z, daha fazla kendinizi yormay\u0131n. Kap\u0131n\u0131za h\u0131zl\u0131 ve gizli teslimat sa\u011flayan, h\u0131zl\u0131 ve g\u00fcvenli ABD nakliyesine sahip otantik Ritalin 10mg tabletler sunuyoruz. Sayg\u0131n bir \u00e7evrimi\u00e7i ila\u00e7 sat\u0131c\u0131s\u0131 olarak, ABD, Kanada, AB ve d\u00fcnya \u00e7ap\u0131ndaki m\u00fc\u015fterilere y\u00fcksek kaliteli ila\u00e7lar\u0131 garanti ediyoruz. DEHB y\u00f6netimi veya bili\u015fsel geli\u015fim i\u00e7in Ritalin'e ihtiyac\u0131n\u0131z olsun, kolay sipari\u015f s\u00fcrecimiz ve g\u00fcvenilir hizmetimiz bizi Ritalin'i \u00e7evrimi\u00e7i sat\u0131n almak i\u00e7in tercih edilen se\u00e7enek haline getirir.<\/p>\n<h3>Ritalin 10mg nedir ve Nas\u0131l \u00c7al\u0131\u015f\u0131r?<\/h3>\n<p>Ritalin 10mg, odaklanma, dikkat ve d\u00fcrt\u00fc kontrol\u00fcn\u00fc art\u0131ran merkezi bir sinir sistemi uyar\u0131c\u0131s\u0131 olan metilfenidat i\u00e7eren re\u00e7eteli bir uyar\u0131c\u0131d\u0131r. \u00d6ncelikle Dikkat Eksikli\u011fi Hiperaktivite Bozuklu\u011fu (DEHB) ve narkolepsiyi tedavi etmek i\u00e7in kullan\u0131l\u0131r. Beyindeki n\u00f6rotransmiterleri etkileyerek Ritalin, zihinsel berrakl\u0131\u011f\u0131, konsantrasyonu ve \u00fcretkenli\u011fi art\u0131rmaya yard\u0131mc\u0131 olarak onu \u00f6\u011frenciler, profesyoneller ve dehb'li bireyler i\u00e7in \u00e7ok aranan bir ila\u00e7 haline getirir.<\/p>\n<h4>Ritalin 10 mg'\u0131n Temel Faydalar\u0131<\/h4>\n<p>&#8211; <strong>Odak ve Konsantrasyonu art\u0131r\u0131r<\/strong> - Bili\u015fsel performans\u0131 ve dikkat s\u00fcresini art\u0131r\u0131r.<br \/>\n&#8211; <strong>Hiperaktivite ve D\u00fcrt\u00fcselli\u011fi Azalt\u0131r<\/strong> - DEHB semptomlar\u0131n\u0131 etkili bir \u015fekilde y\u00f6netmeye yard\u0131mc\u0131 olur.<br \/>\n&#8211; <strong>Zihinsel Enerjiyi Art\u0131r\u0131r<\/strong> - Uyan\u0131kl\u0131\u011f\u0131 art\u0131r\u0131r ve yorgunlu\u011fu azalt\u0131r.<br \/>\n&#8211; <strong>G\u00fcvenli ve H\u0131zl\u0131 Etkili Form\u00fcl<\/strong> - Yuttuktan sonraki 30-60 dakika i\u00e7inde h\u0131zl\u0131 sonu\u00e7lar verir.<\/p>\n<h3>\u00d6nerilen Doz ve Kullan\u0131m Y\u00f6nergeleri<\/h3>\n<p>Yeni ba\u015flayanlar ve tolerans\u0131 d\u00fc\u015f\u00fck olanlar i\u00e7in 10 mg'l\u0131k bir dozaj idealdir. \u00c7o\u011fu kullan\u0131c\u0131, t\u0131bbi tavsiyeye veya ki\u015fisel toleransa ba\u011fl\u0131 olarak g\u00fcnde 1-2 tablet al\u0131r. \u0130\u015fte genel bir kullan\u0131m k\u0131lavuzu:<br \/>\n&#8211; <strong>DEHB Tedavisi:<\/strong> Gerekti\u011finde g\u00fcnde 2-3 kez yar\u0131m ila bir tablet (5-10 mg) al\u0131n\u0131r.<br \/>\n&#8211; <strong>Bili\u015fsel Geli\u015fim:<\/strong> Sabahlar\u0131 veya zihinsel olarak zorlu g\u00f6revlerden \u00f6nce bir tablet (10 mg).<\/p>\n<p>Tolerans\u0131 de\u011ferlendirmek i\u00e7in daima daha d\u00fc\u015f\u00fck bir dozla ba\u015flay\u0131n. Yan etkileri \u00f6nlemek i\u00e7in tek bir g\u00fcnde 60 mg'\u0131 a\u015fmaktan ka\u00e7\u0131n\u0131n.<\/p>\n<h3>Neden Ritalin 10mg'yi Bizden \u00c7evrimi\u00e7i Sat\u0131n Almal\u0131s\u0131n\u0131z?<\/h3>\n<p>1. <strong>Re\u00e7eteye Gerek Yok<\/strong> - Doktor ziyaretlerinin zorlu\u011funu atlay\u0131n ve Ritalin'i h\u0131zl\u0131 ve ihtiyatl\u0131 bir \u015fekilde al\u0131n.<br \/>\n2. <strong>Garantili \u00d6zg\u00fcnl\u00fck<\/strong> - G\u00fcvenilir \u00fcreticilerden yaln\u0131zca orijinal, laboratuarda test edilmi\u015f Ritalin tedarik ediyoruz.<br \/>\n3. <strong>H\u0131zl\u0131 ve G\u00fcvenli ABD Nakliye<\/strong> - \u0130zleme ve gizli paketleme ile ABD'de 2-5 g\u00fcn i\u00e7inde teslimat.<br \/>\n4. <strong>D\u00fcnya \u00e7ap\u0131nda Nakliye Mevcut<\/strong> - ABD, Kanada, AB ve d\u00fcnyadaki m\u00fc\u015fterilere hizmet vermek.<\/p>\n<h3>Olas\u0131 Yan Etkiler ve G\u00fcvenlik \u00d6nlemleri<\/h3>\n<p>Ritalin 10 mg do\u011fru kullan\u0131ld\u0131\u011f\u0131nda genellikle g\u00fcvenli olsa da, baz\u0131lar\u0131 a\u015fa\u011f\u0131dakiler de dahil olmak \u00fczere hafif yan etkiler ya\u015fayabilir:<br \/>\n- Uykusuzluk veya uyku bozukluklar\u0131<br \/>\n- \u0130\u015ftah azalmas\u0131<br \/>\n- Ba\u015f a\u011fr\u0131s\u0131 veya ba\u015f d\u00f6nmesi<br \/>\n- Hafif sinirlilik<\/p>\n<p>Riskleri en aza indirmek i\u00e7in Ritalin kullan\u0131rken alkol ve kafeinden ka\u00e7\u0131n\u0131n. T\u0131bbi g\u00f6zetim olmadan di\u011fer uyar\u0131c\u0131larla birle\u015ftirmeyin.<\/p>\n<h3>Ritalin 10mg'yi \u00c7evrimi\u00e7i Olarak G\u00fcvenli Bir \u015eekilde Nereden Sat\u0131n Alabilirim<\/h3>\n<p>Ritalin 10mg'yi \u00e7evrimi\u00e7i sat\u0131n almak i\u00e7in g\u00fcvenilir bir kaynak bulmak \u00e7ok \u00f6nemlidir. G\u00fcvenilir bir \u00e7evrimi\u00e7i eczane olarak \u015funlar\u0131 sa\u011fl\u0131yoruz:<br \/>\n&#8211; <strong>G\u00fcvenli \u00d6deme Se\u00e7enekleri<\/strong> - Kolayl\u0131k sa\u011flamak i\u00e7in \u00e7oklu \u00f6deme y\u00f6ntemleri.<br \/>\n&#8211; <strong>0 Gizli Paketleme<\/strong> - \u0130\u00e7eri\u011fi g\u00f6steren etiket yok.<br \/>\n&#8211; <strong>7\/24 M\u00fc\u015fteri Deste\u011fi<\/strong> - Sipari\u015finizin her ad\u0131m\u0131nda yard\u0131m.<\/p>\n<h3>Ritalin 10mg'nizi Bug\u00fcn Sipari\u015f Edin ve H\u0131zl\u0131 G\u00f6nderimin Tad\u0131n\u0131 \u00c7\u0131kar\u0131n<\/h3>\n<p>DEHB'N\u0130N veya odak eksikli\u011finin sizi geride tutmas\u0131na izin vermeyin. Ritalin 10mg'yi g\u00fcvenilir bir sat\u0131c\u0131dan \u00e7evrimi\u00e7i sat\u0131n al\u0131n ve h\u0131zl\u0131 ve g\u00fcvenli g\u00f6nderimle geli\u015fmi\u015f zihinsel performans ya\u015fay\u0131n. \u0130ster ABD'de, ister Kanada'da veya d\u00fcnyan\u0131n ba\u015fka bir yerinde olun, garantili gizlilikle derhal teslim ediyoruz.<\/p>\n<p><strong>\u015eimdi sipari\u015finizi verin ve Ritalin 10mg'nizi gizlice kap\u0131n\u0131za teslim edin!<\/strong><\/p>","protected":false},"excerpt":{"rendered":"<p>DEHB i\u00e7in h\u0131zl\u0131 ve g\u00fcvenilir bir \u00e7\u00f6z\u00fcme mi ihtiyac\u0131n\u0131z var? Ritalin 10mg'yi h\u0131zl\u0131, g\u00fcvenli ABD nakliyesi ile \u00e7evrimi\u00e7i sat\u0131n al\u0131n-re\u00e7ete gerekmez. FDA onayl\u0131 Metilfenidat tabletlerimiz, odaklanma ve hiperaktiviteyi etkili bir \u015fekilde y\u00f6netmeye yard\u0131mc\u0131 olur. Sorunsuz bir sat\u0131n alma s\u00fcrecinin ve gizli kap\u0131n\u0131za teslimat\u0131n keyfini \u00e7\u0131kar\u0131n. Bug\u00fcn Scope Pharmaceutical Shop ile g\u00fcvenilir kaliteyi se\u00e7in!<\/p>","protected":false},"featured_media":3717,"comment_status":"open","ping_status":"closed","template":"","meta":{"site-sidebar-layout":"default","site-content-layout":"","ast-site-content-layout":"default","site-content-style":"default","site-sidebar-style":"default","ast-global-header-display":"","ast-banner-title-visibility":"","ast-main-header-display":"","ast-hfb-above-header-display":"","ast-hfb-below-header-display":"","ast-hfb-mobile-header-display":"","site-post-title":"","ast-breadcrumbs-content":"","ast-featured-img":"","footer-sml-layout":"","ast-disable-related-posts":"","theme-transparent-header-meta":"default","adv-header-id-meta":"","stick-header-meta":"default","header-above-stick-meta":"","header-main-stick-meta":"","header-below-stick-meta":"","astra-migrate-meta-layouts":"set","ast-page-background-enabled":"default","ast-page-background-meta":{"desktop":{"background-color":"","background-image":"","background-repeat":"repeat","background-position":"center center","background-size":"auto","background-attachment":"scroll","background-type":"","background-media":"","overlay-type":"","overlay-color":"","overlay-opacity":"","overlay-gradient":""},"tablet":{"background-color":"","background-image":"","background-repeat":"repeat","background-position":"center center","background-size":"auto","background-attachment":"scroll","background-type":"","background-media":"","overlay-type":"","overlay-color":"","overlay-opacity":"","overlay-gradient":""},"mobile":{"background-color":"","background-image":"","background-repeat":"repeat","background-position":"center center","background-size":"auto","background-attachment":"scroll","background-type":"","background-media":"","overlay-type":"","overlay-color":"","overlay-opacity":"","overlay-gradient":""}},"ast-content-background-meta":{"desktop":{"background-color":"var(--ast-global-color-5)","background-image":"","background-repeat":"repeat","background-position":"center center","background-size":"auto","background-attachment":"scroll","background-type":"","background-media":"","overlay-type":"","overlay-color":"","overlay-opacity":"","overlay-gradient":""},"tablet":{"background-color":"var(--ast-global-color-5)","background-image":"","background-repeat":"repeat","background-position":"center center","background-size":"auto","background-attachment":"scroll","background-type":"","background-media":"","overlay-type":"","overlay-color":"","overlay-opacity":"","overlay-gradient":""},"mobile":{"background-color":"var(--ast-global-color-5)","background-image":"","background-repeat":"repeat","background-position":"center center","background-size":"auto","background-attachment":"scroll","background-type":"","background-media":"","overlay-type":"","overlay-color":"","overlay-opacity":"","overlay-gradient":""}}},"product_brand":[],"product_cat":[37],"product_tag":[241,247,632,1070,1068,1067,1069,251,1066,1071],"class_list":{"0":"post-3683","1":"product","2":"type-product","3":"status-publish","4":"has-post-thumbnail","6":"product_cat-buy-pain-relief-medication-online","7":"product_tag-adhd-medication","8":"product_tag-adhd-treatment","9":"product_tag-buy-ritalin-online","10":"product_tag-cognitive-enhancer","11":"product_tag-fast-usa-shipping","12":"product_tag-methylphenidate","13":"product_tag-no-prescription-ritalin","14":"product_tag-online-pharmacy","15":"product_tag-ritalin-10mg","16":"product_tag-secure-ritalin-purchase","17":"desktop-align-left","18":"tablet-align-left","19":"mobile-align-left","20":"ast-product-gallery-layout-horizontal-slider","21":"ast-product-gallery-with-no-image","22":"ast-magnify-disabled","23":"ast-product-single-variable","24":"ast-product-tabs-layout-horizontal","26":"first","27":"instock","28":"shipping-taxable","29":"purchasable","30":"product-type-variable"},"yoast_head":"<!-- This site is optimized with the Yoast SEO Premium plugin v26.0 (Yoast SEO v27.4) - https:\/\/yoast.com\/product\/yoast-seo-premium-wordpress\/ -->\n<title>Buy Ritalin 10mg Online | Fast &amp; Secure USA Shipping &#187; Rx Meds Plus<\/title>\n<meta name=\"description\" content=\"Buy Ritalin online for ADHD treatment with fast, secure USA shipping. Get authentic Ritalin 10mg tablets delivered discreetly \u2013 order now!\" \/>\n<meta name=\"robots\" content=\"noindex, follow, max-snippet:-1, max-image-preview:large, max-video-preview:-1\" \/>\n<meta property=\"og:locale\" content=\"tr_TR\" \/>\n<meta property=\"og:type\" content=\"article\" \/>\n<meta property=\"og:title\" content=\"Buy Ritalin 10mg Online | Fast &amp; Secure USA Shipping\" \/>\n<meta property=\"og:description\" content=\"Buy Ritalin online for ADHD treatment with fast, secure USA shipping. Get authentic Ritalin 10mg tablets delivered discreetly \u2013 order now!\" \/>\n<meta property=\"og:url\" content=\"https:\/\/rxmedsplus.com\/tr\/product\/buy-ritalin-online-2\/\" \/>\n<meta property=\"og:site_name\" content=\"Rx Meds Plus\" \/>\n<meta property=\"article:modified_time\" content=\"2025-09-25T11:02:37+00:00\" \/>\n<meta property=\"og:image\" content=\"https:\/\/mlehknw8zzux.i.optimole.com\/w:450\/h:450\/q:mauto\/f:best\/https:\/\/rxmedsplus.com\/wp-content\/uploads\/2025\/09\/ee33eq2ss.jpg\" \/>\n\t<meta property=\"og:image:width\" content=\"450\" \/>\n\t<meta property=\"og:image:height\" content=\"450\" \/>\n\t<meta property=\"og:image:type\" content=\"image\/jpeg\" \/>\n<meta name=\"twitter:card\" content=\"summary_large_image\" \/>\n<meta name=\"twitter:label1\" content=\"Durumu\" \/>\n\t<meta name=\"twitter:data1\" content=\"Stokta var\" \/>\n<script type=\"application\/ld+json\" class=\"yoast-schema-graph\">{\"@context\":\"https:\\\/\\\/schema.org\",\"@graph\":[{\"@type\":\"WebPage\",\"@id\":\"https:\\\/\\\/rxmedsplus.com\\\/product\\\/buy-ritalin-online-2\\\/\",\"url\":\"https:\\\/\\\/rxmedsplus.com\\\/product\\\/buy-ritalin-online-2\\\/\",\"name\":\"Buy Ritalin 10mg Online | Fast & Secure USA Shipping &#187; Rx Meds Plus\",\"isPartOf\":{\"@id\":\"https:\\\/\\\/rxmedsplus.com\\\/#website\"},\"primaryImageOfPage\":{\"@id\":\"https:\\\/\\\/rxmedsplus.com\\\/product\\\/buy-ritalin-online-2\\\/#primaryimage\"},\"image\":{\"@id\":\"https:\\\/\\\/rxmedsplus.com\\\/product\\\/buy-ritalin-online-2\\\/#primaryimage\"},\"thumbnailUrl\":\"https:\\\/\\\/rxmedsplus.com\\\/wp-content\\\/uploads\\\/2025\\\/09\\\/ee33eq2ss.jpg\",\"datePublished\":\"2025-09-24T21:56:12+00:00\",\"dateModified\":\"2025-09-25T11:02:37+00:00\",\"description\":\"Buy Ritalin online for ADHD treatment with fast, secure USA shipping. Get authentic Ritalin 10mg tablets delivered discreetly \u2013 order now!\",\"breadcrumb\":{\"@id\":\"https:\\\/\\\/rxmedsplus.com\\\/product\\\/buy-ritalin-online-2\\\/#breadcrumb\"},\"inLanguage\":\"tr\",\"potentialAction\":[{\"@type\":\"ReadAction\",\"target\":[\"https:\\\/\\\/rxmedsplus.com\\\/product\\\/buy-ritalin-online-2\\\/\"]}]},{\"@type\":\"ImageObject\",\"inLanguage\":\"tr\",\"@id\":\"https:\\\/\\\/rxmedsplus.com\\\/product\\\/buy-ritalin-online-2\\\/#primaryimage\",\"url\":\"https:\\\/\\\/rxmedsplus.com\\\/wp-content\\\/uploads\\\/2025\\\/09\\\/ee33eq2ss.jpg\",\"contentUrl\":\"https:\\\/\\\/rxmedsplus.com\\\/wp-content\\\/uploads\\\/2025\\\/09\\\/ee33eq2ss.jpg\",\"width\":450,\"height\":450},{\"@type\":\"BreadcrumbList\",\"@id\":\"https:\\\/\\\/rxmedsplus.com\\\/product\\\/buy-ritalin-online-2\\\/#breadcrumb\",\"itemListElement\":[{\"@type\":\"ListItem\",\"position\":1,\"name\":\"Home\",\"item\":\"https:\\\/\\\/rxmedsplus.com\\\/\"},{\"@type\":\"ListItem\",\"position\":2,\"name\":\"Shop\",\"item\":\"https:\\\/\\\/rxmedsplus.com\\\/shop\\\/\"},{\"@type\":\"ListItem\",\"position\":3,\"name\":\"Buy Ritalin 10mg Online | Fast &#038; Secure USA Shipping\"}]},{\"@type\":\"WebSite\",\"@id\":\"https:\\\/\\\/rxmedsplus.com\\\/#website\",\"url\":\"https:\\\/\\\/rxmedsplus.com\\\/\",\"name\":\"Rx Meds Plus\",\"description\":\"Buy Prescription Meds and Pills Online with Fast Delivery\",\"potentialAction\":[{\"@type\":\"SearchAction\",\"target\":{\"@type\":\"EntryPoint\",\"urlTemplate\":\"https:\\\/\\\/rxmedsplus.com\\\/?s={search_term_string}\"},\"query-input\":{\"@type\":\"PropertyValueSpecification\",\"valueRequired\":true,\"valueName\":\"search_term_string\"}}],\"inLanguage\":\"tr\"}]}<\/script>\n<meta property=\"og:availability\" content=\"instock\" \/>\n<meta property=\"product:availability\" content=\"instock\" \/>\n<meta property=\"product:retailer_item_id\" content=\"kpWQLnAtfR\" \/>\n<meta property=\"product:condition\" content=\"new\" \/>\n<!-- \/ Yoast SEO Premium plugin. -->","yoast_head_json":{"title":"Buy Ritalin 10mg Online | Fast & Secure USA Shipping &#187; Rx Meds Plus","description":"H\u0131zl\u0131, g\u00fcvenli ABD nakliyesi ile DEHB tedavisi i\u00e7in Ritalin'i \u00e7evrimi\u00e7i sat\u0131n al\u0131n. Gizlice teslim edilen otantik Ritalin 10mg tabletleri al\u0131n-\u015fimdi sipari\u015f verin!","robots":{"index":"noindex","follow":"follow","max-snippet":"max-snippet:-1","max-image-preview":"max-image-preview:large","max-video-preview":"max-video-preview:-1"},"og_locale":"tr_TR","og_type":"article","og_title":"Buy Ritalin 10mg Online | Fast & Secure USA Shipping","og_description":"Buy Ritalin online for ADHD treatment with fast, secure USA shipping. Get authentic Ritalin 10mg tablets delivered discreetly \u2013 order now!","og_url":"https:\/\/rxmedsplus.com\/tr\/product\/buy-ritalin-online-2\/","og_site_name":"Rx Meds Plus","article_modified_time":"2025-09-25T11:02:37+00:00","og_image":[{"width":450,"height":450,"url":"https:\/\/mlehknw8zzux.i.optimole.com\/w:450\/h:450\/q:mauto\/f:best\/https:\/\/rxmedsplus.com\/wp-content\/uploads\/2025\/09\/ee33eq2ss.jpg","type":"image\/jpeg"}],"twitter_card":"summary_large_image","twitter_misc":{"Durumu":"Stokta var"},"schema":{"@context":"https:\/\/schema.org","@graph":[{"@type":"WebPage","@id":"https:\/\/rxmedsplus.com\/product\/buy-ritalin-online-2\/","url":"https:\/\/rxmedsplus.com\/product\/buy-ritalin-online-2\/","name":"Buy Ritalin 10mg Online | Fast & Secure USA Shipping &#187; Rx Meds Plus","isPartOf":{"@id":"https:\/\/rxmedsplus.com\/#website"},"primaryImageOfPage":{"@id":"https:\/\/rxmedsplus.com\/product\/buy-ritalin-online-2\/#primaryimage"},"image":{"@id":"https:\/\/rxmedsplus.com\/product\/buy-ritalin-online-2\/#primaryimage"},"thumbnailUrl":"https:\/\/rxmedsplus.com\/wp-content\/uploads\/2025\/09\/ee33eq2ss.jpg","datePublished":"2025-09-24T21:56:12+00:00","dateModified":"2025-09-25T11:02:37+00:00","description":"H\u0131zl\u0131, g\u00fcvenli ABD nakliyesi ile DEHB tedavisi i\u00e7in Ritalin'i \u00e7evrimi\u00e7i sat\u0131n al\u0131n. Gizlice teslim edilen otantik Ritalin 10mg tabletleri al\u0131n-\u015fimdi sipari\u015f verin!","breadcrumb":{"@id":"https:\/\/rxmedsplus.com\/product\/buy-ritalin-online-2\/#breadcrumb"},"inLanguage":"tr","potentialAction":[{"@type":"ReadAction","target":["https:\/\/rxmedsplus.com\/product\/buy-ritalin-online-2\/"]}]},{"@type":"ImageObject","inLanguage":"tr","@id":"https:\/\/rxmedsplus.com\/product\/buy-ritalin-online-2\/#primaryimage","url":"https:\/\/rxmedsplus.com\/wp-content\/uploads\/2025\/09\/ee33eq2ss.jpg","contentUrl":"https:\/\/rxmedsplus.com\/wp-content\/uploads\/2025\/09\/ee33eq2ss.jpg","width":450,"height":450},{"@type":"BreadcrumbList","@id":"https:\/\/rxmedsplus.com\/product\/buy-ritalin-online-2\/#breadcrumb","itemListElement":[{"@type":"ListItem","position":1,"name":"Home","item":"https:\/\/rxmedsplus.com\/"},{"@type":"ListItem","position":2,"name":"Shop","item":"https:\/\/rxmedsplus.com\/shop\/"},{"@type":"ListItem","position":3,"name":"Buy Ritalin 10mg Online | Fast &#038; Secure USA Shipping"}]},{"@type":"WebSite","@id":"https:\/\/rxmedsplus.com\/#website","url":"https:\/\/rxmedsplus.com\/","name":"Yeralt\u0131 \u0130la\u00e7lar\u0131m","description":"Buy Prescription Meds and Pills Online with Fast Delivery","potentialAction":[{"@type":"SearchAction","target":{"@type":"EntryPoint","urlTemplate":"https:\/\/rxmedsplus.com\/?s={search_term_string}"},"query-input":{"@type":"PropertyValueSpecification","valueRequired":true,"valueName":"search_term_string"}}],"inLanguage":"tr"}]},"og_availability":"instock","product_availability":"instock","product_retailer_item_id":"kpWQLnAtfR","product_condition":"new"},"_links":{"self":[{"href":"https:\/\/rxmedsplus.com\/tr\/wp-json\/wp\/v2\/product\/3683","targetHints":{"allow":["GET"]}}],"collection":[{"href":"https:\/\/rxmedsplus.com\/tr\/wp-json\/wp\/v2\/product"}],"about":[{"href":"https:\/\/rxmedsplus.com\/tr\/wp-json\/wp\/v2\/types\/product"}],"replies":[{"embeddable":true,"href":"https:\/\/rxmedsplus.com\/tr\/wp-json\/wp\/v2\/comments?post=3683"}],"wp:featuredmedia":[{"embeddable":true,"href":"https:\/\/rxmedsplus.com\/tr\/wp-json\/wp\/v2\/media\/3717"}],"wp:attachment":[{"href":"https:\/\/rxmedsplus.com\/tr\/wp-json\/wp\/v2\/media?parent=3683"}],"wp:term":[{"taxonomy":"product_brand","embeddable":true,"href":"https:\/\/rxmedsplus.com\/tr\/wp-json\/wp\/v2\/product_brand?post=3683"},{"taxonomy":"product_cat","embeddable":true,"href":"https:\/\/rxmedsplus.com\/tr\/wp-json\/wp\/v2\/product_cat?post=3683"},{"taxonomy":"product_tag","embeddable":true,"href":"https:\/\/rxmedsplus.com\/tr\/wp-json\/wp\/v2\/product_tag?post=3683"}],"curies":[{"name":"wp","href":"https:\/\/api.w.org\/{rel}","templated":true}]}}