{"id":4300,"date":"2026-05-03T23:30:24","date_gmt":"2026-05-03T23:30:24","guid":{"rendered":"https:\/\/rxmedsplus.com\/"},"modified":"2026-05-11T00:42:19","modified_gmt":"2026-05-11T00:42:19","slug":"kamagra-jelly-100-mg","status":"publish","type":"product","link":"https:\/\/rxmedsplus.com\/tr\/product\/kamagra-jelly-100-mg\/","title":{"rendered":"Kamagra Jelly 100 mg'\u0131 Online Sat\u0131n Al\u0131n \u2013 H\u0131zl\u0131 ve G\u00fcvenilir"},"content":{"rendered":"<p><strong>Kamagra Jelly 100 mg'\u0131 Online Sat\u0131n Al\u0131n \u2013 H\u0131zl\u0131 ve G\u00fcvenilir<\/strong>  <\/p>\n<p>Ereksiyon sorunlar\u0131 i\u00e7in etkili ve h\u0131zl\u0131 \u00e7\u00f6z\u00fcmler s\u00f6z konusu oldu\u011funda, Kamagra Jelly 100 mg g\u00fcvenilir bir se\u00e7enek olarak \u00f6ne \u00e7\u0131k\u0131yor. Re\u00e7etesiz olarak online sat\u0131n al\u0131nabilen bu oral jel form\u00fclasyonu, kolayl\u0131k, gizlilik ve g\u00fcvenilir sonu\u00e7lar sunuyor. \u0130ster yak\u0131nl\u0131\u011f\u0131 art\u0131rmak ister \u00f6zg\u00fcveni yeniden kazanmak isteyin, Kamagra Jelly lezzetli ve kolay t\u00fcketilebilir bir formatta g\u00fc\u00e7l\u00fc etkiler sunuyor.  <\/p>\n<h3><strong>Kamagra Jel 100 mg Nedir?<\/strong>  <\/h3>\n<p>Kamagra Jelly 100 mg, geleneksel ereksiyon bozuklu\u011fu haplar\u0131na pop\u00fcler ve etkili bir alternatiftir ve Viagra'da bulunan ayn\u0131 aktif madde olan Sildenafil Sitrat'\u0131 i\u00e7erir. Geleneksel tabletlerin aksine, Kamagra Jelly \u00e7e\u015fitli aromalarda yumu\u015fak jel formunda gelir, bu da kullan\u0131m\u0131n\u0131 kolayla\u015ft\u0131r\u0131r ve emilimini h\u0131zland\u0131r\u0131r. Bu, genellikle 15-30 dakika i\u00e7inde daha h\u0131zl\u0131 etki ba\u015flang\u0131c\u0131 sa\u011flayarak daha spontane ve keyifli bir deneyim sunar.  <\/p>\n<h3><strong>Kamagra Jel 100 mg'\u0131n Ba\u015fl\u0131ca Faydalar\u0131<\/strong>  <\/h3>\n<p>&#8211; <strong>H\u0131zl\u0131 Emilim:<\/strong> Jel formu, haplara k\u0131yasla kan dola\u015f\u0131m\u0131na daha h\u0131zl\u0131 emilim sa\u011flayarak daha h\u0131zl\u0131 sonu\u00e7lar al\u0131nmas\u0131na olanak tan\u0131r.<br \/>\n&#8211; <strong>Kullan\u0131\u015fl\u0131 ve Gizli:<\/strong> Suya gerek yok; j\u00f6leyi paketten s\u0131k\u0131p do\u011frudan t\u00fcketebilirsiniz.<br \/>\n&#8211; <strong>Ho\u015f Lezzetler:<\/strong> \u00c7ilek, ananas ve muz gibi \u00e7e\u015fitli aromalarda bulunmas\u0131, t\u00fcketmeyi daha keyifli hale getiriyor.<br \/>\n&#8211; <strong>Etkin ve G\u00fcvenilir:<\/strong> Ereksiyon sorunlar\u0131n\u0131n tedavisinde etkili oldu\u011fu kan\u0131tlanm\u0131\u015f bir bile\u015fen olan Sildenafil Sitrat i\u00e7erir.<br \/>\n&#8211; <strong>Re\u00e7ete Gerekmez:<\/strong> Doktor ziyaretleriyle u\u011fra\u015fmadan, g\u00fcvenilir bir sat\u0131c\u0131dan kolayca online sipari\u015f verin.  <\/p>\n<h3><strong>Kamagra Jel Nas\u0131l \u00c7al\u0131\u015f\u0131r?<\/strong>  <\/h3>\n<p>Kamagra Jel, penise kan ak\u0131\u015f\u0131n\u0131 art\u0131rarak erkeklerin cinsel uyar\u0131lma s\u0131ras\u0131nda sert bir ereksiyon elde etmelerine ve bunu korumalar\u0131na yard\u0131mc\u0131 olur. Etkin madde olan Sildenafil Sitrat, penis dokular\u0131ndaki kan ak\u0131\u015f\u0131n\u0131 d\u00fczenleyen PDE5 enzimini inhibe eder. Kan damarlar\u0131n\u0131 gev\u015feterek, dola\u015f\u0131m\u0131 iyile\u015ftirir ve daha g\u00fc\u00e7l\u00fc ve daha uzun s\u00fcreli ereksiyonlar sa\u011flar.  <\/p>\n<h3><strong>\u00d6nerilen Dozaj ve Kullan\u0131m<\/strong>  <\/h3>\n<p>En iyi sonu\u00e7lar i\u00e7in, cinsel aktiviteden yakla\u015f\u0131k 30-60 dakika \u00f6nce bir po\u015fet (100 mg) Kamagra Jel al\u0131n. Etkisi 4-6 saate kadar s\u00fcrebilir ve yak\u0131nl\u0131k i\u00e7in yeterli zaman sa\u011flar. G\u00fcnde bir dozdan fazla almay\u0131n ve bir sa\u011fl\u0131k uzman\u0131 taraf\u0131ndan \u00f6nerilmedik\u00e7e di\u011fer ereksiyon bozuklu\u011fu ila\u00e7lar\u0131yla birlikte kullanmay\u0131n.  <\/p>\n<h3><strong>Olas\u0131 Yan Etkiler<\/strong>  <\/h3>\n<p>Kamagra Jelly genel olarak g\u00fcvenli olsa da, baz\u0131 kullan\u0131c\u0131lar a\u015fa\u011f\u0131dakiler de dahil olmak \u00fczere hafif yan etkiler ya\u015fayabilir:  <\/p>\n<p>Ba\u015f a\u011fr\u0131s\u0131<br \/>\nFlushing<br \/>\nBa\u015f d\u00f6nmesi<br \/>\nBurun t\u0131kan\u0131kl\u0131\u011f\u0131<br \/>\nHaz\u0131ms\u0131zl\u0131k  <\/p>\n<p>Bu etkiler genellikle ge\u00e7icidir ve ilac\u0131n etkisi ge\u00e7tik\u00e7e azal\u0131r. Ancak, ciddi reaksiyonlar meydana gelirse, ilac\u0131 kullanmay\u0131 b\u0131rak\u0131n ve t\u0131bbi yard\u0131m al\u0131n.  <\/p>\n<h3><strong>Kamagra Jel'den Kimler Ka\u00e7\u0131nmal\u0131?<\/strong>  <\/h3>\n<p>Kamagra Jelly herkes i\u00e7in uygun de\u011fildir. A\u015fa\u011f\u0131daki durumlarda kullanmaktan ka\u00e7\u0131n\u0131n:  <\/p>\n<p>Kalp rahats\u0131zl\u0131\u011f\u0131n\u0131z varsa veya nitrat i\u00e7eren ila\u00e7lar kullan\u0131yorsan\u0131z<br \/>\nSildenafil sitrata alerjiniz var m\u0131?<br \/>\n\u015eiddetli karaci\u011fer veya b\u00f6brek hastal\u0131\u011f\u0131n\u0131z varsa<br \/>\nD\u00fc\u015f\u00fck tansiyon ya\u015famak  <\/p>\n<p>Kullanmadan \u00f6nce herhangi bir sa\u011fl\u0131k sorununuz varsa bir doktora dan\u0131\u015f\u0131n.  <\/p>\n<h3><strong>Kamagra Jelly'yi Neden Bizden Online Sat\u0131n Almal\u0131s\u0131n\u0131z?<\/strong>  <\/h3>\n<p>Sayg\u0131n bir \u00e7evrimi\u00e7i sat\u0131c\u0131 olarak, Kamagra Jelly 100 mg'nin d\u00fcnya \u00e7ap\u0131ndaki m\u00fc\u015fterilerimize h\u0131zl\u0131, gizli ve g\u00fcvenilir bir \u015fekilde teslimat\u0131n\u0131 sa\u011fl\u0131yoruz. \u0130\u015fte bize g\u00fcvenebilece\u011finizin nedenleri:  <\/p>\n<p>&#8211; <strong>Orijinal \u00dcr\u00fcnler:<\/strong> Biz yaln\u0131zca g\u00fcvenilir \u00fcreticilerden temin etti\u011fimiz orijinal Kamagra Jelly'yi kullan\u0131yoruz.<br \/>\n&#8211; <strong>G\u00fcvenli ve Gizli Kargo:<\/strong> Sipari\u015fler, \u00fczerinde herhangi bir tan\u0131mlay\u0131c\u0131 i\u015faret bulunmayan sade ambalajlarda teslim edilir.<br \/>\n&#8211; <strong>D\u00fcnya \u00e7ap\u0131nda Teslimat:<\/strong> ABD, Kanada, \u0130ngiltere, AB, Avustralya ve di\u011fer d\u00fcnya genelindeki destinasyonlara g\u00f6nderim yap\u0131yoruz.<br \/>\n&#8211; <strong>Re\u00e7ete Gerekmez:<\/strong> Doktor ziyaretlerinin zahmetinden kurtulun ve sipari\u015finizi internet \u00fczerinden kolayca verin.<br \/>\n&#8211; <strong>M\u00fc\u015fteri Memnuniyeti Garantisi:<\/strong> Her sat\u0131n alma i\u015fleminde gizlili\u011finize ve memnuniyetinize \u00f6ncelik veriyoruz.  <\/p>\n<h3><strong>Kamagra Jelly 100 mg'\u0131 Online Nas\u0131l Sipari\u015f Edebilirsiniz?<\/strong>  <\/h3>\n<p>Online ma\u011fazam\u0131zdan Kamagra Jelly sat\u0131n almak \u00e7ok kolay:  <\/p>\n<p>1. <strong>Miktar\u0131 se\u00e7in:<\/strong> \u0130htiyac\u0131n\u0131z olan po\u015fet say\u0131s\u0131n\u0131 se\u00e7in.<br \/>\n2. <strong>Sepete Ekle ve \u00d6deme Yap:<\/strong> Sipari\u015finizi g\u00fcvenli bir \u015fekilde tamamlay\u0131n.<br \/>\n3. <strong>Fast Delivery:<\/strong> Gizli paketiniz birka\u00e7 g\u00fcn i\u00e7inde size ula\u015facakt\u0131r.  <\/p>\n<h3><strong>Son D\u00fc\u015f\u00fcnceler<\/strong>  <\/h3>\n<p>Ereksiyon sorunlar\u0131 i\u00e7in h\u0131zl\u0131 etkili, verimli ve pratik bir \u00e7\u00f6z\u00fcm ar\u0131yorsan\u0131z, Kamagra Jelly 100 mg m\u00fckemmel bir se\u00e7imdir. H\u0131zl\u0131 emilimi, harika tad\u0131 ve g\u00fcvenilir performans\u0131 ile bir\u00e7ok erke\u011fin geleneksel haplara k\u0131yasla bu oral jeli tercih etmesi \u015fa\u015f\u0131rt\u0131c\u0131 de\u011fil. Re\u00e7eteye gerek kalmadan Kamagra Jelly'nin faydalar\u0131n\u0131 deneyimlemek i\u00e7in bug\u00fcn sipari\u015f verin.  <\/p>\n<p>G\u00fcvenilir bir kaynak arayanlar i\u00e7in <strong>Kamagra Jelly 100 mg'\u0131 online olarak h\u0131zl\u0131 ve g\u00fcvenilir bir \u015fekilde sat\u0131n al\u0131n.<\/strong>Ma\u011fazam\u0131z y\u00fcksek kaliteli \u00fcr\u00fcnler, gizli kargo ve m\u00fckemmel m\u00fc\u015fteri hizmeti sunmaktad\u0131r. Sipari\u015finizi \u015fimdi verin ve geli\u015fmi\u015f performans\u0131n keyfini g\u00fcvenle \u00e7\u0131kar\u0131n.<\/p>","protected":false},"excerpt":{"rendered":"<p>Ereksiyon sorunlar\u0131 i\u00e7in h\u0131zl\u0131 etkili bir \u00e7\u00f6z\u00fcme mi ihtiyac\u0131n\u0131z var? Kamagra Jelly 100 mg, Viagra ile ayn\u0131 g\u00fc\u00e7l\u00fc Sildenafil Sitrat'\u0131 lezzetli ve kolay yutulabilen jel formunda sunar. H\u0131zl\u0131 emilim ve sadece 15-30 dakika i\u00e7inde etki g\u00f6steren bu \u00fcr\u00fcn, daha g\u00fc\u00e7l\u00fc ve daha uzun s\u00fcreli ereksiyonlar elde etmenize yard\u0131mc\u0131 olur. Birden fazla aroma se\u00e7ene\u011fi aras\u0131ndan se\u00e7im yap\u0131n ve re\u00e7etesiz, sorunsuz sipari\u015fin keyfini \u00e7\u0131kar\u0131n. Rx Meds Plus'ta orijinal \u00fcr\u00fcnler, g\u00fcvenli \u00f6deme ve gizli teslimat garantisi veriyoruz. \u00d6zg\u00fcveninizi art\u0131r\u0131n\u2014Kamagra Jelly'yi bug\u00fcn sipari\u015f edin!<\/p>","protected":false},"featured_media":4330,"comment_status":"open","ping_status":"closed","template":"","meta":{"site-sidebar-layout":"default","site-content-layout":"","ast-site-content-layout":"default","site-content-style":"default","site-sidebar-style":"default","ast-global-header-display":"","ast-banner-title-visibility":"","ast-main-header-display":"","ast-hfb-above-header-display":"","ast-hfb-below-header-display":"","ast-hfb-mobile-header-display":"","site-post-title":"","ast-breadcrumbs-content":"","ast-featured-img":"","footer-sml-layout":"","ast-disable-related-posts":"","theme-transparent-header-meta":"","adv-header-id-meta":"","stick-header-meta":"","header-above-stick-meta":"","header-main-stick-meta":"","header-below-stick-meta":"","astra-migrate-meta-layouts":"default","ast-page-background-enabled":"default","ast-page-background-meta":{"desktop":{"background-color":"","background-image":"","background-repeat":"repeat","background-position":"center center","background-size":"auto","background-attachment":"scroll","background-type":"","background-media":"","overlay-type":"","overlay-color":"","overlay-opacity":"","overlay-gradient":""},"tablet":{"background-color":"","background-image":"","background-repeat":"repeat","background-position":"center center","background-size":"auto","background-attachment":"scroll","background-type":"","background-media":"","overlay-type":"","overlay-color":"","overlay-opacity":"","overlay-gradient":""},"mobile":{"background-color":"","background-image":"","background-repeat":"repeat","background-position":"center center","background-size":"auto","background-attachment":"scroll","background-type":"","background-media":"","overlay-type":"","overlay-color":"","overlay-opacity":"","overlay-gradient":""}},"ast-content-background-meta":{"desktop":{"background-color":"var(--ast-global-color-5)","background-image":"","background-repeat":"repeat","background-position":"center center","background-size":"auto","background-attachment":"scroll","background-type":"","background-media":"","overlay-type":"","overlay-color":"","overlay-opacity":"","overlay-gradient":""},"tablet":{"background-color":"var(--ast-global-color-5)","background-image":"","background-repeat":"repeat","background-position":"center center","background-size":"auto","background-attachment":"scroll","background-type":"","background-media":"","overlay-type":"","overlay-color":"","overlay-opacity":"","overlay-gradient":""},"mobile":{"background-color":"var(--ast-global-color-5)","background-image":"","background-repeat":"repeat","background-position":"center center","background-size":"auto","background-attachment":"scroll","background-type":"","background-media":"","overlay-type":"","overlay-color":"","overlay-opacity":"","overlay-gradient":""}}},"product_brand":[],"product_cat":[1684],"product_tag":[2114,2108,279,2111,2116,956,2109,2107,2110,2113,940,2112,2115,1984,958],"class_list":{"0":"post-4300","1":"product","2":"type-product","3":"status-publish","4":"has-post-thumbnail","6":"product_cat-sex-pills","7":"product_tag-buy-ed-medication-online","8":"product_tag-buy-kamagra-jelly-online","9":"product_tag-discreet-shipping","10":"product_tag-ed-oral-jelly","11":"product_tag-enhance-intimacy","12":"product_tag-erectile-dysfunction-treatment","13":"product_tag-fast-acting-ed-medication","14":"product_tag-kamagra-jelly","15":"product_tag-kamagra-jelly-100-mg","16":"product_tag-kamagra-jelly-flavors","17":"product_tag-mens-health","18":"product_tag-no-prescription-kamagra","19":"product_tag-reliable-kamagra-supplier","20":"product_tag-sexual-health","21":"product_tag-sildenafil-citrate","22":"desktop-align-left","23":"tablet-align-left","24":"mobile-align-left","25":"ast-product-gallery-layout-horizontal-slider","26":"ast-product-gallery-with-no-image","27":"ast-magnify-disabled","28":"ast-product-single-variable","29":"ast-product-tabs-layout-horizontal","31":"first","32":"instock","33":"shipping-taxable","34":"purchasable","35":"product-type-variable"},"yoast_head":"<!-- This site is optimized with the Yoast SEO Premium plugin v26.0 (Yoast SEO v27.6) - https:\/\/yoast.com\/product\/yoast-seo-premium-wordpress\/ -->\n<title>Buy Kamagra Jelly&#039;s 100 mg Online \u2013 Fast &amp; Reliable &#187; Rx Meds Plus<\/title>\n<meta name=\"description\" content=\"Buy Kamagra Jelly 100 mg online for fast, reliable ED treatment. Enjoy discreet shipping, no prescription needed. Order now for enhanced performance!\" \/>\n<meta name=\"robots\" content=\"noindex, follow, max-snippet:-1, max-image-preview:large, max-video-preview:-1\" \/>\n<meta property=\"og:locale\" content=\"tr_TR\" \/>\n<meta property=\"og:type\" content=\"article\" \/>\n<meta property=\"og:title\" content=\"Buy Kamagra Jelly&#039;s 100 mg Online \u2013 Fast &amp; Reliable\" \/>\n<meta property=\"og:description\" content=\"Buy Kamagra Jelly 100 mg online for fast, reliable ED treatment. Enjoy discreet shipping, no prescription needed. Order now for enhanced performance!\" \/>\n<meta property=\"og:url\" content=\"https:\/\/rxmedsplus.com\/tr\/product\/kamagra-jelly-100-mg\/\" \/>\n<meta property=\"og:site_name\" content=\"Rx Meds Plus\" \/>\n<meta property=\"article:modified_time\" content=\"2026-05-11T00:42:19+00:00\" \/>\n<meta property=\"og:image\" content=\"https:\/\/rxmedsplus.com\/wp-content\/uploads\/2026\/05\/134338-1-1.jpg\" \/>\n\t<meta property=\"og:image:width\" content=\"500\" \/>\n\t<meta property=\"og:image:height\" content=\"500\" \/>\n\t<meta property=\"og:image:type\" content=\"image\/jpeg\" \/>\n<meta name=\"twitter:card\" content=\"summary_large_image\" \/>\n<meta name=\"twitter:label1\" content=\"Durumu\" \/>\n\t<meta name=\"twitter:data1\" content=\"Stokta var\" \/>\n<script type=\"application\/ld+json\" class=\"yoast-schema-graph\">{\"@context\":\"https:\\\/\\\/schema.org\",\"@graph\":[{\"@type\":\"WebPage\",\"@id\":\"https:\\\/\\\/rxmedsplus.com\\\/product\\\/kamagra-jelly-100-mg\\\/\",\"url\":\"https:\\\/\\\/rxmedsplus.com\\\/product\\\/kamagra-jelly-100-mg\\\/\",\"name\":\"Buy Kamagra Jelly's 100 mg Online \u2013 Fast & Reliable &#187; Rx Meds Plus\",\"isPartOf\":{\"@id\":\"https:\\\/\\\/rxmedsplus.com\\\/#website\"},\"primaryImageOfPage\":{\"@id\":\"https:\\\/\\\/rxmedsplus.com\\\/product\\\/kamagra-jelly-100-mg\\\/#primaryimage\"},\"image\":{\"@id\":\"https:\\\/\\\/rxmedsplus.com\\\/product\\\/kamagra-jelly-100-mg\\\/#primaryimage\"},\"thumbnailUrl\":\"https:\\\/\\\/rxmedsplus.com\\\/wp-content\\\/uploads\\\/2026\\\/05\\\/134338-1-1.jpg\",\"datePublished\":\"2026-05-03T23:30:24+00:00\",\"dateModified\":\"2026-05-11T00:42:19+00:00\",\"description\":\"Buy Kamagra Jelly 100 mg online for fast, reliable ED treatment. Enjoy discreet shipping, no prescription needed. Order now for enhanced performance!\",\"breadcrumb\":{\"@id\":\"https:\\\/\\\/rxmedsplus.com\\\/product\\\/kamagra-jelly-100-mg\\\/#breadcrumb\"},\"inLanguage\":\"tr\",\"potentialAction\":[{\"@type\":\"ReadAction\",\"target\":[\"https:\\\/\\\/rxmedsplus.com\\\/product\\\/kamagra-jelly-100-mg\\\/\"]}]},{\"@type\":\"ImageObject\",\"inLanguage\":\"tr\",\"@id\":\"https:\\\/\\\/rxmedsplus.com\\\/product\\\/kamagra-jelly-100-mg\\\/#primaryimage\",\"url\":\"https:\\\/\\\/rxmedsplus.com\\\/wp-content\\\/uploads\\\/2026\\\/05\\\/134338-1-1.jpg\",\"contentUrl\":\"https:\\\/\\\/rxmedsplus.com\\\/wp-content\\\/uploads\\\/2026\\\/05\\\/134338-1-1.jpg\",\"width\":500,\"height\":500},{\"@type\":\"BreadcrumbList\",\"@id\":\"https:\\\/\\\/rxmedsplus.com\\\/product\\\/kamagra-jelly-100-mg\\\/#breadcrumb\",\"itemListElement\":[{\"@type\":\"ListItem\",\"position\":1,\"name\":\"Home\",\"item\":\"https:\\\/\\\/rxmedsplus.com\\\/\"},{\"@type\":\"ListItem\",\"position\":2,\"name\":\"Shop\",\"item\":\"https:\\\/\\\/rxmedsplus.com\\\/shop\\\/\"},{\"@type\":\"ListItem\",\"position\":3,\"name\":\"Buy Kamagra Jelly&#8217;s 100 mg Online \u2013 Fast &#038; Reliable\"}]},{\"@type\":\"WebSite\",\"@id\":\"https:\\\/\\\/rxmedsplus.com\\\/#website\",\"url\":\"https:\\\/\\\/rxmedsplus.com\\\/\",\"name\":\"Rx Meds Plus\",\"description\":\"Buy Prescription Meds and Pills Online with Fast Delivery\",\"potentialAction\":[{\"@type\":\"SearchAction\",\"target\":{\"@type\":\"EntryPoint\",\"urlTemplate\":\"https:\\\/\\\/rxmedsplus.com\\\/?s={search_term_string}\"},\"query-input\":{\"@type\":\"PropertyValueSpecification\",\"valueRequired\":true,\"valueName\":\"search_term_string\"}}],\"inLanguage\":\"tr\"}]}<\/script>\n<meta property=\"og:availability\" content=\"instock\" \/>\n<meta property=\"product:availability\" content=\"instock\" \/>\n<meta property=\"product:retailer_item_id\" content=\"134338\" \/>\n<meta property=\"product:condition\" content=\"new\" \/>\n<!-- \/ Yoast SEO Premium plugin. -->","yoast_head_json":{"title":"Kamagra Jelly 100 mg'\u0131 Online Sat\u0131n Al\u0131n \u2013 H\u0131zl\u0131 ve G\u00fcvenilir \u2013 Rx Meds Plus","description":"H\u0131zl\u0131 ve g\u00fcvenilir ereksiyon bozuklu\u011fu tedavisi i\u00e7in Kamagra Jelly 100 mg'\u0131 online sat\u0131n al\u0131n. Gizli kargo avantaj\u0131ndan yararlan\u0131n, re\u00e7ete gerekmez. Performans\u0131n\u0131z\u0131 art\u0131rmak i\u00e7in \u015fimdi sipari\u015f verin!","robots":{"index":"noindex","follow":"follow","max-snippet":"max-snippet:-1","max-image-preview":"max-image-preview:large","max-video-preview":"max-video-preview:-1"},"og_locale":"tr_TR","og_type":"article","og_title":"Buy Kamagra Jelly's 100 mg Online \u2013 Fast & Reliable","og_description":"Buy Kamagra Jelly 100 mg online for fast, reliable ED treatment. Enjoy discreet shipping, no prescription needed. Order now for enhanced performance!","og_url":"https:\/\/rxmedsplus.com\/tr\/product\/kamagra-jelly-100-mg\/","og_site_name":"Rx Meds Plus","article_modified_time":"2026-05-11T00:42:19+00:00","og_image":[{"width":500,"height":500,"url":"https:\/\/rxmedsplus.com\/wp-content\/uploads\/2026\/05\/134338-1-1.jpg","type":"image\/jpeg"}],"twitter_card":"summary_large_image","twitter_misc":{"Durumu":"Stokta var"},"schema":{"@context":"https:\/\/schema.org","@graph":[{"@type":"WebPage","@id":"https:\/\/rxmedsplus.com\/product\/kamagra-jelly-100-mg\/","url":"https:\/\/rxmedsplus.com\/product\/kamagra-jelly-100-mg\/","name":"Kamagra Jelly 100 mg'\u0131 Online Sat\u0131n Al\u0131n \u2013 H\u0131zl\u0131 ve G\u00fcvenilir \u2013 Rx Meds Plus","isPartOf":{"@id":"https:\/\/rxmedsplus.com\/#website"},"primaryImageOfPage":{"@id":"https:\/\/rxmedsplus.com\/product\/kamagra-jelly-100-mg\/#primaryimage"},"image":{"@id":"https:\/\/rxmedsplus.com\/product\/kamagra-jelly-100-mg\/#primaryimage"},"thumbnailUrl":"https:\/\/rxmedsplus.com\/wp-content\/uploads\/2026\/05\/134338-1-1.jpg","datePublished":"2026-05-03T23:30:24+00:00","dateModified":"2026-05-11T00:42:19+00:00","description":"H\u0131zl\u0131 ve g\u00fcvenilir ereksiyon bozuklu\u011fu tedavisi i\u00e7in Kamagra Jelly 100 mg'\u0131 online sat\u0131n al\u0131n. Gizli kargo avantaj\u0131ndan yararlan\u0131n, re\u00e7ete gerekmez. Performans\u0131n\u0131z\u0131 art\u0131rmak i\u00e7in \u015fimdi sipari\u015f verin!","breadcrumb":{"@id":"https:\/\/rxmedsplus.com\/product\/kamagra-jelly-100-mg\/#breadcrumb"},"inLanguage":"tr","potentialAction":[{"@type":"ReadAction","target":["https:\/\/rxmedsplus.com\/product\/kamagra-jelly-100-mg\/"]}]},{"@type":"ImageObject","inLanguage":"tr","@id":"https:\/\/rxmedsplus.com\/product\/kamagra-jelly-100-mg\/#primaryimage","url":"https:\/\/rxmedsplus.com\/wp-content\/uploads\/2026\/05\/134338-1-1.jpg","contentUrl":"https:\/\/rxmedsplus.com\/wp-content\/uploads\/2026\/05\/134338-1-1.jpg","width":500,"height":500},{"@type":"BreadcrumbList","@id":"https:\/\/rxmedsplus.com\/product\/kamagra-jelly-100-mg\/#breadcrumb","itemListElement":[{"@type":"ListItem","position":1,"name":"Home","item":"https:\/\/rxmedsplus.com\/"},{"@type":"ListItem","position":2,"name":"Shop","item":"https:\/\/rxmedsplus.com\/shop\/"},{"@type":"ListItem","position":3,"name":"Buy Kamagra Jelly&#8217;s 100 mg Online \u2013 Fast &#038; Reliable"}]},{"@type":"WebSite","@id":"https:\/\/rxmedsplus.com\/#website","url":"https:\/\/rxmedsplus.com\/","name":"Yeralt\u0131 \u0130la\u00e7lar\u0131m","description":"Re\u00e7eteli \u0130la\u00e7 ve Haplar\u0131 H\u0131zl\u0131 Teslimatla Online Sat\u0131n Al\u0131n","potentialAction":[{"@type":"SearchAction","target":{"@type":"EntryPoint","urlTemplate":"https:\/\/rxmedsplus.com\/?s={search_term_string}"},"query-input":{"@type":"PropertyValueSpecification","valueRequired":true,"valueName":"search_term_string"}}],"inLanguage":"tr"}]},"og_availability":"instock","product_availability":"instock","product_retailer_item_id":"134338","product_condition":"new"},"_links":{"self":[{"href":"https:\/\/rxmedsplus.com\/tr\/wp-json\/wp\/v2\/product\/4300","targetHints":{"allow":["GET"]}}],"collection":[{"href":"https:\/\/rxmedsplus.com\/tr\/wp-json\/wp\/v2\/product"}],"about":[{"href":"https:\/\/rxmedsplus.com\/tr\/wp-json\/wp\/v2\/types\/product"}],"replies":[{"embeddable":true,"href":"https:\/\/rxmedsplus.com\/tr\/wp-json\/wp\/v2\/comments?post=4300"}],"wp:featuredmedia":[{"embeddable":true,"href":"https:\/\/rxmedsplus.com\/tr\/wp-json\/wp\/v2\/media\/4330"}],"wp:attachment":[{"href":"https:\/\/rxmedsplus.com\/tr\/wp-json\/wp\/v2\/media?parent=4300"}],"wp:term":[{"taxonomy":"product_brand","embeddable":true,"href":"https:\/\/rxmedsplus.com\/tr\/wp-json\/wp\/v2\/product_brand?post=4300"},{"taxonomy":"product_cat","embeddable":true,"href":"https:\/\/rxmedsplus.com\/tr\/wp-json\/wp\/v2\/product_cat?post=4300"},{"taxonomy":"product_tag","embeddable":true,"href":"https:\/\/rxmedsplus.com\/tr\/wp-json\/wp\/v2\/product_tag?post=4300"}],"curies":[{"name":"wp","href":"https:\/\/api.w.org\/{rel}","templated":true}]}}