{"id":4304,"date":"2026-05-03T23:30:24","date_gmt":"2026-05-03T23:30:24","guid":{"rendered":"https:\/\/rxmedsplus.com\/"},"modified":"2026-05-11T00:46:55","modified_gmt":"2026-05-11T00:46:55","slug":"viagra-200mg-online","status":"publish","type":"product","link":"https:\/\/rxmedsplus.com\/tr\/product\/viagra-200mg-online\/","title":{"rendered":"Viagra 200mg Online Sat\u0131\u015fta \u2013 H\u0131zl\u0131 ve Gizli Teslimat"},"content":{"rendered":"<h1>Viagra 200mg Online Sat\u0131\u015fta \u2013 H\u0131zl\u0131 ve Gizli Teslimat  <\/h1>\n<h2>Performans\u0131 Art\u0131racak G\u00fc\u00e7l\u00fc \u00c7\u00f6z\u00fcm  <\/h2>\n<p>Yatak odas\u0131nda \u00f6zg\u00fcveni ve canl\u0131l\u0131\u011f\u0131 yeniden kazanmaya gelince, <strong>Viagra 200 mg<\/strong> Ereksiyon sorunu ya\u015fayan erkekler i\u00e7in g\u00fcvenilir bir \u00e7\u00f6z\u00fcm olarak \u00f6ne \u00e7\u0131k\u0131yor. Y\u00fcksek dozlu form\u00fcl\u00fcm\u00fcz, en \u00e7ok ihtiya\u00e7 duydu\u011funuz anda g\u00fcvenilir performans sa\u011flayarak g\u00fc\u00e7l\u00fc sonu\u00e7lar sunar. <strong>g\u00fcvenilir \u00e7evrimi\u00e7i sat\u0131c\u0131<\/strong>, biz sa\u011fl\u0131yoruz <strong>Orijinal Viagra 200mg internetten sat\u0131\u015fta<\/strong>sevk edildi <strong>h\u0131zl\u0131 ve gizli bir \u015fekilde<\/strong> \u8f38\u51fa \u043c\u043d\u043e\u0433\u043e'ya.<\/p>\n<p>Gizli g\u00f6nderim hizmetimiz, gizlili\u011finizin her a\u015famada korunmas\u0131n\u0131 sa\u011flar. \u0130ster ABD'de, Kanada'da, \u0130ngiltere'de, AB'de, Avustralya'da veya d\u00fcnyan\u0131n herhangi bir yerinde olun, sipari\u015finiz g\u00fcvenli bir \u015fekilde ve gereksiz gecikmeler olmadan size ula\u015f\u0131r. Sorunsuz bir al\u0131\u015fveri\u015f i\u00e7in bize g\u00fcvenebilirsiniz. <strong>\u00e7evrimi\u00e7i eczane deneyimi<\/strong> Re\u00e7ete gerekmez.<\/p>\n<h2>Viagra 200 mg nedir?  <\/h2>\n<p><strong>Viagra 200 mg<\/strong> Bu, d\u00fcnyan\u0131n en pop\u00fcler ereksiyon bozuklu\u011fu ilac\u0131n\u0131n ana etken maddesi olan Sildenafil Sitrat'\u0131n ticari olarak temin edilebilen en g\u00fc\u00e7l\u00fc dozudur. Daha g\u00fc\u00e7l\u00fc bir \u00e7\u00f6z\u00fcme ihtiya\u00e7 duyan erkekler i\u00e7in tasarlanan bu versiyon, 25 mg, 50 mg veya 100 mg gibi daha d\u00fc\u015f\u00fck dozlara k\u0131yasla daha h\u0131zl\u0131 ve daha uzun s\u00fcreli etkiler sa\u011flar. <\/p>\n<h3>Ba\u015fl\u0131ca \u00d6zellikler  <\/h3>\n<p>&#8211; <strong>Aktif Bile\u015fen:<\/strong> Sildenafil Sitrat 200 mg<br \/>\n&#8211; <strong>Form:<\/strong> A\u011f\u0131zdan al\u0131nan tabletler<br \/>\n&#8211; <strong>\u00dcretici:<\/strong> Pfizer (veya g\u00fcvenilir jenerik muadilleri)<br \/>\n&#8211; <strong>Etki S\u00fcresi:<\/strong> Daha uzun s\u00fcre boyunca koruma s\u00fcresini ve daha etkili kan ak\u0131\u015f\u0131 iyile\u015ftirmesini sa\u011flar. <\/p>\n<h2>Viagra 200 mg nas\u0131l etki eder?  <\/h2>\n<p>Viagra 200 mg \u015fu \u015fekilde etki eder: <strong>kan ak\u0131\u015f\u0131n\u0131 iyile\u015ftirmek<\/strong> Erkek \u00fcreme organ\u0131na etki ederek, cinsel uyar\u0131lma s\u0131ras\u0131nda g\u00fc\u00e7l\u00fc ve kal\u0131c\u0131 ereksiyonlar\u0131 kolayla\u015ft\u0131r\u0131r. <strong>y\u00fcksek doz<\/strong> Daha h\u0131zl\u0131 etki g\u00f6stermesini sa\u011flar (genellikle 30-60 dakika i\u00e7inde) ve etkilerini be\u015f saate kadar korur. Bu da onu, ihtiyac\u0131 olanlar i\u00e7in ideal k\u0131lar. <strong>h\u0131zl\u0131 etkili, uzun s\u00fcreli performans deste\u011fi<\/strong>.  <\/p>\n<h3>\u00d6nerilen Dozaj  <\/h3>\n<p>Standart <strong>Viagra dozu<\/strong> Dozaj 25 mg ile 100 mg aras\u0131nda de\u011fi\u015fir, ancak doktorlar daha y\u00fcksek dozlar verebilir. <strong>200 mg \u00f6nerilir.<\/strong> \u015eiddetli ereksiyon bozuklu\u011fu veya d\u00fc\u015f\u00fck dozlara yan\u0131t\u0131n azalmas\u0131 durumlar\u0131nda. Her zaman daha d\u00fc\u015f\u00fck bir dozla ba\u015flay\u0131n ve uzman tavsiyesiyle dikkatlice art\u0131r\u0131n. Yan etkileri \u00f6nlemek i\u00e7in 24 saat i\u00e7inde 200 mg'\u0131 a\u015fmaktan ka\u00e7\u0131n\u0131n.  <\/p>\n<h2>Viagra 200mg'\u0131 Se\u00e7menin Faydalar\u0131  <\/h2>\n<p>&#8211; <strong>Maksimum Etkinlik:<\/strong> S\u00fcrekli ereksiyon sorunu ya\u015fayan erkekler i\u00e7in mevcut en g\u00fc\u00e7l\u00fc doz.<br \/>\n&#8211; <strong>Uzat\u0131lm\u0131\u015f Performans:<\/strong> Etkileri daha d\u00fc\u015f\u00fck dozlara g\u00f6re daha uzun s\u00fcrer.<br \/>\n&#8211; <strong>Daha H\u0131zl\u0131 Etki Eden:<\/strong> H\u0131zl\u0131 emilim, cinsel ili\u015fki \u00f6ncesinde bekleme s\u00fcresinin k\u0131salmas\u0131 anlam\u0131na gelir.<br \/>\n&#8211; <strong>Trusted Formula:<\/strong> Klinik ara\u015ft\u0131rmalar ve onlarca y\u0131ll\u0131k kullan\u0131m deneyimiyle desteklenmektedir.  <\/p>\n<h2>Viagra 200 mg'\u0131 kimler kullanmal\u0131?  <\/h2>\n<p>Bu y\u00fcksek dozlu se\u00e7enek, a\u015fa\u011f\u0131daki sorunlarla m\u00fccadele eden erkekler i\u00e7in en iyisidir. <strong>\u015fiddetli ereksiyon bozuklu\u011fu<\/strong> Daha d\u00fc\u015f\u00fck g\u00fc\u00e7leri deneyip yeterli sonu\u00e7 alamam\u0131\u015f olanlar. \u0130lk kez kullananlar i\u00e7in \u00f6nerilmez; her zaman 30 mg veya 50 mg ile ba\u015flay\u0131n<\/p>\n<h3>Olas\u0131 Yan Etkiler  <\/h3>\n<p>Genel olarak g\u00fcvenli olsa da, Viagra 200 mg \u015fu yan etkilere neden olabilir:<br \/>\nBa\u015f a\u011fr\u0131s\u0131<br \/>\nFlushing<br \/>\nSindirim rahats\u0131zl\u0131\u011f\u0131<br \/>\nBurun t\u0131kan\u0131kl\u0131\u011f\u0131<br \/>\nHafif ba\u015f d\u00f6nmesi  <\/p>\n<p>Bu etkiler genellikle ge\u00e7icidir. Belirtiler devam ederse, bir sa\u011fl\u0131k uzman\u0131na dan\u0131\u015f\u0131n.<\/p>\n<h2>Neden Viagra 200mg'\u0131 bizden online olarak sat\u0131n almal\u0131s\u0131n\u0131z?  <\/h2>\n<p>Orijinal ereksiyon bozuklu\u011fu tedavilerinin \u00f6nde gelen tedarik\u00e7isi olarak, \u00f6nceli\u011fimiz \u015fudur: <strong>kalite, gizlilik ve h\u0131z<\/strong>\u0130\u015fte bizi tercih etmeniz i\u00e7in nedenler:  <\/p>\n<p>&#8211; <strong>Re\u00e7ete Gerekmez:<\/strong> Doktora gitmenize gerek kalmadan, zahmetsizce sipari\u015f verin.<br \/>\n&#8211; <strong>H\u0131zl\u0131 ve Gizli Kargo:<\/strong> D\u00fcnya \u00e7ap\u0131nda tamamen gizli ambalajlama.<br \/>\n&#8211; <strong>Gen \uc740\u8ba2 \u00dcr\u00fcn Garantisi:<\/strong> Orijinal Viagra m\u0131 yoksa birinci s\u0131n\u0131f alternatifler mi?<br \/>\n&#8211; <strong>K\u00fcresel Teslimat:<\/strong> ABD, Kanada, \u0130ngiltere, AB, Avustralya ve daha bir\u00e7ok \u00fclkeye g\u00f6nderim yap\u0131lmaktad\u0131r.  <\/p>\n<h2>Viagra 200mg'\u0131 Online Nas\u0131l Sipari\u015f Edebilirim?  <\/h2>\n<p>1. <strong>Sepete ekle<\/strong>\u2014\u0130stedi\u011finiz miktar\u0131 se\u00e7in.<br \/>\n2. <strong>G\u00f6nderim bilgilerini girin<\/strong>\u2014Bilgileriniz gizli kal\u0131r.<br \/>\n3. <strong>\u00d6demeyi tamamlay\u0131n<\/strong>\u2014G\u00fcvenilir y\u00f6ntemler arac\u0131l\u0131\u011f\u0131yla g\u00fcvenli i\u015flemler.<br \/>\n4. <strong>Gizli bir \u015fekilde teslim al\u0131n.<\/strong>\u2014Sipari\u015finizin teslimat\u0131n\u0131 var\u0131\u015f an\u0131na kadar takip edin.  <\/p>\n<p>\u00d6deme i\u015flemimiz h\u0131zl\u0131d\u0131r ve sipari\u015finizi alman\u0131z\u0131 sa\u011flar. <strong>Viagra 200mg internetten sat\u0131l\u0131k<\/strong> En az gecikmeyle.  <\/p>\n<h2>S\u0131k\u00e7a Sorulan Sorular  <\/h2>\n<h3>Re\u00e7etesiz Viagra Sipari\u015f Etmek G\u00fcvenli mi?  <\/h3>\n<p>Evet, g\u00fcvenilir bir \u00e7evrimi\u00e7i eczane var.  <\/p>\n<h3>Teslimat s\u00fcresi ne kadar?  <\/h3>\n<p>Sipari\u015flerin \u00e7o\u011fu, var\u0131\u015f noktas\u0131na ba\u011fl\u0131 olarak 3-7 i\u015f g\u00fcn\u00fc i\u00e7inde teslim edilir.  <\/p>\n<h3>Gizli Paketleme Sunuyor mu?  <\/h3>\n<p>Kesinlikle\u2014t\u00fcm sipari\u015fler \u00fczerinde herhangi bir tan\u0131mlay\u0131c\u0131 etiket bulunmayan sade kutularda g\u00f6nderilir.  <\/p>\n<h2>Sonu\u00e7  <\/h2>\n<p>\u015eiddetli ereksiyon sorunu ya\u015fayan erkekler i\u00e7in, <strong>Viagra 200mg internetten sat\u0131l\u0131k<\/strong> Mevcut en g\u00fc\u00e7l\u00fc ve etkili \u00e7\u00f6z\u00fcm\u00fc sunar. Bizim <strong>h\u0131zl\u0131 ve gizli teslimat<\/strong> Gizlili\u011finizden \u00f6d\u00fcn vermeden orijinal ila\u00e7lara ula\u015fman\u0131z\u0131 sa\u011flar.  <\/p>\n<p>Ereksiyon sorunlar\u0131n\u0131n sizi engellemesine izin vermeyin\u2014<strong>Viagra 200mg'\u0131 bug\u00fcn sipari\u015f edin<\/strong> ve \u00f6zg\u00fcveninizin do\u011fal olarak yeniden kazan\u0131lmas\u0131n\u0131 deneyimleyin. Sipari\u015finizi \u015fimdi verin <strong>swift\u56fd\u9645 do\u011frudan kap\u0131n\u0131za teslimat<\/strong>.<\/p>","protected":false},"excerpt":{"rendered":"<p>**Ereksiyon sorununa g\u00fc\u00e7l\u00fc bir \u00e7\u00f6z\u00fcm m\u00fc ar\u0131yorsunuz?** Rx Meds Plus'tan online olarak Viagra 200mg sat\u0131n al\u0131n\u2014yo\u011fun ve uzun s\u00fcreli ereksiyon arayan erkekler i\u00e7in tasarlanm\u0131\u015f y\u00fcksek etkili Sildenafil form\u00fcl\u00fc. H\u0131zl\u0131, gizli teslimat\u0131m\u0131z ve rekabet\u00e7i fiyatlar\u0131m\u0131zla eczane zahmetinden kurtulun. Orijinal, re\u00e7etesiz ila\u00e7lar g\u00fcvenli bir \u015fekilde kap\u0131n\u0131za teslim edilir. Performans\u0131n\u0131z\u0131, \u00f6zg\u00fcveninizi ve dayan\u0131kl\u0131l\u0131\u011f\u0131n\u0131z\u0131 art\u0131r\u0131n\u2014ayn\u0131 g\u00fcn g\u00f6nderim ve g\u00fcvenebilece\u011finiz gizlilik i\u00e7in \u015fimdi sipari\u015f verin!<\/p>","protected":false},"featured_media":4334,"comment_status":"open","ping_status":"closed","template":"","meta":{"site-sidebar-layout":"default","site-content-layout":"","ast-site-content-layout":"default","site-content-style":"default","site-sidebar-style":"default","ast-global-header-display":"","ast-banner-title-visibility":"","ast-main-header-display":"","ast-hfb-above-header-display":"","ast-hfb-below-header-display":"","ast-hfb-mobile-header-display":"","site-post-title":"","ast-breadcrumbs-content":"","ast-featured-img":"","footer-sml-layout":"","ast-disable-related-posts":"","theme-transparent-header-meta":"","adv-header-id-meta":"","stick-header-meta":"","header-above-stick-meta":"","header-main-stick-meta":"","header-below-stick-meta":"","astra-migrate-meta-layouts":"default","ast-page-background-enabled":"default","ast-page-background-meta":{"desktop":{"background-color":"","background-image":"","background-repeat":"repeat","background-position":"center center","background-size":"auto","background-attachment":"scroll","background-type":"","background-media":"","overlay-type":"","overlay-color":"","overlay-opacity":"","overlay-gradient":""},"tablet":{"background-color":"","background-image":"","background-repeat":"repeat","background-position":"center center","background-size":"auto","background-attachment":"scroll","background-type":"","background-media":"","overlay-type":"","overlay-color":"","overlay-opacity":"","overlay-gradient":""},"mobile":{"background-color":"","background-image":"","background-repeat":"repeat","background-position":"center center","background-size":"auto","background-attachment":"scroll","background-type":"","background-media":"","overlay-type":"","overlay-color":"","overlay-opacity":"","overlay-gradient":""}},"ast-content-background-meta":{"desktop":{"background-color":"var(--ast-global-color-5)","background-image":"","background-repeat":"repeat","background-position":"center center","background-size":"auto","background-attachment":"scroll","background-type":"","background-media":"","overlay-type":"","overlay-color":"","overlay-opacity":"","overlay-gradient":""},"tablet":{"background-color":"var(--ast-global-color-5)","background-image":"","background-repeat":"repeat","background-position":"center center","background-size":"auto","background-attachment":"scroll","background-type":"","background-media":"","overlay-type":"","overlay-color":"","overlay-opacity":"","overlay-gradient":""},"mobile":{"background-color":"var(--ast-global-color-5)","background-image":"","background-repeat":"repeat","background-position":"center center","background-size":"auto","background-attachment":"scroll","background-type":"","background-media":"","overlay-type":"","overlay-color":"","overlay-opacity":"","overlay-gradient":""}}},"product_brand":[],"product_cat":[1684],"product_tag":[2139,966,279,957,956,2138,1265,251,967,1984,958,2137,2136,2140,1271],"class_list":{"0":"post-4304","1":"product","2":"type-product","3":"status-publish","4":"has-post-thumbnail","6":"product_cat-sex-pills","7":"product_tag-best-viagra-dosage","8":"product_tag-buy-viagra-online","9":"product_tag-discreet-shipping","10":"product_tag-ed-medication","11":"product_tag-erectile-dysfunction-treatment","12":"product_tag-fast-delivery-viagra","13":"product_tag-generic-viagra","14":"product_tag-online-pharmacy","15":"product_tag-pfizer-viagra","16":"product_tag-sexual-health","17":"product_tag-sildenafil-citrate","18":"product_tag-strong-viagra-dose","19":"product_tag-viagra-200mg","20":"product_tag-viagra-for-men","21":"product_tag-viagra-without-prescription","22":"desktop-align-left","23":"tablet-align-left","24":"mobile-align-left","25":"ast-product-gallery-layout-horizontal-slider","26":"ast-product-gallery-with-no-image","27":"ast-magnify-disabled","28":"ast-product-single-variable","29":"ast-product-tabs-layout-horizontal","31":"first","32":"instock","33":"shipping-taxable","34":"purchasable","35":"product-type-variable"},"yoast_head":"<!-- This site is optimized with the Yoast SEO Premium plugin v26.0 (Yoast SEO v27.6) - https:\/\/yoast.com\/product\/yoast-seo-premium-wordpress\/ -->\n<title>Viagra 200mg For Sale Online \u2013 Fast &amp; Discreet Delivery &#187; Rx Meds Plus<\/title>\n<meta name=\"description\" content=\"Buy Viagra 200mg online for fast, discreet delivery\u2014powerful ED solution with no prescription needed. Order today for enhanced performance!\" \/>\n<meta name=\"robots\" content=\"noindex, follow, max-snippet:-1, max-image-preview:large, max-video-preview:-1\" \/>\n<meta property=\"og:locale\" content=\"tr_TR\" \/>\n<meta property=\"og:type\" content=\"article\" \/>\n<meta property=\"og:title\" content=\"Viagra 200mg For Sale Online \u2013 Fast &amp; Discreet Delivery\" \/>\n<meta property=\"og:description\" content=\"Buy Viagra 200mg online for fast, discreet delivery\u2014powerful ED solution with no prescription needed. Order today for enhanced performance!\" \/>\n<meta property=\"og:url\" content=\"https:\/\/rxmedsplus.com\/tr\/product\/viagra-200mg-online\/\" \/>\n<meta property=\"og:site_name\" content=\"Rx Meds Plus\" \/>\n<meta property=\"article:modified_time\" content=\"2026-05-11T00:46:55+00:00\" \/>\n<meta property=\"og:image\" content=\"https:\/\/rxmedsplus.com\/wp-content\/uploads\/2026\/05\/134369-5-1.jpg\" \/>\n\t<meta property=\"og:image:width\" content=\"500\" \/>\n\t<meta property=\"og:image:height\" content=\"500\" \/>\n\t<meta property=\"og:image:type\" content=\"image\/jpeg\" \/>\n<meta name=\"twitter:card\" content=\"summary_large_image\" \/>\n<meta name=\"twitter:label1\" content=\"Durumu\" \/>\n\t<meta name=\"twitter:data1\" content=\"Stokta var\" \/>\n<script type=\"application\/ld+json\" class=\"yoast-schema-graph\">{\"@context\":\"https:\\\/\\\/schema.org\",\"@graph\":[{\"@type\":\"WebPage\",\"@id\":\"https:\\\/\\\/rxmedsplus.com\\\/product\\\/viagra-200mg-online\\\/\",\"url\":\"https:\\\/\\\/rxmedsplus.com\\\/product\\\/viagra-200mg-online\\\/\",\"name\":\"Viagra 200mg For Sale Online \u2013 Fast & Discreet Delivery &#187; Rx Meds Plus\",\"isPartOf\":{\"@id\":\"https:\\\/\\\/rxmedsplus.com\\\/#website\"},\"primaryImageOfPage\":{\"@id\":\"https:\\\/\\\/rxmedsplus.com\\\/product\\\/viagra-200mg-online\\\/#primaryimage\"},\"image\":{\"@id\":\"https:\\\/\\\/rxmedsplus.com\\\/product\\\/viagra-200mg-online\\\/#primaryimage\"},\"thumbnailUrl\":\"https:\\\/\\\/rxmedsplus.com\\\/wp-content\\\/uploads\\\/2026\\\/05\\\/134369-5-1.jpg\",\"datePublished\":\"2026-05-03T23:30:24+00:00\",\"dateModified\":\"2026-05-11T00:46:55+00:00\",\"description\":\"Buy Viagra 200mg online for fast, discreet delivery\u2014powerful ED solution with no prescription needed. Order today for enhanced performance!\",\"breadcrumb\":{\"@id\":\"https:\\\/\\\/rxmedsplus.com\\\/product\\\/viagra-200mg-online\\\/#breadcrumb\"},\"inLanguage\":\"tr\",\"potentialAction\":[{\"@type\":\"ReadAction\",\"target\":[\"https:\\\/\\\/rxmedsplus.com\\\/product\\\/viagra-200mg-online\\\/\"]}]},{\"@type\":\"ImageObject\",\"inLanguage\":\"tr\",\"@id\":\"https:\\\/\\\/rxmedsplus.com\\\/product\\\/viagra-200mg-online\\\/#primaryimage\",\"url\":\"https:\\\/\\\/rxmedsplus.com\\\/wp-content\\\/uploads\\\/2026\\\/05\\\/134369-5-1.jpg\",\"contentUrl\":\"https:\\\/\\\/rxmedsplus.com\\\/wp-content\\\/uploads\\\/2026\\\/05\\\/134369-5-1.jpg\",\"width\":500,\"height\":500},{\"@type\":\"BreadcrumbList\",\"@id\":\"https:\\\/\\\/rxmedsplus.com\\\/product\\\/viagra-200mg-online\\\/#breadcrumb\",\"itemListElement\":[{\"@type\":\"ListItem\",\"position\":1,\"name\":\"Home\",\"item\":\"https:\\\/\\\/rxmedsplus.com\\\/\"},{\"@type\":\"ListItem\",\"position\":2,\"name\":\"Shop\",\"item\":\"https:\\\/\\\/rxmedsplus.com\\\/shop\\\/\"},{\"@type\":\"ListItem\",\"position\":3,\"name\":\"Viagra 200mg For Sale Online \u2013 Fast &#038; Discreet Delivery\"}]},{\"@type\":\"WebSite\",\"@id\":\"https:\\\/\\\/rxmedsplus.com\\\/#website\",\"url\":\"https:\\\/\\\/rxmedsplus.com\\\/\",\"name\":\"Rx Meds Plus\",\"description\":\"Buy Prescription Meds and Pills Online with Fast Delivery\",\"potentialAction\":[{\"@type\":\"SearchAction\",\"target\":{\"@type\":\"EntryPoint\",\"urlTemplate\":\"https:\\\/\\\/rxmedsplus.com\\\/?s={search_term_string}\"},\"query-input\":{\"@type\":\"PropertyValueSpecification\",\"valueRequired\":true,\"valueName\":\"search_term_string\"}}],\"inLanguage\":\"tr\"}]}<\/script>\n<meta property=\"og:availability\" content=\"instock\" \/>\n<meta property=\"product:availability\" content=\"instock\" \/>\n<meta property=\"product:retailer_item_id\" content=\"134369\" \/>\n<meta property=\"product:condition\" content=\"new\" \/>\n<!-- \/ Yoast SEO Premium plugin. -->","yoast_head_json":{"title":"Viagra 200mg Online Sat\u0131\u015fta \u2013 H\u0131zl\u0131 ve Gizli Teslimat \u2610 Rx Meds Plus","description":"Viagra 200mg'\u0131 re\u00e7etesiz, h\u0131zl\u0131 ve gizli teslimatla online sat\u0131n al\u0131n\u2014g\u00fc\u00e7l\u00fc ereksiyon sorununa \u00e7\u00f6z\u00fcm. Performans\u0131n\u0131z\u0131 art\u0131rmak i\u00e7in bug\u00fcn sipari\u015f verin!","robots":{"index":"noindex","follow":"follow","max-snippet":"max-snippet:-1","max-image-preview":"max-image-preview:large","max-video-preview":"max-video-preview:-1"},"og_locale":"tr_TR","og_type":"article","og_title":"Viagra 200mg For Sale Online \u2013 Fast & Discreet Delivery","og_description":"Buy Viagra 200mg online for fast, discreet delivery\u2014powerful ED solution with no prescription needed. Order today for enhanced performance!","og_url":"https:\/\/rxmedsplus.com\/tr\/product\/viagra-200mg-online\/","og_site_name":"Rx Meds Plus","article_modified_time":"2026-05-11T00:46:55+00:00","og_image":[{"width":500,"height":500,"url":"https:\/\/rxmedsplus.com\/wp-content\/uploads\/2026\/05\/134369-5-1.jpg","type":"image\/jpeg"}],"twitter_card":"summary_large_image","twitter_misc":{"Durumu":"Stokta var"},"schema":{"@context":"https:\/\/schema.org","@graph":[{"@type":"WebPage","@id":"https:\/\/rxmedsplus.com\/product\/viagra-200mg-online\/","url":"https:\/\/rxmedsplus.com\/product\/viagra-200mg-online\/","name":"Viagra 200mg Online Sat\u0131\u015fta \u2013 H\u0131zl\u0131 ve Gizli Teslimat \u2610 Rx Meds Plus","isPartOf":{"@id":"https:\/\/rxmedsplus.com\/#website"},"primaryImageOfPage":{"@id":"https:\/\/rxmedsplus.com\/product\/viagra-200mg-online\/#primaryimage"},"image":{"@id":"https:\/\/rxmedsplus.com\/product\/viagra-200mg-online\/#primaryimage"},"thumbnailUrl":"https:\/\/rxmedsplus.com\/wp-content\/uploads\/2026\/05\/134369-5-1.jpg","datePublished":"2026-05-03T23:30:24+00:00","dateModified":"2026-05-11T00:46:55+00:00","description":"Viagra 200mg'\u0131 re\u00e7etesiz, h\u0131zl\u0131 ve gizli teslimatla online sat\u0131n al\u0131n\u2014g\u00fc\u00e7l\u00fc ereksiyon sorununa \u00e7\u00f6z\u00fcm. Performans\u0131n\u0131z\u0131 art\u0131rmak i\u00e7in bug\u00fcn sipari\u015f verin!","breadcrumb":{"@id":"https:\/\/rxmedsplus.com\/product\/viagra-200mg-online\/#breadcrumb"},"inLanguage":"tr","potentialAction":[{"@type":"ReadAction","target":["https:\/\/rxmedsplus.com\/product\/viagra-200mg-online\/"]}]},{"@type":"ImageObject","inLanguage":"tr","@id":"https:\/\/rxmedsplus.com\/product\/viagra-200mg-online\/#primaryimage","url":"https:\/\/rxmedsplus.com\/wp-content\/uploads\/2026\/05\/134369-5-1.jpg","contentUrl":"https:\/\/rxmedsplus.com\/wp-content\/uploads\/2026\/05\/134369-5-1.jpg","width":500,"height":500},{"@type":"BreadcrumbList","@id":"https:\/\/rxmedsplus.com\/product\/viagra-200mg-online\/#breadcrumb","itemListElement":[{"@type":"ListItem","position":1,"name":"Home","item":"https:\/\/rxmedsplus.com\/"},{"@type":"ListItem","position":2,"name":"Shop","item":"https:\/\/rxmedsplus.com\/shop\/"},{"@type":"ListItem","position":3,"name":"Viagra 200mg For Sale Online \u2013 Fast &#038; Discreet Delivery"}]},{"@type":"WebSite","@id":"https:\/\/rxmedsplus.com\/#website","url":"https:\/\/rxmedsplus.com\/","name":"Yeralt\u0131 \u0130la\u00e7lar\u0131m","description":"Re\u00e7eteli \u0130la\u00e7 ve Haplar\u0131 H\u0131zl\u0131 Teslimatla Online Sat\u0131n Al\u0131n","potentialAction":[{"@type":"SearchAction","target":{"@type":"EntryPoint","urlTemplate":"https:\/\/rxmedsplus.com\/?s={search_term_string}"},"query-input":{"@type":"PropertyValueSpecification","valueRequired":true,"valueName":"search_term_string"}}],"inLanguage":"tr"}]},"og_availability":"instock","product_availability":"instock","product_retailer_item_id":"134369","product_condition":"new"},"_links":{"self":[{"href":"https:\/\/rxmedsplus.com\/tr\/wp-json\/wp\/v2\/product\/4304","targetHints":{"allow":["GET"]}}],"collection":[{"href":"https:\/\/rxmedsplus.com\/tr\/wp-json\/wp\/v2\/product"}],"about":[{"href":"https:\/\/rxmedsplus.com\/tr\/wp-json\/wp\/v2\/types\/product"}],"replies":[{"embeddable":true,"href":"https:\/\/rxmedsplus.com\/tr\/wp-json\/wp\/v2\/comments?post=4304"}],"wp:featuredmedia":[{"embeddable":true,"href":"https:\/\/rxmedsplus.com\/tr\/wp-json\/wp\/v2\/media\/4334"}],"wp:attachment":[{"href":"https:\/\/rxmedsplus.com\/tr\/wp-json\/wp\/v2\/media?parent=4304"}],"wp:term":[{"taxonomy":"product_brand","embeddable":true,"href":"https:\/\/rxmedsplus.com\/tr\/wp-json\/wp\/v2\/product_brand?post=4304"},{"taxonomy":"product_cat","embeddable":true,"href":"https:\/\/rxmedsplus.com\/tr\/wp-json\/wp\/v2\/product_cat?post=4304"},{"taxonomy":"product_tag","embeddable":true,"href":"https:\/\/rxmedsplus.com\/tr\/wp-json\/wp\/v2\/product_tag?post=4304"}],"curies":[{"name":"wp","href":"https:\/\/api.w.org\/{rel}","templated":true}]}}